{"id":84,"date":"2024-03-11T14:47:29","date_gmt":"2024-03-11T14:47:29","guid":{"rendered":"https:\/\/hirtshals-kristiansand.com\/no\/?page_id=84"},"modified":"2025-12-23T11:42:55","modified_gmt":"2025-12-23T11:42:55","slug":"ms-bergensfjord","status":"publish","type":"page","link":"https:\/\/hirtshals-kristiansand.com\/no\/ms-bergensfjord\/","title":{"rendered":"MS Bergensfjord"},"content":{"rendered":"\n<p class=\"wp-embed-aspect-16-9 wp-has-aspect-ratio\">MS Bergensfjord er en moderne cruiseferge drevet av det norske rederiet <a href=\"https:\/\/hirtshals-kristiansand.com\/no\/fjord-line\/\">Fjord Line<\/a>, som har fraktet passasjerer og kj\u00f8ret\u00f8y mellom <a href=\"https:\/\/hirtshals-kristiansand.com\/no\/hirtshals-havn\/\">Hirtshals<\/a> og <a href=\"https:\/\/hirtshals-kristiansand.com\/no\/kristiansand-havn\/\">Kristiansand<\/a> siden 2014. Skipet er bygget av Bergen Group Fosen og er s\u00f8sterskipet til MS Stavangerfjord. Med en lengde p\u00e5 170 meter og en bredde p\u00e5 27,5 meter har MS Bergensfjord plass til opptil 1500 passasjerer og 600 kj\u00f8ret\u00f8y.<\/p>\n\n\n\n<h2 class=\"wp-block-heading wp-embed-aspect-16-9 wp-has-aspect-ratio\">Fakta om MS Bergensfjord<\/h2>\n\n\n\n<ul class=\"wp-block-list wp-embed-aspect-16-9 wp-has-aspect-ratio\">\n<li><strong>Antall knop: <\/strong>21,5 knop<\/li>\n\n\n\n<li><strong>Lengde:<\/strong> 170 meter<\/li>\n\n\n\n<li><strong>Bredde:<\/strong> 27,5 meter<\/li>\n\n\n\n<li><strong>Maks. passasjerer: <\/strong>1500<\/li>\n\n\n\n<li><strong>Maks. biler: <\/strong>600<\/li>\n\n\n\n<li><strong>Varighet overfart: <\/strong>3,45 timer<\/li>\n<\/ul>\n\n\n\n<h2 class=\"wp-block-heading wp-embed-aspect-16-9 wp-has-aspect-ratio\">MS Bergensfjord Live plassering (f\u00f8lg p\u00e5 kartet)<\/h2>\n\n\n\n<script type=\"text\/javascript\">\n    \/\/ Map appearance\n    var width=\"100%\";         \/\/ width in pixels or percentage\n    var height=\"300\";         \/\/ height in pixels\n    var names=true;           \/\/ always show ship names (defaults to false)\n\n    \/\/ Single ship tracking\n    var imo=\"9586617\";        \/\/ display latest position (by IMO, overrides MMSI)\n    var show_track=true;      \/\/ display track line (last 24 hours)\n<\/script>\n<script type=\"text\/javascript\" src=\"https:\/\/www.vesselfinder.com\/aismap.js\"><\/script>\n\n\n\n<h2 class=\"wp-block-heading wp-embed-aspect-16-9 wp-has-aspect-ratio\">Video av MS Bergensfjord<\/h2>\n\n\n\n<figure class=\"wp-block-embed is-type-video is-provider-youtube wp-block-embed-youtube wp-embed-aspect-16-9 wp-has-aspect-ratio\"><div class=\"wp-block-embed__wrapper\">\n<iframe title=\"Opplev Bergensfjord og Stavangerfjord\" width=\"500\" height=\"281\" src=\"https:\/\/www.youtube.com\/embed\/E5JsIDmXx2E?feature=oembed\" frameborder=\"0\" allow=\"accelerometer; autoplay; clipboard-write; encrypted-media; gyroscope; picture-in-picture; web-share\" referrerpolicy=\"strict-origin-when-cross-origin\" allowfullscreen><\/iframe>\n<\/div><\/figure>\n","protected":false},"excerpt":{"rendered":"<p>MS Bergensfjord er en moderne cruiseferge drevet av det norske rederiet Fjord Line, som har fraktet passasjerer og kj\u00f8ret\u00f8y mellom [&hellip;]<\/p>\n","protected":false},"author":1,"featured_media":0,"parent":0,"menu_order":0,"comment_status":"closed","ping_status":"closed","template":"","meta":{"inline_featured_image":false,"_uag_custom_page_level_css":"","site-sidebar-layout":"default","site-content-layout":"","ast-site-content-layout":"default","site-content-style":"default","site-sidebar-style":"default","ast-global-header-display":"","ast-banner-title-visibility":"","ast-main-header-display":"","ast-hfb-above-header-display":"","ast-hfb-below-header-display":"","ast-hfb-mobile-header-display":"","site-post-title":"","ast-breadcrumbs-content":"","ast-featured-img":"","footer-sml-layout":"","ast-disable-related-posts":"","theme-transparent-header-meta":"","adv-header-id-meta":"","stick-header-meta":"","header-above-stick-meta":"","header-main-stick-meta":"","header-below-stick-meta":"","astra-migrate-meta-layouts":"default","ast-page-background-enabled":"default","ast-page-background-meta":{"desktop":{"background-color":"var(--ast-global-color-4)","background-image":"","background-repeat":"repeat","background-position":"center center","background-size":"auto","background-attachment":"scroll","background-type":"","background-media":"","overlay-type":"","overlay-color":"","overlay-opacity":"","overlay-gradient":""},"tablet":{"background-color":"","background-image":"","background-repeat":"repeat","background-position":"center center","background-size":"auto","background-attachment":"scroll","background-type":"","background-media":"","overlay-type":"","overlay-color":"","overlay-opacity":"","overlay-gradient":""},"mobile":{"background-color":"","background-image":"","background-repeat":"repeat","background-position":"center center","background-size":"auto","background-attachment":"scroll","background-type":"","background-media":"","overlay-type":"","overlay-color":"","overlay-opacity":"","overlay-gradient":""}},"ast-content-background-meta":{"desktop":{"background-color":"var(--ast-global-color-5)","background-image":"","background-repeat":"repeat","background-position":"center center","background-size":"auto","background-attachment":"scroll","background-type":"","background-media":"","overlay-type":"","overlay-color":"","overlay-opacity":"","overlay-gradient":""},"tablet":{"background-color":"var(--ast-global-color-5)","background-image":"","background-repeat":"repeat","background-position":"center center","background-size":"auto","background-attachment":"scroll","background-type":"","background-media":"","overlay-type":"","overlay-color":"","overlay-opacity":"","overlay-gradient":""},"mobile":{"background-color":"var(--ast-global-color-5)","background-image":"","background-repeat":"repeat","background-position":"center center","background-size":"auto","background-attachment":"scroll","background-type":"","background-media":"","overlay-type":"","overlay-color":"","overlay-opacity":"","overlay-gradient":""}},"footnotes":""},"class_list":["post-84","page","type-page","status-publish","hentry"],"yoast_head":"<!-- This site is optimized with the Yoast SEO plugin v27.5 - https:\/\/yoast.com\/product\/yoast-seo-wordpress\/ -->\n<title>MS Bergensfjord - Ferje Kristiansand Hirtshals<\/title>\n<meta name=\"robots\" content=\"index, follow, max-snippet:-1, max-image-preview:large, max-video-preview:-1\" \/>\n<link rel=\"canonical\" href=\"https:\/\/hirtshals-kristiansand.com\/no\/ms-bergensfjord\/\" \/>\n<meta property=\"og:locale\" content=\"nb_NO\" \/>\n<meta property=\"og:type\" content=\"article\" \/>\n<meta property=\"og:title\" content=\"MS Bergensfjord - Ferje Kristiansand Hirtshals\" \/>\n<meta property=\"og:description\" content=\"MS Bergensfjord er en moderne cruiseferge drevet av det norske rederiet Fjord Line, som har fraktet passasjerer og kj\u00f8ret\u00f8y mellom [&hellip;]\" \/>\n<meta property=\"og:url\" content=\"https:\/\/hirtshals-kristiansand.com\/no\/ms-bergensfjord\/\" \/>\n<meta property=\"og:site_name\" content=\"Ferje Kristiansand Hirtshals\" \/>\n<meta property=\"article:modified_time\" content=\"2025-12-23T11:42:55+00:00\" \/>\n<meta property=\"og:image\" content=\"https:\/\/hirtshals-kristiansand.com\/no\/wp-content\/uploads\/sites\/5\/2024\/02\/hirtshals-kristiansand.com-website.jpg\" \/>\n\t<meta property=\"og:image:width\" content=\"1200\" \/>\n\t<meta property=\"og:image:height\" content=\"800\" \/>\n\t<meta property=\"og:image:type\" content=\"image\/jpeg\" \/>\n<meta name=\"twitter:card\" content=\"summary_large_image\" \/>\n<meta name=\"twitter:label1\" content=\"Ansl. lesetid\" \/>\n\t<meta name=\"twitter:data1\" content=\"1 minutt\" \/>\n<script type=\"application\/ld+json\" class=\"yoast-schema-graph\">{\"@context\":\"https:\\\/\\\/schema.org\",\"@graph\":[{\"@type\":\"WebPage\",\"@id\":\"https:\\\/\\\/hirtshals-kristiansand.com\\\/no\\\/ms-bergensfjord\\\/\",\"url\":\"https:\\\/\\\/hirtshals-kristiansand.com\\\/no\\\/ms-bergensfjord\\\/\",\"name\":\"MS Bergensfjord - Ferje Kristiansand Hirtshals\",\"isPartOf\":{\"@id\":\"https:\\\/\\\/hirtshals-kristiansand.com\\\/no\\\/#website\"},\"datePublished\":\"2024-03-11T14:47:29+00:00\",\"dateModified\":\"2025-12-23T11:42:55+00:00\",\"breadcrumb\":{\"@id\":\"https:\\\/\\\/hirtshals-kristiansand.com\\\/no\\\/ms-bergensfjord\\\/#breadcrumb\"},\"inLanguage\":\"nb-NO\",\"potentialAction\":[{\"@type\":\"ReadAction\",\"target\":[\"https:\\\/\\\/hirtshals-kristiansand.com\\\/no\\\/ms-bergensfjord\\\/\"]}]},{\"@type\":\"BreadcrumbList\",\"@id\":\"https:\\\/\\\/hirtshals-kristiansand.com\\\/no\\\/ms-bergensfjord\\\/#breadcrumb\",\"itemListElement\":[{\"@type\":\"ListItem\",\"position\":1,\"name\":\"Kristiansand Hirtshals\",\"item\":\"https:\\\/\\\/hirtshals-kristiansand.com\\\/no\\\/\"},{\"@type\":\"ListItem\",\"position\":2,\"name\":\"MS Bergensfjord\"}]},{\"@type\":\"WebSite\",\"@id\":\"https:\\\/\\\/hirtshals-kristiansand.com\\\/no\\\/#website\",\"url\":\"https:\\\/\\\/hirtshals-kristiansand.com\\\/no\\\/\",\"name\":\"Ferje Kristiansand Hirtshals\",\"description\":\"Alt om fergeoverfarten fra Hirtshals til Kristiansand\",\"publisher\":{\"@id\":\"https:\\\/\\\/hirtshals-kristiansand.com\\\/no\\\/#organization\"},\"potentialAction\":[{\"@type\":\"SearchAction\",\"target\":{\"@type\":\"EntryPoint\",\"urlTemplate\":\"https:\\\/\\\/hirtshals-kristiansand.com\\\/no\\\/?s={search_term_string}\"},\"query-input\":{\"@type\":\"PropertyValueSpecification\",\"valueRequired\":true,\"valueName\":\"search_term_string\"}}],\"inLanguage\":\"nb-NO\"},{\"@type\":\"Organization\",\"@id\":\"https:\\\/\\\/hirtshals-kristiansand.com\\\/no\\\/#organization\",\"name\":\"Ferje Kristiansand Hirtshals\",\"url\":\"https:\\\/\\\/hirtshals-kristiansand.com\\\/no\\\/\",\"logo\":{\"@type\":\"ImageObject\",\"inLanguage\":\"nb-NO\",\"@id\":\"https:\\\/\\\/hirtshals-kristiansand.com\\\/no\\\/#\\\/schema\\\/logo\\\/image\\\/\",\"url\":\"https:\\\/\\\/hirtshals-kristiansand.com\\\/no\\\/wp-content\\\/uploads\\\/sites\\\/5\\\/2025\\\/05\\\/hirtshals-kristiansand.svg\",\"contentUrl\":\"https:\\\/\\\/hirtshals-kristiansand.com\\\/no\\\/wp-content\\\/uploads\\\/sites\\\/5\\\/2025\\\/05\\\/hirtshals-kristiansand.svg\",\"width\":800,\"height\":256,\"caption\":\"Ferje Kristiansand Hirtshals\"},\"image\":{\"@id\":\"https:\\\/\\\/hirtshals-kristiansand.com\\\/no\\\/#\\\/schema\\\/logo\\\/image\\\/\"}}]}<\/script>\n<!-- \/ Yoast SEO plugin. -->","yoast_head_json":{"title":"MS Bergensfjord - Ferje Kristiansand Hirtshals","robots":{"index":"index","follow":"follow","max-snippet":"max-snippet:-1","max-image-preview":"max-image-preview:large","max-video-preview":"max-video-preview:-1"},"canonical":"https:\/\/hirtshals-kristiansand.com\/no\/ms-bergensfjord\/","og_locale":"nb_NO","og_type":"article","og_title":"MS Bergensfjord - Ferje Kristiansand Hirtshals","og_description":"MS Bergensfjord er en moderne cruiseferge drevet av det norske rederiet Fjord Line, som har fraktet passasjerer og kj\u00f8ret\u00f8y mellom [&hellip;]","og_url":"https:\/\/hirtshals-kristiansand.com\/no\/ms-bergensfjord\/","og_site_name":"Ferje Kristiansand Hirtshals","article_modified_time":"2025-12-23T11:42:55+00:00","og_image":[{"width":1200,"height":800,"url":"https:\/\/hirtshals-kristiansand.com\/no\/wp-content\/uploads\/sites\/5\/2024\/02\/hirtshals-kristiansand.com-website.jpg","type":"image\/jpeg"}],"twitter_card":"summary_large_image","twitter_misc":{"Ansl. lesetid":"1 minutt"},"schema":{"@context":"https:\/\/schema.org","@graph":[{"@type":"WebPage","@id":"https:\/\/hirtshals-kristiansand.com\/no\/ms-bergensfjord\/","url":"https:\/\/hirtshals-kristiansand.com\/no\/ms-bergensfjord\/","name":"MS Bergensfjord - Ferje Kristiansand Hirtshals","isPartOf":{"@id":"https:\/\/hirtshals-kristiansand.com\/no\/#website"},"datePublished":"2024-03-11T14:47:29+00:00","dateModified":"2025-12-23T11:42:55+00:00","breadcrumb":{"@id":"https:\/\/hirtshals-kristiansand.com\/no\/ms-bergensfjord\/#breadcrumb"},"inLanguage":"nb-NO","potentialAction":[{"@type":"ReadAction","target":["https:\/\/hirtshals-kristiansand.com\/no\/ms-bergensfjord\/"]}]},{"@type":"BreadcrumbList","@id":"https:\/\/hirtshals-kristiansand.com\/no\/ms-bergensfjord\/#breadcrumb","itemListElement":[{"@type":"ListItem","position":1,"name":"Kristiansand Hirtshals","item":"https:\/\/hirtshals-kristiansand.com\/no\/"},{"@type":"ListItem","position":2,"name":"MS Bergensfjord"}]},{"@type":"WebSite","@id":"https:\/\/hirtshals-kristiansand.com\/no\/#website","url":"https:\/\/hirtshals-kristiansand.com\/no\/","name":"Ferje Kristiansand Hirtshals","description":"Alt om fergeoverfarten fra Hirtshals til Kristiansand","publisher":{"@id":"https:\/\/hirtshals-kristiansand.com\/no\/#organization"},"potentialAction":[{"@type":"SearchAction","target":{"@type":"EntryPoint","urlTemplate":"https:\/\/hirtshals-kristiansand.com\/no\/?s={search_term_string}"},"query-input":{"@type":"PropertyValueSpecification","valueRequired":true,"valueName":"search_term_string"}}],"inLanguage":"nb-NO"},{"@type":"Organization","@id":"https:\/\/hirtshals-kristiansand.com\/no\/#organization","name":"Ferje Kristiansand Hirtshals","url":"https:\/\/hirtshals-kristiansand.com\/no\/","logo":{"@type":"ImageObject","inLanguage":"nb-NO","@id":"https:\/\/hirtshals-kristiansand.com\/no\/#\/schema\/logo\/image\/","url":"https:\/\/hirtshals-kristiansand.com\/no\/wp-content\/uploads\/sites\/5\/2025\/05\/hirtshals-kristiansand.svg","contentUrl":"https:\/\/hirtshals-kristiansand.com\/no\/wp-content\/uploads\/sites\/5\/2025\/05\/hirtshals-kristiansand.svg","width":800,"height":256,"caption":"Ferje Kristiansand Hirtshals"},"image":{"@id":"https:\/\/hirtshals-kristiansand.com\/no\/#\/schema\/logo\/image\/"}}]}},"uagb_featured_image_src":{"full":false,"thumbnail":false,"medium":false,"medium_large":false,"large":false,"1536x1536":false,"2048x2048":false},"uagb_author_info":{"display_name":"mail@robberttigchelaar.com","author_link":"https:\/\/hirtshals-kristiansand.com\/no\/author\/mailrobberttigchelaar-com\/"},"uagb_comment_info":0,"uagb_excerpt":"MS Bergensfjord er en moderne cruiseferge drevet av det norske rederiet Fjord Line, som har fraktet passasjerer og kj\u00f8ret\u00f8y mellom [&hellip;]","_links":{"self":[{"href":"https:\/\/hirtshals-kristiansand.com\/no\/wp-json\/wp\/v2\/pages\/84","targetHints":{"allow":["GET"]}}],"collection":[{"href":"https:\/\/hirtshals-kristiansand.com\/no\/wp-json\/wp\/v2\/pages"}],"about":[{"href":"https:\/\/hirtshals-kristiansand.com\/no\/wp-json\/wp\/v2\/types\/page"}],"author":[{"embeddable":true,"href":"https:\/\/hirtshals-kristiansand.com\/no\/wp-json\/wp\/v2\/users\/1"}],"replies":[{"embeddable":true,"href":"https:\/\/hirtshals-kristiansand.com\/no\/wp-json\/wp\/v2\/comments?post=84"}],"version-history":[{"count":2,"href":"https:\/\/hirtshals-kristiansand.com\/no\/wp-json\/wp\/v2\/pages\/84\/revisions"}],"predecessor-version":[{"id":185,"href":"https:\/\/hirtshals-kristiansand.com\/no\/wp-json\/wp\/v2\/pages\/84\/revisions\/185"}],"wp:attachment":[{"href":"https:\/\/hirtshals-kristiansand.com\/no\/wp-json\/wp\/v2\/media?parent=84"}],"curies":[{"name":"wp","href":"https:\/\/api.w.org\/{rel}","templated":true}]}}