{"id":78,"date":"2024-03-11T14:41:17","date_gmt":"2024-03-11T14:41:17","guid":{"rendered":"https:\/\/hirtshals-kristiansand.com\/no\/?page_id=78"},"modified":"2024-03-11T14:41:19","modified_gmt":"2024-03-11T14:41:19","slug":"fjord-line-terminal","status":"publish","type":"page","link":"https:\/\/hirtshals-kristiansand.com\/no\/kristiansand-havn\/fjord-line-terminal\/","title":{"rendered":"Fjord Line Terminal Kristiansand"},"content":{"rendered":"\n<p>Fra Fjord Line-terminalen i Kristiansand havn g\u00e5r Fjord FSTR flere ganger daglig. P\u00e5 denne siden finner du alt du trenger \u00e5 vite om denne terminalen.<\/p>\n\n\n\n<h2 class=\"wp-block-heading\">Adresse og kontaktinformasjon<\/h2>\n\n\n\n<p>Se adresse og kontaktinformasjon til Fjord Line-terminalen nedenfor:<\/p>\n\n\n\n<ul class=\"wp-block-list\">\n<li><strong>Adresse:<\/strong> Veste Strandgate 31, 4611 Kristiansand S., Norge<\/li>\n\n\n\n<li><strong>Epostadresse:<\/strong> &#8211;<\/li>\n\n\n\n<li><strong>Nettside: <\/strong><a href=\"https:\/\/www.fjordline.com\/nb\">fjordline.com\/nb<\/a><\/li>\n\n\n\n<li><strong>Telefonnummer:<\/strong> +47 51 46 40 99<\/li>\n<\/ul>\n\n\n\t\t\t<div \n\t\t\tclass=\"wp-block-uagb-google-map uagb-google-map__wrap uagb-block-34be9771     \"\n\t\t\tstyle=\"\" >\n\t\t\t\t<embed\n\t\t\t\t\tclass=\"uagb-google-map__iframe\"\n\t\t\t\t\ttitle=\"Google Map for \"\n\t\t\t\t\tsrc=\"https:\/\/maps.google.com\/maps?q=Veste%20Strandgate%2031%2C%204611%20Kristiansand%20S&#038;z=15&#038;hl=en&#038;t=m&#038;output=embed&#038;iwloc=near\"\n\t\t\t\t\twidth=\"640\"\n\t\t\t\t\theight=\"500\"\n\t\t\t\t\tloading=\"lazy\"\n\t\t\t\t><\/embed>\n\t\t\t<\/div>\n\t\t\t\n\n\n<h2 class=\"wp-block-heading\" style=\"margin-top:var(--wp--preset--spacing--40)\">Sjekker inn<\/h2>\n\n\n\n<p>Ved innsjekking m\u00e5 du ta hensyn til at du m\u00e5 v\u00e6re p\u00e5 terminalen minst 60 minutter f\u00f8r avgang. Ombordstigning stenger 30 minutter f\u00f8r avgang. Sjekk ut <a href=\"https:\/\/hirtshals-kristiansand.com\/no\/rutetider\/\">Fjord Line Hirtshals Kristiansand rutetider<\/a> og dra hjemmefra godt forberedt (og i tide).<\/p>\n\n\n\n<h2 class=\"wp-block-heading\">Parkering ved terminalen<\/h2>\n\n\n\n<p>Du kan parkere bilen ved siden av terminalen i maksimalt 30 minutter. Korttidsparkering er ogs\u00e5 mulig rett over gaten. Dette er betalingsparkering. \u00d8nsker du \u00e5 la bilen st\u00e5 i Kristiansand og g\u00e5 ombord som fotpassasjer? Da er det best \u00e5 parkere ved parkeringshusene i Kristiansand sentrum.<\/p>\n\n\n\n<h2 class=\"wp-block-heading\">Fasiliteter ved terminalen<\/h2>\n\n\n\n<p>Se de ulike fasilitetene i n\u00e6rheten av Fjord Line-terminalen nedenfor.<\/p>\n\n\n\n<ul class=\"wp-block-list\">\n<li><strong>Toaletter:<\/strong> Ja, i 2. etasje i avgangshallen<\/li>\n\n\n\n<li><strong>Skap:<\/strong> Nei<\/li>\n\n\n\n<li><strong>Mat og drikke:<\/strong> Ja, automater i 1. etasje<\/li>\n\n\n\n<li><strong>Minibanker:<\/strong> Ikke ved terminalen, men ved busstasjonen (ca. 50 meter fra terminalen)<\/li>\n<\/ul>\n\n\n\n<h2 class=\"wp-block-heading\">Betalinger p\u00e5 terminalen<\/h2>\n\n\n\n<p>Du kan betale i kassen med f\u00f8lgende valutaer:<\/p>\n\n\n\n<ul class=\"wp-block-list\">\n<li>Norske Kroner<\/li>\n\n\n\n<li>Danske Kroner<\/li>\n\n\n\n<li>Euro<\/li>\n<\/ul>\n\n\n\n<p><strong>Vennligst merk: <\/strong>mynter aksepteres kun i norske kroner. Andre betalingsalternativer:<\/p>\n\n\n\n<ul class=\"wp-block-list\">\n<li>VISA<\/li>\n\n\n\n<li>Mastercard<\/li>\n\n\n\n<li>Mobile Pay<\/li>\n\n\n\n<li>Vipps<\/li>\n\n\n\n<li>Maestro<\/li>\n\n\n\n<li>Diners<\/li>\n\n\n\n<li>American Express<\/li>\n<\/ul>\n\n\n\n<h2 class=\"wp-block-heading\">Mer om Kristiansand havn<\/h2>\n\n\n\n<p>Lurer du p\u00e5 hvordan du reiser til Kristiansand havn? Eller mer informasjon om parkering ved havnen? S\u00e5 ta en titt p\u00e5 <a href=\"https:\/\/hirtshals-kristiansand.com\/no\/kristiansand-havn\/\">Kristiansand havn<\/a> siden.<\/p>\n","protected":false},"excerpt":{"rendered":"<p>Fra Fjord Line-terminalen i Kristiansand havn g\u00e5r Fjord FSTR flere ganger daglig. P\u00e5 denne siden finner du alt du trenger [&hellip;]<\/p>\n","protected":false},"author":1,"featured_media":0,"parent":70,"menu_order":0,"comment_status":"closed","ping_status":"closed","template":"","meta":{"inline_featured_image":false,"_uag_custom_page_level_css":"","site-sidebar-layout":"default","site-content-layout":"","ast-site-content-layout":"default","site-content-style":"default","site-sidebar-style":"default","ast-global-header-display":"","ast-banner-title-visibility":"","ast-main-header-display":"","ast-hfb-above-header-display":"","ast-hfb-below-header-display":"","ast-hfb-mobile-header-display":"","site-post-title":"","ast-breadcrumbs-content":"","ast-featured-img":"","footer-sml-layout":"","ast-disable-related-posts":"","theme-transparent-header-meta":"","adv-header-id-meta":"","stick-header-meta":"","header-above-stick-meta":"","header-main-stick-meta":"","header-below-stick-meta":"","astra-migrate-meta-layouts":"default","ast-page-background-enabled":"default","ast-page-background-meta":{"desktop":{"background-color":"var(--ast-global-color-4)","background-image":"","background-repeat":"repeat","background-position":"center center","background-size":"auto","background-attachment":"scroll","background-type":"","background-media":"","overlay-type":"","overlay-color":"","overlay-opacity":"","overlay-gradient":""},"tablet":{"background-color":"","background-image":"","background-repeat":"repeat","background-position":"center center","background-size":"auto","background-attachment":"scroll","background-type":"","background-media":"","overlay-type":"","overlay-color":"","overlay-opacity":"","overlay-gradient":""},"mobile":{"background-color":"","background-image":"","background-repeat":"repeat","background-position":"center center","background-size":"auto","background-attachment":"scroll","background-type":"","background-media":"","overlay-type":"","overlay-color":"","overlay-opacity":"","overlay-gradient":""}},"ast-content-background-meta":{"desktop":{"background-color":"var(--ast-global-color-5)","background-image":"","background-repeat":"repeat","background-position":"center center","background-size":"auto","background-attachment":"scroll","background-type":"","background-media":"","overlay-type":"","overlay-color":"","overlay-opacity":"","overlay-gradient":""},"tablet":{"background-color":"var(--ast-global-color-5)","background-image":"","background-repeat":"repeat","background-position":"center center","background-size":"auto","background-attachment":"scroll","background-type":"","background-media":"","overlay-type":"","overlay-color":"","overlay-opacity":"","overlay-gradient":""},"mobile":{"background-color":"var(--ast-global-color-5)","background-image":"","background-repeat":"repeat","background-position":"center center","background-size":"auto","background-attachment":"scroll","background-type":"","background-media":"","overlay-type":"","overlay-color":"","overlay-opacity":"","overlay-gradient":""}},"footnotes":""},"class_list":["post-78","page","type-page","status-publish","hentry"],"yoast_head":"<!-- This site is optimized with the Yoast SEO plugin v27.4 - https:\/\/yoast.com\/product\/yoast-seo-wordpress\/ -->\n<title>Fjord Line Terminal Kristiansand - Ferje Kristiansand Hirtshals<\/title>\n<meta name=\"description\" content=\"Sjekk n\u00f8dvendig informasjon om Fjord Line-terminalen i Kristiansand Haven: innsjekking, parkering og kontaktinformasjon.\" \/>\n<meta name=\"robots\" content=\"index, follow, max-snippet:-1, max-image-preview:large, max-video-preview:-1\" \/>\n<link rel=\"canonical\" href=\"https:\/\/hirtshals-kristiansand.com\/no\/kristiansand-havn\/fjord-line-terminal\/\" \/>\n<meta property=\"og:locale\" content=\"nb_NO\" \/>\n<meta property=\"og:type\" content=\"article\" \/>\n<meta property=\"og:title\" content=\"Fjord Line Terminal Kristiansand - Ferje Kristiansand Hirtshals\" \/>\n<meta property=\"og:description\" content=\"Sjekk n\u00f8dvendig informasjon om Fjord Line-terminalen i Kristiansand Haven: innsjekking, parkering og kontaktinformasjon.\" \/>\n<meta property=\"og:url\" content=\"https:\/\/hirtshals-kristiansand.com\/no\/kristiansand-havn\/fjord-line-terminal\/\" \/>\n<meta property=\"og:site_name\" content=\"Ferje Kristiansand Hirtshals\" \/>\n<meta property=\"article:modified_time\" content=\"2024-03-11T14:41:19+00:00\" \/>\n<meta property=\"og:image\" content=\"https:\/\/hirtshals-kristiansand.com\/no\/wp-content\/uploads\/sites\/5\/2024\/02\/hirtshals-kristiansand.com-website.jpg\" \/>\n\t<meta property=\"og:image:width\" content=\"1200\" \/>\n\t<meta property=\"og:image:height\" content=\"800\" \/>\n\t<meta property=\"og:image:type\" content=\"image\/jpeg\" \/>\n<meta name=\"twitter:card\" content=\"summary_large_image\" \/>\n<meta name=\"twitter:label1\" content=\"Ansl. lesetid\" \/>\n\t<meta name=\"twitter:data1\" content=\"2 minutter\" \/>\n<script type=\"application\/ld+json\" class=\"yoast-schema-graph\">{\"@context\":\"https:\\\/\\\/schema.org\",\"@graph\":[{\"@type\":\"WebPage\",\"@id\":\"https:\\\/\\\/hirtshals-kristiansand.com\\\/no\\\/kristiansand-havn\\\/fjord-line-terminal\\\/\",\"url\":\"https:\\\/\\\/hirtshals-kristiansand.com\\\/no\\\/kristiansand-havn\\\/fjord-line-terminal\\\/\",\"name\":\"Fjord Line Terminal Kristiansand - Ferje Kristiansand Hirtshals\",\"isPartOf\":{\"@id\":\"https:\\\/\\\/hirtshals-kristiansand.com\\\/no\\\/#website\"},\"datePublished\":\"2024-03-11T14:41:17+00:00\",\"dateModified\":\"2024-03-11T14:41:19+00:00\",\"description\":\"Sjekk n\u00f8dvendig informasjon om Fjord Line-terminalen i Kristiansand Haven: innsjekking, parkering og kontaktinformasjon.\",\"breadcrumb\":{\"@id\":\"https:\\\/\\\/hirtshals-kristiansand.com\\\/no\\\/kristiansand-havn\\\/fjord-line-terminal\\\/#breadcrumb\"},\"inLanguage\":\"nb-NO\",\"potentialAction\":[{\"@type\":\"ReadAction\",\"target\":[\"https:\\\/\\\/hirtshals-kristiansand.com\\\/no\\\/kristiansand-havn\\\/fjord-line-terminal\\\/\"]}]},{\"@type\":\"BreadcrumbList\",\"@id\":\"https:\\\/\\\/hirtshals-kristiansand.com\\\/no\\\/kristiansand-havn\\\/fjord-line-terminal\\\/#breadcrumb\",\"itemListElement\":[{\"@type\":\"ListItem\",\"position\":1,\"name\":\"Kristiansand Hirtshals\",\"item\":\"https:\\\/\\\/hirtshals-kristiansand.com\\\/no\\\/\"},{\"@type\":\"ListItem\",\"position\":2,\"name\":\"Kristiansand Havn\",\"item\":\"https:\\\/\\\/hirtshals-kristiansand.com\\\/no\\\/kristiansand-havn\\\/\"},{\"@type\":\"ListItem\",\"position\":3,\"name\":\"Fjord Line Terminal Kristiansand\"}]},{\"@type\":\"WebSite\",\"@id\":\"https:\\\/\\\/hirtshals-kristiansand.com\\\/no\\\/#website\",\"url\":\"https:\\\/\\\/hirtshals-kristiansand.com\\\/no\\\/\",\"name\":\"Ferje Kristiansand Hirtshals\",\"description\":\"Alt om fergeoverfarten fra Hirtshals til Kristiansand\",\"publisher\":{\"@id\":\"https:\\\/\\\/hirtshals-kristiansand.com\\\/no\\\/#organization\"},\"potentialAction\":[{\"@type\":\"SearchAction\",\"target\":{\"@type\":\"EntryPoint\",\"urlTemplate\":\"https:\\\/\\\/hirtshals-kristiansand.com\\\/no\\\/?s={search_term_string}\"},\"query-input\":{\"@type\":\"PropertyValueSpecification\",\"valueRequired\":true,\"valueName\":\"search_term_string\"}}],\"inLanguage\":\"nb-NO\"},{\"@type\":\"Organization\",\"@id\":\"https:\\\/\\\/hirtshals-kristiansand.com\\\/no\\\/#organization\",\"name\":\"Ferje Kristiansand Hirtshals\",\"url\":\"https:\\\/\\\/hirtshals-kristiansand.com\\\/no\\\/\",\"logo\":{\"@type\":\"ImageObject\",\"inLanguage\":\"nb-NO\",\"@id\":\"https:\\\/\\\/hirtshals-kristiansand.com\\\/no\\\/#\\\/schema\\\/logo\\\/image\\\/\",\"url\":\"https:\\\/\\\/hirtshals-kristiansand.com\\\/no\\\/wp-content\\\/uploads\\\/sites\\\/5\\\/2025\\\/05\\\/hirtshals-kristiansand.svg\",\"contentUrl\":\"https:\\\/\\\/hirtshals-kristiansand.com\\\/no\\\/wp-content\\\/uploads\\\/sites\\\/5\\\/2025\\\/05\\\/hirtshals-kristiansand.svg\",\"width\":800,\"height\":256,\"caption\":\"Ferje Kristiansand Hirtshals\"},\"image\":{\"@id\":\"https:\\\/\\\/hirtshals-kristiansand.com\\\/no\\\/#\\\/schema\\\/logo\\\/image\\\/\"}}]}<\/script>\n<!-- \/ Yoast SEO plugin. -->","yoast_head_json":{"title":"Fjord Line Terminal Kristiansand - Ferje Kristiansand Hirtshals","description":"Sjekk n\u00f8dvendig informasjon om Fjord Line-terminalen i Kristiansand Haven: innsjekking, parkering og kontaktinformasjon.","robots":{"index":"index","follow":"follow","max-snippet":"max-snippet:-1","max-image-preview":"max-image-preview:large","max-video-preview":"max-video-preview:-1"},"canonical":"https:\/\/hirtshals-kristiansand.com\/no\/kristiansand-havn\/fjord-line-terminal\/","og_locale":"nb_NO","og_type":"article","og_title":"Fjord Line Terminal Kristiansand - Ferje Kristiansand Hirtshals","og_description":"Sjekk n\u00f8dvendig informasjon om Fjord Line-terminalen i Kristiansand Haven: innsjekking, parkering og kontaktinformasjon.","og_url":"https:\/\/hirtshals-kristiansand.com\/no\/kristiansand-havn\/fjord-line-terminal\/","og_site_name":"Ferje Kristiansand Hirtshals","article_modified_time":"2024-03-11T14:41:19+00:00","og_image":[{"width":1200,"height":800,"url":"https:\/\/hirtshals-kristiansand.com\/no\/wp-content\/uploads\/sites\/5\/2024\/02\/hirtshals-kristiansand.com-website.jpg","type":"image\/jpeg"}],"twitter_card":"summary_large_image","twitter_misc":{"Ansl. lesetid":"2 minutter"},"schema":{"@context":"https:\/\/schema.org","@graph":[{"@type":"WebPage","@id":"https:\/\/hirtshals-kristiansand.com\/no\/kristiansand-havn\/fjord-line-terminal\/","url":"https:\/\/hirtshals-kristiansand.com\/no\/kristiansand-havn\/fjord-line-terminal\/","name":"Fjord Line Terminal Kristiansand - Ferje Kristiansand Hirtshals","isPartOf":{"@id":"https:\/\/hirtshals-kristiansand.com\/no\/#website"},"datePublished":"2024-03-11T14:41:17+00:00","dateModified":"2024-03-11T14:41:19+00:00","description":"Sjekk n\u00f8dvendig informasjon om Fjord Line-terminalen i Kristiansand Haven: innsjekking, parkering og kontaktinformasjon.","breadcrumb":{"@id":"https:\/\/hirtshals-kristiansand.com\/no\/kristiansand-havn\/fjord-line-terminal\/#breadcrumb"},"inLanguage":"nb-NO","potentialAction":[{"@type":"ReadAction","target":["https:\/\/hirtshals-kristiansand.com\/no\/kristiansand-havn\/fjord-line-terminal\/"]}]},{"@type":"BreadcrumbList","@id":"https:\/\/hirtshals-kristiansand.com\/no\/kristiansand-havn\/fjord-line-terminal\/#breadcrumb","itemListElement":[{"@type":"ListItem","position":1,"name":"Kristiansand Hirtshals","item":"https:\/\/hirtshals-kristiansand.com\/no\/"},{"@type":"ListItem","position":2,"name":"Kristiansand Havn","item":"https:\/\/hirtshals-kristiansand.com\/no\/kristiansand-havn\/"},{"@type":"ListItem","position":3,"name":"Fjord Line Terminal Kristiansand"}]},{"@type":"WebSite","@id":"https:\/\/hirtshals-kristiansand.com\/no\/#website","url":"https:\/\/hirtshals-kristiansand.com\/no\/","name":"Ferje Kristiansand Hirtshals","description":"Alt om fergeoverfarten fra Hirtshals til Kristiansand","publisher":{"@id":"https:\/\/hirtshals-kristiansand.com\/no\/#organization"},"potentialAction":[{"@type":"SearchAction","target":{"@type":"EntryPoint","urlTemplate":"https:\/\/hirtshals-kristiansand.com\/no\/?s={search_term_string}"},"query-input":{"@type":"PropertyValueSpecification","valueRequired":true,"valueName":"search_term_string"}}],"inLanguage":"nb-NO"},{"@type":"Organization","@id":"https:\/\/hirtshals-kristiansand.com\/no\/#organization","name":"Ferje Kristiansand Hirtshals","url":"https:\/\/hirtshals-kristiansand.com\/no\/","logo":{"@type":"ImageObject","inLanguage":"nb-NO","@id":"https:\/\/hirtshals-kristiansand.com\/no\/#\/schema\/logo\/image\/","url":"https:\/\/hirtshals-kristiansand.com\/no\/wp-content\/uploads\/sites\/5\/2025\/05\/hirtshals-kristiansand.svg","contentUrl":"https:\/\/hirtshals-kristiansand.com\/no\/wp-content\/uploads\/sites\/5\/2025\/05\/hirtshals-kristiansand.svg","width":800,"height":256,"caption":"Ferje Kristiansand Hirtshals"},"image":{"@id":"https:\/\/hirtshals-kristiansand.com\/no\/#\/schema\/logo\/image\/"}}]}},"uagb_featured_image_src":{"full":false,"thumbnail":false,"medium":false,"medium_large":false,"large":false,"1536x1536":false,"2048x2048":false},"uagb_author_info":{"display_name":"mail@robberttigchelaar.com","author_link":"https:\/\/hirtshals-kristiansand.com\/no\/author\/mailrobberttigchelaar-com\/"},"uagb_comment_info":0,"uagb_excerpt":"Fra Fjord Line-terminalen i Kristiansand havn g\u00e5r Fjord FSTR flere ganger daglig. P\u00e5 denne siden finner du alt du trenger [&hellip;]","_links":{"self":[{"href":"https:\/\/hirtshals-kristiansand.com\/no\/wp-json\/wp\/v2\/pages\/78","targetHints":{"allow":["GET"]}}],"collection":[{"href":"https:\/\/hirtshals-kristiansand.com\/no\/wp-json\/wp\/v2\/pages"}],"about":[{"href":"https:\/\/hirtshals-kristiansand.com\/no\/wp-json\/wp\/v2\/types\/page"}],"author":[{"embeddable":true,"href":"https:\/\/hirtshals-kristiansand.com\/no\/wp-json\/wp\/v2\/users\/1"}],"replies":[{"embeddable":true,"href":"https:\/\/hirtshals-kristiansand.com\/no\/wp-json\/wp\/v2\/comments?post=78"}],"version-history":[{"count":1,"href":"https:\/\/hirtshals-kristiansand.com\/no\/wp-json\/wp\/v2\/pages\/78\/revisions"}],"predecessor-version":[{"id":79,"href":"https:\/\/hirtshals-kristiansand.com\/no\/wp-json\/wp\/v2\/pages\/78\/revisions\/79"}],"up":[{"embeddable":true,"href":"https:\/\/hirtshals-kristiansand.com\/no\/wp-json\/wp\/v2\/pages\/70"}],"wp:attachment":[{"href":"https:\/\/hirtshals-kristiansand.com\/no\/wp-json\/wp\/v2\/media?parent=78"}],"curies":[{"name":"wp","href":"https:\/\/api.w.org\/{rel}","templated":true}]}}