{"id":76,"date":"2024-03-11T14:37:21","date_gmt":"2024-03-11T14:37:21","guid":{"rendered":"https:\/\/hirtshals-kristiansand.com\/no\/?page_id=76"},"modified":"2024-03-11T14:37:22","modified_gmt":"2024-03-11T14:37:22","slug":"color-line-terminal","status":"publish","type":"page","link":"https:\/\/hirtshals-kristiansand.com\/no\/kristiansand-havn\/color-line-terminal\/","title":{"rendered":"Color Line Terminal Kristiansand"},"content":{"rendered":"\n<p>Det er en Color Line-terminal i Kristiansand havn. P\u00e5 denne siden finner du all viktig informasjon om denne terminalen.<\/p>\n\n\n\n<h2 class=\"wp-block-heading\">Adresse og kontaktinformasjon<\/h2>\n\n\n\n<p>Adressen og kontaktinformasjonen til terminalen p\u00e5 et \u00f8yeblikk:<\/p>\n\n\n\n<ul class=\"wp-block-list\">\n<li><strong>Adresse: <\/strong>Havnegta 47, Postboks 82, 4662 Kristiansand<\/li>\n\n\n\n<li><strong>Epostadresse:<\/strong> &#8211;<\/li>\n\n\n\n<li><strong>Nettsted:<\/strong><a href=\"https:\/\/www.colorline.no\/\" target=\"_blank\" rel=\"noreferrer noopener\"> https:\/\/www.colorline.no\/<\/a><\/li>\n\n\n\n<li><strong>Telefonnummer:<\/strong> +45 99 56 19 00<\/li>\n<\/ul>\n\n\n\t\t\t<div \n\t\t\tclass=\"wp-block-uagb-google-map uagb-google-map__wrap uagb-block-34be9771     \"\n\t\t\tstyle=\"\" >\n\t\t\t\t<embed\n\t\t\t\t\tclass=\"uagb-google-map__iframe\"\n\t\t\t\t\ttitle=\"Google Map for \"\n\t\t\t\t\tsrc=\"https:\/\/maps.google.com\/maps?q=F%C3%A6rgeterminalen%20Norgeskajen%202%2C%209850%20Hirtshals&#038;z=15&#038;hl=en&#038;t=m&#038;output=embed&#038;iwloc=near\"\n\t\t\t\t\twidth=\"640\"\n\t\t\t\t\theight=\"500\"\n\t\t\t\t\tloading=\"lazy\"\n\t\t\t\t><\/embed>\n\t\t\t<\/div>\n\t\t\t\n\n\n<h2 class=\"wp-block-heading\" style=\"margin-top:var(--wp--preset--spacing--40)\">Sjekker inn<\/h2>\n\n\n\n<p>Passasjerer uten bil kan sjekke inn i f\u00f8rste etasje p\u00e5 terminalen. Grupper kan ogs\u00e5 sjekke inn her (noen ganger ved en egen skranke). Det er egne innsjekkingsskranker p\u00e5 brygga for passasjerer med bil, motorsykkel eller sykkel.<\/p>\n\n\n\n<p>Vennligst merk: alle passasjerer m\u00e5 sjekke inn minst 60 minutter f\u00f8r avgang. Ta hensyn til reisetider. Se <a href=\"https:\/\/hirtshals-kristiansand.com\/no\/rutetider\/\">Color Line rutetider fra Hirtshals Kristiansand<\/a>.<\/p>\n\n\n\n<h2 class=\"wp-block-heading\">Parkering ved terminalen<\/h2>\n\n\n\n<p>Det er godt \u00e5 vite at du<strong> ikke kan parkere bilen p\u00e5 Color Line-terminalen<\/strong>. Du kan parkere den p\u00e5 havnens parkeringsplass. Parkeringsplassen, kalt Parko, ligger omtrent 400 meter fra terminalen. S\u00e5 dette er lett \u00e5 g\u00e5.<\/p>\n\n\n\n<h2 class=\"wp-block-heading\">Fasiliteter ved terminalen<\/h2>\n\n\n\n<ul class=\"wp-block-list\">\n<li><strong>Skap:<\/strong> Nei<\/li>\n\n\n\n<li><strong>Minibank: <\/strong>Om bord<\/li>\n\n\n\n<li><strong>Mat og drikke:<\/strong> Det er restauranter i havneomr\u00e5det<\/li>\n\n\n\n<li><strong>Toaletter:<\/strong> Ja, n\u00e6r terminalen<\/li>\n<\/ul>\n\n\n\n<h2 class=\"wp-block-heading\">Betalingsmuligheter hos Color Line<\/h2>\n\n\n\n<p>Planlegger du \u00e5 betale under, f\u00f8r eller etter reisen p\u00e5 Color Line? S\u00f8rg for at du har riktig valuta med deg. F\u00f8lgende valutaer godtas:<\/p>\n\n\n\n<ul class=\"wp-block-list\">\n<li>Euro<\/li>\n\n\n\n<li>Dansk Krone<\/li>\n\n\n\n<li>Norsk Krone<\/li>\n<\/ul>\n\n\n\n<h2 class=\"wp-block-heading\">Mer generell informasjon om havnen<\/h2>\n\n\n\n<p>Vil du finne ut mer om selve havna kan du ta en titt p\u00e5 <a href=\"https:\/\/hirtshals-kristiansand.com\/no\/kristiansand-havn\/\">Kristiansand Havn<\/a> siden. Her finner du veibeskrivelse til havnen og generell havneinformasjon.<\/p>\n","protected":false},"excerpt":{"rendered":"<p>Det er en Color Line-terminal i Kristiansand havn. P\u00e5 denne siden finner du all viktig informasjon om denne terminalen. Adresse [&hellip;]<\/p>\n","protected":false},"author":1,"featured_media":0,"parent":70,"menu_order":0,"comment_status":"closed","ping_status":"closed","template":"","meta":{"inline_featured_image":false,"_uag_custom_page_level_css":"","site-sidebar-layout":"default","site-content-layout":"","ast-site-content-layout":"default","site-content-style":"default","site-sidebar-style":"default","ast-global-header-display":"","ast-banner-title-visibility":"","ast-main-header-display":"","ast-hfb-above-header-display":"","ast-hfb-below-header-display":"","ast-hfb-mobile-header-display":"","site-post-title":"","ast-breadcrumbs-content":"","ast-featured-img":"","footer-sml-layout":"","ast-disable-related-posts":"","theme-transparent-header-meta":"","adv-header-id-meta":"","stick-header-meta":"","header-above-stick-meta":"","header-main-stick-meta":"","header-below-stick-meta":"","astra-migrate-meta-layouts":"default","ast-page-background-enabled":"default","ast-page-background-meta":{"desktop":{"background-color":"var(--ast-global-color-4)","background-image":"","background-repeat":"repeat","background-position":"center center","background-size":"auto","background-attachment":"scroll","background-type":"","background-media":"","overlay-type":"","overlay-color":"","overlay-opacity":"","overlay-gradient":""},"tablet":{"background-color":"","background-image":"","background-repeat":"repeat","background-position":"center center","background-size":"auto","background-attachment":"scroll","background-type":"","background-media":"","overlay-type":"","overlay-color":"","overlay-opacity":"","overlay-gradient":""},"mobile":{"background-color":"","background-image":"","background-repeat":"repeat","background-position":"center center","background-size":"auto","background-attachment":"scroll","background-type":"","background-media":"","overlay-type":"","overlay-color":"","overlay-opacity":"","overlay-gradient":""}},"ast-content-background-meta":{"desktop":{"background-color":"var(--ast-global-color-5)","background-image":"","background-repeat":"repeat","background-position":"center center","background-size":"auto","background-attachment":"scroll","background-type":"","background-media":"","overlay-type":"","overlay-color":"","overlay-opacity":"","overlay-gradient":""},"tablet":{"background-color":"var(--ast-global-color-5)","background-image":"","background-repeat":"repeat","background-position":"center center","background-size":"auto","background-attachment":"scroll","background-type":"","background-media":"","overlay-type":"","overlay-color":"","overlay-opacity":"","overlay-gradient":""},"mobile":{"background-color":"var(--ast-global-color-5)","background-image":"","background-repeat":"repeat","background-position":"center center","background-size":"auto","background-attachment":"scroll","background-type":"","background-media":"","overlay-type":"","overlay-color":"","overlay-opacity":"","overlay-gradient":""}},"footnotes":""},"class_list":["post-76","page","type-page","status-publish","hentry"],"yoast_head":"<!-- This site is optimized with the Yoast SEO plugin v27.5 - https:\/\/yoast.com\/product\/yoast-seo-wordpress\/ -->\n<title>Color Line Terminal Kristiansand - Ferje Kristiansand Hirtshals<\/title>\n<meta name=\"description\" content=\"Sjekk n\u00f8dvendig informasjon om Color Line-terminalen i Kristiansand Haven: innsjekking, parkering og kontaktinformasjon.\" \/>\n<meta name=\"robots\" content=\"index, follow, max-snippet:-1, max-image-preview:large, max-video-preview:-1\" \/>\n<link rel=\"canonical\" href=\"https:\/\/hirtshals-kristiansand.com\/no\/kristiansand-havn\/color-line-terminal\/\" \/>\n<meta property=\"og:locale\" content=\"nb_NO\" \/>\n<meta property=\"og:type\" content=\"article\" \/>\n<meta property=\"og:title\" content=\"Color Line Terminal Kristiansand - Ferje Kristiansand Hirtshals\" \/>\n<meta property=\"og:description\" content=\"Sjekk n\u00f8dvendig informasjon om Color Line-terminalen i Kristiansand Haven: innsjekking, parkering og kontaktinformasjon.\" \/>\n<meta property=\"og:url\" content=\"https:\/\/hirtshals-kristiansand.com\/no\/kristiansand-havn\/color-line-terminal\/\" \/>\n<meta property=\"og:site_name\" content=\"Ferje Kristiansand Hirtshals\" \/>\n<meta property=\"article:modified_time\" content=\"2024-03-11T14:37:22+00:00\" \/>\n<meta property=\"og:image\" content=\"https:\/\/hirtshals-kristiansand.com\/no\/wp-content\/uploads\/sites\/5\/2024\/02\/hirtshals-kristiansand.com-website.jpg\" \/>\n\t<meta property=\"og:image:width\" content=\"1200\" \/>\n\t<meta property=\"og:image:height\" content=\"800\" \/>\n\t<meta property=\"og:image:type\" content=\"image\/jpeg\" \/>\n<meta name=\"twitter:card\" content=\"summary_large_image\" \/>\n<meta name=\"twitter:label1\" content=\"Ansl. lesetid\" \/>\n\t<meta name=\"twitter:data1\" content=\"2 minutter\" \/>\n<script type=\"application\/ld+json\" class=\"yoast-schema-graph\">{\"@context\":\"https:\\\/\\\/schema.org\",\"@graph\":[{\"@type\":\"WebPage\",\"@id\":\"https:\\\/\\\/hirtshals-kristiansand.com\\\/no\\\/kristiansand-havn\\\/color-line-terminal\\\/\",\"url\":\"https:\\\/\\\/hirtshals-kristiansand.com\\\/no\\\/kristiansand-havn\\\/color-line-terminal\\\/\",\"name\":\"Color Line Terminal Kristiansand - Ferje Kristiansand Hirtshals\",\"isPartOf\":{\"@id\":\"https:\\\/\\\/hirtshals-kristiansand.com\\\/no\\\/#website\"},\"datePublished\":\"2024-03-11T14:37:21+00:00\",\"dateModified\":\"2024-03-11T14:37:22+00:00\",\"description\":\"Sjekk n\u00f8dvendig informasjon om Color Line-terminalen i Kristiansand Haven: innsjekking, parkering og kontaktinformasjon.\",\"breadcrumb\":{\"@id\":\"https:\\\/\\\/hirtshals-kristiansand.com\\\/no\\\/kristiansand-havn\\\/color-line-terminal\\\/#breadcrumb\"},\"inLanguage\":\"nb-NO\",\"potentialAction\":[{\"@type\":\"ReadAction\",\"target\":[\"https:\\\/\\\/hirtshals-kristiansand.com\\\/no\\\/kristiansand-havn\\\/color-line-terminal\\\/\"]}]},{\"@type\":\"BreadcrumbList\",\"@id\":\"https:\\\/\\\/hirtshals-kristiansand.com\\\/no\\\/kristiansand-havn\\\/color-line-terminal\\\/#breadcrumb\",\"itemListElement\":[{\"@type\":\"ListItem\",\"position\":1,\"name\":\"Kristiansand Hirtshals\",\"item\":\"https:\\\/\\\/hirtshals-kristiansand.com\\\/no\\\/\"},{\"@type\":\"ListItem\",\"position\":2,\"name\":\"Kristiansand Havn\",\"item\":\"https:\\\/\\\/hirtshals-kristiansand.com\\\/no\\\/kristiansand-havn\\\/\"},{\"@type\":\"ListItem\",\"position\":3,\"name\":\"Color Line Terminal Kristiansand\"}]},{\"@type\":\"WebSite\",\"@id\":\"https:\\\/\\\/hirtshals-kristiansand.com\\\/no\\\/#website\",\"url\":\"https:\\\/\\\/hirtshals-kristiansand.com\\\/no\\\/\",\"name\":\"Ferje Kristiansand Hirtshals\",\"description\":\"Alt om fergeoverfarten fra Hirtshals til Kristiansand\",\"publisher\":{\"@id\":\"https:\\\/\\\/hirtshals-kristiansand.com\\\/no\\\/#organization\"},\"potentialAction\":[{\"@type\":\"SearchAction\",\"target\":{\"@type\":\"EntryPoint\",\"urlTemplate\":\"https:\\\/\\\/hirtshals-kristiansand.com\\\/no\\\/?s={search_term_string}\"},\"query-input\":{\"@type\":\"PropertyValueSpecification\",\"valueRequired\":true,\"valueName\":\"search_term_string\"}}],\"inLanguage\":\"nb-NO\"},{\"@type\":\"Organization\",\"@id\":\"https:\\\/\\\/hirtshals-kristiansand.com\\\/no\\\/#organization\",\"name\":\"Ferje Kristiansand Hirtshals\",\"url\":\"https:\\\/\\\/hirtshals-kristiansand.com\\\/no\\\/\",\"logo\":{\"@type\":\"ImageObject\",\"inLanguage\":\"nb-NO\",\"@id\":\"https:\\\/\\\/hirtshals-kristiansand.com\\\/no\\\/#\\\/schema\\\/logo\\\/image\\\/\",\"url\":\"https:\\\/\\\/hirtshals-kristiansand.com\\\/no\\\/wp-content\\\/uploads\\\/sites\\\/5\\\/2025\\\/05\\\/hirtshals-kristiansand.svg\",\"contentUrl\":\"https:\\\/\\\/hirtshals-kristiansand.com\\\/no\\\/wp-content\\\/uploads\\\/sites\\\/5\\\/2025\\\/05\\\/hirtshals-kristiansand.svg\",\"width\":800,\"height\":256,\"caption\":\"Ferje Kristiansand Hirtshals\"},\"image\":{\"@id\":\"https:\\\/\\\/hirtshals-kristiansand.com\\\/no\\\/#\\\/schema\\\/logo\\\/image\\\/\"}}]}<\/script>\n<!-- \/ Yoast SEO plugin. -->","yoast_head_json":{"title":"Color Line Terminal Kristiansand - Ferje Kristiansand Hirtshals","description":"Sjekk n\u00f8dvendig informasjon om Color Line-terminalen i Kristiansand Haven: innsjekking, parkering og kontaktinformasjon.","robots":{"index":"index","follow":"follow","max-snippet":"max-snippet:-1","max-image-preview":"max-image-preview:large","max-video-preview":"max-video-preview:-1"},"canonical":"https:\/\/hirtshals-kristiansand.com\/no\/kristiansand-havn\/color-line-terminal\/","og_locale":"nb_NO","og_type":"article","og_title":"Color Line Terminal Kristiansand - Ferje Kristiansand Hirtshals","og_description":"Sjekk n\u00f8dvendig informasjon om Color Line-terminalen i Kristiansand Haven: innsjekking, parkering og kontaktinformasjon.","og_url":"https:\/\/hirtshals-kristiansand.com\/no\/kristiansand-havn\/color-line-terminal\/","og_site_name":"Ferje Kristiansand Hirtshals","article_modified_time":"2024-03-11T14:37:22+00:00","og_image":[{"width":1200,"height":800,"url":"https:\/\/hirtshals-kristiansand.com\/no\/wp-content\/uploads\/sites\/5\/2024\/02\/hirtshals-kristiansand.com-website.jpg","type":"image\/jpeg"}],"twitter_card":"summary_large_image","twitter_misc":{"Ansl. lesetid":"2 minutter"},"schema":{"@context":"https:\/\/schema.org","@graph":[{"@type":"WebPage","@id":"https:\/\/hirtshals-kristiansand.com\/no\/kristiansand-havn\/color-line-terminal\/","url":"https:\/\/hirtshals-kristiansand.com\/no\/kristiansand-havn\/color-line-terminal\/","name":"Color Line Terminal Kristiansand - Ferje Kristiansand Hirtshals","isPartOf":{"@id":"https:\/\/hirtshals-kristiansand.com\/no\/#website"},"datePublished":"2024-03-11T14:37:21+00:00","dateModified":"2024-03-11T14:37:22+00:00","description":"Sjekk n\u00f8dvendig informasjon om Color Line-terminalen i Kristiansand Haven: innsjekking, parkering og kontaktinformasjon.","breadcrumb":{"@id":"https:\/\/hirtshals-kristiansand.com\/no\/kristiansand-havn\/color-line-terminal\/#breadcrumb"},"inLanguage":"nb-NO","potentialAction":[{"@type":"ReadAction","target":["https:\/\/hirtshals-kristiansand.com\/no\/kristiansand-havn\/color-line-terminal\/"]}]},{"@type":"BreadcrumbList","@id":"https:\/\/hirtshals-kristiansand.com\/no\/kristiansand-havn\/color-line-terminal\/#breadcrumb","itemListElement":[{"@type":"ListItem","position":1,"name":"Kristiansand Hirtshals","item":"https:\/\/hirtshals-kristiansand.com\/no\/"},{"@type":"ListItem","position":2,"name":"Kristiansand Havn","item":"https:\/\/hirtshals-kristiansand.com\/no\/kristiansand-havn\/"},{"@type":"ListItem","position":3,"name":"Color Line Terminal Kristiansand"}]},{"@type":"WebSite","@id":"https:\/\/hirtshals-kristiansand.com\/no\/#website","url":"https:\/\/hirtshals-kristiansand.com\/no\/","name":"Ferje Kristiansand Hirtshals","description":"Alt om fergeoverfarten fra Hirtshals til Kristiansand","publisher":{"@id":"https:\/\/hirtshals-kristiansand.com\/no\/#organization"},"potentialAction":[{"@type":"SearchAction","target":{"@type":"EntryPoint","urlTemplate":"https:\/\/hirtshals-kristiansand.com\/no\/?s={search_term_string}"},"query-input":{"@type":"PropertyValueSpecification","valueRequired":true,"valueName":"search_term_string"}}],"inLanguage":"nb-NO"},{"@type":"Organization","@id":"https:\/\/hirtshals-kristiansand.com\/no\/#organization","name":"Ferje Kristiansand Hirtshals","url":"https:\/\/hirtshals-kristiansand.com\/no\/","logo":{"@type":"ImageObject","inLanguage":"nb-NO","@id":"https:\/\/hirtshals-kristiansand.com\/no\/#\/schema\/logo\/image\/","url":"https:\/\/hirtshals-kristiansand.com\/no\/wp-content\/uploads\/sites\/5\/2025\/05\/hirtshals-kristiansand.svg","contentUrl":"https:\/\/hirtshals-kristiansand.com\/no\/wp-content\/uploads\/sites\/5\/2025\/05\/hirtshals-kristiansand.svg","width":800,"height":256,"caption":"Ferje Kristiansand Hirtshals"},"image":{"@id":"https:\/\/hirtshals-kristiansand.com\/no\/#\/schema\/logo\/image\/"}}]}},"uagb_featured_image_src":{"full":false,"thumbnail":false,"medium":false,"medium_large":false,"large":false,"1536x1536":false,"2048x2048":false},"uagb_author_info":{"display_name":"mail@robberttigchelaar.com","author_link":"https:\/\/hirtshals-kristiansand.com\/no\/author\/mailrobberttigchelaar-com\/"},"uagb_comment_info":0,"uagb_excerpt":"Det er en Color Line-terminal i Kristiansand havn. P\u00e5 denne siden finner du all viktig informasjon om denne terminalen. Adresse [&hellip;]","_links":{"self":[{"href":"https:\/\/hirtshals-kristiansand.com\/no\/wp-json\/wp\/v2\/pages\/76","targetHints":{"allow":["GET"]}}],"collection":[{"href":"https:\/\/hirtshals-kristiansand.com\/no\/wp-json\/wp\/v2\/pages"}],"about":[{"href":"https:\/\/hirtshals-kristiansand.com\/no\/wp-json\/wp\/v2\/types\/page"}],"author":[{"embeddable":true,"href":"https:\/\/hirtshals-kristiansand.com\/no\/wp-json\/wp\/v2\/users\/1"}],"replies":[{"embeddable":true,"href":"https:\/\/hirtshals-kristiansand.com\/no\/wp-json\/wp\/v2\/comments?post=76"}],"version-history":[{"count":1,"href":"https:\/\/hirtshals-kristiansand.com\/no\/wp-json\/wp\/v2\/pages\/76\/revisions"}],"predecessor-version":[{"id":77,"href":"https:\/\/hirtshals-kristiansand.com\/no\/wp-json\/wp\/v2\/pages\/76\/revisions\/77"}],"up":[{"embeddable":true,"href":"https:\/\/hirtshals-kristiansand.com\/no\/wp-json\/wp\/v2\/pages\/70"}],"wp:attachment":[{"href":"https:\/\/hirtshals-kristiansand.com\/no\/wp-json\/wp\/v2\/media?parent=76"}],"curies":[{"name":"wp","href":"https:\/\/api.w.org\/{rel}","templated":true}]}}