{"id":74,"date":"2024-03-11T14:29:58","date_gmt":"2024-03-11T14:29:58","guid":{"rendered":"https:\/\/hirtshals-kristiansand.com\/no\/?page_id=74"},"modified":"2024-03-11T15:10:26","modified_gmt":"2024-03-11T15:10:26","slug":"fjord-line-terminal","status":"publish","type":"page","link":"https:\/\/hirtshals-kristiansand.com\/no\/hirtshals-havn\/fjord-line-terminal\/","title":{"rendered":"Fjord Line terminal Hirtshals"},"content":{"rendered":"\n<p>I havnen i Hirtshals vil du oppdage en Fjord Line-terminal. P\u00e5 denne siden forteller vi deg alt du trenger \u00e5 vite om denne terminalen. For eksempel innsjekkingstidene og adressen, slik at du enkelt kan navigere dit.<\/p>\n\n\n\n<h2 class=\"wp-block-heading\">Adresse og kontaktinformasjon<\/h2>\n\n\n\n<p>Se adresse og kontaktinformasjon til Fjord Line-terminalen i Hirtshals havn.<\/p>\n\n\n\n<ul class=\"wp-block-list\">\n<li><strong>Adresse: <\/strong>Nords\u00f8terminalen, Containerkajen 4, DK-9850, Hirtshals<\/li>\n\n\n\n<li><strong>Epostadresse:<\/strong> &#8211;<\/li>\n\n\n\n<li><strong>Nettside:<\/strong> <a href=\"https:\/\/www.fjordline.com\/nb\" target=\"_blank\" rel=\"noreferrer noopener\">fjordline.com\/nb<\/a><\/li>\n\n\n\n<li><strong>Telefonnummer:<\/strong> +47 51 46 40 99<\/li>\n<\/ul>\n\n\n\t\t\t<div \n\t\t\tclass=\"wp-block-uagb-google-map uagb-google-map__wrap uagb-block-34be9771     \"\n\t\t\tstyle=\"\" >\n\t\t\t\t<embed\n\t\t\t\t\tclass=\"uagb-google-map__iframe\"\n\t\t\t\t\ttitle=\"Google Map for \"\n\t\t\t\t\tsrc=\"https:\/\/maps.google.com\/maps?q=%20Nords%C3%B8terminalen%2C%20Containerkajen%204%2C%20DK-9850%2C%20Hirtshals&#038;z=15&#038;hl=en&#038;t=m&#038;output=embed&#038;iwloc=near\"\n\t\t\t\t\twidth=\"640\"\n\t\t\t\t\theight=\"500\"\n\t\t\t\t\tloading=\"lazy\"\n\t\t\t\t><\/embed>\n\t\t\t<\/div>\n\t\t\t\n\n\n<h2 class=\"wp-block-heading\" style=\"margin-top:var(--wp--preset--spacing--40)\">Sjekker inn<\/h2>\n\n\n\n<p>Fjord Line melder at du b\u00f8r ankomme terminalen minst 60 minutter f\u00f8r avgang. Ombordstigning stenger 30 minutter f\u00f8r avgang. S\u00e5 s\u00f8rg for \u00e5 sjekke inn i tide. Ta en titt p\u00e5 <a href=\"https:\/\/hirtshals-kristiansand.com\/no\/rutetider\/\">Fjord Line Hirtshals Kristiansand rutetider<\/a>.<\/p>\n\n\n\n<h2 class=\"wp-block-heading\" style=\"margin-top:var(--wp--preset--spacing--40)\">Parkering ved terminalen<\/h2>\n\n\n\n<p>N\u00e5r du g\u00e5r ombord som fotpassasjer, kan du parkere bilen p\u00e5 terminalen. Vennligst merk: det er et begrenset antall parkeringsplasser. Du kan heller ikke reservere en parkeringsplass p\u00e5 forh\u00e5nd. Det anbefales derfor sterkt \u00e5 parkere bilen i Hirtshals sentrum og deretter reise til havnen med offentlig transport.<\/p>\n\n\n\n<p>Det er ogs\u00e5 mulig \u00e5 parkere bilen p\u00e5 parkeringsplassen til Hotel Skagas. Du kan sp\u00f8rre om dette i hotellresepsjonen ved \u00e5 ringe +45 98 94 55 00.<\/p>\n\n\n\n<h2 class=\"wp-block-heading\">Fasiliteter ved terminalen<\/h2>\n\n\n\n<p>Sjekk alle fasiliteter i n\u00e6rheten av terminalen ved havnen:<\/p>\n\n\n\n<ul class=\"wp-block-list\">\n<li><strong>Toaletter:&nbsp;<\/strong>Ja, i f\u00f8rste etasje n\u00e6r terminalen<\/li>\n\n\n\n<li><strong>Skap:<\/strong>&nbsp;Nei<\/li>\n\n\n\n<li><strong>Mat og drikke:&nbsp;<\/strong>Ja, kaffe- og brusautomater i f\u00f8rste etasje i avgangshallen<\/li>\n\n\n\n<li><strong>Minibanker:&nbsp;<\/strong>Nei<\/li>\n<\/ul>\n\n\n\n<h2 class=\"wp-block-heading\">Betalingsmuligheter p\u00e5 terminalen<\/h2>\n\n\n\n<p>I skrankene p\u00e5 Fjord Line-terminalen kan du betale med f\u00f8lgende valutaer:<\/p>\n\n\n\n<ul class=\"wp-block-list\">\n<li>Danske Kroner<\/li>\n\n\n\n<li>Norske Kroner<\/li>\n\n\n\n<li>Euro<\/li>\n<\/ul>\n\n\n\n<p>Vennligst merk: betaling med mynter er kun mulig med danske kroner. Betale med kort? Da kan du bruke f\u00f8lgende betalingskort:<\/p>\n\n\n\n<ul class=\"wp-block-list\">\n<li>VISA<\/li>\n\n\n\n<li>MasterCard<\/li>\n\n\n\n<li>Mobile Pay<\/li>\n\n\n\n<li>Vipps<\/li>\n\n\n\n<li>Maestro<\/li>\n\n\n\n<li>Diners<\/li>\n\n\n\n<li>American Express<\/li>\n<\/ul>\n\n\n\n<h2 class=\"wp-block-heading\">Mer informasjon om havnen i Hirtshals<\/h2>\n\n\n\n<p>Ta en titt p\u00e5 siden om <a href=\"https:\/\/hirtshals-kristiansand.com\/no\/hirtshals-havn\/\">havnen i Hirtshals<\/a> for veibeskrivelse og generell informasjon om havnen.<\/p>\n","protected":false},"excerpt":{"rendered":"<p>I havnen i Hirtshals vil du oppdage en Fjord Line-terminal. P\u00e5 denne siden forteller vi deg alt du trenger \u00e5 [&hellip;]<\/p>\n","protected":false},"author":1,"featured_media":0,"parent":68,"menu_order":0,"comment_status":"closed","ping_status":"closed","template":"","meta":{"inline_featured_image":false,"_uag_custom_page_level_css":"","site-sidebar-layout":"default","site-content-layout":"","ast-site-content-layout":"default","site-content-style":"default","site-sidebar-style":"default","ast-global-header-display":"","ast-banner-title-visibility":"","ast-main-header-display":"","ast-hfb-above-header-display":"","ast-hfb-below-header-display":"","ast-hfb-mobile-header-display":"","site-post-title":"","ast-breadcrumbs-content":"","ast-featured-img":"","footer-sml-layout":"","ast-disable-related-posts":"","theme-transparent-header-meta":"","adv-header-id-meta":"","stick-header-meta":"","header-above-stick-meta":"","header-main-stick-meta":"","header-below-stick-meta":"","astra-migrate-meta-layouts":"default","ast-page-background-enabled":"default","ast-page-background-meta":{"desktop":{"background-color":"var(--ast-global-color-4)","background-image":"","background-repeat":"repeat","background-position":"center center","background-size":"auto","background-attachment":"scroll","background-type":"","background-media":"","overlay-type":"","overlay-color":"","overlay-opacity":"","overlay-gradient":""},"tablet":{"background-color":"","background-image":"","background-repeat":"repeat","background-position":"center center","background-size":"auto","background-attachment":"scroll","background-type":"","background-media":"","overlay-type":"","overlay-color":"","overlay-opacity":"","overlay-gradient":""},"mobile":{"background-color":"","background-image":"","background-repeat":"repeat","background-position":"center center","background-size":"auto","background-attachment":"scroll","background-type":"","background-media":"","overlay-type":"","overlay-color":"","overlay-opacity":"","overlay-gradient":""}},"ast-content-background-meta":{"desktop":{"background-color":"var(--ast-global-color-5)","background-image":"","background-repeat":"repeat","background-position":"center center","background-size":"auto","background-attachment":"scroll","background-type":"","background-media":"","overlay-type":"","overlay-color":"","overlay-opacity":"","overlay-gradient":""},"tablet":{"background-color":"var(--ast-global-color-5)","background-image":"","background-repeat":"repeat","background-position":"center center","background-size":"auto","background-attachment":"scroll","background-type":"","background-media":"","overlay-type":"","overlay-color":"","overlay-opacity":"","overlay-gradient":""},"mobile":{"background-color":"var(--ast-global-color-5)","background-image":"","background-repeat":"repeat","background-position":"center center","background-size":"auto","background-attachment":"scroll","background-type":"","background-media":"","overlay-type":"","overlay-color":"","overlay-opacity":"","overlay-gradient":""}},"footnotes":""},"class_list":["post-74","page","type-page","status-publish","hentry"],"yoast_head":"<!-- This site is optimized with the Yoast SEO plugin v27.5 - https:\/\/yoast.com\/product\/yoast-seo-wordpress\/ -->\n<title>Fjord Line terminal Hirtshals - Ferje Kristiansand Hirtshals<\/title>\n<meta name=\"description\" content=\"Sjekk n\u00f8dvendig informasjon om Fjord Line-terminalen i Hirtshals havn: innsjekking, parkering og kontaktinformasjon.\" \/>\n<meta name=\"robots\" content=\"index, follow, max-snippet:-1, max-image-preview:large, max-video-preview:-1\" \/>\n<link rel=\"canonical\" href=\"https:\/\/hirtshals-kristiansand.com\/no\/hirtshals-havn\/fjord-line-terminal\/\" \/>\n<meta property=\"og:locale\" content=\"nb_NO\" \/>\n<meta property=\"og:type\" content=\"article\" \/>\n<meta property=\"og:title\" content=\"Fjord Line terminal Hirtshals - Ferje Kristiansand Hirtshals\" \/>\n<meta property=\"og:description\" content=\"Sjekk n\u00f8dvendig informasjon om Fjord Line-terminalen i Hirtshals havn: innsjekking, parkering og kontaktinformasjon.\" \/>\n<meta property=\"og:url\" content=\"https:\/\/hirtshals-kristiansand.com\/no\/hirtshals-havn\/fjord-line-terminal\/\" \/>\n<meta property=\"og:site_name\" content=\"Ferje Kristiansand Hirtshals\" \/>\n<meta property=\"article:modified_time\" content=\"2024-03-11T15:10:26+00:00\" \/>\n<meta property=\"og:image\" content=\"https:\/\/hirtshals-kristiansand.com\/no\/wp-content\/uploads\/sites\/5\/2024\/02\/hirtshals-kristiansand.com-website.jpg\" \/>\n\t<meta property=\"og:image:width\" content=\"1200\" \/>\n\t<meta property=\"og:image:height\" content=\"800\" \/>\n\t<meta property=\"og:image:type\" content=\"image\/jpeg\" \/>\n<meta name=\"twitter:card\" content=\"summary_large_image\" \/>\n<meta name=\"twitter:label1\" content=\"Ansl. lesetid\" \/>\n\t<meta name=\"twitter:data1\" content=\"2 minutter\" \/>\n<script type=\"application\/ld+json\" class=\"yoast-schema-graph\">{\"@context\":\"https:\\\/\\\/schema.org\",\"@graph\":[{\"@type\":\"WebPage\",\"@id\":\"https:\\\/\\\/hirtshals-kristiansand.com\\\/no\\\/hirtshals-havn\\\/fjord-line-terminal\\\/\",\"url\":\"https:\\\/\\\/hirtshals-kristiansand.com\\\/no\\\/hirtshals-havn\\\/fjord-line-terminal\\\/\",\"name\":\"Fjord Line terminal Hirtshals - Ferje Kristiansand Hirtshals\",\"isPartOf\":{\"@id\":\"https:\\\/\\\/hirtshals-kristiansand.com\\\/no\\\/#website\"},\"datePublished\":\"2024-03-11T14:29:58+00:00\",\"dateModified\":\"2024-03-11T15:10:26+00:00\",\"description\":\"Sjekk n\u00f8dvendig informasjon om Fjord Line-terminalen i Hirtshals havn: innsjekking, parkering og kontaktinformasjon.\",\"breadcrumb\":{\"@id\":\"https:\\\/\\\/hirtshals-kristiansand.com\\\/no\\\/hirtshals-havn\\\/fjord-line-terminal\\\/#breadcrumb\"},\"inLanguage\":\"nb-NO\",\"potentialAction\":[{\"@type\":\"ReadAction\",\"target\":[\"https:\\\/\\\/hirtshals-kristiansand.com\\\/no\\\/hirtshals-havn\\\/fjord-line-terminal\\\/\"]}]},{\"@type\":\"BreadcrumbList\",\"@id\":\"https:\\\/\\\/hirtshals-kristiansand.com\\\/no\\\/hirtshals-havn\\\/fjord-line-terminal\\\/#breadcrumb\",\"itemListElement\":[{\"@type\":\"ListItem\",\"position\":1,\"name\":\"Kristiansand Hirtshals\",\"item\":\"https:\\\/\\\/hirtshals-kristiansand.com\\\/no\\\/\"},{\"@type\":\"ListItem\",\"position\":2,\"name\":\"Hirtshals Havn\",\"item\":\"https:\\\/\\\/hirtshals-kristiansand.com\\\/no\\\/hirtshals-havn\\\/\"},{\"@type\":\"ListItem\",\"position\":3,\"name\":\"Fjord Line terminal Hirtshals\"}]},{\"@type\":\"WebSite\",\"@id\":\"https:\\\/\\\/hirtshals-kristiansand.com\\\/no\\\/#website\",\"url\":\"https:\\\/\\\/hirtshals-kristiansand.com\\\/no\\\/\",\"name\":\"Ferje Kristiansand Hirtshals\",\"description\":\"Alt om fergeoverfarten fra Hirtshals til Kristiansand\",\"publisher\":{\"@id\":\"https:\\\/\\\/hirtshals-kristiansand.com\\\/no\\\/#organization\"},\"potentialAction\":[{\"@type\":\"SearchAction\",\"target\":{\"@type\":\"EntryPoint\",\"urlTemplate\":\"https:\\\/\\\/hirtshals-kristiansand.com\\\/no\\\/?s={search_term_string}\"},\"query-input\":{\"@type\":\"PropertyValueSpecification\",\"valueRequired\":true,\"valueName\":\"search_term_string\"}}],\"inLanguage\":\"nb-NO\"},{\"@type\":\"Organization\",\"@id\":\"https:\\\/\\\/hirtshals-kristiansand.com\\\/no\\\/#organization\",\"name\":\"Ferje Kristiansand Hirtshals\",\"url\":\"https:\\\/\\\/hirtshals-kristiansand.com\\\/no\\\/\",\"logo\":{\"@type\":\"ImageObject\",\"inLanguage\":\"nb-NO\",\"@id\":\"https:\\\/\\\/hirtshals-kristiansand.com\\\/no\\\/#\\\/schema\\\/logo\\\/image\\\/\",\"url\":\"https:\\\/\\\/hirtshals-kristiansand.com\\\/no\\\/wp-content\\\/uploads\\\/sites\\\/5\\\/2025\\\/05\\\/hirtshals-kristiansand.svg\",\"contentUrl\":\"https:\\\/\\\/hirtshals-kristiansand.com\\\/no\\\/wp-content\\\/uploads\\\/sites\\\/5\\\/2025\\\/05\\\/hirtshals-kristiansand.svg\",\"width\":800,\"height\":256,\"caption\":\"Ferje Kristiansand Hirtshals\"},\"image\":{\"@id\":\"https:\\\/\\\/hirtshals-kristiansand.com\\\/no\\\/#\\\/schema\\\/logo\\\/image\\\/\"}}]}<\/script>\n<!-- \/ Yoast SEO plugin. -->","yoast_head_json":{"title":"Fjord Line terminal Hirtshals - Ferje Kristiansand Hirtshals","description":"Sjekk n\u00f8dvendig informasjon om Fjord Line-terminalen i Hirtshals havn: innsjekking, parkering og kontaktinformasjon.","robots":{"index":"index","follow":"follow","max-snippet":"max-snippet:-1","max-image-preview":"max-image-preview:large","max-video-preview":"max-video-preview:-1"},"canonical":"https:\/\/hirtshals-kristiansand.com\/no\/hirtshals-havn\/fjord-line-terminal\/","og_locale":"nb_NO","og_type":"article","og_title":"Fjord Line terminal Hirtshals - Ferje Kristiansand Hirtshals","og_description":"Sjekk n\u00f8dvendig informasjon om Fjord Line-terminalen i Hirtshals havn: innsjekking, parkering og kontaktinformasjon.","og_url":"https:\/\/hirtshals-kristiansand.com\/no\/hirtshals-havn\/fjord-line-terminal\/","og_site_name":"Ferje Kristiansand Hirtshals","article_modified_time":"2024-03-11T15:10:26+00:00","og_image":[{"width":1200,"height":800,"url":"https:\/\/hirtshals-kristiansand.com\/no\/wp-content\/uploads\/sites\/5\/2024\/02\/hirtshals-kristiansand.com-website.jpg","type":"image\/jpeg"}],"twitter_card":"summary_large_image","twitter_misc":{"Ansl. lesetid":"2 minutter"},"schema":{"@context":"https:\/\/schema.org","@graph":[{"@type":"WebPage","@id":"https:\/\/hirtshals-kristiansand.com\/no\/hirtshals-havn\/fjord-line-terminal\/","url":"https:\/\/hirtshals-kristiansand.com\/no\/hirtshals-havn\/fjord-line-terminal\/","name":"Fjord Line terminal Hirtshals - Ferje Kristiansand Hirtshals","isPartOf":{"@id":"https:\/\/hirtshals-kristiansand.com\/no\/#website"},"datePublished":"2024-03-11T14:29:58+00:00","dateModified":"2024-03-11T15:10:26+00:00","description":"Sjekk n\u00f8dvendig informasjon om Fjord Line-terminalen i Hirtshals havn: innsjekking, parkering og kontaktinformasjon.","breadcrumb":{"@id":"https:\/\/hirtshals-kristiansand.com\/no\/hirtshals-havn\/fjord-line-terminal\/#breadcrumb"},"inLanguage":"nb-NO","potentialAction":[{"@type":"ReadAction","target":["https:\/\/hirtshals-kristiansand.com\/no\/hirtshals-havn\/fjord-line-terminal\/"]}]},{"@type":"BreadcrumbList","@id":"https:\/\/hirtshals-kristiansand.com\/no\/hirtshals-havn\/fjord-line-terminal\/#breadcrumb","itemListElement":[{"@type":"ListItem","position":1,"name":"Kristiansand Hirtshals","item":"https:\/\/hirtshals-kristiansand.com\/no\/"},{"@type":"ListItem","position":2,"name":"Hirtshals Havn","item":"https:\/\/hirtshals-kristiansand.com\/no\/hirtshals-havn\/"},{"@type":"ListItem","position":3,"name":"Fjord Line terminal Hirtshals"}]},{"@type":"WebSite","@id":"https:\/\/hirtshals-kristiansand.com\/no\/#website","url":"https:\/\/hirtshals-kristiansand.com\/no\/","name":"Ferje Kristiansand Hirtshals","description":"Alt om fergeoverfarten fra Hirtshals til Kristiansand","publisher":{"@id":"https:\/\/hirtshals-kristiansand.com\/no\/#organization"},"potentialAction":[{"@type":"SearchAction","target":{"@type":"EntryPoint","urlTemplate":"https:\/\/hirtshals-kristiansand.com\/no\/?s={search_term_string}"},"query-input":{"@type":"PropertyValueSpecification","valueRequired":true,"valueName":"search_term_string"}}],"inLanguage":"nb-NO"},{"@type":"Organization","@id":"https:\/\/hirtshals-kristiansand.com\/no\/#organization","name":"Ferje Kristiansand Hirtshals","url":"https:\/\/hirtshals-kristiansand.com\/no\/","logo":{"@type":"ImageObject","inLanguage":"nb-NO","@id":"https:\/\/hirtshals-kristiansand.com\/no\/#\/schema\/logo\/image\/","url":"https:\/\/hirtshals-kristiansand.com\/no\/wp-content\/uploads\/sites\/5\/2025\/05\/hirtshals-kristiansand.svg","contentUrl":"https:\/\/hirtshals-kristiansand.com\/no\/wp-content\/uploads\/sites\/5\/2025\/05\/hirtshals-kristiansand.svg","width":800,"height":256,"caption":"Ferje Kristiansand Hirtshals"},"image":{"@id":"https:\/\/hirtshals-kristiansand.com\/no\/#\/schema\/logo\/image\/"}}]}},"uagb_featured_image_src":{"full":false,"thumbnail":false,"medium":false,"medium_large":false,"large":false,"1536x1536":false,"2048x2048":false},"uagb_author_info":{"display_name":"mail@robberttigchelaar.com","author_link":"https:\/\/hirtshals-kristiansand.com\/no\/author\/mailrobberttigchelaar-com\/"},"uagb_comment_info":0,"uagb_excerpt":"I havnen i Hirtshals vil du oppdage en Fjord Line-terminal. P\u00e5 denne siden forteller vi deg alt du trenger \u00e5 [&hellip;]","_links":{"self":[{"href":"https:\/\/hirtshals-kristiansand.com\/no\/wp-json\/wp\/v2\/pages\/74","targetHints":{"allow":["GET"]}}],"collection":[{"href":"https:\/\/hirtshals-kristiansand.com\/no\/wp-json\/wp\/v2\/pages"}],"about":[{"href":"https:\/\/hirtshals-kristiansand.com\/no\/wp-json\/wp\/v2\/types\/page"}],"author":[{"embeddable":true,"href":"https:\/\/hirtshals-kristiansand.com\/no\/wp-json\/wp\/v2\/users\/1"}],"replies":[{"embeddable":true,"href":"https:\/\/hirtshals-kristiansand.com\/no\/wp-json\/wp\/v2\/comments?post=74"}],"version-history":[{"count":2,"href":"https:\/\/hirtshals-kristiansand.com\/no\/wp-json\/wp\/v2\/pages\/74\/revisions"}],"predecessor-version":[{"id":118,"href":"https:\/\/hirtshals-kristiansand.com\/no\/wp-json\/wp\/v2\/pages\/74\/revisions\/118"}],"up":[{"embeddable":true,"href":"https:\/\/hirtshals-kristiansand.com\/no\/wp-json\/wp\/v2\/pages\/68"}],"wp:attachment":[{"href":"https:\/\/hirtshals-kristiansand.com\/no\/wp-json\/wp\/v2\/media?parent=74"}],"curies":[{"name":"wp","href":"https:\/\/api.w.org\/{rel}","templated":true}]}}