{"id":70,"date":"2024-03-11T13:59:20","date_gmt":"2024-03-11T13:59:20","guid":{"rendered":"https:\/\/hirtshals-kristiansand.com\/no\/?page_id=70"},"modified":"2024-03-11T16:25:39","modified_gmt":"2024-03-11T16:25:39","slug":"kristiansand-havn","status":"publish","type":"page","link":"https:\/\/hirtshals-kristiansand.com\/no\/kristiansand-havn\/","title":{"rendered":"Kristiansand Havn"},"content":{"rendered":"\n<p>P\u00e5 s\u00f8rkysten av Norge vil du oppdage Kristiansand havn. Havnen ligger praktisk til: Havnen er godt forbundet med veinettet og offentlig transport. S\u00e5 du kan enkelt reise videre (eller reise hit) med bil, buss eller tog. P\u00e5 denne siden lister vi opp alt du trenger \u00e5 vite om Kristiansand havn.\ud83d\udc47<\/p>\n\n\n\n<h2 class=\"wp-block-heading\">Generell adresse og kontaktinformasjon<\/h2>\n\n\n\n<p>Den generelle adressen og kontaktinformasjonen til Kristiansand havn:<\/p>\n\n\n\n<ul class=\"wp-block-list\">\n<li><strong>Adresse:<\/strong> Gravane 4, 4610 Kristiansand, Norge<\/li>\n\n\n\n<li><strong>E-postadresse:<\/strong> post@kristiansand-havn.no<\/li>\n\n\n\n<li><strong>Telefonnummer: <\/strong>+47 38 00 60 00<\/li>\n\n\n\n<li><strong>Hjemmeside:<\/strong> <a href=\"https:\/\/en.portofkristiansand.no\/\" target=\"_blank\" rel=\"noreferrer noopener\">https:\/\/en.portofkristiansand.no\/<\/a><\/li>\n<\/ul>\n\n\n\n<p>Se Kristiansand p\u00e5 kartet under for veibeskrivelse.<\/p>\n\n\n\t\t\t<div \n\t\t\tclass=\"wp-block-uagb-google-map uagb-google-map__wrap uagb-block-04633327     \"\n\t\t\tstyle=\"\" >\n\t\t\t\t<embed\n\t\t\t\t\tclass=\"uagb-google-map__iframe\"\n\t\t\t\t\ttitle=\"Google Map for \"\n\t\t\t\t\tsrc=\"https:\/\/maps.google.com\/maps?q=kristiansand%20port&#038;z=15&#038;hl=en&#038;t=m&#038;output=embed&#038;iwloc=near\"\n\t\t\t\t\twidth=\"640\"\n\t\t\t\t\theight=\"500\"\n\t\t\t\t\tloading=\"lazy\"\n\t\t\t\t><\/embed>\n\t\t\t<\/div>\n\t\t\t\n\n\n<h2 class=\"wp-block-heading\" style=\"padding-top:var(--wp--preset--spacing--40);padding-bottom:0\">Reis til Kristiansand havn<\/h2>\n\n\n\n<p>Havnen er som tidligere antydet godt knyttet til kollektivtransport og veinettet. \ud83d\ude97<\/p>\n\n\n\n<ul class=\"wp-block-list\">\n<li><strong>Med bil:<\/strong> vil du reise til Kristiansand havn med bil, kan du f\u00f8lge E39 fra vest. Fra \u00f8st er havnen tilknyttet E18.<\/li>\n\n\n\n<li><strong>Med offentlig transport:<\/strong> Kristiansand togstasjon ligger i gangavstand fra havnen. Planlegg ruten med offentlig transport med denne stasjonen som ditt endelige reisem\u00e5l. Tips: du kan planlegge reisen p\u00e5 forh\u00e5nd via <a href=\"https:\/\/go-aheadnordic.no\/\" target=\"_blank\" rel=\"noreferrer noopener\">Go-aheadnordic.no<\/a>.<\/li>\n<\/ul>\n\n\n\n<h2 class=\"wp-block-heading\" id=\"terminals\" style=\"margin-top:var(--wp--preset--spacing--30)\">Terminaler p\u00e5 havnen<\/h2>\n\n\n\n<p>I Kristansand havn er de ulike terminalene tydelig skiltet \u27a1\ufe0f Se mer informasjon nedenfor om terminalene til de ulike operat\u00f8rene med overgang til <a href=\"https:\/\/hirtshals-kristiansand.com\/no\/hirtshals-havn\/\">Hirtshals havn<\/a>. Dette inkluderer adressedetaljer, parkeringsmuligheter og innsjekkingstider.<\/p>\n\n\n\n<ul class=\"wp-block-list\">\n<li><a href=\"https:\/\/hirtshals-kristiansand.com\/no\/kristiansand-havn\/color-line-terminal\/\">Color Line Terminal Kristiansand<\/a><\/li>\n\n\n\n<li><a href=\"https:\/\/hirtshals-kristiansand.com\/no\/kristiansand-havn\/fjord-line-terminal\/\">Fjord Line Terminal Kristiansand<\/a><\/li>\n<\/ul>\n\n\n\n<p>Se en interessant video av havnen nedenfor for et godt inntrykk.<\/p>\n\n\n\n<figure class=\"wp-block-embed is-type-video is-provider-youtube wp-block-embed-youtube wp-embed-aspect-16-9 wp-has-aspect-ratio\"><div class=\"wp-block-embed__wrapper\">\n<iframe title=\"Promovideo ferge\" width=\"500\" height=\"281\" src=\"https:\/\/www.youtube.com\/embed\/FVmdMaXNWZ0?feature=oembed\" frameborder=\"0\" allow=\"accelerometer; autoplay; clipboard-write; encrypted-media; gyroscope; picture-in-picture; web-share\" referrerpolicy=\"strict-origin-when-cross-origin\" allowfullscreen><\/iframe>\n<\/div><\/figure>\n","protected":false},"excerpt":{"rendered":"<p>P\u00e5 s\u00f8rkysten av Norge vil du oppdage Kristiansand havn. Havnen ligger praktisk til: Havnen er godt forbundet med veinettet og [&hellip;]<\/p>\n","protected":false},"author":1,"featured_media":126,"parent":0,"menu_order":0,"comment_status":"closed","ping_status":"closed","template":"","meta":{"inline_featured_image":false,"_uag_custom_page_level_css":"","site-sidebar-layout":"default","site-content-layout":"","ast-site-content-layout":"default","site-content-style":"default","site-sidebar-style":"default","ast-global-header-display":"","ast-banner-title-visibility":"","ast-main-header-display":"","ast-hfb-above-header-display":"","ast-hfb-below-header-display":"","ast-hfb-mobile-header-display":"","site-post-title":"","ast-breadcrumbs-content":"","ast-featured-img":"","footer-sml-layout":"","ast-disable-related-posts":"","theme-transparent-header-meta":"","adv-header-id-meta":"","stick-header-meta":"","header-above-stick-meta":"","header-main-stick-meta":"","header-below-stick-meta":"","astra-migrate-meta-layouts":"default","ast-page-background-enabled":"default","ast-page-background-meta":{"desktop":{"background-color":"var(--ast-global-color-4)","background-image":"","background-repeat":"repeat","background-position":"center center","background-size":"auto","background-attachment":"scroll","background-type":"","background-media":"","overlay-type":"","overlay-color":"","overlay-opacity":"","overlay-gradient":""},"tablet":{"background-color":"","background-image":"","background-repeat":"repeat","background-position":"center center","background-size":"auto","background-attachment":"scroll","background-type":"","background-media":"","overlay-type":"","overlay-color":"","overlay-opacity":"","overlay-gradient":""},"mobile":{"background-color":"","background-image":"","background-repeat":"repeat","background-position":"center center","background-size":"auto","background-attachment":"scroll","background-type":"","background-media":"","overlay-type":"","overlay-color":"","overlay-opacity":"","overlay-gradient":""}},"ast-content-background-meta":{"desktop":{"background-color":"var(--ast-global-color-5)","background-image":"","background-repeat":"repeat","background-position":"center center","background-size":"auto","background-attachment":"scroll","background-type":"","background-media":"","overlay-type":"","overlay-color":"","overlay-opacity":"","overlay-gradient":""},"tablet":{"background-color":"var(--ast-global-color-5)","background-image":"","background-repeat":"repeat","background-position":"center center","background-size":"auto","background-attachment":"scroll","background-type":"","background-media":"","overlay-type":"","overlay-color":"","overlay-opacity":"","overlay-gradient":""},"mobile":{"background-color":"var(--ast-global-color-5)","background-image":"","background-repeat":"repeat","background-position":"center center","background-size":"auto","background-attachment":"scroll","background-type":"","background-media":"","overlay-type":"","overlay-color":"","overlay-opacity":"","overlay-gradient":""}},"footnotes":""},"class_list":["post-70","page","type-page","status-publish","has-post-thumbnail","hentry"],"yoast_head":"<!-- This site is optimized with the Yoast SEO plugin v27.4 - https:\/\/yoast.com\/product\/yoast-seo-wordpress\/ -->\n<title>Kristiansand Havn - Ferje Kristiansand Hirtshals<\/title>\n<meta name=\"description\" content=\"Oppdag alt om Kristiansand Haven: adressedetaljer, parkeringsmuligheter og detaljerte veibeskrivelser.\" \/>\n<meta name=\"robots\" content=\"index, follow, max-snippet:-1, max-image-preview:large, max-video-preview:-1\" \/>\n<link rel=\"canonical\" href=\"https:\/\/hirtshals-kristiansand.com\/no\/kristiansand-havn\/\" \/>\n<meta property=\"og:locale\" content=\"nb_NO\" \/>\n<meta property=\"og:type\" content=\"article\" \/>\n<meta property=\"og:title\" content=\"Kristiansand Havn - Ferje Kristiansand Hirtshals\" \/>\n<meta property=\"og:description\" content=\"Oppdag alt om Kristiansand Haven: adressedetaljer, parkeringsmuligheter og detaljerte veibeskrivelser.\" \/>\n<meta property=\"og:url\" content=\"https:\/\/hirtshals-kristiansand.com\/no\/kristiansand-havn\/\" \/>\n<meta property=\"og:site_name\" content=\"Ferje Kristiansand Hirtshals\" \/>\n<meta property=\"article:modified_time\" content=\"2024-03-11T16:25:39+00:00\" \/>\n<meta property=\"og:image\" content=\"https:\/\/hirtshals-kristiansand.com\/no\/wp-content\/uploads\/sites\/5\/2024\/03\/kristiansand-ferry.jpg\" \/>\n\t<meta property=\"og:image:width\" content=\"1200\" \/>\n\t<meta property=\"og:image:height\" content=\"800\" \/>\n\t<meta property=\"og:image:type\" content=\"image\/jpeg\" \/>\n<meta name=\"twitter:card\" content=\"summary_large_image\" \/>\n<meta name=\"twitter:label1\" content=\"Ansl. lesetid\" \/>\n\t<meta name=\"twitter:data1\" content=\"1 minutt\" \/>\n<script type=\"application\/ld+json\" class=\"yoast-schema-graph\">{\"@context\":\"https:\\\/\\\/schema.org\",\"@graph\":[{\"@type\":\"WebPage\",\"@id\":\"https:\\\/\\\/hirtshals-kristiansand.com\\\/no\\\/kristiansand-havn\\\/\",\"url\":\"https:\\\/\\\/hirtshals-kristiansand.com\\\/no\\\/kristiansand-havn\\\/\",\"name\":\"Kristiansand Havn - Ferje Kristiansand Hirtshals\",\"isPartOf\":{\"@id\":\"https:\\\/\\\/hirtshals-kristiansand.com\\\/no\\\/#website\"},\"primaryImageOfPage\":{\"@id\":\"https:\\\/\\\/hirtshals-kristiansand.com\\\/no\\\/kristiansand-havn\\\/#primaryimage\"},\"image\":{\"@id\":\"https:\\\/\\\/hirtshals-kristiansand.com\\\/no\\\/kristiansand-havn\\\/#primaryimage\"},\"thumbnailUrl\":\"https:\\\/\\\/hirtshals-kristiansand.com\\\/no\\\/wp-content\\\/uploads\\\/sites\\\/5\\\/2024\\\/03\\\/kristiansand-ferry.jpg\",\"datePublished\":\"2024-03-11T13:59:20+00:00\",\"dateModified\":\"2024-03-11T16:25:39+00:00\",\"description\":\"Oppdag alt om Kristiansand Haven: adressedetaljer, parkeringsmuligheter og detaljerte veibeskrivelser.\",\"breadcrumb\":{\"@id\":\"https:\\\/\\\/hirtshals-kristiansand.com\\\/no\\\/kristiansand-havn\\\/#breadcrumb\"},\"inLanguage\":\"nb-NO\",\"potentialAction\":[{\"@type\":\"ReadAction\",\"target\":[\"https:\\\/\\\/hirtshals-kristiansand.com\\\/no\\\/kristiansand-havn\\\/\"]}]},{\"@type\":\"ImageObject\",\"inLanguage\":\"nb-NO\",\"@id\":\"https:\\\/\\\/hirtshals-kristiansand.com\\\/no\\\/kristiansand-havn\\\/#primaryimage\",\"url\":\"https:\\\/\\\/hirtshals-kristiansand.com\\\/no\\\/wp-content\\\/uploads\\\/sites\\\/5\\\/2024\\\/03\\\/kristiansand-ferry.jpg\",\"contentUrl\":\"https:\\\/\\\/hirtshals-kristiansand.com\\\/no\\\/wp-content\\\/uploads\\\/sites\\\/5\\\/2024\\\/03\\\/kristiansand-ferry.jpg\",\"width\":1200,\"height\":800,\"caption\":\"kristiansand ferry\"},{\"@type\":\"BreadcrumbList\",\"@id\":\"https:\\\/\\\/hirtshals-kristiansand.com\\\/no\\\/kristiansand-havn\\\/#breadcrumb\",\"itemListElement\":[{\"@type\":\"ListItem\",\"position\":1,\"name\":\"Kristiansand Hirtshals\",\"item\":\"https:\\\/\\\/hirtshals-kristiansand.com\\\/no\\\/\"},{\"@type\":\"ListItem\",\"position\":2,\"name\":\"Kristiansand Havn\"}]},{\"@type\":\"WebSite\",\"@id\":\"https:\\\/\\\/hirtshals-kristiansand.com\\\/no\\\/#website\",\"url\":\"https:\\\/\\\/hirtshals-kristiansand.com\\\/no\\\/\",\"name\":\"Ferje Kristiansand Hirtshals\",\"description\":\"Alt om fergeoverfarten fra Hirtshals til Kristiansand\",\"publisher\":{\"@id\":\"https:\\\/\\\/hirtshals-kristiansand.com\\\/no\\\/#organization\"},\"potentialAction\":[{\"@type\":\"SearchAction\",\"target\":{\"@type\":\"EntryPoint\",\"urlTemplate\":\"https:\\\/\\\/hirtshals-kristiansand.com\\\/no\\\/?s={search_term_string}\"},\"query-input\":{\"@type\":\"PropertyValueSpecification\",\"valueRequired\":true,\"valueName\":\"search_term_string\"}}],\"inLanguage\":\"nb-NO\"},{\"@type\":\"Organization\",\"@id\":\"https:\\\/\\\/hirtshals-kristiansand.com\\\/no\\\/#organization\",\"name\":\"Ferje Kristiansand Hirtshals\",\"url\":\"https:\\\/\\\/hirtshals-kristiansand.com\\\/no\\\/\",\"logo\":{\"@type\":\"ImageObject\",\"inLanguage\":\"nb-NO\",\"@id\":\"https:\\\/\\\/hirtshals-kristiansand.com\\\/no\\\/#\\\/schema\\\/logo\\\/image\\\/\",\"url\":\"https:\\\/\\\/hirtshals-kristiansand.com\\\/no\\\/wp-content\\\/uploads\\\/sites\\\/5\\\/2025\\\/05\\\/hirtshals-kristiansand.svg\",\"contentUrl\":\"https:\\\/\\\/hirtshals-kristiansand.com\\\/no\\\/wp-content\\\/uploads\\\/sites\\\/5\\\/2025\\\/05\\\/hirtshals-kristiansand.svg\",\"width\":800,\"height\":256,\"caption\":\"Ferje Kristiansand Hirtshals\"},\"image\":{\"@id\":\"https:\\\/\\\/hirtshals-kristiansand.com\\\/no\\\/#\\\/schema\\\/logo\\\/image\\\/\"}}]}<\/script>\n<!-- \/ Yoast SEO plugin. -->","yoast_head_json":{"title":"Kristiansand Havn - Ferje Kristiansand Hirtshals","description":"Oppdag alt om Kristiansand Haven: adressedetaljer, parkeringsmuligheter og detaljerte veibeskrivelser.","robots":{"index":"index","follow":"follow","max-snippet":"max-snippet:-1","max-image-preview":"max-image-preview:large","max-video-preview":"max-video-preview:-1"},"canonical":"https:\/\/hirtshals-kristiansand.com\/no\/kristiansand-havn\/","og_locale":"nb_NO","og_type":"article","og_title":"Kristiansand Havn - Ferje Kristiansand Hirtshals","og_description":"Oppdag alt om Kristiansand Haven: adressedetaljer, parkeringsmuligheter og detaljerte veibeskrivelser.","og_url":"https:\/\/hirtshals-kristiansand.com\/no\/kristiansand-havn\/","og_site_name":"Ferje Kristiansand Hirtshals","article_modified_time":"2024-03-11T16:25:39+00:00","og_image":[{"width":1200,"height":800,"url":"https:\/\/hirtshals-kristiansand.com\/no\/wp-content\/uploads\/sites\/5\/2024\/03\/kristiansand-ferry.jpg","type":"image\/jpeg"}],"twitter_card":"summary_large_image","twitter_misc":{"Ansl. lesetid":"1 minutt"},"schema":{"@context":"https:\/\/schema.org","@graph":[{"@type":"WebPage","@id":"https:\/\/hirtshals-kristiansand.com\/no\/kristiansand-havn\/","url":"https:\/\/hirtshals-kristiansand.com\/no\/kristiansand-havn\/","name":"Kristiansand Havn - Ferje Kristiansand Hirtshals","isPartOf":{"@id":"https:\/\/hirtshals-kristiansand.com\/no\/#website"},"primaryImageOfPage":{"@id":"https:\/\/hirtshals-kristiansand.com\/no\/kristiansand-havn\/#primaryimage"},"image":{"@id":"https:\/\/hirtshals-kristiansand.com\/no\/kristiansand-havn\/#primaryimage"},"thumbnailUrl":"https:\/\/hirtshals-kristiansand.com\/no\/wp-content\/uploads\/sites\/5\/2024\/03\/kristiansand-ferry.jpg","datePublished":"2024-03-11T13:59:20+00:00","dateModified":"2024-03-11T16:25:39+00:00","description":"Oppdag alt om Kristiansand Haven: adressedetaljer, parkeringsmuligheter og detaljerte veibeskrivelser.","breadcrumb":{"@id":"https:\/\/hirtshals-kristiansand.com\/no\/kristiansand-havn\/#breadcrumb"},"inLanguage":"nb-NO","potentialAction":[{"@type":"ReadAction","target":["https:\/\/hirtshals-kristiansand.com\/no\/kristiansand-havn\/"]}]},{"@type":"ImageObject","inLanguage":"nb-NO","@id":"https:\/\/hirtshals-kristiansand.com\/no\/kristiansand-havn\/#primaryimage","url":"https:\/\/hirtshals-kristiansand.com\/no\/wp-content\/uploads\/sites\/5\/2024\/03\/kristiansand-ferry.jpg","contentUrl":"https:\/\/hirtshals-kristiansand.com\/no\/wp-content\/uploads\/sites\/5\/2024\/03\/kristiansand-ferry.jpg","width":1200,"height":800,"caption":"kristiansand ferry"},{"@type":"BreadcrumbList","@id":"https:\/\/hirtshals-kristiansand.com\/no\/kristiansand-havn\/#breadcrumb","itemListElement":[{"@type":"ListItem","position":1,"name":"Kristiansand Hirtshals","item":"https:\/\/hirtshals-kristiansand.com\/no\/"},{"@type":"ListItem","position":2,"name":"Kristiansand Havn"}]},{"@type":"WebSite","@id":"https:\/\/hirtshals-kristiansand.com\/no\/#website","url":"https:\/\/hirtshals-kristiansand.com\/no\/","name":"Ferje Kristiansand Hirtshals","description":"Alt om fergeoverfarten fra Hirtshals til Kristiansand","publisher":{"@id":"https:\/\/hirtshals-kristiansand.com\/no\/#organization"},"potentialAction":[{"@type":"SearchAction","target":{"@type":"EntryPoint","urlTemplate":"https:\/\/hirtshals-kristiansand.com\/no\/?s={search_term_string}"},"query-input":{"@type":"PropertyValueSpecification","valueRequired":true,"valueName":"search_term_string"}}],"inLanguage":"nb-NO"},{"@type":"Organization","@id":"https:\/\/hirtshals-kristiansand.com\/no\/#organization","name":"Ferje Kristiansand Hirtshals","url":"https:\/\/hirtshals-kristiansand.com\/no\/","logo":{"@type":"ImageObject","inLanguage":"nb-NO","@id":"https:\/\/hirtshals-kristiansand.com\/no\/#\/schema\/logo\/image\/","url":"https:\/\/hirtshals-kristiansand.com\/no\/wp-content\/uploads\/sites\/5\/2025\/05\/hirtshals-kristiansand.svg","contentUrl":"https:\/\/hirtshals-kristiansand.com\/no\/wp-content\/uploads\/sites\/5\/2025\/05\/hirtshals-kristiansand.svg","width":800,"height":256,"caption":"Ferje Kristiansand Hirtshals"},"image":{"@id":"https:\/\/hirtshals-kristiansand.com\/no\/#\/schema\/logo\/image\/"}}]}},"uagb_featured_image_src":{"full":["https:\/\/hirtshals-kristiansand.com\/no\/wp-content\/uploads\/sites\/5\/2024\/03\/kristiansand-ferry.jpg",1200,800,false],"thumbnail":["https:\/\/hirtshals-kristiansand.com\/no\/wp-content\/uploads\/sites\/5\/2024\/03\/kristiansand-ferry-150x150.jpg",150,150,true],"medium":["https:\/\/hirtshals-kristiansand.com\/no\/wp-content\/uploads\/sites\/5\/2024\/03\/kristiansand-ferry-300x200.jpg",300,200,true],"medium_large":["https:\/\/hirtshals-kristiansand.com\/no\/wp-content\/uploads\/sites\/5\/2024\/03\/kristiansand-ferry-768x512.jpg",768,512,true],"large":["https:\/\/hirtshals-kristiansand.com\/no\/wp-content\/uploads\/sites\/5\/2024\/03\/kristiansand-ferry-1024x683.jpg",1024,683,true],"1536x1536":["https:\/\/hirtshals-kristiansand.com\/no\/wp-content\/uploads\/sites\/5\/2024\/03\/kristiansand-ferry.jpg",1200,800,false],"2048x2048":["https:\/\/hirtshals-kristiansand.com\/no\/wp-content\/uploads\/sites\/5\/2024\/03\/kristiansand-ferry.jpg",1200,800,false]},"uagb_author_info":{"display_name":"mail@robberttigchelaar.com","author_link":"https:\/\/hirtshals-kristiansand.com\/no\/author\/mailrobberttigchelaar-com\/"},"uagb_comment_info":0,"uagb_excerpt":"P\u00e5 s\u00f8rkysten av Norge vil du oppdage Kristiansand havn. Havnen ligger praktisk til: Havnen er godt forbundet med veinettet og [&hellip;]","_links":{"self":[{"href":"https:\/\/hirtshals-kristiansand.com\/no\/wp-json\/wp\/v2\/pages\/70","targetHints":{"allow":["GET"]}}],"collection":[{"href":"https:\/\/hirtshals-kristiansand.com\/no\/wp-json\/wp\/v2\/pages"}],"about":[{"href":"https:\/\/hirtshals-kristiansand.com\/no\/wp-json\/wp\/v2\/types\/page"}],"author":[{"embeddable":true,"href":"https:\/\/hirtshals-kristiansand.com\/no\/wp-json\/wp\/v2\/users\/1"}],"replies":[{"embeddable":true,"href":"https:\/\/hirtshals-kristiansand.com\/no\/wp-json\/wp\/v2\/comments?post=70"}],"version-history":[{"count":2,"href":"https:\/\/hirtshals-kristiansand.com\/no\/wp-json\/wp\/v2\/pages\/70\/revisions"}],"predecessor-version":[{"id":116,"href":"https:\/\/hirtshals-kristiansand.com\/no\/wp-json\/wp\/v2\/pages\/70\/revisions\/116"}],"wp:featuredmedia":[{"embeddable":true,"href":"https:\/\/hirtshals-kristiansand.com\/no\/wp-json\/wp\/v2\/media\/126"}],"wp:attachment":[{"href":"https:\/\/hirtshals-kristiansand.com\/no\/wp-json\/wp\/v2\/media?parent=70"}],"curies":[{"name":"wp","href":"https:\/\/api.w.org\/{rel}","templated":true}]}}