{"id":68,"date":"2024-03-11T13:56:15","date_gmt":"2024-03-11T13:56:15","guid":{"rendered":"https:\/\/hirtshals-kristiansand.com\/no\/?page_id=68"},"modified":"2024-03-11T16:27:40","modified_gmt":"2024-03-11T16:27:40","slug":"hirtshals-havn","status":"publish","type":"page","link":"https:\/\/hirtshals-kristiansand.com\/no\/hirtshals-havn\/","title":{"rendered":"Hirtshals Havn"},"content":{"rendered":"\n<p>P\u00e5 nordkysten av Danmark vil du oppdage havnen i Hirtshals. Dette er start- og sluttpunktet for flere fergeoverfarter, inkludert Hirtshals-Kristiansand. Havnen er \u00e5pen 24\/7\ud83c\udfea. P\u00e5 denne siden finner du alt du trenger \u00e5 vite om havnen.<\/p>\n\n\n\n<h2 class=\"wp-block-heading\" id=\"adres\">Generell adresse og kontaktinformasjon<\/h2>\n\n\n\n<p>Se de generelle adressedetaljene til havnen i Hirtshals nedenfor.<\/p>\n\n\n\n<ul class=\"wp-block-list\">\n<li><strong>Adresse:<\/strong> Norgeskajen 11, DK-9850 Hirtshals, Danmark<\/li>\n\n\n\n<li><strong>E-postadresse: <\/strong>info@portofhirtshals.dk<\/li>\n\n\n\n<li><strong>Telefonnummer: <\/strong>+45 98 94 14 22<\/li>\n\n\n\n<li><strong>Nettsted:<\/strong> <a href=\"https:\/\/portofhirtshals.dk\/en\/\" target=\"_blank\" rel=\"noreferrer noopener\">https:\/\/portofhirtshals.dk\/en\/<\/a><\/li>\n<\/ul>\n\n\n\n<p>Se stedet nedenfor p\u00e5 kartet (klikk p\u00e5 stedet for veibeskrivelse):<\/p>\n\n\n\t\t\t<div \n\t\t\tclass=\"wp-block-uagb-google-map uagb-google-map__wrap uagb-block-73e5fd51     \"\n\t\t\tstyle=\"\" >\n\t\t\t\t<embed\n\t\t\t\t\tclass=\"uagb-google-map__iframe\"\n\t\t\t\t\ttitle=\"Google Map for \"\n\t\t\t\t\tsrc=\"https:\/\/maps.google.com\/maps?q=hirtshals%20haven&#038;z=15&#038;hl=en&#038;t=m&#038;output=embed&#038;iwloc=near\"\n\t\t\t\t\twidth=\"640\"\n\t\t\t\t\theight=\"500\"\n\t\t\t\t\tloading=\"lazy\"\n\t\t\t\t><\/embed>\n\t\t\t<\/div>\n\t\t\t\n\n\n<h2 class=\"wp-block-heading\" id=\"reizen\" style=\"margin-top:var(--wp--preset--spacing--30);margin-bottom:var(--wp--preset--spacing--30);padding-top:0;padding-bottom:0\">Reis til Hirtshals havn<\/h2>\n\n\n\n<p>Havnen i Hirtshals ligger sentralt til. Du kan ogs\u00e5 komme dit p\u00e5 ulike m\u00e5ter: med bil og med offentlig transport. Innen 10 minutters gange vil du oppdage en busstasjon og en togstasjon\ud83d\ude86.<\/p>\n\n\n\n<ul class=\"wp-block-list\">\n<li><strong>Med bil: <\/strong>du kan enkelt kj\u00f8re til Hirtshals ved \u00e5 f\u00f8lge E39 mot Hj\u00f8rring. Ta s\u00e5 avkj\u00f8ringen til Hirtshals, hvoretter du kj\u00f8rer til venstre mot sentrum. Etterhvert tar du til h\u00f8yre mot Havnegade, hvor du til slutt ender opp ved havna.<\/li>\n\n\n\n<li><strong>Med buss:<\/strong> Hirtshals Baneg\u00e5rd busstasjon ligger i gangavstand fra havna. Reis via denne stasjonen.<\/li>\n\n\n\n<li><strong>Med tog: <\/strong>Hirtshals jernbanestasjon ligger en 10-minutters spasertur fra havnen. Planlegg togreisen med denne endelige destinasjonen.<\/li>\n<\/ul>\n\n\n\n<p>Det er ogs\u00e5 en taxitjeneste tilgjengelig til havnen. For dette kan du ringe +45 98 94 40 00.<\/p>\n\n\n\n<h2 class=\"wp-block-heading\" style=\"margin-top:var(--wp--preset--spacing--30)\">Terminaler p\u00e5 havnen<\/h2>\n\n\n\n<p>Framme ved Hirtshals havn er det tydelig skilting mot de ulike terminalene, hvorfra det g\u00e5r overfart til <a href=\"https:\/\/hirtshals-kristiansand.com\/no\/kristiansand-havn\/\">Kristiansand havn<\/a>.<\/p>\n\n\n\n<p>Hvilken du trenger avhenger av selskapet du reiser med: <a href=\"https:\/\/hirtshals-kristiansand.com\/no\/color-line\/\">Color Line<\/a> eller <a href=\"https:\/\/hirtshals-kristiansand.com\/no\/fjord-line\/\">Fjord Line<\/a>. Se mer informasjon om plasseringen av de spesifikke terminalene ved havnen nedenfor:<\/p>\n\n\n\n<ul class=\"wp-block-list\">\n<li><a href=\"https:\/\/hirtshals-kristiansand.com\/no\/hirtshals-havn\/fjord-line-terminal\/\">Fjord line Terminal Hirtshals<\/a><\/li>\n\n\n\n<li><a href=\"https:\/\/hirtshals-kristiansand.com\/no\/hirtshals-havn\/color-line-terminal\/\">Color Line Terminal Hirtshals<\/a><\/li>\n<\/ul>\n\n\n\n<p>Se en annen interessant video av havnen i Hirtshals nedenfor.<\/p>\n\n\n\n<figure class=\"wp-block-embed is-type-video is-provider-youtube wp-block-embed-youtube wp-embed-aspect-16-9 wp-has-aspect-ratio\"><div class=\"wp-block-embed__wrapper\">\n<iframe title=\"Port of Hirtshals - Transport\" width=\"500\" height=\"281\" src=\"https:\/\/www.youtube.com\/embed\/A9B2BY4EzZ4?list=PLOQ7qfypyBUxlDsvTgX4EzyC412P7qJXk\" frameborder=\"0\" allow=\"accelerometer; autoplay; clipboard-write; encrypted-media; gyroscope; picture-in-picture; web-share\" referrerpolicy=\"strict-origin-when-cross-origin\" allowfullscreen><\/iframe>\n<\/div><\/figure>\n","protected":false},"excerpt":{"rendered":"<p>P\u00e5 nordkysten av Danmark vil du oppdage havnen i Hirtshals. Dette er start- og sluttpunktet for flere fergeoverfarter, inkludert Hirtshals-Kristiansand. [&hellip;]<\/p>\n","protected":false},"author":1,"featured_media":127,"parent":0,"menu_order":0,"comment_status":"closed","ping_status":"closed","template":"","meta":{"inline_featured_image":false,"_uag_custom_page_level_css":"","site-sidebar-layout":"default","site-content-layout":"","ast-site-content-layout":"default","site-content-style":"default","site-sidebar-style":"default","ast-global-header-display":"","ast-banner-title-visibility":"","ast-main-header-display":"","ast-hfb-above-header-display":"","ast-hfb-below-header-display":"","ast-hfb-mobile-header-display":"","site-post-title":"","ast-breadcrumbs-content":"","ast-featured-img":"","footer-sml-layout":"","ast-disable-related-posts":"","theme-transparent-header-meta":"","adv-header-id-meta":"","stick-header-meta":"","header-above-stick-meta":"","header-main-stick-meta":"","header-below-stick-meta":"","astra-migrate-meta-layouts":"default","ast-page-background-enabled":"default","ast-page-background-meta":{"desktop":{"background-color":"var(--ast-global-color-4)","background-image":"","background-repeat":"repeat","background-position":"center center","background-size":"auto","background-attachment":"scroll","background-type":"","background-media":"","overlay-type":"","overlay-color":"","overlay-opacity":"","overlay-gradient":""},"tablet":{"background-color":"","background-image":"","background-repeat":"repeat","background-position":"center center","background-size":"auto","background-attachment":"scroll","background-type":"","background-media":"","overlay-type":"","overlay-color":"","overlay-opacity":"","overlay-gradient":""},"mobile":{"background-color":"","background-image":"","background-repeat":"repeat","background-position":"center center","background-size":"auto","background-attachment":"scroll","background-type":"","background-media":"","overlay-type":"","overlay-color":"","overlay-opacity":"","overlay-gradient":""}},"ast-content-background-meta":{"desktop":{"background-color":"var(--ast-global-color-5)","background-image":"","background-repeat":"repeat","background-position":"center center","background-size":"auto","background-attachment":"scroll","background-type":"","background-media":"","overlay-type":"","overlay-color":"","overlay-opacity":"","overlay-gradient":""},"tablet":{"background-color":"var(--ast-global-color-5)","background-image":"","background-repeat":"repeat","background-position":"center center","background-size":"auto","background-attachment":"scroll","background-type":"","background-media":"","overlay-type":"","overlay-color":"","overlay-opacity":"","overlay-gradient":""},"mobile":{"background-color":"var(--ast-global-color-5)","background-image":"","background-repeat":"repeat","background-position":"center center","background-size":"auto","background-attachment":"scroll","background-type":"","background-media":"","overlay-type":"","overlay-color":"","overlay-opacity":"","overlay-gradient":""}},"footnotes":""},"class_list":["post-68","page","type-page","status-publish","has-post-thumbnail","hentry"],"yoast_head":"<!-- This site is optimized with the Yoast SEO plugin v27.5 - https:\/\/yoast.com\/product\/yoast-seo-wordpress\/ -->\n<title>Hirtshals Havn - Ferje Kristiansand Hirtshals<\/title>\n<meta name=\"description\" content=\"Oppdag alt om havnen i Hirtshals: adressedetaljer, parkeringsmuligheter og detaljerte veibeskrivelser.\" \/>\n<meta name=\"robots\" content=\"index, follow, max-snippet:-1, max-image-preview:large, max-video-preview:-1\" \/>\n<link rel=\"canonical\" href=\"https:\/\/hirtshals-kristiansand.com\/no\/hirtshals-havn\/\" \/>\n<meta property=\"og:locale\" content=\"nb_NO\" \/>\n<meta property=\"og:type\" content=\"article\" \/>\n<meta property=\"og:title\" content=\"Hirtshals Havn - Ferje Kristiansand Hirtshals\" \/>\n<meta property=\"og:description\" content=\"Oppdag alt om havnen i Hirtshals: adressedetaljer, parkeringsmuligheter og detaljerte veibeskrivelser.\" \/>\n<meta property=\"og:url\" content=\"https:\/\/hirtshals-kristiansand.com\/no\/hirtshals-havn\/\" \/>\n<meta property=\"og:site_name\" content=\"Ferje Kristiansand Hirtshals\" \/>\n<meta property=\"article:modified_time\" content=\"2024-03-11T16:27:40+00:00\" \/>\n<meta property=\"og:image\" content=\"https:\/\/hirtshals-kristiansand.com\/no\/wp-content\/uploads\/sites\/5\/2024\/03\/hirtshals-2.jpg\" \/>\n\t<meta property=\"og:image:width\" content=\"1200\" \/>\n\t<meta property=\"og:image:height\" content=\"800\" \/>\n\t<meta property=\"og:image:type\" content=\"image\/jpeg\" \/>\n<meta name=\"twitter:card\" content=\"summary_large_image\" \/>\n<meta name=\"twitter:label1\" content=\"Ansl. lesetid\" \/>\n\t<meta name=\"twitter:data1\" content=\"2 minutter\" \/>\n<script type=\"application\/ld+json\" class=\"yoast-schema-graph\">{\"@context\":\"https:\\\/\\\/schema.org\",\"@graph\":[{\"@type\":\"WebPage\",\"@id\":\"https:\\\/\\\/hirtshals-kristiansand.com\\\/no\\\/hirtshals-havn\\\/\",\"url\":\"https:\\\/\\\/hirtshals-kristiansand.com\\\/no\\\/hirtshals-havn\\\/\",\"name\":\"Hirtshals Havn - Ferje Kristiansand Hirtshals\",\"isPartOf\":{\"@id\":\"https:\\\/\\\/hirtshals-kristiansand.com\\\/no\\\/#website\"},\"primaryImageOfPage\":{\"@id\":\"https:\\\/\\\/hirtshals-kristiansand.com\\\/no\\\/hirtshals-havn\\\/#primaryimage\"},\"image\":{\"@id\":\"https:\\\/\\\/hirtshals-kristiansand.com\\\/no\\\/hirtshals-havn\\\/#primaryimage\"},\"thumbnailUrl\":\"https:\\\/\\\/hirtshals-kristiansand.com\\\/no\\\/wp-content\\\/uploads\\\/sites\\\/5\\\/2024\\\/03\\\/hirtshals-2.jpg\",\"datePublished\":\"2024-03-11T13:56:15+00:00\",\"dateModified\":\"2024-03-11T16:27:40+00:00\",\"description\":\"Oppdag alt om havnen i Hirtshals: adressedetaljer, parkeringsmuligheter og detaljerte veibeskrivelser.\",\"breadcrumb\":{\"@id\":\"https:\\\/\\\/hirtshals-kristiansand.com\\\/no\\\/hirtshals-havn\\\/#breadcrumb\"},\"inLanguage\":\"nb-NO\",\"potentialAction\":[{\"@type\":\"ReadAction\",\"target\":[\"https:\\\/\\\/hirtshals-kristiansand.com\\\/no\\\/hirtshals-havn\\\/\"]}]},{\"@type\":\"ImageObject\",\"inLanguage\":\"nb-NO\",\"@id\":\"https:\\\/\\\/hirtshals-kristiansand.com\\\/no\\\/hirtshals-havn\\\/#primaryimage\",\"url\":\"https:\\\/\\\/hirtshals-kristiansand.com\\\/no\\\/wp-content\\\/uploads\\\/sites\\\/5\\\/2024\\\/03\\\/hirtshals-2.jpg\",\"contentUrl\":\"https:\\\/\\\/hirtshals-kristiansand.com\\\/no\\\/wp-content\\\/uploads\\\/sites\\\/5\\\/2024\\\/03\\\/hirtshals-2.jpg\",\"width\":1200,\"height\":800,\"caption\":\"hirtshals\"},{\"@type\":\"BreadcrumbList\",\"@id\":\"https:\\\/\\\/hirtshals-kristiansand.com\\\/no\\\/hirtshals-havn\\\/#breadcrumb\",\"itemListElement\":[{\"@type\":\"ListItem\",\"position\":1,\"name\":\"Kristiansand Hirtshals\",\"item\":\"https:\\\/\\\/hirtshals-kristiansand.com\\\/no\\\/\"},{\"@type\":\"ListItem\",\"position\":2,\"name\":\"Hirtshals Havn\"}]},{\"@type\":\"WebSite\",\"@id\":\"https:\\\/\\\/hirtshals-kristiansand.com\\\/no\\\/#website\",\"url\":\"https:\\\/\\\/hirtshals-kristiansand.com\\\/no\\\/\",\"name\":\"Ferje Kristiansand Hirtshals\",\"description\":\"Alt om fergeoverfarten fra Hirtshals til Kristiansand\",\"publisher\":{\"@id\":\"https:\\\/\\\/hirtshals-kristiansand.com\\\/no\\\/#organization\"},\"potentialAction\":[{\"@type\":\"SearchAction\",\"target\":{\"@type\":\"EntryPoint\",\"urlTemplate\":\"https:\\\/\\\/hirtshals-kristiansand.com\\\/no\\\/?s={search_term_string}\"},\"query-input\":{\"@type\":\"PropertyValueSpecification\",\"valueRequired\":true,\"valueName\":\"search_term_string\"}}],\"inLanguage\":\"nb-NO\"},{\"@type\":\"Organization\",\"@id\":\"https:\\\/\\\/hirtshals-kristiansand.com\\\/no\\\/#organization\",\"name\":\"Ferje Kristiansand Hirtshals\",\"url\":\"https:\\\/\\\/hirtshals-kristiansand.com\\\/no\\\/\",\"logo\":{\"@type\":\"ImageObject\",\"inLanguage\":\"nb-NO\",\"@id\":\"https:\\\/\\\/hirtshals-kristiansand.com\\\/no\\\/#\\\/schema\\\/logo\\\/image\\\/\",\"url\":\"https:\\\/\\\/hirtshals-kristiansand.com\\\/no\\\/wp-content\\\/uploads\\\/sites\\\/5\\\/2025\\\/05\\\/hirtshals-kristiansand.svg\",\"contentUrl\":\"https:\\\/\\\/hirtshals-kristiansand.com\\\/no\\\/wp-content\\\/uploads\\\/sites\\\/5\\\/2025\\\/05\\\/hirtshals-kristiansand.svg\",\"width\":800,\"height\":256,\"caption\":\"Ferje Kristiansand Hirtshals\"},\"image\":{\"@id\":\"https:\\\/\\\/hirtshals-kristiansand.com\\\/no\\\/#\\\/schema\\\/logo\\\/image\\\/\"}}]}<\/script>\n<!-- \/ Yoast SEO plugin. -->","yoast_head_json":{"title":"Hirtshals Havn - Ferje Kristiansand Hirtshals","description":"Oppdag alt om havnen i Hirtshals: adressedetaljer, parkeringsmuligheter og detaljerte veibeskrivelser.","robots":{"index":"index","follow":"follow","max-snippet":"max-snippet:-1","max-image-preview":"max-image-preview:large","max-video-preview":"max-video-preview:-1"},"canonical":"https:\/\/hirtshals-kristiansand.com\/no\/hirtshals-havn\/","og_locale":"nb_NO","og_type":"article","og_title":"Hirtshals Havn - Ferje Kristiansand Hirtshals","og_description":"Oppdag alt om havnen i Hirtshals: adressedetaljer, parkeringsmuligheter og detaljerte veibeskrivelser.","og_url":"https:\/\/hirtshals-kristiansand.com\/no\/hirtshals-havn\/","og_site_name":"Ferje Kristiansand Hirtshals","article_modified_time":"2024-03-11T16:27:40+00:00","og_image":[{"width":1200,"height":800,"url":"https:\/\/hirtshals-kristiansand.com\/no\/wp-content\/uploads\/sites\/5\/2024\/03\/hirtshals-2.jpg","type":"image\/jpeg"}],"twitter_card":"summary_large_image","twitter_misc":{"Ansl. lesetid":"2 minutter"},"schema":{"@context":"https:\/\/schema.org","@graph":[{"@type":"WebPage","@id":"https:\/\/hirtshals-kristiansand.com\/no\/hirtshals-havn\/","url":"https:\/\/hirtshals-kristiansand.com\/no\/hirtshals-havn\/","name":"Hirtshals Havn - Ferje Kristiansand Hirtshals","isPartOf":{"@id":"https:\/\/hirtshals-kristiansand.com\/no\/#website"},"primaryImageOfPage":{"@id":"https:\/\/hirtshals-kristiansand.com\/no\/hirtshals-havn\/#primaryimage"},"image":{"@id":"https:\/\/hirtshals-kristiansand.com\/no\/hirtshals-havn\/#primaryimage"},"thumbnailUrl":"https:\/\/hirtshals-kristiansand.com\/no\/wp-content\/uploads\/sites\/5\/2024\/03\/hirtshals-2.jpg","datePublished":"2024-03-11T13:56:15+00:00","dateModified":"2024-03-11T16:27:40+00:00","description":"Oppdag alt om havnen i Hirtshals: adressedetaljer, parkeringsmuligheter og detaljerte veibeskrivelser.","breadcrumb":{"@id":"https:\/\/hirtshals-kristiansand.com\/no\/hirtshals-havn\/#breadcrumb"},"inLanguage":"nb-NO","potentialAction":[{"@type":"ReadAction","target":["https:\/\/hirtshals-kristiansand.com\/no\/hirtshals-havn\/"]}]},{"@type":"ImageObject","inLanguage":"nb-NO","@id":"https:\/\/hirtshals-kristiansand.com\/no\/hirtshals-havn\/#primaryimage","url":"https:\/\/hirtshals-kristiansand.com\/no\/wp-content\/uploads\/sites\/5\/2024\/03\/hirtshals-2.jpg","contentUrl":"https:\/\/hirtshals-kristiansand.com\/no\/wp-content\/uploads\/sites\/5\/2024\/03\/hirtshals-2.jpg","width":1200,"height":800,"caption":"hirtshals"},{"@type":"BreadcrumbList","@id":"https:\/\/hirtshals-kristiansand.com\/no\/hirtshals-havn\/#breadcrumb","itemListElement":[{"@type":"ListItem","position":1,"name":"Kristiansand Hirtshals","item":"https:\/\/hirtshals-kristiansand.com\/no\/"},{"@type":"ListItem","position":2,"name":"Hirtshals Havn"}]},{"@type":"WebSite","@id":"https:\/\/hirtshals-kristiansand.com\/no\/#website","url":"https:\/\/hirtshals-kristiansand.com\/no\/","name":"Ferje Kristiansand Hirtshals","description":"Alt om fergeoverfarten fra Hirtshals til Kristiansand","publisher":{"@id":"https:\/\/hirtshals-kristiansand.com\/no\/#organization"},"potentialAction":[{"@type":"SearchAction","target":{"@type":"EntryPoint","urlTemplate":"https:\/\/hirtshals-kristiansand.com\/no\/?s={search_term_string}"},"query-input":{"@type":"PropertyValueSpecification","valueRequired":true,"valueName":"search_term_string"}}],"inLanguage":"nb-NO"},{"@type":"Organization","@id":"https:\/\/hirtshals-kristiansand.com\/no\/#organization","name":"Ferje Kristiansand Hirtshals","url":"https:\/\/hirtshals-kristiansand.com\/no\/","logo":{"@type":"ImageObject","inLanguage":"nb-NO","@id":"https:\/\/hirtshals-kristiansand.com\/no\/#\/schema\/logo\/image\/","url":"https:\/\/hirtshals-kristiansand.com\/no\/wp-content\/uploads\/sites\/5\/2025\/05\/hirtshals-kristiansand.svg","contentUrl":"https:\/\/hirtshals-kristiansand.com\/no\/wp-content\/uploads\/sites\/5\/2025\/05\/hirtshals-kristiansand.svg","width":800,"height":256,"caption":"Ferje Kristiansand Hirtshals"},"image":{"@id":"https:\/\/hirtshals-kristiansand.com\/no\/#\/schema\/logo\/image\/"}}]}},"uagb_featured_image_src":{"full":["https:\/\/hirtshals-kristiansand.com\/no\/wp-content\/uploads\/sites\/5\/2024\/03\/hirtshals-2.jpg",1200,800,false],"thumbnail":["https:\/\/hirtshals-kristiansand.com\/no\/wp-content\/uploads\/sites\/5\/2024\/03\/hirtshals-2-150x150.jpg",150,150,true],"medium":["https:\/\/hirtshals-kristiansand.com\/no\/wp-content\/uploads\/sites\/5\/2024\/03\/hirtshals-2-300x200.jpg",300,200,true],"medium_large":["https:\/\/hirtshals-kristiansand.com\/no\/wp-content\/uploads\/sites\/5\/2024\/03\/hirtshals-2-768x512.jpg",768,512,true],"large":["https:\/\/hirtshals-kristiansand.com\/no\/wp-content\/uploads\/sites\/5\/2024\/03\/hirtshals-2-1024x683.jpg",1024,683,true],"1536x1536":["https:\/\/hirtshals-kristiansand.com\/no\/wp-content\/uploads\/sites\/5\/2024\/03\/hirtshals-2.jpg",1200,800,false],"2048x2048":["https:\/\/hirtshals-kristiansand.com\/no\/wp-content\/uploads\/sites\/5\/2024\/03\/hirtshals-2.jpg",1200,800,false]},"uagb_author_info":{"display_name":"mail@robberttigchelaar.com","author_link":"https:\/\/hirtshals-kristiansand.com\/no\/author\/mailrobberttigchelaar-com\/"},"uagb_comment_info":0,"uagb_excerpt":"P\u00e5 nordkysten av Danmark vil du oppdage havnen i Hirtshals. Dette er start- og sluttpunktet for flere fergeoverfarter, inkludert Hirtshals-Kristiansand. [&hellip;]","_links":{"self":[{"href":"https:\/\/hirtshals-kristiansand.com\/no\/wp-json\/wp\/v2\/pages\/68","targetHints":{"allow":["GET"]}}],"collection":[{"href":"https:\/\/hirtshals-kristiansand.com\/no\/wp-json\/wp\/v2\/pages"}],"about":[{"href":"https:\/\/hirtshals-kristiansand.com\/no\/wp-json\/wp\/v2\/types\/page"}],"author":[{"embeddable":true,"href":"https:\/\/hirtshals-kristiansand.com\/no\/wp-json\/wp\/v2\/users\/1"}],"replies":[{"embeddable":true,"href":"https:\/\/hirtshals-kristiansand.com\/no\/wp-json\/wp\/v2\/comments?post=68"}],"version-history":[{"count":2,"href":"https:\/\/hirtshals-kristiansand.com\/no\/wp-json\/wp\/v2\/pages\/68\/revisions"}],"predecessor-version":[{"id":115,"href":"https:\/\/hirtshals-kristiansand.com\/no\/wp-json\/wp\/v2\/pages\/68\/revisions\/115"}],"wp:featuredmedia":[{"embeddable":true,"href":"https:\/\/hirtshals-kristiansand.com\/no\/wp-json\/wp\/v2\/media\/127"}],"wp:attachment":[{"href":"https:\/\/hirtshals-kristiansand.com\/no\/wp-json\/wp\/v2\/media?parent=68"}],"curies":[{"name":"wp","href":"https:\/\/api.w.org\/{rel}","templated":true}]}}