{"id":64,"date":"2024-03-11T13:43:48","date_gmt":"2024-03-11T13:43:48","guid":{"rendered":"https:\/\/hirtshals-kristiansand.com\/no\/?page_id=64"},"modified":"2024-03-11T15:44:11","modified_gmt":"2024-03-11T15:44:11","slug":"color-line","status":"publish","type":"page","link":"https:\/\/hirtshals-kristiansand.com\/no\/color-line\/","title":{"rendered":"Color Line &#8211; Kristiansand Hirtshals"},"content":{"rendered":"\n<p>Color Line er en av operat\u00f8rene som tilbyr Kirstiansand Hirtshals-overfarten. Vil du finne ut mer om dette samfunnet? Da har du kommet til rett sted: Jeg har listet opp alt du trenger \u00e5 vite. Fra fasilitetene om bord til eventuelle ekstra alternativer du kan bestille.\ud83d\udc47<\/p>\n\n\n\n<h2 class=\"wp-block-heading\">Generell informasjon<\/h2>\n\n\n\n<p>Se generell informasjon om Color Line-krysset mellom Kristiandsand og Hirtshals nedenfor:<\/p>\n\n\n\n<ul class=\"wp-block-list\">\n<li><strong>Varighet:<\/strong> 3,15 timer \/ 3,45 timer<\/li>\n\n\n\n<li><strong>Boot:<\/strong> Color Line SuperSpeed \u200b\u200b\u200b\u200b1<\/li>\n\n\n\n<li><strong>Antall avganger: <\/strong>2 per dag<\/li>\n\n\n\n<li><strong>Priser:<\/strong> <a href=\"https:\/\/hirtshals-kristiansand.com\/no\/go\/prices\" target=\"_blank\" rel=\"noreferrer noopener\">fra 139 euro<\/a><\/li>\n<\/ul>\n\n\n\n<h2 class=\"wp-block-heading\">Fasiliteter om bord i Color Line<\/h2>\n\n\n\n<p>Color Line seiler mellom <a href=\"https:\/\/hirtshals-kristiansand.com\/no\/kristiansand-havn\/\">havnen i Kristiansand<\/a> og <a href=\"https:\/\/hirtshals-kristiansand.com\/no\/hirtshals-havn\/\">Hirtshals Havn<\/a> med SuperSpeed \u200b\u200b1. Om bord p\u00e5 denne fergen er det ulike fasiliteter som gj\u00f8r overfarten avslappet\ud83e\uddd8. Tenk p\u00e5 butikker, restauranter og barer. Alle fasiliteter p\u00e5 et \u00f8yeblikk:<\/p>\n\n\n\n<ul class=\"wp-block-list\">\n<li>Butikker<\/li>\n\n\n\n<li>Restauranter<\/li>\n\n\n\n<li>WiFi<\/li>\n\n\n\n<li>Lekeomr\u00e5de for barn<\/li>\n\n\n\n<li>TV-rom<\/li>\n\n\n\n<li>Bagasjeskap<\/li>\n\n\n\n<li>minibank<\/li>\n\n\n\n<li>Seter (<a href=\"https:\/\/hirtshals-kristiansand.com\/no\/go\/prices\" target=\"_blank\" rel=\"noreferrer noopener\">du m\u00e5 bestille disse separat<\/a>)<\/li>\n\n\n\n<li>Toaletter<\/li>\n<\/ul>\n\n\n\n<p>Vil du vite mer om denne fergen? Se deretter den fullstendige informasjonssiden om <a href=\"https:\/\/hirtshals-kristiansand.com\/no\/color-line-superspeed-1\/\">Color Line SuperSpeed \u200b\u200b\u200b\u200b1<\/a>.<\/p>\n\n\n\n<h2 class=\"wp-block-heading\">Viktig \u00e5 vite<\/h2>\n\n\n\n<p>Det er noen viktige regler som Color Line legger vekt p\u00e5 for sine kryssinger:<\/p>\n\n\n\n<ul class=\"wp-block-list\">\n<li><strong>Legitimasjon:<\/strong> I Norge gjennomf\u00f8res det grensekontroller for alle overfarter fra Danmark. S\u00e5 ta med pass eller identitetskort.\ud83e\udeaa<\/li>\n\n\n\n<li><strong>Aldersgrenser:<\/strong> Color Line har en aldersgrense p\u00e5 16 \u00e5r for overfarter og 20 \u00e5r for dagsturer.<\/li>\n\n\n\n<li><strong>Innsjekking:<\/strong> P\u00e5 Color Line m\u00e5 du ankomme terminalen minst 60 minutter f\u00f8r avgang. Sjekk <a href=\"https:\/\/hirtshals-kristiansand.com\/no\/rutetider\/\">Hirstshals Kristiansand rutetider<\/a> og kom i tide.<\/li>\n\n\n\n<li><strong>Valuta: <\/strong>Kun euro, danske kroner og norske kroner er aksepterte valutaer om bord.<\/li>\n<\/ul>\n\n\n\n<h3 class=\"wp-block-heading\">Dyr om bord p\u00e5 Color Line?<\/h3>\n\n\n\n<p>\ud83d\udc36 N\u00e5r du reiser med et dyr, bruker Color Line f\u00f8lgende regler:<\/p>\n\n\n\n<ul class=\"wp-block-list\">\n<li>Dyret m\u00e5 forbli i bilen eller i bur p\u00e5 bildekket<\/li>\n\n\n\n<li>Eier er ansvarlig for tilsyn med dyret<\/li>\n\n\n\n<li>I Norge skal hunder v\u00e6re i b\u00e5nd til enhver tid<\/li>\n\n\n\n<li>Minst \u00e9n dyrepasser per to dyr<\/li>\n\n\n\n<li>Alle n\u00f8dvendige veterin\u00e6rpapirer skal v\u00e6re tilstede<\/li>\n\n\n\n<li>Ekstra kostnader vil bli belastet: 14 euro for et dyr i et bur, 8 euro for et dyr i bilen<\/li>\n<\/ul>\n\n\n\n<p>Det er unntak for hjelpehunder eller f\u00f8rerhunder for blinde\ud83e\uddae. Synshemmede eller blinde passasjerer som reiser uten selskap har lov til \u00e5 ta dem med inn i anviste lugarer. <strong>Det m\u00e5 gj\u00f8res en spesiell bestilling for dette<\/strong>. Dette kan gj\u00f8res p\u00e5 telefon 0800 66 66 111.<\/p>\n\n\n\n<h2 class=\"wp-block-heading\">Color Line kontaktinformasjon<\/h2>\n\n\n\n<p>Color Line kundeservice kan n\u00e5s p\u00e5 ulike m\u00e5ter. Se Color Lines generelle kontaktinformasjon nedenfor:<\/p>\n\n\n\n<ul class=\"wp-block-list\">\n<li><strong>E-postadresse: <\/strong>kundeservice@colorline.no<\/li>\n\n\n\n<li><strong>Telefonnummer: <\/strong>+45 99 56 19 00<\/li>\n\n\n\n<li><strong>Nettsted:<\/strong> <a href=\"https:\/\/www.colorline.no\/\" target=\"_blank\" rel=\"noreferrer noopener\">https:\/\/www.colorline.no\/<\/a><\/li>\n<\/ul>\n\n\n\n<p>Nysgjerrig p\u00e5 adressen og kontaktinformasjonen til de spesifikke terminalene? Sjekk ut disse fra begge portene:<\/p>\n\n\n\n<ul class=\"wp-block-list\">\n<li><a href=\"https:\/\/hirtshals-kristiansand.com\/no\/hirtshals-havn\/color-line-terminal\/\">Color Line Terminal Hirtshals<\/a><\/li>\n\n\n\n<li><a href=\"https:\/\/hirtshals-kristiansand.com\/no\/kristiansand-havn\/color-line-terminal\/\">Color Line Terminal Kristiansand<\/a><\/li>\n<\/ul>\n","protected":false},"excerpt":{"rendered":"<p>Color Line er en av operat\u00f8rene som tilbyr Kirstiansand Hirtshals-overfarten. Vil du finne ut mer om dette samfunnet? Da har [&hellip;]<\/p>\n","protected":false},"author":1,"featured_media":124,"parent":0,"menu_order":0,"comment_status":"closed","ping_status":"closed","template":"","meta":{"inline_featured_image":false,"_uag_custom_page_level_css":"","site-sidebar-layout":"default","site-content-layout":"","ast-site-content-layout":"default","site-content-style":"default","site-sidebar-style":"default","ast-global-header-display":"","ast-banner-title-visibility":"","ast-main-header-display":"","ast-hfb-above-header-display":"","ast-hfb-below-header-display":"","ast-hfb-mobile-header-display":"","site-post-title":"","ast-breadcrumbs-content":"","ast-featured-img":"","footer-sml-layout":"","ast-disable-related-posts":"","theme-transparent-header-meta":"","adv-header-id-meta":"","stick-header-meta":"","header-above-stick-meta":"","header-main-stick-meta":"","header-below-stick-meta":"","astra-migrate-meta-layouts":"default","ast-page-background-enabled":"default","ast-page-background-meta":{"desktop":{"background-color":"var(--ast-global-color-4)","background-image":"","background-repeat":"repeat","background-position":"center center","background-size":"auto","background-attachment":"scroll","background-type":"","background-media":"","overlay-type":"","overlay-color":"","overlay-opacity":"","overlay-gradient":""},"tablet":{"background-color":"","background-image":"","background-repeat":"repeat","background-position":"center center","background-size":"auto","background-attachment":"scroll","background-type":"","background-media":"","overlay-type":"","overlay-color":"","overlay-opacity":"","overlay-gradient":""},"mobile":{"background-color":"","background-image":"","background-repeat":"repeat","background-position":"center center","background-size":"auto","background-attachment":"scroll","background-type":"","background-media":"","overlay-type":"","overlay-color":"","overlay-opacity":"","overlay-gradient":""}},"ast-content-background-meta":{"desktop":{"background-color":"var(--ast-global-color-5)","background-image":"","background-repeat":"repeat","background-position":"center center","background-size":"auto","background-attachment":"scroll","background-type":"","background-media":"","overlay-type":"","overlay-color":"","overlay-opacity":"","overlay-gradient":""},"tablet":{"background-color":"var(--ast-global-color-5)","background-image":"","background-repeat":"repeat","background-position":"center center","background-size":"auto","background-attachment":"scroll","background-type":"","background-media":"","overlay-type":"","overlay-color":"","overlay-opacity":"","overlay-gradient":""},"mobile":{"background-color":"var(--ast-global-color-5)","background-image":"","background-repeat":"repeat","background-position":"center center","background-size":"auto","background-attachment":"scroll","background-type":"","background-media":"","overlay-type":"","overlay-color":"","overlay-opacity":"","overlay-gradient":""}},"footnotes":""},"class_list":["post-64","page","type-page","status-publish","has-post-thumbnail","hentry"],"yoast_head":"<!-- This site is optimized with the Yoast SEO plugin v27.4 - https:\/\/yoast.com\/product\/yoast-seo-wordpress\/ -->\n<title>Color Line - Kristiansand Hirtshals - Ferje Kristiansand Hirtshals<\/title>\n<meta name=\"description\" content=\"Alt du trenger \u00e5 vite om Color Lines Hirtshals Kristiansand fergeovergang: innsjekking, terminaler og fasiliteter.\" \/>\n<meta name=\"robots\" content=\"index, follow, max-snippet:-1, max-image-preview:large, max-video-preview:-1\" \/>\n<link rel=\"canonical\" href=\"https:\/\/hirtshals-kristiansand.com\/no\/color-line\/\" \/>\n<meta property=\"og:locale\" content=\"nb_NO\" \/>\n<meta property=\"og:type\" content=\"article\" \/>\n<meta property=\"og:title\" content=\"Color Line - Kristiansand Hirtshals - Ferje Kristiansand Hirtshals\" \/>\n<meta property=\"og:description\" content=\"Alt du trenger \u00e5 vite om Color Lines Hirtshals Kristiansand fergeovergang: innsjekking, terminaler og fasiliteter.\" \/>\n<meta property=\"og:url\" content=\"https:\/\/hirtshals-kristiansand.com\/no\/color-line\/\" \/>\n<meta property=\"og:site_name\" content=\"Ferje Kristiansand Hirtshals\" \/>\n<meta property=\"article:modified_time\" content=\"2024-03-11T15:44:11+00:00\" \/>\n<meta property=\"og:image\" content=\"https:\/\/hirtshals-kristiansand.com\/no\/wp-content\/uploads\/sites\/5\/2024\/03\/color-line.jpg\" \/>\n\t<meta property=\"og:image:width\" content=\"1200\" \/>\n\t<meta property=\"og:image:height\" content=\"800\" \/>\n\t<meta property=\"og:image:type\" content=\"image\/jpeg\" \/>\n<meta name=\"twitter:card\" content=\"summary_large_image\" \/>\n<meta name=\"twitter:label1\" content=\"Ansl. lesetid\" \/>\n\t<meta name=\"twitter:data1\" content=\"2 minutter\" \/>\n<script type=\"application\/ld+json\" class=\"yoast-schema-graph\">{\"@context\":\"https:\\\/\\\/schema.org\",\"@graph\":[{\"@type\":\"WebPage\",\"@id\":\"https:\\\/\\\/hirtshals-kristiansand.com\\\/no\\\/color-line\\\/\",\"url\":\"https:\\\/\\\/hirtshals-kristiansand.com\\\/no\\\/color-line\\\/\",\"name\":\"Color Line - Kristiansand Hirtshals - Ferje Kristiansand Hirtshals\",\"isPartOf\":{\"@id\":\"https:\\\/\\\/hirtshals-kristiansand.com\\\/no\\\/#website\"},\"primaryImageOfPage\":{\"@id\":\"https:\\\/\\\/hirtshals-kristiansand.com\\\/no\\\/color-line\\\/#primaryimage\"},\"image\":{\"@id\":\"https:\\\/\\\/hirtshals-kristiansand.com\\\/no\\\/color-line\\\/#primaryimage\"},\"thumbnailUrl\":\"https:\\\/\\\/hirtshals-kristiansand.com\\\/no\\\/wp-content\\\/uploads\\\/sites\\\/5\\\/2024\\\/03\\\/color-line.jpg\",\"datePublished\":\"2024-03-11T13:43:48+00:00\",\"dateModified\":\"2024-03-11T15:44:11+00:00\",\"description\":\"Alt du trenger \u00e5 vite om Color Lines Hirtshals Kristiansand fergeovergang: innsjekking, terminaler og fasiliteter.\",\"breadcrumb\":{\"@id\":\"https:\\\/\\\/hirtshals-kristiansand.com\\\/no\\\/color-line\\\/#breadcrumb\"},\"inLanguage\":\"nb-NO\",\"potentialAction\":[{\"@type\":\"ReadAction\",\"target\":[\"https:\\\/\\\/hirtshals-kristiansand.com\\\/no\\\/color-line\\\/\"]}]},{\"@type\":\"ImageObject\",\"inLanguage\":\"nb-NO\",\"@id\":\"https:\\\/\\\/hirtshals-kristiansand.com\\\/no\\\/color-line\\\/#primaryimage\",\"url\":\"https:\\\/\\\/hirtshals-kristiansand.com\\\/no\\\/wp-content\\\/uploads\\\/sites\\\/5\\\/2024\\\/03\\\/color-line.jpg\",\"contentUrl\":\"https:\\\/\\\/hirtshals-kristiansand.com\\\/no\\\/wp-content\\\/uploads\\\/sites\\\/5\\\/2024\\\/03\\\/color-line.jpg\",\"width\":1200,\"height\":800,\"caption\":\"color line\"},{\"@type\":\"BreadcrumbList\",\"@id\":\"https:\\\/\\\/hirtshals-kristiansand.com\\\/no\\\/color-line\\\/#breadcrumb\",\"itemListElement\":[{\"@type\":\"ListItem\",\"position\":1,\"name\":\"Kristiansand Hirtshals\",\"item\":\"https:\\\/\\\/hirtshals-kristiansand.com\\\/no\\\/\"},{\"@type\":\"ListItem\",\"position\":2,\"name\":\"Color Line &#8211; Kristiansand Hirtshals\"}]},{\"@type\":\"WebSite\",\"@id\":\"https:\\\/\\\/hirtshals-kristiansand.com\\\/no\\\/#website\",\"url\":\"https:\\\/\\\/hirtshals-kristiansand.com\\\/no\\\/\",\"name\":\"Ferje Kristiansand Hirtshals\",\"description\":\"Alt om fergeoverfarten fra Hirtshals til Kristiansand\",\"publisher\":{\"@id\":\"https:\\\/\\\/hirtshals-kristiansand.com\\\/no\\\/#organization\"},\"potentialAction\":[{\"@type\":\"SearchAction\",\"target\":{\"@type\":\"EntryPoint\",\"urlTemplate\":\"https:\\\/\\\/hirtshals-kristiansand.com\\\/no\\\/?s={search_term_string}\"},\"query-input\":{\"@type\":\"PropertyValueSpecification\",\"valueRequired\":true,\"valueName\":\"search_term_string\"}}],\"inLanguage\":\"nb-NO\"},{\"@type\":\"Organization\",\"@id\":\"https:\\\/\\\/hirtshals-kristiansand.com\\\/no\\\/#organization\",\"name\":\"Ferje Kristiansand Hirtshals\",\"url\":\"https:\\\/\\\/hirtshals-kristiansand.com\\\/no\\\/\",\"logo\":{\"@type\":\"ImageObject\",\"inLanguage\":\"nb-NO\",\"@id\":\"https:\\\/\\\/hirtshals-kristiansand.com\\\/no\\\/#\\\/schema\\\/logo\\\/image\\\/\",\"url\":\"https:\\\/\\\/hirtshals-kristiansand.com\\\/no\\\/wp-content\\\/uploads\\\/sites\\\/5\\\/2025\\\/05\\\/hirtshals-kristiansand.svg\",\"contentUrl\":\"https:\\\/\\\/hirtshals-kristiansand.com\\\/no\\\/wp-content\\\/uploads\\\/sites\\\/5\\\/2025\\\/05\\\/hirtshals-kristiansand.svg\",\"width\":800,\"height\":256,\"caption\":\"Ferje Kristiansand Hirtshals\"},\"image\":{\"@id\":\"https:\\\/\\\/hirtshals-kristiansand.com\\\/no\\\/#\\\/schema\\\/logo\\\/image\\\/\"}}]}<\/script>\n<!-- \/ Yoast SEO plugin. -->","yoast_head_json":{"title":"Color Line - Kristiansand Hirtshals - Ferje Kristiansand Hirtshals","description":"Alt du trenger \u00e5 vite om Color Lines Hirtshals Kristiansand fergeovergang: innsjekking, terminaler og fasiliteter.","robots":{"index":"index","follow":"follow","max-snippet":"max-snippet:-1","max-image-preview":"max-image-preview:large","max-video-preview":"max-video-preview:-1"},"canonical":"https:\/\/hirtshals-kristiansand.com\/no\/color-line\/","og_locale":"nb_NO","og_type":"article","og_title":"Color Line - Kristiansand Hirtshals - Ferje Kristiansand Hirtshals","og_description":"Alt du trenger \u00e5 vite om Color Lines Hirtshals Kristiansand fergeovergang: innsjekking, terminaler og fasiliteter.","og_url":"https:\/\/hirtshals-kristiansand.com\/no\/color-line\/","og_site_name":"Ferje Kristiansand Hirtshals","article_modified_time":"2024-03-11T15:44:11+00:00","og_image":[{"width":1200,"height":800,"url":"https:\/\/hirtshals-kristiansand.com\/no\/wp-content\/uploads\/sites\/5\/2024\/03\/color-line.jpg","type":"image\/jpeg"}],"twitter_card":"summary_large_image","twitter_misc":{"Ansl. lesetid":"2 minutter"},"schema":{"@context":"https:\/\/schema.org","@graph":[{"@type":"WebPage","@id":"https:\/\/hirtshals-kristiansand.com\/no\/color-line\/","url":"https:\/\/hirtshals-kristiansand.com\/no\/color-line\/","name":"Color Line - Kristiansand Hirtshals - Ferje Kristiansand Hirtshals","isPartOf":{"@id":"https:\/\/hirtshals-kristiansand.com\/no\/#website"},"primaryImageOfPage":{"@id":"https:\/\/hirtshals-kristiansand.com\/no\/color-line\/#primaryimage"},"image":{"@id":"https:\/\/hirtshals-kristiansand.com\/no\/color-line\/#primaryimage"},"thumbnailUrl":"https:\/\/hirtshals-kristiansand.com\/no\/wp-content\/uploads\/sites\/5\/2024\/03\/color-line.jpg","datePublished":"2024-03-11T13:43:48+00:00","dateModified":"2024-03-11T15:44:11+00:00","description":"Alt du trenger \u00e5 vite om Color Lines Hirtshals Kristiansand fergeovergang: innsjekking, terminaler og fasiliteter.","breadcrumb":{"@id":"https:\/\/hirtshals-kristiansand.com\/no\/color-line\/#breadcrumb"},"inLanguage":"nb-NO","potentialAction":[{"@type":"ReadAction","target":["https:\/\/hirtshals-kristiansand.com\/no\/color-line\/"]}]},{"@type":"ImageObject","inLanguage":"nb-NO","@id":"https:\/\/hirtshals-kristiansand.com\/no\/color-line\/#primaryimage","url":"https:\/\/hirtshals-kristiansand.com\/no\/wp-content\/uploads\/sites\/5\/2024\/03\/color-line.jpg","contentUrl":"https:\/\/hirtshals-kristiansand.com\/no\/wp-content\/uploads\/sites\/5\/2024\/03\/color-line.jpg","width":1200,"height":800,"caption":"color line"},{"@type":"BreadcrumbList","@id":"https:\/\/hirtshals-kristiansand.com\/no\/color-line\/#breadcrumb","itemListElement":[{"@type":"ListItem","position":1,"name":"Kristiansand Hirtshals","item":"https:\/\/hirtshals-kristiansand.com\/no\/"},{"@type":"ListItem","position":2,"name":"Color Line &#8211; Kristiansand Hirtshals"}]},{"@type":"WebSite","@id":"https:\/\/hirtshals-kristiansand.com\/no\/#website","url":"https:\/\/hirtshals-kristiansand.com\/no\/","name":"Ferje Kristiansand Hirtshals","description":"Alt om fergeoverfarten fra Hirtshals til Kristiansand","publisher":{"@id":"https:\/\/hirtshals-kristiansand.com\/no\/#organization"},"potentialAction":[{"@type":"SearchAction","target":{"@type":"EntryPoint","urlTemplate":"https:\/\/hirtshals-kristiansand.com\/no\/?s={search_term_string}"},"query-input":{"@type":"PropertyValueSpecification","valueRequired":true,"valueName":"search_term_string"}}],"inLanguage":"nb-NO"},{"@type":"Organization","@id":"https:\/\/hirtshals-kristiansand.com\/no\/#organization","name":"Ferje Kristiansand Hirtshals","url":"https:\/\/hirtshals-kristiansand.com\/no\/","logo":{"@type":"ImageObject","inLanguage":"nb-NO","@id":"https:\/\/hirtshals-kristiansand.com\/no\/#\/schema\/logo\/image\/","url":"https:\/\/hirtshals-kristiansand.com\/no\/wp-content\/uploads\/sites\/5\/2025\/05\/hirtshals-kristiansand.svg","contentUrl":"https:\/\/hirtshals-kristiansand.com\/no\/wp-content\/uploads\/sites\/5\/2025\/05\/hirtshals-kristiansand.svg","width":800,"height":256,"caption":"Ferje Kristiansand Hirtshals"},"image":{"@id":"https:\/\/hirtshals-kristiansand.com\/no\/#\/schema\/logo\/image\/"}}]}},"uagb_featured_image_src":{"full":["https:\/\/hirtshals-kristiansand.com\/no\/wp-content\/uploads\/sites\/5\/2024\/03\/color-line.jpg",1200,800,false],"thumbnail":["https:\/\/hirtshals-kristiansand.com\/no\/wp-content\/uploads\/sites\/5\/2024\/03\/color-line-150x150.jpg",150,150,true],"medium":["https:\/\/hirtshals-kristiansand.com\/no\/wp-content\/uploads\/sites\/5\/2024\/03\/color-line-300x200.jpg",300,200,true],"medium_large":["https:\/\/hirtshals-kristiansand.com\/no\/wp-content\/uploads\/sites\/5\/2024\/03\/color-line-768x512.jpg",768,512,true],"large":["https:\/\/hirtshals-kristiansand.com\/no\/wp-content\/uploads\/sites\/5\/2024\/03\/color-line-1024x683.jpg",1024,683,true],"1536x1536":["https:\/\/hirtshals-kristiansand.com\/no\/wp-content\/uploads\/sites\/5\/2024\/03\/color-line.jpg",1200,800,false],"2048x2048":["https:\/\/hirtshals-kristiansand.com\/no\/wp-content\/uploads\/sites\/5\/2024\/03\/color-line.jpg",1200,800,false]},"uagb_author_info":{"display_name":"mail@robberttigchelaar.com","author_link":"https:\/\/hirtshals-kristiansand.com\/no\/author\/mailrobberttigchelaar-com\/"},"uagb_comment_info":0,"uagb_excerpt":"Color Line er en av operat\u00f8rene som tilbyr Kirstiansand Hirtshals-overfarten. Vil du finne ut mer om dette samfunnet? Da har [&hellip;]","_links":{"self":[{"href":"https:\/\/hirtshals-kristiansand.com\/no\/wp-json\/wp\/v2\/pages\/64","targetHints":{"allow":["GET"]}}],"collection":[{"href":"https:\/\/hirtshals-kristiansand.com\/no\/wp-json\/wp\/v2\/pages"}],"about":[{"href":"https:\/\/hirtshals-kristiansand.com\/no\/wp-json\/wp\/v2\/types\/page"}],"author":[{"embeddable":true,"href":"https:\/\/hirtshals-kristiansand.com\/no\/wp-json\/wp\/v2\/users\/1"}],"replies":[{"embeddable":true,"href":"https:\/\/hirtshals-kristiansand.com\/no\/wp-json\/wp\/v2\/comments?post=64"}],"version-history":[{"count":2,"href":"https:\/\/hirtshals-kristiansand.com\/no\/wp-json\/wp\/v2\/pages\/64\/revisions"}],"predecessor-version":[{"id":113,"href":"https:\/\/hirtshals-kristiansand.com\/no\/wp-json\/wp\/v2\/pages\/64\/revisions\/113"}],"wp:featuredmedia":[{"embeddable":true,"href":"https:\/\/hirtshals-kristiansand.com\/no\/wp-json\/wp\/v2\/media\/124"}],"wp:attachment":[{"href":"https:\/\/hirtshals-kristiansand.com\/no\/wp-json\/wp\/v2\/media?parent=64"}],"curies":[{"name":"wp","href":"https:\/\/api.w.org\/{rel}","templated":true}]}}