{"id":5,"date":"2024-02-26T10:56:38","date_gmt":"2024-02-26T10:56:38","guid":{"rendered":"https:\/\/hirtshals-kristiansand.com\/no\/?page_id=5"},"modified":"2025-05-23T12:11:11","modified_gmt":"2025-05-23T12:11:11","slug":"home","status":"publish","type":"page","link":"https:\/\/hirtshals-kristiansand.com\/no\/","title":{"rendered":"Ferje Kristiansand Hirtshals"},"content":{"rendered":"<div id=\"bookingmodule\"><iframe id=\"dealFinder\" marginwidth=\"0\" frameborder=\"0\" scrolling=\"no\" height=\"100%\" marginheight=\"0\" style=\"width:100%;\" src=\"https:\/\/wiz.directferries.com\/partners\/deal_finder_iframe.aspx?stdc=F6470NO&#038;cult=nb-NO&#038;oprt=Hirtshals&#038;rprt=Kristiansand&#038;btn=d00c33&#038;btnh=b60024&#038;btnt=FFFFFF&#038;tclr=000001&#038;lclr=000001&#038;lbld=700&#038;pclr=ffffff&#038;sclr=64b6e6&#038;targ=0\" style=\"z-index:1\"><\/iframe><\/div>\n\n\n\n<p>N\u00e5r du \u00f8nsker \u00e5 reise fra Danmark til Norge med ferge, er dette nettstedet det rette stedet for deg. <strong>Jeg har samlet all informasjonen du trenger om fergeoverfarten mellom Hirtshals<\/strong> (Danmark) og Kristiansand (Norge). Oppdag alt du trenger \u00e5 vite: hvilke fergeselskaper som opererer, aktuelle rutetider, priser og v\u00e6rprognoser under overfarten din.\ud83d\udc47<\/p>\n\n\n\n<h2 class=\"wp-block-heading\">Ferge Kristiansand til Hirtshals<\/h2>\n\n\n\n<p>Norge og Danmark er forbundet av den popul\u00e6re ferjeruten Hirtshals-Kristiansand. Fra havnen i Hirtshals g\u00e5r det flere fergeavganger daglig til havnen i Kristiansand. Avstanden p\u00e5 denne ruten er omtrent 123 nautiske mil (198 kilometer): reisetiden er i gjennomsnitt 3,5 timer.<\/p>\n\n\n\n<h2 class=\"wp-block-heading\">Fergeselskaper<\/h2>\n\n\n\n<p>Ferjeovergangen mellom Kristiansand og Hirtshals tilbys av to selskaper: <a href=\"https:\/\/hirtshals-kristiansand.com\/no\/color-line\/\">Color Line<\/a> og <a href=\"https:\/\/hirtshals-kristiansand.com\/no\/fjord-line\/\">Fjord Line<\/a>. Color Line seiler med <a href=\"https:\/\/hirtshals-kristiansand.com\/no\/color-line-superspeed-1\/\">Superspeed 1<\/a> og Fjord Line med den raske <a href=\"https:\/\/hirtshals-kristiansand.com\/no\/fjord-fstr\/\">Fjord FSTR<\/a>, ogs\u00e5 kjent som Katamaranen, <a href=\"https:\/\/hirtshals-kristiansand.com\/no\/ms-stavangerfjord\/\">MS Stavangerfjord<\/a> og <a href=\"https:\/\/hirtshals-kristiansand.com\/no\/ms-bergensfjord\/\">MS Bergensfjord<\/a>. Det l\u00f8nner seg \u00e5 sammenligne <a href=\"https:\/\/hirtshals-kristiansand.com\/no\/priser\/\">prisene <\/a>f\u00f8r du bestiller, slik at du ikke betaler for mye \ud83d\udc81. Bestill reisen din nedenfor og sjekk prisene.<\/p>\n\n\n\n<h2 class=\"wp-block-heading\">Rutetider (seilplan)<\/h2>\n\n\n\n<p>Hver dag er det flere kryssinger fra Kristiansand til Hirtshals og omvendt. Tidsplanen avhenger av operat\u00f8ren. For eksempel seiler Color Line frem og tilbake to ganger om dagen, mens Fjord Line seiler tre ganger om dagen i h\u00f8ysesongen. <strong>Det er viktig \u00e5 sjekke timeplanen n\u00f8ye og ta hensyn til innsjekkingstider<\/strong>\u23f0. <a href=\"https:\/\/hirtshals-kristiansand.com\/no\/rutetider\/\">Se rutetider her<\/a>.<\/p>\n\n\n\n<h2 class=\"wp-block-heading\">Hva du fortsatt trenger \u00e5 vite<\/h2>\n\n\n\n<p>F\u00f8r du reiser hjemmefra er det viktig \u00e5 vite f\u00f8lgende:<\/p>\n\n\n\n<ul class=\"wp-block-list\">\n<li><strong>Betalinger:<\/strong> ved havnene og om bord kan betaling kun gj\u00f8res med valutaene Euro, Norsk Krone og Dansk Krone<\/li>\n\n\n\n<li><strong>Identifikasjon:<\/strong> S\u00f8rg for at du har passet med deg n\u00e5r du reiser<\/li>\n\n\n\n<li><strong>Aldersgrenser: <\/strong>Det gjelder en aldersgrense for denne overfarten (16 \u00e5rs overfart, 20 \u00e5r dagstur)<\/li>\n\n\n\n<li><strong>Innsjekking:<\/strong> Dra hjemmefra i tide, slik at du kan sjekke inn i tide<\/li>\n<\/ul>\n\n\n\n<p>N\u00e5r du reiser til og fra havnene, ta ogs\u00e5 hensyn til <a href=\"https:\/\/hirtshals-kristiansand.com\/no\/vaermelding\/\">gjeldende v\u00e6rmelding<\/a> \ud83c\udf25\ufe0f og forventet folkemengde. Sjekk ogs\u00e5 <a href=\"https:\/\/hirtshals-kristiansand.com\/no\/webkamera\/\">live webcam-bildene<\/a> fra portene.<\/p>\n","protected":false},"excerpt":{"rendered":"<p>N\u00e5r du \u00f8nsker \u00e5 reise fra Danmark til Norge med ferge, er dette nettstedet det rette stedet for deg. Jeg [&hellip;]<\/p>\n","protected":false},"author":1,"featured_media":137,"parent":0,"menu_order":0,"comment_status":"closed","ping_status":"closed","template":"","meta":{"inline_featured_image":false,"_uag_custom_page_level_css":"","site-sidebar-layout":"default","site-content-layout":"","ast-site-content-layout":"default","site-content-style":"default","site-sidebar-style":"default","ast-global-header-display":"","ast-banner-title-visibility":"","ast-main-header-display":"","ast-hfb-above-header-display":"","ast-hfb-below-header-display":"","ast-hfb-mobile-header-display":"","site-post-title":"","ast-breadcrumbs-content":"","ast-featured-img":"","footer-sml-layout":"","ast-disable-related-posts":"","theme-transparent-header-meta":"","adv-header-id-meta":"","stick-header-meta":"","header-above-stick-meta":"","header-main-stick-meta":"","header-below-stick-meta":"","astra-migrate-meta-layouts":"default","ast-page-background-enabled":"default","ast-page-background-meta":{"desktop":{"background-color":"var(--ast-global-color-4)","background-image":"","background-repeat":"repeat","background-position":"center center","background-size":"auto","background-attachment":"scroll","background-type":"","background-media":"","overlay-type":"","overlay-color":"","overlay-opacity":"","overlay-gradient":""},"tablet":{"background-color":"","background-image":"","background-repeat":"repeat","background-position":"center center","background-size":"auto","background-attachment":"scroll","background-type":"","background-media":"","overlay-type":"","overlay-color":"","overlay-opacity":"","overlay-gradient":""},"mobile":{"background-color":"","background-image":"","background-repeat":"repeat","background-position":"center center","background-size":"auto","background-attachment":"scroll","background-type":"","background-media":"","overlay-type":"","overlay-color":"","overlay-opacity":"","overlay-gradient":""}},"ast-content-background-meta":{"desktop":{"background-color":"var(--ast-global-color-5)","background-image":"","background-repeat":"repeat","background-position":"center center","background-size":"auto","background-attachment":"scroll","background-type":"","background-media":"","overlay-type":"","overlay-color":"","overlay-opacity":"","overlay-gradient":""},"tablet":{"background-color":"var(--ast-global-color-5)","background-image":"","background-repeat":"repeat","background-position":"center center","background-size":"auto","background-attachment":"scroll","background-type":"","background-media":"","overlay-type":"","overlay-color":"","overlay-opacity":"","overlay-gradient":""},"mobile":{"background-color":"var(--ast-global-color-5)","background-image":"","background-repeat":"repeat","background-position":"center center","background-size":"auto","background-attachment":"scroll","background-type":"","background-media":"","overlay-type":"","overlay-color":"","overlay-opacity":"","overlay-gradient":""}},"footnotes":""},"class_list":["post-5","page","type-page","status-publish","has-post-thumbnail","hentry"],"yoast_head":"<!-- This site is optimized with the Yoast SEO plugin v27.4 - https:\/\/yoast.com\/product\/yoast-seo-wordpress\/ -->\n<title>Ferje fra Kristiansand til Hirtshals<\/title>\n<meta name=\"description\" content=\"Finn ut alt om krysset mellom Hirtshals - Kristiansand med ferge (alternativer for Color Line \/ Fjord Line).\" \/>\n<meta name=\"robots\" content=\"index, follow, max-snippet:-1, max-image-preview:large, max-video-preview:-1\" \/>\n<link rel=\"canonical\" href=\"https:\/\/hirtshals-kristiansand.com\/no\/\" \/>\n<meta property=\"og:locale\" content=\"nb_NO\" \/>\n<meta property=\"og:type\" content=\"article\" \/>\n<meta property=\"og:title\" content=\"Ferje fra Kristiansand til Hirtshals\" \/>\n<meta property=\"og:description\" content=\"Finn ut alt om krysset mellom Hirtshals - Kristiansand med ferge (alternativer for Color Line \/ Fjord Line).\" \/>\n<meta property=\"og:url\" content=\"https:\/\/hirtshals-kristiansand.com\/no\/\" \/>\n<meta property=\"og:site_name\" content=\"Ferje Kristiansand Hirtshals\" \/>\n<meta property=\"article:modified_time\" content=\"2025-05-23T12:11:11+00:00\" \/>\n<meta property=\"og:image\" content=\"https:\/\/hirtshals-kristiansand.com\/no\/wp-content\/uploads\/sites\/5\/2024\/03\/hirtshals-kristiansand-ferry.png\" \/>\n\t<meta property=\"og:image:width\" content=\"1200\" \/>\n\t<meta property=\"og:image:height\" content=\"800\" \/>\n\t<meta property=\"og:image:type\" content=\"image\/png\" \/>\n<meta name=\"twitter:card\" content=\"summary_large_image\" \/>\n<meta name=\"twitter:label1\" content=\"Ansl. lesetid\" \/>\n\t<meta name=\"twitter:data1\" content=\"2 minutter\" \/>\n<script type=\"application\/ld+json\" class=\"yoast-schema-graph\">{\"@context\":\"https:\\\/\\\/schema.org\",\"@graph\":[{\"@type\":\"WebPage\",\"@id\":\"https:\\\/\\\/hirtshals-kristiansand.com\\\/no\\\/\",\"url\":\"https:\\\/\\\/hirtshals-kristiansand.com\\\/no\\\/\",\"name\":\"Ferje fra Kristiansand til Hirtshals\",\"isPartOf\":{\"@id\":\"https:\\\/\\\/hirtshals-kristiansand.com\\\/no\\\/#website\"},\"primaryImageOfPage\":{\"@id\":\"https:\\\/\\\/hirtshals-kristiansand.com\\\/no\\\/#primaryimage\"},\"image\":{\"@id\":\"https:\\\/\\\/hirtshals-kristiansand.com\\\/no\\\/#primaryimage\"},\"thumbnailUrl\":\"https:\\\/\\\/hirtshals-kristiansand.com\\\/no\\\/wp-content\\\/uploads\\\/sites\\\/5\\\/2024\\\/03\\\/hirtshals-kristiansand-ferry.png\",\"datePublished\":\"2024-02-26T10:56:38+00:00\",\"dateModified\":\"2025-05-23T12:11:11+00:00\",\"description\":\"Finn ut alt om krysset mellom Hirtshals - Kristiansand med ferge (alternativer for Color Line \\\/ Fjord Line).\",\"breadcrumb\":{\"@id\":\"https:\\\/\\\/hirtshals-kristiansand.com\\\/no\\\/#breadcrumb\"},\"inLanguage\":\"nb-NO\",\"potentialAction\":[{\"@type\":\"ReadAction\",\"target\":[\"https:\\\/\\\/hirtshals-kristiansand.com\\\/no\\\/\"]}]},{\"@type\":\"ImageObject\",\"inLanguage\":\"nb-NO\",\"@id\":\"https:\\\/\\\/hirtshals-kristiansand.com\\\/no\\\/#primaryimage\",\"url\":\"https:\\\/\\\/hirtshals-kristiansand.com\\\/no\\\/wp-content\\\/uploads\\\/sites\\\/5\\\/2024\\\/03\\\/hirtshals-kristiansand-ferry.png\",\"contentUrl\":\"https:\\\/\\\/hirtshals-kristiansand.com\\\/no\\\/wp-content\\\/uploads\\\/sites\\\/5\\\/2024\\\/03\\\/hirtshals-kristiansand-ferry.png\",\"width\":1200,\"height\":800,\"caption\":\"hirtshals kristiansand ferry\"},{\"@type\":\"BreadcrumbList\",\"@id\":\"https:\\\/\\\/hirtshals-kristiansand.com\\\/no\\\/#breadcrumb\",\"itemListElement\":[{\"@type\":\"ListItem\",\"position\":1,\"name\":\"Kristiansand Hirtshals\",\"item\":\"https:\\\/\\\/hirtshals-kristiansand.com\\\/no\\\/\"},{\"@type\":\"ListItem\",\"position\":2,\"name\":\"Ferje Kristiansand Hirtshals\"}]},{\"@type\":\"WebSite\",\"@id\":\"https:\\\/\\\/hirtshals-kristiansand.com\\\/no\\\/#website\",\"url\":\"https:\\\/\\\/hirtshals-kristiansand.com\\\/no\\\/\",\"name\":\"Ferje Kristiansand Hirtshals\",\"description\":\"Alt om fergeoverfarten fra Hirtshals til Kristiansand\",\"publisher\":{\"@id\":\"https:\\\/\\\/hirtshals-kristiansand.com\\\/no\\\/#organization\"},\"potentialAction\":[{\"@type\":\"SearchAction\",\"target\":{\"@type\":\"EntryPoint\",\"urlTemplate\":\"https:\\\/\\\/hirtshals-kristiansand.com\\\/no\\\/?s={search_term_string}\"},\"query-input\":{\"@type\":\"PropertyValueSpecification\",\"valueRequired\":true,\"valueName\":\"search_term_string\"}}],\"inLanguage\":\"nb-NO\"},{\"@type\":\"Organization\",\"@id\":\"https:\\\/\\\/hirtshals-kristiansand.com\\\/no\\\/#organization\",\"name\":\"Ferje Kristiansand Hirtshals\",\"url\":\"https:\\\/\\\/hirtshals-kristiansand.com\\\/no\\\/\",\"logo\":{\"@type\":\"ImageObject\",\"inLanguage\":\"nb-NO\",\"@id\":\"https:\\\/\\\/hirtshals-kristiansand.com\\\/no\\\/#\\\/schema\\\/logo\\\/image\\\/\",\"url\":\"https:\\\/\\\/hirtshals-kristiansand.com\\\/no\\\/wp-content\\\/uploads\\\/sites\\\/5\\\/2025\\\/05\\\/hirtshals-kristiansand.svg\",\"contentUrl\":\"https:\\\/\\\/hirtshals-kristiansand.com\\\/no\\\/wp-content\\\/uploads\\\/sites\\\/5\\\/2025\\\/05\\\/hirtshals-kristiansand.svg\",\"width\":800,\"height\":256,\"caption\":\"Ferje Kristiansand Hirtshals\"},\"image\":{\"@id\":\"https:\\\/\\\/hirtshals-kristiansand.com\\\/no\\\/#\\\/schema\\\/logo\\\/image\\\/\"}}]}<\/script>\n<!-- \/ Yoast SEO plugin. -->","yoast_head_json":{"title":"Ferje fra Kristiansand til Hirtshals","description":"Finn ut alt om krysset mellom Hirtshals - Kristiansand med ferge (alternativer for Color Line \/ Fjord Line).","robots":{"index":"index","follow":"follow","max-snippet":"max-snippet:-1","max-image-preview":"max-image-preview:large","max-video-preview":"max-video-preview:-1"},"canonical":"https:\/\/hirtshals-kristiansand.com\/no\/","og_locale":"nb_NO","og_type":"article","og_title":"Ferje fra Kristiansand til Hirtshals","og_description":"Finn ut alt om krysset mellom Hirtshals - Kristiansand med ferge (alternativer for Color Line \/ Fjord Line).","og_url":"https:\/\/hirtshals-kristiansand.com\/no\/","og_site_name":"Ferje Kristiansand Hirtshals","article_modified_time":"2025-05-23T12:11:11+00:00","og_image":[{"width":1200,"height":800,"url":"https:\/\/hirtshals-kristiansand.com\/no\/wp-content\/uploads\/sites\/5\/2024\/03\/hirtshals-kristiansand-ferry.png","type":"image\/png"}],"twitter_card":"summary_large_image","twitter_misc":{"Ansl. lesetid":"2 minutter"},"schema":{"@context":"https:\/\/schema.org","@graph":[{"@type":"WebPage","@id":"https:\/\/hirtshals-kristiansand.com\/no\/","url":"https:\/\/hirtshals-kristiansand.com\/no\/","name":"Ferje fra Kristiansand til Hirtshals","isPartOf":{"@id":"https:\/\/hirtshals-kristiansand.com\/no\/#website"},"primaryImageOfPage":{"@id":"https:\/\/hirtshals-kristiansand.com\/no\/#primaryimage"},"image":{"@id":"https:\/\/hirtshals-kristiansand.com\/no\/#primaryimage"},"thumbnailUrl":"https:\/\/hirtshals-kristiansand.com\/no\/wp-content\/uploads\/sites\/5\/2024\/03\/hirtshals-kristiansand-ferry.png","datePublished":"2024-02-26T10:56:38+00:00","dateModified":"2025-05-23T12:11:11+00:00","description":"Finn ut alt om krysset mellom Hirtshals - Kristiansand med ferge (alternativer for Color Line \/ Fjord Line).","breadcrumb":{"@id":"https:\/\/hirtshals-kristiansand.com\/no\/#breadcrumb"},"inLanguage":"nb-NO","potentialAction":[{"@type":"ReadAction","target":["https:\/\/hirtshals-kristiansand.com\/no\/"]}]},{"@type":"ImageObject","inLanguage":"nb-NO","@id":"https:\/\/hirtshals-kristiansand.com\/no\/#primaryimage","url":"https:\/\/hirtshals-kristiansand.com\/no\/wp-content\/uploads\/sites\/5\/2024\/03\/hirtshals-kristiansand-ferry.png","contentUrl":"https:\/\/hirtshals-kristiansand.com\/no\/wp-content\/uploads\/sites\/5\/2024\/03\/hirtshals-kristiansand-ferry.png","width":1200,"height":800,"caption":"hirtshals kristiansand ferry"},{"@type":"BreadcrumbList","@id":"https:\/\/hirtshals-kristiansand.com\/no\/#breadcrumb","itemListElement":[{"@type":"ListItem","position":1,"name":"Kristiansand Hirtshals","item":"https:\/\/hirtshals-kristiansand.com\/no\/"},{"@type":"ListItem","position":2,"name":"Ferje Kristiansand Hirtshals"}]},{"@type":"WebSite","@id":"https:\/\/hirtshals-kristiansand.com\/no\/#website","url":"https:\/\/hirtshals-kristiansand.com\/no\/","name":"Ferje Kristiansand Hirtshals","description":"Alt om fergeoverfarten fra Hirtshals til Kristiansand","publisher":{"@id":"https:\/\/hirtshals-kristiansand.com\/no\/#organization"},"potentialAction":[{"@type":"SearchAction","target":{"@type":"EntryPoint","urlTemplate":"https:\/\/hirtshals-kristiansand.com\/no\/?s={search_term_string}"},"query-input":{"@type":"PropertyValueSpecification","valueRequired":true,"valueName":"search_term_string"}}],"inLanguage":"nb-NO"},{"@type":"Organization","@id":"https:\/\/hirtshals-kristiansand.com\/no\/#organization","name":"Ferje Kristiansand Hirtshals","url":"https:\/\/hirtshals-kristiansand.com\/no\/","logo":{"@type":"ImageObject","inLanguage":"nb-NO","@id":"https:\/\/hirtshals-kristiansand.com\/no\/#\/schema\/logo\/image\/","url":"https:\/\/hirtshals-kristiansand.com\/no\/wp-content\/uploads\/sites\/5\/2025\/05\/hirtshals-kristiansand.svg","contentUrl":"https:\/\/hirtshals-kristiansand.com\/no\/wp-content\/uploads\/sites\/5\/2025\/05\/hirtshals-kristiansand.svg","width":800,"height":256,"caption":"Ferje Kristiansand Hirtshals"},"image":{"@id":"https:\/\/hirtshals-kristiansand.com\/no\/#\/schema\/logo\/image\/"}}]}},"uagb_featured_image_src":{"full":["https:\/\/hirtshals-kristiansand.com\/no\/wp-content\/uploads\/sites\/5\/2024\/03\/hirtshals-kristiansand-ferry.png",1200,800,false],"thumbnail":["https:\/\/hirtshals-kristiansand.com\/no\/wp-content\/uploads\/sites\/5\/2024\/03\/hirtshals-kristiansand-ferry-150x150.png",150,150,true],"medium":["https:\/\/hirtshals-kristiansand.com\/no\/wp-content\/uploads\/sites\/5\/2024\/03\/hirtshals-kristiansand-ferry-300x200.png",300,200,true],"medium_large":["https:\/\/hirtshals-kristiansand.com\/no\/wp-content\/uploads\/sites\/5\/2024\/03\/hirtshals-kristiansand-ferry-768x512.png",768,512,true],"large":["https:\/\/hirtshals-kristiansand.com\/no\/wp-content\/uploads\/sites\/5\/2024\/03\/hirtshals-kristiansand-ferry-1024x683.png",1024,683,true],"1536x1536":["https:\/\/hirtshals-kristiansand.com\/no\/wp-content\/uploads\/sites\/5\/2024\/03\/hirtshals-kristiansand-ferry.png",1200,800,false],"2048x2048":["https:\/\/hirtshals-kristiansand.com\/no\/wp-content\/uploads\/sites\/5\/2024\/03\/hirtshals-kristiansand-ferry.png",1200,800,false]},"uagb_author_info":{"display_name":"mail@robberttigchelaar.com","author_link":"https:\/\/hirtshals-kristiansand.com\/no\/author\/mailrobberttigchelaar-com\/"},"uagb_comment_info":0,"uagb_excerpt":"N\u00e5r du \u00f8nsker \u00e5 reise fra Danmark til Norge med ferge, er dette nettstedet det rette stedet for deg. Jeg [&hellip;]","_links":{"self":[{"href":"https:\/\/hirtshals-kristiansand.com\/no\/wp-json\/wp\/v2\/pages\/5","targetHints":{"allow":["GET"]}}],"collection":[{"href":"https:\/\/hirtshals-kristiansand.com\/no\/wp-json\/wp\/v2\/pages"}],"about":[{"href":"https:\/\/hirtshals-kristiansand.com\/no\/wp-json\/wp\/v2\/types\/page"}],"author":[{"embeddable":true,"href":"https:\/\/hirtshals-kristiansand.com\/no\/wp-json\/wp\/v2\/users\/1"}],"replies":[{"embeddable":true,"href":"https:\/\/hirtshals-kristiansand.com\/no\/wp-json\/wp\/v2\/comments?post=5"}],"version-history":[{"count":13,"href":"https:\/\/hirtshals-kristiansand.com\/no\/wp-json\/wp\/v2\/pages\/5\/revisions"}],"predecessor-version":[{"id":153,"href":"https:\/\/hirtshals-kristiansand.com\/no\/wp-json\/wp\/v2\/pages\/5\/revisions\/153"}],"wp:featuredmedia":[{"embeddable":true,"href":"https:\/\/hirtshals-kristiansand.com\/no\/wp-json\/wp\/v2\/media\/137"}],"wp:attachment":[{"href":"https:\/\/hirtshals-kristiansand.com\/no\/wp-json\/wp\/v2\/media?parent=5"}],"curies":[{"name":"wp","href":"https:\/\/api.w.org\/{rel}","templated":true}]}}