{"id":130,"date":"2024-03-12T13:19:27","date_gmt":"2024-03-12T13:19:27","guid":{"rendered":"https:\/\/hirtshals-kristiansand.com\/no\/?page_id=130"},"modified":"2025-05-23T12:11:34","modified_gmt":"2025-05-23T12:11:34","slug":"priser","status":"publish","type":"page","link":"https:\/\/hirtshals-kristiansand.com\/no\/priser\/","title":{"rendered":"Hirtshals Kristiansand Pris"},"content":{"rendered":"\n<p>Fordi det er to fergeselskaper som seiler mellom Hirtshals og Kristiansand, er det interessant \u00e5 se n\u00e6rmere p\u00e5 prisen. Du kan sammenligne de to leverand\u00f8rene og <strong>dermed bestille den billigste overfarten<\/strong>.\ud83e\udd11 P\u00e5 denne siden forteller jeg deg alt du trenger \u00e5 vite om prisen p\u00e5 en fergeoverfart mellom Hirtshals og Kristiansand.<\/p>\n\n\n\n<h2 class=\"wp-block-heading\">Bestill den billigste overfarten umiddelbart<\/h2>\n\n\n\n<p>To operat\u00f8rer seiler mellom <a href=\"https:\/\/hirtshals-kristiansand.com\/no\/hirtshals-havn\/\">Hirtshals havn<\/a> og <a href=\"https:\/\/hirtshals-kristiansand.com\/no\/kristiansand-havn\/\">Kristiansand havn<\/a>: <a href=\"https:\/\/hirtshals-kristiansand.com\/no\/color-line\/\">Color Line<\/a> og <a href=\"https:\/\/hirtshals-kristiansand.com\/no\/fjord-line\/\">Fjord Line<\/a>. For umiddelbart \u00e5 bestille den billigste overfarten kan du bruke bookingmodulen nedenfor.<\/p>\n\n\n<div id=\"bookingmodule\"><iframe id=\"dealFinder\" marginwidth=\"0\" frameborder=\"0\" scrolling=\"no\" height=\"100%\" marginheight=\"0\" style=\"width:100%;\" src=\"https:\/\/wiz.directferries.com\/partners\/deal_finder_iframe.aspx?stdc=F6470NO&#038;cult=nb-NO&#038;oprt=Hirtshals&#038;rprt=Kristiansand&#038;btn=d00c33&#038;btnh=b60024&#038;btnt=FFFFFF&#038;tclr=000001&#038;lclr=000001&#038;lbld=700&#038;pclr=ffffff&#038;sclr=64b6e6&#038;targ=0\" style=\"z-index:1\"><\/iframe><\/div>\n\n\n\n<h2 class=\"wp-block-heading\">Disse faktorene p\u00e5virker prisen<\/h2>\n\n\n\n<p>Det er en rekke faktorer som p\u00e5virker prisen. G\u00e5r du om bord som fotpassasjer\ud83d\udeb6, blir det selvsagt mye billigere enn om du vil reise mellom Danmark og Norge med bil og campingvogn eller bobil\ud83d\ude90.<\/p>\n\n\n\n<p>Disse faktorene spiller en rolle i den endelige prisen p\u00e5 fergebillettene:<\/p>\n\n\n\n<ul class=\"wp-block-list\">\n<li>Kj\u00f8ret\u00f8y (sykkel, bil, bobil, motorsykkel (og sidevogn), minibuss eller varebil) + bagasje p\u00e5 kj\u00f8ret\u00f8y (sykler, kofferter, campingvogn\/tilhenger)<\/li>\n\n\n\n<li>Enveis eller retur<\/li>\n\n\n\n<li>Antall personer (voksne\/barn)<\/li>\n\n\n\n<li>Kj\u00e6ledyr<\/li>\n\n\n\n<li>Datoer (lav- eller h\u00f8ysesong)<\/li>\n\n\n\n<li>Fasiliteter om bord (f.eks. seter ved <a href=\"https:\/\/hirtshals-kristiansand.com\/no\/fjord-fstr\/\">Fjord FSTR<\/a> eller en hytte ved <a href=\"https:\/\/hirtshals-kristiansand.com\/no\/ms-stavangerfjord\/\">MS Stavangerfjord<\/a>\/<a href=\"https:\/\/hirtshals-kristiansand.com\/no\/ms-bergensfjord\/\">MS Bergensfjord<\/a>)<\/li>\n\n\n\n<li>Avbestillingsmuligheter<\/li>\n<\/ul>\n\n\n\n<h2 class=\"wp-block-heading\">Tips til billige billetter<\/h2>\n\n\n\n<p>Jeg vil gjerne gi deg en rekke tips for \u00e5 aldri betale for mye for fergeoverfarten.<\/p>\n\n\n\n<ul class=\"wp-block-list\">\n<li>Bestill alltid i god tid<\/li>\n\n\n\n<li>Reis s\u00e5 mye som mulig utenfor h\u00f8ysesongen<\/li>\n\n\n\n<li>Avganger p\u00e5 mindre popul\u00e6re hverdager (tenk tirsdag i stedet for fredag)<\/li>\n\n\n\n<li>Sammenlign alltid gjeldende priser p\u00e5 Color Line og Fjord Line\u2696\ufe0f (<a href=\"https:\/\/hirtshals-kristiansand.com\/no\/go\/prices\" target=\"_blank\" rel=\"noreferrer noopener\">du kan gj\u00f8re dette her<\/a>)<\/li>\n<\/ul>\n\n\n\n<h3 class=\"wp-block-heading\">Ta ekstra kostnader i betraktning<\/h3>\n\n\n\n<p>Til slutt m\u00e5 du fortsatt ta hensyn til ekstra kostnader. For eksempel kan turistskatt og\/eller administrasjonskostnader gjelde for en overnatting.<\/p>\n","protected":false},"excerpt":{"rendered":"<p>Fordi det er to fergeselskaper som seiler mellom Hirtshals og Kristiansand, er det interessant \u00e5 se n\u00e6rmere p\u00e5 prisen. Du [&hellip;]<\/p>\n","protected":false},"author":1,"featured_media":0,"parent":0,"menu_order":0,"comment_status":"closed","ping_status":"closed","template":"","meta":{"inline_featured_image":false,"_uag_custom_page_level_css":"","site-sidebar-layout":"default","site-content-layout":"","ast-site-content-layout":"default","site-content-style":"default","site-sidebar-style":"default","ast-global-header-display":"","ast-banner-title-visibility":"","ast-main-header-display":"","ast-hfb-above-header-display":"","ast-hfb-below-header-display":"","ast-hfb-mobile-header-display":"","site-post-title":"","ast-breadcrumbs-content":"","ast-featured-img":"","footer-sml-layout":"","ast-disable-related-posts":"","theme-transparent-header-meta":"","adv-header-id-meta":"","stick-header-meta":"","header-above-stick-meta":"","header-main-stick-meta":"","header-below-stick-meta":"","astra-migrate-meta-layouts":"default","ast-page-background-enabled":"default","ast-page-background-meta":{"desktop":{"background-color":"var(--ast-global-color-4)","background-image":"","background-repeat":"repeat","background-position":"center center","background-size":"auto","background-attachment":"scroll","background-type":"","background-media":"","overlay-type":"","overlay-color":"","overlay-opacity":"","overlay-gradient":""},"tablet":{"background-color":"","background-image":"","background-repeat":"repeat","background-position":"center center","background-size":"auto","background-attachment":"scroll","background-type":"","background-media":"","overlay-type":"","overlay-color":"","overlay-opacity":"","overlay-gradient":""},"mobile":{"background-color":"","background-image":"","background-repeat":"repeat","background-position":"center center","background-size":"auto","background-attachment":"scroll","background-type":"","background-media":"","overlay-type":"","overlay-color":"","overlay-opacity":"","overlay-gradient":""}},"ast-content-background-meta":{"desktop":{"background-color":"var(--ast-global-color-5)","background-image":"","background-repeat":"repeat","background-position":"center center","background-size":"auto","background-attachment":"scroll","background-type":"","background-media":"","overlay-type":"","overlay-color":"","overlay-opacity":"","overlay-gradient":""},"tablet":{"background-color":"var(--ast-global-color-5)","background-image":"","background-repeat":"repeat","background-position":"center center","background-size":"auto","background-attachment":"scroll","background-type":"","background-media":"","overlay-type":"","overlay-color":"","overlay-opacity":"","overlay-gradient":""},"mobile":{"background-color":"var(--ast-global-color-5)","background-image":"","background-repeat":"repeat","background-position":"center center","background-size":"auto","background-attachment":"scroll","background-type":"","background-media":"","overlay-type":"","overlay-color":"","overlay-opacity":"","overlay-gradient":""}},"footnotes":""},"class_list":["post-130","page","type-page","status-publish","hentry"],"yoast_head":"<!-- This site is optimized with the Yoast SEO plugin v27.4 - https:\/\/yoast.com\/product\/yoast-seo-wordpress\/ -->\n<title>Hirtshals Kristiansand Pris - Ferje Kristiansand Hirtshals<\/title>\n<meta name=\"description\" content=\"Se og sammenlign fergeprisene til Color Line og Fjord Line for en overfart mellom Hirtshals og Kristiansand her.\" \/>\n<meta name=\"robots\" content=\"index, follow, max-snippet:-1, max-image-preview:large, max-video-preview:-1\" \/>\n<link rel=\"canonical\" href=\"https:\/\/hirtshals-kristiansand.com\/no\/priser\/\" \/>\n<meta property=\"og:locale\" content=\"nb_NO\" \/>\n<meta property=\"og:type\" content=\"article\" \/>\n<meta property=\"og:title\" content=\"Hirtshals Kristiansand Pris - Ferje Kristiansand Hirtshals\" \/>\n<meta property=\"og:description\" content=\"Se og sammenlign fergeprisene til Color Line og Fjord Line for en overfart mellom Hirtshals og Kristiansand her.\" \/>\n<meta property=\"og:url\" content=\"https:\/\/hirtshals-kristiansand.com\/no\/priser\/\" \/>\n<meta property=\"og:site_name\" content=\"Ferje Kristiansand Hirtshals\" \/>\n<meta property=\"article:modified_time\" content=\"2025-05-23T12:11:34+00:00\" \/>\n<meta property=\"og:image\" content=\"https:\/\/hirtshals-kristiansand.com\/no\/wp-content\/uploads\/sites\/5\/2024\/02\/hirtshals-kristiansand.com-website.jpg\" \/>\n\t<meta property=\"og:image:width\" content=\"1200\" \/>\n\t<meta property=\"og:image:height\" content=\"800\" \/>\n\t<meta property=\"og:image:type\" content=\"image\/jpeg\" \/>\n<meta name=\"twitter:card\" content=\"summary_large_image\" \/>\n<script type=\"application\/ld+json\" class=\"yoast-schema-graph\">{\"@context\":\"https:\\\/\\\/schema.org\",\"@graph\":[{\"@type\":\"WebPage\",\"@id\":\"https:\\\/\\\/hirtshals-kristiansand.com\\\/no\\\/priser\\\/\",\"url\":\"https:\\\/\\\/hirtshals-kristiansand.com\\\/no\\\/priser\\\/\",\"name\":\"Hirtshals Kristiansand Pris - Ferje Kristiansand Hirtshals\",\"isPartOf\":{\"@id\":\"https:\\\/\\\/hirtshals-kristiansand.com\\\/no\\\/#website\"},\"datePublished\":\"2024-03-12T13:19:27+00:00\",\"dateModified\":\"2025-05-23T12:11:34+00:00\",\"description\":\"Se og sammenlign fergeprisene til Color Line og Fjord Line for en overfart mellom Hirtshals og Kristiansand her.\",\"breadcrumb\":{\"@id\":\"https:\\\/\\\/hirtshals-kristiansand.com\\\/no\\\/priser\\\/#breadcrumb\"},\"inLanguage\":\"nb-NO\",\"potentialAction\":[{\"@type\":\"ReadAction\",\"target\":[\"https:\\\/\\\/hirtshals-kristiansand.com\\\/no\\\/priser\\\/\"]}]},{\"@type\":\"BreadcrumbList\",\"@id\":\"https:\\\/\\\/hirtshals-kristiansand.com\\\/no\\\/priser\\\/#breadcrumb\",\"itemListElement\":[{\"@type\":\"ListItem\",\"position\":1,\"name\":\"Kristiansand Hirtshals\",\"item\":\"https:\\\/\\\/hirtshals-kristiansand.com\\\/no\\\/\"},{\"@type\":\"ListItem\",\"position\":2,\"name\":\"Hirtshals Kristiansand Pris\"}]},{\"@type\":\"WebSite\",\"@id\":\"https:\\\/\\\/hirtshals-kristiansand.com\\\/no\\\/#website\",\"url\":\"https:\\\/\\\/hirtshals-kristiansand.com\\\/no\\\/\",\"name\":\"Ferje Kristiansand Hirtshals\",\"description\":\"Alt om fergeoverfarten fra Hirtshals til Kristiansand\",\"publisher\":{\"@id\":\"https:\\\/\\\/hirtshals-kristiansand.com\\\/no\\\/#organization\"},\"potentialAction\":[{\"@type\":\"SearchAction\",\"target\":{\"@type\":\"EntryPoint\",\"urlTemplate\":\"https:\\\/\\\/hirtshals-kristiansand.com\\\/no\\\/?s={search_term_string}\"},\"query-input\":{\"@type\":\"PropertyValueSpecification\",\"valueRequired\":true,\"valueName\":\"search_term_string\"}}],\"inLanguage\":\"nb-NO\"},{\"@type\":\"Organization\",\"@id\":\"https:\\\/\\\/hirtshals-kristiansand.com\\\/no\\\/#organization\",\"name\":\"Ferje Kristiansand Hirtshals\",\"url\":\"https:\\\/\\\/hirtshals-kristiansand.com\\\/no\\\/\",\"logo\":{\"@type\":\"ImageObject\",\"inLanguage\":\"nb-NO\",\"@id\":\"https:\\\/\\\/hirtshals-kristiansand.com\\\/no\\\/#\\\/schema\\\/logo\\\/image\\\/\",\"url\":\"https:\\\/\\\/hirtshals-kristiansand.com\\\/no\\\/wp-content\\\/uploads\\\/sites\\\/5\\\/2025\\\/05\\\/hirtshals-kristiansand.svg\",\"contentUrl\":\"https:\\\/\\\/hirtshals-kristiansand.com\\\/no\\\/wp-content\\\/uploads\\\/sites\\\/5\\\/2025\\\/05\\\/hirtshals-kristiansand.svg\",\"width\":800,\"height\":256,\"caption\":\"Ferje Kristiansand Hirtshals\"},\"image\":{\"@id\":\"https:\\\/\\\/hirtshals-kristiansand.com\\\/no\\\/#\\\/schema\\\/logo\\\/image\\\/\"}}]}<\/script>\n<!-- \/ Yoast SEO plugin. -->","yoast_head_json":{"title":"Hirtshals Kristiansand Pris - Ferje Kristiansand Hirtshals","description":"Se og sammenlign fergeprisene til Color Line og Fjord Line for en overfart mellom Hirtshals og Kristiansand her.","robots":{"index":"index","follow":"follow","max-snippet":"max-snippet:-1","max-image-preview":"max-image-preview:large","max-video-preview":"max-video-preview:-1"},"canonical":"https:\/\/hirtshals-kristiansand.com\/no\/priser\/","og_locale":"nb_NO","og_type":"article","og_title":"Hirtshals Kristiansand Pris - Ferje Kristiansand Hirtshals","og_description":"Se og sammenlign fergeprisene til Color Line og Fjord Line for en overfart mellom Hirtshals og Kristiansand her.","og_url":"https:\/\/hirtshals-kristiansand.com\/no\/priser\/","og_site_name":"Ferje Kristiansand Hirtshals","article_modified_time":"2025-05-23T12:11:34+00:00","og_image":[{"width":1200,"height":800,"url":"https:\/\/hirtshals-kristiansand.com\/no\/wp-content\/uploads\/sites\/5\/2024\/02\/hirtshals-kristiansand.com-website.jpg","type":"image\/jpeg"}],"twitter_card":"summary_large_image","schema":{"@context":"https:\/\/schema.org","@graph":[{"@type":"WebPage","@id":"https:\/\/hirtshals-kristiansand.com\/no\/priser\/","url":"https:\/\/hirtshals-kristiansand.com\/no\/priser\/","name":"Hirtshals Kristiansand Pris - Ferje Kristiansand Hirtshals","isPartOf":{"@id":"https:\/\/hirtshals-kristiansand.com\/no\/#website"},"datePublished":"2024-03-12T13:19:27+00:00","dateModified":"2025-05-23T12:11:34+00:00","description":"Se og sammenlign fergeprisene til Color Line og Fjord Line for en overfart mellom Hirtshals og Kristiansand her.","breadcrumb":{"@id":"https:\/\/hirtshals-kristiansand.com\/no\/priser\/#breadcrumb"},"inLanguage":"nb-NO","potentialAction":[{"@type":"ReadAction","target":["https:\/\/hirtshals-kristiansand.com\/no\/priser\/"]}]},{"@type":"BreadcrumbList","@id":"https:\/\/hirtshals-kristiansand.com\/no\/priser\/#breadcrumb","itemListElement":[{"@type":"ListItem","position":1,"name":"Kristiansand Hirtshals","item":"https:\/\/hirtshals-kristiansand.com\/no\/"},{"@type":"ListItem","position":2,"name":"Hirtshals Kristiansand Pris"}]},{"@type":"WebSite","@id":"https:\/\/hirtshals-kristiansand.com\/no\/#website","url":"https:\/\/hirtshals-kristiansand.com\/no\/","name":"Ferje Kristiansand Hirtshals","description":"Alt om fergeoverfarten fra Hirtshals til Kristiansand","publisher":{"@id":"https:\/\/hirtshals-kristiansand.com\/no\/#organization"},"potentialAction":[{"@type":"SearchAction","target":{"@type":"EntryPoint","urlTemplate":"https:\/\/hirtshals-kristiansand.com\/no\/?s={search_term_string}"},"query-input":{"@type":"PropertyValueSpecification","valueRequired":true,"valueName":"search_term_string"}}],"inLanguage":"nb-NO"},{"@type":"Organization","@id":"https:\/\/hirtshals-kristiansand.com\/no\/#organization","name":"Ferje Kristiansand Hirtshals","url":"https:\/\/hirtshals-kristiansand.com\/no\/","logo":{"@type":"ImageObject","inLanguage":"nb-NO","@id":"https:\/\/hirtshals-kristiansand.com\/no\/#\/schema\/logo\/image\/","url":"https:\/\/hirtshals-kristiansand.com\/no\/wp-content\/uploads\/sites\/5\/2025\/05\/hirtshals-kristiansand.svg","contentUrl":"https:\/\/hirtshals-kristiansand.com\/no\/wp-content\/uploads\/sites\/5\/2025\/05\/hirtshals-kristiansand.svg","width":800,"height":256,"caption":"Ferje Kristiansand Hirtshals"},"image":{"@id":"https:\/\/hirtshals-kristiansand.com\/no\/#\/schema\/logo\/image\/"}}]}},"uagb_featured_image_src":{"full":false,"thumbnail":false,"medium":false,"medium_large":false,"large":false,"1536x1536":false,"2048x2048":false},"uagb_author_info":{"display_name":"mail@robberttigchelaar.com","author_link":"https:\/\/hirtshals-kristiansand.com\/no\/author\/mailrobberttigchelaar-com\/"},"uagb_comment_info":0,"uagb_excerpt":"Fordi det er to fergeselskaper som seiler mellom Hirtshals og Kristiansand, er det interessant \u00e5 se n\u00e6rmere p\u00e5 prisen. Du [&hellip;]","_links":{"self":[{"href":"https:\/\/hirtshals-kristiansand.com\/no\/wp-json\/wp\/v2\/pages\/130","targetHints":{"allow":["GET"]}}],"collection":[{"href":"https:\/\/hirtshals-kristiansand.com\/no\/wp-json\/wp\/v2\/pages"}],"about":[{"href":"https:\/\/hirtshals-kristiansand.com\/no\/wp-json\/wp\/v2\/types\/page"}],"author":[{"embeddable":true,"href":"https:\/\/hirtshals-kristiansand.com\/no\/wp-json\/wp\/v2\/users\/1"}],"replies":[{"embeddable":true,"href":"https:\/\/hirtshals-kristiansand.com\/no\/wp-json\/wp\/v2\/comments?post=130"}],"version-history":[{"count":3,"href":"https:\/\/hirtshals-kristiansand.com\/no\/wp-json\/wp\/v2\/pages\/130\/revisions"}],"predecessor-version":[{"id":154,"href":"https:\/\/hirtshals-kristiansand.com\/no\/wp-json\/wp\/v2\/pages\/130\/revisions\/154"}],"wp:attachment":[{"href":"https:\/\/hirtshals-kristiansand.com\/no\/wp-json\/wp\/v2\/media?parent=130"}],"curies":[{"name":"wp","href":"https:\/\/api.w.org\/{rel}","templated":true}]}}