{"id":75,"date":"2024-03-07T10:08:45","date_gmt":"2024-03-07T10:08:45","guid":{"rendered":"https:\/\/hirtshals-kristiansand.com\/de\/?page_id=75"},"modified":"2026-04-20T13:56:16","modified_gmt":"2026-04-20T13:56:16","slug":"fjord-line-terminal","status":"publish","type":"page","link":"https:\/\/hirtshals-kristiansand.com\/de\/kristiansand-hafen\/fjord-line-terminal\/","title":{"rendered":"Fjord Line Terminal Kristiansand"},"content":{"rendered":"\n<p>Vom Fjord Line-Terminal im Hafen von Kristiansand f\u00e4hrt der Fjord FSTR mehrmals t\u00e4glich ab. Auf dieser Seite erfahren Sie alles, was Sie \u00fcber dieses Terminal wissen m\u00fcssen.<\/p>\n\n\n\n<h2 class=\"wp-block-heading\">Adress- und Kontaktdaten<\/h2>\n\n\n\n<p>Sehen Sie sich unten die Adresse und Kontaktdaten des Fjord Line-Terminals an:<\/p>\n\n\n\n<ul class=\"wp-block-list\">\n<li><strong>Adresse:<\/strong> Veste Strandgate 31, 4611 Kristiansand S., Norwegen<\/li>\n\n\n\n<li><strong>E-Mail-Adresse:<\/strong> &#8211;<\/li>\n\n\n\n<li><strong>Website:<\/strong> <a href=\"https:\/\/www.fjordline.com\/de\" target=\"_blank\" rel=\"noreferrer noopener\">fjordline.com\/de\/<\/a><\/li>\n\n\n\n<li><strong>Telefonnummer: <\/strong>+47 51 46 40 99<\/li>\n<\/ul>\n\n\n\t\t\t<div \n\t\t\tclass=\"wp-block-uagb-google-map uagb-google-map__wrap uagb-block-34be9771     \"\n\t\t\tstyle=\"\" >\n\t\t\t\t<embed\n\t\t\t\t\tclass=\"uagb-google-map__iframe\"\n\t\t\t\t\ttitle=\"Google Map for \"\n\t\t\t\t\tsrc=\"https:\/\/maps.google.com\/maps?q=Veste%20Strandgate%2031%2C%204611%20Kristiansand%20S&#038;z=15&#038;hl=en&#038;t=m&#038;output=embed&#038;iwloc=near\"\n\t\t\t\t\twidth=\"640\"\n\t\t\t\t\theight=\"500\"\n\t\t\t\t\tloading=\"lazy\"\n\t\t\t\t><\/embed>\n\t\t\t<\/div>\n\t\t\t\n\n\n<h2 class=\"wp-block-heading\" style=\"margin-top:var(--wp--preset--spacing--40)\">Einchecken<\/h2>\n\n\n\n<p>Beim Check-in m\u00fcssen Sie ber\u00fccksichtigen, dass Sie mindestens 60 Minuten vor Abflug am Terminal sein m\u00fcssen. Das Boarding schlie\u00dft 30 Minuten vor Abflug. Schauen Sie sich den <a href=\"https:\/\/hirtshals-kristiansand.com\/de\/fahrplan\/\">Fahrplan von Fjord Line f\u00fcr Hirtshals Kristiansand<\/a> an und verlassen Sie Ihr Zuhause gut vorbereitet (und p\u00fcnktlich).<\/p>\n\n\n\n<h2 class=\"wp-block-heading\">Parken am Terminal<\/h2>\n\n\n\n<p>Sie k\u00f6nnen Ihr Auto maximal 30 Minuten neben dem Terminal parken. Kurzzeitparken ist auch auf der gegen\u00fcberliegenden Stra\u00dfenseite m\u00f6glich. Hierbei handelt es sich um geb\u00fchrenpflichtiges Parken. M\u00f6chten Sie Ihr Auto in Kristiansand stehen lassen und als Fu\u00dfpassagier einsteigen? Dann parken Sie am besten in den Parkh\u00e4usern im Stadtzentrum von Kristiansand.<\/p>\n\n\n\n<h2 class=\"wp-block-heading\">Einrichtungen am Terminal<\/h2>\n\n\n\n<p>Sehen Sie sich unten die verschiedenen Einrichtungen in der N\u00e4he des Fjord Line-Terminals an:<\/p>\n\n\n\n<ul class=\"wp-block-list\">\n<li><strong>Toiletten:<\/strong> Ja, im 2. Stock in der Abflughalle<\/li>\n\n\n\n<li><strong>Schlie\u00dff\u00e4cher:<\/strong> Nein<\/li>\n\n\n\n<li><strong>Speisen und Getr\u00e4nke: <\/strong>Ja, Verkaufsautomaten im 1. Stock<\/li>\n\n\n\n<li><strong>Geldautomaten:<\/strong> Nicht am Terminal, sondern am Busbahnhof (ca. 50 Meter vom Terminal entfernt)<\/li>\n<\/ul>\n\n\n\n<h2 class=\"wp-block-heading\">Zahlungen am Terminal<\/h2>\n\n\n\n<p>Sie k\u00f6nnen an der Kasse mit folgenden W\u00e4hrungen bezahlen:<\/p>\n\n\n\n<ul class=\"wp-block-list\">\n<li>Norwegische Kronen<\/li>\n\n\n\n<li>D\u00e4nische Kronen<\/li>\n\n\n\n<li>Euro<\/li>\n<\/ul>\n\n\n\n<p><strong>Bitte beachten Sie: <\/strong>M\u00fcnzen werden nur in norwegischen Kronen akzeptiert. Weitere Zahlungsm\u00f6glichkeiten:<\/p>\n\n\n\n<ul class=\"wp-block-list\">\n<li>VISA<\/li>\n\n\n\n<li>Mastercard<\/li>\n\n\n\n<li>Mobile Pay<\/li>\n\n\n\n<li>Vipps<\/li>\n\n\n\n<li>Maestro<\/li>\n\n\n\n<li>Diners<\/li>\n\n\n\n<li>American Express<\/li>\n<\/ul>\n\n\n\n<h2 class=\"wp-block-heading\">Mehr \u00fcber den Hafen von Kristiansand<\/h2>\n\n\n\n<p>Sie fragen sich, wie Sie zum Hafen von Kristiansand gelangen? Oder weitere Informationen zum Parken am Hafen? Dann werfen Sie einen Blick auf die <a href=\"https:\/\/hirtshals-kristiansand.com\/de\/kristiansand-hafen\/\">Hafenseite von Kristiansand<\/a>.<\/p>\n","protected":false},"excerpt":{"rendered":"<p>Vom Fjord Line-Terminal im Hafen von Kristiansand f\u00e4hrt der Fjord FSTR mehrmals t\u00e4glich ab. Auf dieser Seite erfahren Sie alles, [&hellip;]<\/p>\n","protected":false},"author":1,"featured_media":0,"parent":54,"menu_order":0,"comment_status":"closed","ping_status":"closed","template":"","meta":{"inline_featured_image":false,"_uag_custom_page_level_css":"","site-sidebar-layout":"default","site-content-layout":"","ast-site-content-layout":"default","site-content-style":"default","site-sidebar-style":"default","ast-global-header-display":"","ast-banner-title-visibility":"","ast-main-header-display":"","ast-hfb-above-header-display":"","ast-hfb-below-header-display":"","ast-hfb-mobile-header-display":"","site-post-title":"","ast-breadcrumbs-content":"","ast-featured-img":"","footer-sml-layout":"","ast-disable-related-posts":"","theme-transparent-header-meta":"","adv-header-id-meta":"","stick-header-meta":"","header-above-stick-meta":"","header-main-stick-meta":"","header-below-stick-meta":"","astra-migrate-meta-layouts":"default","ast-page-background-enabled":"default","ast-page-background-meta":{"desktop":{"background-color":"var(--ast-global-color-4)","background-image":"","background-repeat":"repeat","background-position":"center center","background-size":"auto","background-attachment":"scroll","background-type":"","background-media":"","overlay-type":"","overlay-color":"","overlay-opacity":"","overlay-gradient":""},"tablet":{"background-color":"","background-image":"","background-repeat":"repeat","background-position":"center center","background-size":"auto","background-attachment":"scroll","background-type":"","background-media":"","overlay-type":"","overlay-color":"","overlay-opacity":"","overlay-gradient":""},"mobile":{"background-color":"","background-image":"","background-repeat":"repeat","background-position":"center center","background-size":"auto","background-attachment":"scroll","background-type":"","background-media":"","overlay-type":"","overlay-color":"","overlay-opacity":"","overlay-gradient":""}},"ast-content-background-meta":{"desktop":{"background-color":"var(--ast-global-color-5)","background-image":"","background-repeat":"repeat","background-position":"center center","background-size":"auto","background-attachment":"scroll","background-type":"","background-media":"","overlay-type":"","overlay-color":"","overlay-opacity":"","overlay-gradient":""},"tablet":{"background-color":"var(--ast-global-color-5)","background-image":"","background-repeat":"repeat","background-position":"center center","background-size":"auto","background-attachment":"scroll","background-type":"","background-media":"","overlay-type":"","overlay-color":"","overlay-opacity":"","overlay-gradient":""},"mobile":{"background-color":"var(--ast-global-color-5)","background-image":"","background-repeat":"repeat","background-position":"center center","background-size":"auto","background-attachment":"scroll","background-type":"","background-media":"","overlay-type":"","overlay-color":"","overlay-opacity":"","overlay-gradient":""}},"footnotes":""},"class_list":["post-75","page","type-page","status-publish","hentry"],"yoast_head":"<!-- This site is optimized with the Yoast SEO plugin v27.4 - https:\/\/yoast.com\/product\/yoast-seo-wordpress\/ -->\n<title>Fjord Line Terminal Kristiansand - Hirtshals Kristiansand F\u00e4hre Guide<\/title>\n<meta name=\"description\" content=\"\u00dcberpr\u00fcfen Sie die notwendigen Informationen zum Fjord Line-Terminal in Kristiansand Haven: Check-in, Parken und Kontaktdaten.\" \/>\n<meta name=\"robots\" content=\"index, follow, max-snippet:-1, max-image-preview:large, max-video-preview:-1\" \/>\n<link rel=\"canonical\" href=\"https:\/\/hirtshals-kristiansand.com\/de\/kristiansand-hafen\/fjord-line-terminal\/\" \/>\n<meta property=\"og:locale\" content=\"de_DE\" \/>\n<meta property=\"og:type\" content=\"article\" \/>\n<meta property=\"og:title\" content=\"Fjord Line Terminal Kristiansand - Hirtshals Kristiansand F\u00e4hre Guide\" \/>\n<meta property=\"og:description\" content=\"\u00dcberpr\u00fcfen Sie die notwendigen Informationen zum Fjord Line-Terminal in Kristiansand Haven: Check-in, Parken und Kontaktdaten.\" \/>\n<meta property=\"og:url\" content=\"https:\/\/hirtshals-kristiansand.com\/de\/kristiansand-hafen\/fjord-line-terminal\/\" \/>\n<meta property=\"og:site_name\" content=\"Hirtshals Kristiansand F\u00e4hre Guide\" \/>\n<meta property=\"article:modified_time\" content=\"2026-04-20T13:56:16+00:00\" \/>\n<meta property=\"og:image\" content=\"https:\/\/hirtshals-kristiansand.com\/de\/wp-content\/uploads\/sites\/3\/2024\/02\/hirtshals-kristiansand.com-website.jpg\" \/>\n\t<meta property=\"og:image:width\" content=\"1200\" \/>\n\t<meta property=\"og:image:height\" content=\"800\" \/>\n\t<meta property=\"og:image:type\" content=\"image\/jpeg\" \/>\n<meta name=\"twitter:card\" content=\"summary_large_image\" \/>\n<script type=\"application\/ld+json\" class=\"yoast-schema-graph\">{\"@context\":\"https:\\\/\\\/schema.org\",\"@graph\":[{\"@type\":\"WebPage\",\"@id\":\"https:\\\/\\\/hirtshals-kristiansand.com\\\/de\\\/kristiansand-hafen\\\/fjord-line-terminal\\\/\",\"url\":\"https:\\\/\\\/hirtshals-kristiansand.com\\\/de\\\/kristiansand-hafen\\\/fjord-line-terminal\\\/\",\"name\":\"Fjord Line Terminal Kristiansand - Hirtshals Kristiansand F\u00e4hre Guide\",\"isPartOf\":{\"@id\":\"https:\\\/\\\/hirtshals-kristiansand.com\\\/de\\\/#website\"},\"datePublished\":\"2024-03-07T10:08:45+00:00\",\"dateModified\":\"2026-04-20T13:56:16+00:00\",\"description\":\"\u00dcberpr\u00fcfen Sie die notwendigen Informationen zum Fjord Line-Terminal in Kristiansand Haven: Check-in, Parken und Kontaktdaten.\",\"breadcrumb\":{\"@id\":\"https:\\\/\\\/hirtshals-kristiansand.com\\\/de\\\/kristiansand-hafen\\\/fjord-line-terminal\\\/#breadcrumb\"},\"inLanguage\":\"de\",\"potentialAction\":[{\"@type\":\"ReadAction\",\"target\":[\"https:\\\/\\\/hirtshals-kristiansand.com\\\/de\\\/kristiansand-hafen\\\/fjord-line-terminal\\\/\"]}]},{\"@type\":\"BreadcrumbList\",\"@id\":\"https:\\\/\\\/hirtshals-kristiansand.com\\\/de\\\/kristiansand-hafen\\\/fjord-line-terminal\\\/#breadcrumb\",\"itemListElement\":[{\"@type\":\"ListItem\",\"position\":1,\"name\":\"Hirtshals Kristiansand\",\"item\":\"https:\\\/\\\/hirtshals-kristiansand.com\\\/de\\\/\"},{\"@type\":\"ListItem\",\"position\":2,\"name\":\"Kristiansand Hafen\",\"item\":\"https:\\\/\\\/hirtshals-kristiansand.com\\\/de\\\/kristiansand-hafen\\\/\"},{\"@type\":\"ListItem\",\"position\":3,\"name\":\"Fjord Line Terminal Kristiansand\"}]},{\"@type\":\"WebSite\",\"@id\":\"https:\\\/\\\/hirtshals-kristiansand.com\\\/de\\\/#website\",\"url\":\"https:\\\/\\\/hirtshals-kristiansand.com\\\/de\\\/\",\"name\":\"Hirtshals Kristiansand F\u00e4hre Guide\",\"description\":\"Alles \u00fcber die Hirtshals Kristiansand F\u00e4hr\u00fcberfahrt\",\"publisher\":{\"@id\":\"https:\\\/\\\/hirtshals-kristiansand.com\\\/de\\\/#organization\"},\"potentialAction\":[{\"@type\":\"SearchAction\",\"target\":{\"@type\":\"EntryPoint\",\"urlTemplate\":\"https:\\\/\\\/hirtshals-kristiansand.com\\\/de\\\/?s={search_term_string}\"},\"query-input\":{\"@type\":\"PropertyValueSpecification\",\"valueRequired\":true,\"valueName\":\"search_term_string\"}}],\"inLanguage\":\"de\"},{\"@type\":\"Organization\",\"@id\":\"https:\\\/\\\/hirtshals-kristiansand.com\\\/de\\\/#organization\",\"name\":\"Hirtshals Kristiansand F\u00e4hre Guide\",\"url\":\"https:\\\/\\\/hirtshals-kristiansand.com\\\/de\\\/\",\"logo\":{\"@type\":\"ImageObject\",\"inLanguage\":\"de\",\"@id\":\"https:\\\/\\\/hirtshals-kristiansand.com\\\/de\\\/#\\\/schema\\\/logo\\\/image\\\/\",\"url\":\"https:\\\/\\\/hirtshals-kristiansand.com\\\/de\\\/wp-content\\\/uploads\\\/sites\\\/3\\\/2025\\\/05\\\/hirtshals-kristiansand.svg\",\"contentUrl\":\"https:\\\/\\\/hirtshals-kristiansand.com\\\/de\\\/wp-content\\\/uploads\\\/sites\\\/3\\\/2025\\\/05\\\/hirtshals-kristiansand.svg\",\"width\":800,\"height\":256,\"caption\":\"Hirtshals Kristiansand F\u00e4hre Guide\"},\"image\":{\"@id\":\"https:\\\/\\\/hirtshals-kristiansand.com\\\/de\\\/#\\\/schema\\\/logo\\\/image\\\/\"}}]}<\/script>\n<!-- \/ Yoast SEO plugin. -->","yoast_head_json":{"title":"Fjord Line Terminal Kristiansand - Hirtshals Kristiansand F\u00e4hre Guide","description":"\u00dcberpr\u00fcfen Sie die notwendigen Informationen zum Fjord Line-Terminal in Kristiansand Haven: Check-in, Parken und Kontaktdaten.","robots":{"index":"index","follow":"follow","max-snippet":"max-snippet:-1","max-image-preview":"max-image-preview:large","max-video-preview":"max-video-preview:-1"},"canonical":"https:\/\/hirtshals-kristiansand.com\/de\/kristiansand-hafen\/fjord-line-terminal\/","og_locale":"de_DE","og_type":"article","og_title":"Fjord Line Terminal Kristiansand - Hirtshals Kristiansand F\u00e4hre Guide","og_description":"\u00dcberpr\u00fcfen Sie die notwendigen Informationen zum Fjord Line-Terminal in Kristiansand Haven: Check-in, Parken und Kontaktdaten.","og_url":"https:\/\/hirtshals-kristiansand.com\/de\/kristiansand-hafen\/fjord-line-terminal\/","og_site_name":"Hirtshals Kristiansand F\u00e4hre Guide","article_modified_time":"2026-04-20T13:56:16+00:00","og_image":[{"width":1200,"height":800,"url":"https:\/\/hirtshals-kristiansand.com\/de\/wp-content\/uploads\/sites\/3\/2024\/02\/hirtshals-kristiansand.com-website.jpg","type":"image\/jpeg"}],"twitter_card":"summary_large_image","schema":{"@context":"https:\/\/schema.org","@graph":[{"@type":"WebPage","@id":"https:\/\/hirtshals-kristiansand.com\/de\/kristiansand-hafen\/fjord-line-terminal\/","url":"https:\/\/hirtshals-kristiansand.com\/de\/kristiansand-hafen\/fjord-line-terminal\/","name":"Fjord Line Terminal Kristiansand - Hirtshals Kristiansand F\u00e4hre Guide","isPartOf":{"@id":"https:\/\/hirtshals-kristiansand.com\/de\/#website"},"datePublished":"2024-03-07T10:08:45+00:00","dateModified":"2026-04-20T13:56:16+00:00","description":"\u00dcberpr\u00fcfen Sie die notwendigen Informationen zum Fjord Line-Terminal in Kristiansand Haven: Check-in, Parken und Kontaktdaten.","breadcrumb":{"@id":"https:\/\/hirtshals-kristiansand.com\/de\/kristiansand-hafen\/fjord-line-terminal\/#breadcrumb"},"inLanguage":"de","potentialAction":[{"@type":"ReadAction","target":["https:\/\/hirtshals-kristiansand.com\/de\/kristiansand-hafen\/fjord-line-terminal\/"]}]},{"@type":"BreadcrumbList","@id":"https:\/\/hirtshals-kristiansand.com\/de\/kristiansand-hafen\/fjord-line-terminal\/#breadcrumb","itemListElement":[{"@type":"ListItem","position":1,"name":"Hirtshals Kristiansand","item":"https:\/\/hirtshals-kristiansand.com\/de\/"},{"@type":"ListItem","position":2,"name":"Kristiansand Hafen","item":"https:\/\/hirtshals-kristiansand.com\/de\/kristiansand-hafen\/"},{"@type":"ListItem","position":3,"name":"Fjord Line Terminal Kristiansand"}]},{"@type":"WebSite","@id":"https:\/\/hirtshals-kristiansand.com\/de\/#website","url":"https:\/\/hirtshals-kristiansand.com\/de\/","name":"Hirtshals Kristiansand F\u00e4hre Guide","description":"Alles \u00fcber die Hirtshals Kristiansand F\u00e4hr\u00fcberfahrt","publisher":{"@id":"https:\/\/hirtshals-kristiansand.com\/de\/#organization"},"potentialAction":[{"@type":"SearchAction","target":{"@type":"EntryPoint","urlTemplate":"https:\/\/hirtshals-kristiansand.com\/de\/?s={search_term_string}"},"query-input":{"@type":"PropertyValueSpecification","valueRequired":true,"valueName":"search_term_string"}}],"inLanguage":"de"},{"@type":"Organization","@id":"https:\/\/hirtshals-kristiansand.com\/de\/#organization","name":"Hirtshals Kristiansand F\u00e4hre Guide","url":"https:\/\/hirtshals-kristiansand.com\/de\/","logo":{"@type":"ImageObject","inLanguage":"de","@id":"https:\/\/hirtshals-kristiansand.com\/de\/#\/schema\/logo\/image\/","url":"https:\/\/hirtshals-kristiansand.com\/de\/wp-content\/uploads\/sites\/3\/2025\/05\/hirtshals-kristiansand.svg","contentUrl":"https:\/\/hirtshals-kristiansand.com\/de\/wp-content\/uploads\/sites\/3\/2025\/05\/hirtshals-kristiansand.svg","width":800,"height":256,"caption":"Hirtshals Kristiansand F\u00e4hre Guide"},"image":{"@id":"https:\/\/hirtshals-kristiansand.com\/de\/#\/schema\/logo\/image\/"}}]}},"uagb_featured_image_src":{"full":false,"thumbnail":false,"medium":false,"medium_large":false,"large":false,"1536x1536":false,"2048x2048":false},"uagb_author_info":{"display_name":"mail@robberttigchelaar.com","author_link":"https:\/\/hirtshals-kristiansand.com\/de\/author\/mailrobberttigchelaar-com\/"},"uagb_comment_info":0,"uagb_excerpt":"Vom Fjord Line-Terminal im Hafen von Kristiansand f\u00e4hrt der Fjord FSTR mehrmals t\u00e4glich ab. Auf dieser Seite erfahren Sie alles, [&hellip;]","_links":{"self":[{"href":"https:\/\/hirtshals-kristiansand.com\/de\/wp-json\/wp\/v2\/pages\/75","targetHints":{"allow":["GET"]}}],"collection":[{"href":"https:\/\/hirtshals-kristiansand.com\/de\/wp-json\/wp\/v2\/pages"}],"about":[{"href":"https:\/\/hirtshals-kristiansand.com\/de\/wp-json\/wp\/v2\/types\/page"}],"author":[{"embeddable":true,"href":"https:\/\/hirtshals-kristiansand.com\/de\/wp-json\/wp\/v2\/users\/1"}],"replies":[{"embeddable":true,"href":"https:\/\/hirtshals-kristiansand.com\/de\/wp-json\/wp\/v2\/comments?post=75"}],"version-history":[{"count":6,"href":"https:\/\/hirtshals-kristiansand.com\/de\/wp-json\/wp\/v2\/pages\/75\/revisions"}],"predecessor-version":[{"id":320,"href":"https:\/\/hirtshals-kristiansand.com\/de\/wp-json\/wp\/v2\/pages\/75\/revisions\/320"}],"up":[{"embeddable":true,"href":"https:\/\/hirtshals-kristiansand.com\/de\/wp-json\/wp\/v2\/pages\/54"}],"wp:attachment":[{"href":"https:\/\/hirtshals-kristiansand.com\/de\/wp-json\/wp\/v2\/media?parent=75"}],"curies":[{"name":"wp","href":"https:\/\/api.w.org\/{rel}","templated":true}]}}