{"id":73,"date":"2024-03-07T10:03:24","date_gmt":"2024-03-07T10:03:24","guid":{"rendered":"https:\/\/hirtshals-kristiansand.com\/de\/?page_id=73"},"modified":"2026-04-20T13:56:00","modified_gmt":"2026-04-20T13:56:00","slug":"color-line-terminal","status":"publish","type":"page","link":"https:\/\/hirtshals-kristiansand.com\/de\/kristiansand-hafen\/color-line-terminal\/","title":{"rendered":"Color Line Terminal Kristiansand"},"content":{"rendered":"\n<p>Im Hafen von Kristiansand gibt es ein Color Line-Terminal. Auf dieser Seite erfahren Sie alle wichtigen Informationen zu diesem Terminal.<\/p>\n\n\n\n<h2 class=\"wp-block-heading\">Adress- und Kontaktdaten<\/h2>\n\n\n\n<p>Die Adresse und Kontaktdaten des Terminals auf einen Blick:<\/p>\n\n\n\n<ul class=\"wp-block-list\">\n<li><strong>Adresse: <\/strong>Havnegta 47, Postboks 82, 4662 Kristiansand<\/li>\n\n\n\n<li><strong>E-Mail-Adresse:<\/strong> &#8211;<\/li>\n\n\n\n<li><strong>Website:<\/strong> <a href=\"https:\/\/www.colorline.de\/\" target=\"_blank\" rel=\"noreferrer noopener\">https:\/\/www.colorline.de\/<\/a><\/li>\n\n\n\n<li><strong>Telefonnummer:<\/strong> +45 99 56 19 00<\/li>\n<\/ul>\n\n\n\t\t\t<div \n\t\t\tclass=\"wp-block-uagb-google-map uagb-google-map__wrap uagb-block-34be9771     \"\n\t\t\tstyle=\"\" >\n\t\t\t\t<embed\n\t\t\t\t\tclass=\"uagb-google-map__iframe\"\n\t\t\t\t\ttitle=\"Google Map for \"\n\t\t\t\t\tsrc=\"https:\/\/maps.google.com\/maps?q=F%C3%A6rgeterminalen%20Norgeskajen%202%2C%209850%20Hirtshals&#038;z=15&#038;hl=en&#038;t=m&#038;output=embed&#038;iwloc=near\"\n\t\t\t\t\twidth=\"640\"\n\t\t\t\t\theight=\"500\"\n\t\t\t\t\tloading=\"lazy\"\n\t\t\t\t><\/embed>\n\t\t\t<\/div>\n\t\t\t\n\n\n<h2 class=\"wp-block-heading\" style=\"margin-top:var(--wp--preset--spacing--40)\">Einchecken<\/h2>\n\n\n\n<p>Passagiere ohne Auto k\u00f6nnen im Erdgeschoss des Terminals einchecken. Auch Gruppen k\u00f6nnen hier einchecken (manchmal an einem separaten Schalter). F\u00fcr Passagiere mit dem Auto, Motorrad oder Fahrrad gibt es am Pier separate Check-in-Schalter.<\/p>\n\n\n\n<p>Bitte beachten Sie: Alle Passagiere m\u00fcssen mindestens 60 Minuten vor Abflug einchecken. Ber\u00fccksichtigen Sie die Reisezeiten. Sehen Sie sich den <a href=\"https:\/\/hirtshals-kristiansand.com\/de\/fahrplan\/\">Fahrplan der Color Line ab Hirtshals Kristiansand<\/a> an.<\/p>\n\n\n\n<h2 class=\"wp-block-heading\">Parken am Terminal<\/h2>\n\n\n\n<p>Es ist gut zu wissen, dass Sie Ihr Auto <strong>nicht am Color Line-Terminal parken k\u00f6nnen<\/strong>. Sie k\u00f6nnen es auf dem Hafenparkplatz abstellen. Der Parkplatz namens Parko liegt etwa 400 Meter vom Terminal entfernt. Das ist also leicht zu Fu\u00df.<\/p>\n\n\n\n<h2 class=\"wp-block-heading\">Einrichtungen am Terminal<\/h2>\n\n\n\n<ul class=\"wp-block-list\">\n<li><strong>Schlie\u00dff\u00e4cher:<\/strong> Nein<\/li>\n\n\n\n<li><strong>Geldautomat: <\/strong>An Bord<\/li>\n\n\n\n<li><strong>Essen &amp; Trinken:<\/strong> Im Hafengebiet gibt es Restaurants<\/li>\n\n\n\n<li><strong>Toiletten: <\/strong>Ja, in der N\u00e4he des Terminals<\/li>\n<\/ul>\n\n\n\n<h2 class=\"wp-block-heading\">Zahlungsm\u00f6glichkeiten bei Color Line<\/h2>\n\n\n\n<p>Planen Sie, w\u00e4hrend, vor oder nach Ihrer Reise bei Color Line zu bezahlen? Stellen Sie sicher, dass Sie die richtige W\u00e4hrung bei sich haben. Folgende W\u00e4hrungen werden akzeptiert:<\/p>\n\n\n\n<ul class=\"wp-block-list\">\n<li>Euro<\/li>\n\n\n\n<li>D\u00e4nische Krone<\/li>\n\n\n\n<li>Norwegische Krone<\/li>\n<\/ul>\n\n\n\n<h2 class=\"wp-block-heading\">Weitere allgemeine Informationen zum Hafen<\/h2>\n\n\n\n<p>Wenn Sie mehr \u00fcber den Hafen selbst erfahren m\u00f6chten, k\u00f6nnen Sie einen Blick auf die Seite <a href=\"https:\/\/hirtshals-kristiansand.com\/de\/kristiansand-hafen\/\">Kristiansand Haven<\/a> werfen. Hier finden Sie eine Wegbeschreibung zum Hafen und allgemeine Hafeninformationen.<\/p>\n","protected":false},"excerpt":{"rendered":"<p>Im Hafen von Kristiansand gibt es ein Color Line-Terminal. Auf dieser Seite erfahren Sie alle wichtigen Informationen zu diesem Terminal. [&hellip;]<\/p>\n","protected":false},"author":1,"featured_media":0,"parent":54,"menu_order":0,"comment_status":"closed","ping_status":"closed","template":"","meta":{"inline_featured_image":false,"_uag_custom_page_level_css":"","site-sidebar-layout":"default","site-content-layout":"","ast-site-content-layout":"default","site-content-style":"default","site-sidebar-style":"default","ast-global-header-display":"","ast-banner-title-visibility":"","ast-main-header-display":"","ast-hfb-above-header-display":"","ast-hfb-below-header-display":"","ast-hfb-mobile-header-display":"","site-post-title":"","ast-breadcrumbs-content":"","ast-featured-img":"","footer-sml-layout":"","ast-disable-related-posts":"","theme-transparent-header-meta":"","adv-header-id-meta":"","stick-header-meta":"","header-above-stick-meta":"","header-main-stick-meta":"","header-below-stick-meta":"","astra-migrate-meta-layouts":"default","ast-page-background-enabled":"default","ast-page-background-meta":{"desktop":{"background-color":"var(--ast-global-color-4)","background-image":"","background-repeat":"repeat","background-position":"center center","background-size":"auto","background-attachment":"scroll","background-type":"","background-media":"","overlay-type":"","overlay-color":"","overlay-opacity":"","overlay-gradient":""},"tablet":{"background-color":"","background-image":"","background-repeat":"repeat","background-position":"center center","background-size":"auto","background-attachment":"scroll","background-type":"","background-media":"","overlay-type":"","overlay-color":"","overlay-opacity":"","overlay-gradient":""},"mobile":{"background-color":"","background-image":"","background-repeat":"repeat","background-position":"center center","background-size":"auto","background-attachment":"scroll","background-type":"","background-media":"","overlay-type":"","overlay-color":"","overlay-opacity":"","overlay-gradient":""}},"ast-content-background-meta":{"desktop":{"background-color":"var(--ast-global-color-5)","background-image":"","background-repeat":"repeat","background-position":"center center","background-size":"auto","background-attachment":"scroll","background-type":"","background-media":"","overlay-type":"","overlay-color":"","overlay-opacity":"","overlay-gradient":""},"tablet":{"background-color":"var(--ast-global-color-5)","background-image":"","background-repeat":"repeat","background-position":"center center","background-size":"auto","background-attachment":"scroll","background-type":"","background-media":"","overlay-type":"","overlay-color":"","overlay-opacity":"","overlay-gradient":""},"mobile":{"background-color":"var(--ast-global-color-5)","background-image":"","background-repeat":"repeat","background-position":"center center","background-size":"auto","background-attachment":"scroll","background-type":"","background-media":"","overlay-type":"","overlay-color":"","overlay-opacity":"","overlay-gradient":""}},"footnotes":""},"class_list":["post-73","page","type-page","status-publish","hentry"],"yoast_head":"<!-- This site is optimized with the Yoast SEO plugin v27.4 - https:\/\/yoast.com\/product\/yoast-seo-wordpress\/ -->\n<title>Color Line Terminal Kristiansand - Hirtshals Kristiansand F\u00e4hre Guide<\/title>\n<meta name=\"description\" content=\"\u00dcberpr\u00fcfen Sie die notwendigen Informationen zum Color Line-Terminal in Kristiansand Haven: Check-in, Parken und Kontaktdaten.\" \/>\n<meta name=\"robots\" content=\"index, follow, max-snippet:-1, max-image-preview:large, max-video-preview:-1\" \/>\n<link rel=\"canonical\" href=\"https:\/\/hirtshals-kristiansand.com\/de\/kristiansand-hafen\/color-line-terminal\/\" \/>\n<meta property=\"og:locale\" content=\"de_DE\" \/>\n<meta property=\"og:type\" content=\"article\" \/>\n<meta property=\"og:title\" content=\"Color Line Terminal Kristiansand - Hirtshals Kristiansand F\u00e4hre Guide\" \/>\n<meta property=\"og:description\" content=\"\u00dcberpr\u00fcfen Sie die notwendigen Informationen zum Color Line-Terminal in Kristiansand Haven: Check-in, Parken und Kontaktdaten.\" \/>\n<meta property=\"og:url\" content=\"https:\/\/hirtshals-kristiansand.com\/de\/kristiansand-hafen\/color-line-terminal\/\" \/>\n<meta property=\"og:site_name\" content=\"Hirtshals Kristiansand F\u00e4hre Guide\" \/>\n<meta property=\"article:modified_time\" content=\"2026-04-20T13:56:00+00:00\" \/>\n<meta property=\"og:image\" content=\"https:\/\/hirtshals-kristiansand.com\/de\/wp-content\/uploads\/sites\/3\/2024\/02\/hirtshals-kristiansand.com-website.jpg\" \/>\n\t<meta property=\"og:image:width\" content=\"1200\" \/>\n\t<meta property=\"og:image:height\" content=\"800\" \/>\n\t<meta property=\"og:image:type\" content=\"image\/jpeg\" \/>\n<meta name=\"twitter:card\" content=\"summary_large_image\" \/>\n<script type=\"application\/ld+json\" class=\"yoast-schema-graph\">{\"@context\":\"https:\\\/\\\/schema.org\",\"@graph\":[{\"@type\":\"WebPage\",\"@id\":\"https:\\\/\\\/hirtshals-kristiansand.com\\\/de\\\/kristiansand-hafen\\\/color-line-terminal\\\/\",\"url\":\"https:\\\/\\\/hirtshals-kristiansand.com\\\/de\\\/kristiansand-hafen\\\/color-line-terminal\\\/\",\"name\":\"Color Line Terminal Kristiansand - Hirtshals Kristiansand F\u00e4hre Guide\",\"isPartOf\":{\"@id\":\"https:\\\/\\\/hirtshals-kristiansand.com\\\/de\\\/#website\"},\"datePublished\":\"2024-03-07T10:03:24+00:00\",\"dateModified\":\"2026-04-20T13:56:00+00:00\",\"description\":\"\u00dcberpr\u00fcfen Sie die notwendigen Informationen zum Color Line-Terminal in Kristiansand Haven: Check-in, Parken und Kontaktdaten.\",\"breadcrumb\":{\"@id\":\"https:\\\/\\\/hirtshals-kristiansand.com\\\/de\\\/kristiansand-hafen\\\/color-line-terminal\\\/#breadcrumb\"},\"inLanguage\":\"de\",\"potentialAction\":[{\"@type\":\"ReadAction\",\"target\":[\"https:\\\/\\\/hirtshals-kristiansand.com\\\/de\\\/kristiansand-hafen\\\/color-line-terminal\\\/\"]}]},{\"@type\":\"BreadcrumbList\",\"@id\":\"https:\\\/\\\/hirtshals-kristiansand.com\\\/de\\\/kristiansand-hafen\\\/color-line-terminal\\\/#breadcrumb\",\"itemListElement\":[{\"@type\":\"ListItem\",\"position\":1,\"name\":\"Hirtshals Kristiansand\",\"item\":\"https:\\\/\\\/hirtshals-kristiansand.com\\\/de\\\/\"},{\"@type\":\"ListItem\",\"position\":2,\"name\":\"Kristiansand Hafen\",\"item\":\"https:\\\/\\\/hirtshals-kristiansand.com\\\/de\\\/kristiansand-hafen\\\/\"},{\"@type\":\"ListItem\",\"position\":3,\"name\":\"Color Line Terminal Kristiansand\"}]},{\"@type\":\"WebSite\",\"@id\":\"https:\\\/\\\/hirtshals-kristiansand.com\\\/de\\\/#website\",\"url\":\"https:\\\/\\\/hirtshals-kristiansand.com\\\/de\\\/\",\"name\":\"Hirtshals Kristiansand F\u00e4hre Guide\",\"description\":\"Alles \u00fcber die Hirtshals Kristiansand F\u00e4hr\u00fcberfahrt\",\"publisher\":{\"@id\":\"https:\\\/\\\/hirtshals-kristiansand.com\\\/de\\\/#organization\"},\"potentialAction\":[{\"@type\":\"SearchAction\",\"target\":{\"@type\":\"EntryPoint\",\"urlTemplate\":\"https:\\\/\\\/hirtshals-kristiansand.com\\\/de\\\/?s={search_term_string}\"},\"query-input\":{\"@type\":\"PropertyValueSpecification\",\"valueRequired\":true,\"valueName\":\"search_term_string\"}}],\"inLanguage\":\"de\"},{\"@type\":\"Organization\",\"@id\":\"https:\\\/\\\/hirtshals-kristiansand.com\\\/de\\\/#organization\",\"name\":\"Hirtshals Kristiansand F\u00e4hre Guide\",\"url\":\"https:\\\/\\\/hirtshals-kristiansand.com\\\/de\\\/\",\"logo\":{\"@type\":\"ImageObject\",\"inLanguage\":\"de\",\"@id\":\"https:\\\/\\\/hirtshals-kristiansand.com\\\/de\\\/#\\\/schema\\\/logo\\\/image\\\/\",\"url\":\"https:\\\/\\\/hirtshals-kristiansand.com\\\/de\\\/wp-content\\\/uploads\\\/sites\\\/3\\\/2025\\\/05\\\/hirtshals-kristiansand.svg\",\"contentUrl\":\"https:\\\/\\\/hirtshals-kristiansand.com\\\/de\\\/wp-content\\\/uploads\\\/sites\\\/3\\\/2025\\\/05\\\/hirtshals-kristiansand.svg\",\"width\":800,\"height\":256,\"caption\":\"Hirtshals Kristiansand F\u00e4hre Guide\"},\"image\":{\"@id\":\"https:\\\/\\\/hirtshals-kristiansand.com\\\/de\\\/#\\\/schema\\\/logo\\\/image\\\/\"}}]}<\/script>\n<!-- \/ Yoast SEO plugin. -->","yoast_head_json":{"title":"Color Line Terminal Kristiansand - Hirtshals Kristiansand F\u00e4hre Guide","description":"\u00dcberpr\u00fcfen Sie die notwendigen Informationen zum Color Line-Terminal in Kristiansand Haven: Check-in, Parken und Kontaktdaten.","robots":{"index":"index","follow":"follow","max-snippet":"max-snippet:-1","max-image-preview":"max-image-preview:large","max-video-preview":"max-video-preview:-1"},"canonical":"https:\/\/hirtshals-kristiansand.com\/de\/kristiansand-hafen\/color-line-terminal\/","og_locale":"de_DE","og_type":"article","og_title":"Color Line Terminal Kristiansand - Hirtshals Kristiansand F\u00e4hre Guide","og_description":"\u00dcberpr\u00fcfen Sie die notwendigen Informationen zum Color Line-Terminal in Kristiansand Haven: Check-in, Parken und Kontaktdaten.","og_url":"https:\/\/hirtshals-kristiansand.com\/de\/kristiansand-hafen\/color-line-terminal\/","og_site_name":"Hirtshals Kristiansand F\u00e4hre Guide","article_modified_time":"2026-04-20T13:56:00+00:00","og_image":[{"width":1200,"height":800,"url":"https:\/\/hirtshals-kristiansand.com\/de\/wp-content\/uploads\/sites\/3\/2024\/02\/hirtshals-kristiansand.com-website.jpg","type":"image\/jpeg"}],"twitter_card":"summary_large_image","schema":{"@context":"https:\/\/schema.org","@graph":[{"@type":"WebPage","@id":"https:\/\/hirtshals-kristiansand.com\/de\/kristiansand-hafen\/color-line-terminal\/","url":"https:\/\/hirtshals-kristiansand.com\/de\/kristiansand-hafen\/color-line-terminal\/","name":"Color Line Terminal Kristiansand - Hirtshals Kristiansand F\u00e4hre Guide","isPartOf":{"@id":"https:\/\/hirtshals-kristiansand.com\/de\/#website"},"datePublished":"2024-03-07T10:03:24+00:00","dateModified":"2026-04-20T13:56:00+00:00","description":"\u00dcberpr\u00fcfen Sie die notwendigen Informationen zum Color Line-Terminal in Kristiansand Haven: Check-in, Parken und Kontaktdaten.","breadcrumb":{"@id":"https:\/\/hirtshals-kristiansand.com\/de\/kristiansand-hafen\/color-line-terminal\/#breadcrumb"},"inLanguage":"de","potentialAction":[{"@type":"ReadAction","target":["https:\/\/hirtshals-kristiansand.com\/de\/kristiansand-hafen\/color-line-terminal\/"]}]},{"@type":"BreadcrumbList","@id":"https:\/\/hirtshals-kristiansand.com\/de\/kristiansand-hafen\/color-line-terminal\/#breadcrumb","itemListElement":[{"@type":"ListItem","position":1,"name":"Hirtshals Kristiansand","item":"https:\/\/hirtshals-kristiansand.com\/de\/"},{"@type":"ListItem","position":2,"name":"Kristiansand Hafen","item":"https:\/\/hirtshals-kristiansand.com\/de\/kristiansand-hafen\/"},{"@type":"ListItem","position":3,"name":"Color Line Terminal Kristiansand"}]},{"@type":"WebSite","@id":"https:\/\/hirtshals-kristiansand.com\/de\/#website","url":"https:\/\/hirtshals-kristiansand.com\/de\/","name":"Hirtshals Kristiansand F\u00e4hre Guide","description":"Alles \u00fcber die Hirtshals Kristiansand F\u00e4hr\u00fcberfahrt","publisher":{"@id":"https:\/\/hirtshals-kristiansand.com\/de\/#organization"},"potentialAction":[{"@type":"SearchAction","target":{"@type":"EntryPoint","urlTemplate":"https:\/\/hirtshals-kristiansand.com\/de\/?s={search_term_string}"},"query-input":{"@type":"PropertyValueSpecification","valueRequired":true,"valueName":"search_term_string"}}],"inLanguage":"de"},{"@type":"Organization","@id":"https:\/\/hirtshals-kristiansand.com\/de\/#organization","name":"Hirtshals Kristiansand F\u00e4hre Guide","url":"https:\/\/hirtshals-kristiansand.com\/de\/","logo":{"@type":"ImageObject","inLanguage":"de","@id":"https:\/\/hirtshals-kristiansand.com\/de\/#\/schema\/logo\/image\/","url":"https:\/\/hirtshals-kristiansand.com\/de\/wp-content\/uploads\/sites\/3\/2025\/05\/hirtshals-kristiansand.svg","contentUrl":"https:\/\/hirtshals-kristiansand.com\/de\/wp-content\/uploads\/sites\/3\/2025\/05\/hirtshals-kristiansand.svg","width":800,"height":256,"caption":"Hirtshals Kristiansand F\u00e4hre Guide"},"image":{"@id":"https:\/\/hirtshals-kristiansand.com\/de\/#\/schema\/logo\/image\/"}}]}},"uagb_featured_image_src":{"full":false,"thumbnail":false,"medium":false,"medium_large":false,"large":false,"1536x1536":false,"2048x2048":false},"uagb_author_info":{"display_name":"mail@robberttigchelaar.com","author_link":"https:\/\/hirtshals-kristiansand.com\/de\/author\/mailrobberttigchelaar-com\/"},"uagb_comment_info":0,"uagb_excerpt":"Im Hafen von Kristiansand gibt es ein Color Line-Terminal. Auf dieser Seite erfahren Sie alle wichtigen Informationen zu diesem Terminal. [&hellip;]","_links":{"self":[{"href":"https:\/\/hirtshals-kristiansand.com\/de\/wp-json\/wp\/v2\/pages\/73","targetHints":{"allow":["GET"]}}],"collection":[{"href":"https:\/\/hirtshals-kristiansand.com\/de\/wp-json\/wp\/v2\/pages"}],"about":[{"href":"https:\/\/hirtshals-kristiansand.com\/de\/wp-json\/wp\/v2\/types\/page"}],"author":[{"embeddable":true,"href":"https:\/\/hirtshals-kristiansand.com\/de\/wp-json\/wp\/v2\/users\/1"}],"replies":[{"embeddable":true,"href":"https:\/\/hirtshals-kristiansand.com\/de\/wp-json\/wp\/v2\/comments?post=73"}],"version-history":[{"count":6,"href":"https:\/\/hirtshals-kristiansand.com\/de\/wp-json\/wp\/v2\/pages\/73\/revisions"}],"predecessor-version":[{"id":319,"href":"https:\/\/hirtshals-kristiansand.com\/de\/wp-json\/wp\/v2\/pages\/73\/revisions\/319"}],"up":[{"embeddable":true,"href":"https:\/\/hirtshals-kristiansand.com\/de\/wp-json\/wp\/v2\/pages\/54"}],"wp:attachment":[{"href":"https:\/\/hirtshals-kristiansand.com\/de\/wp-json\/wp\/v2\/media?parent=73"}],"curies":[{"name":"wp","href":"https:\/\/api.w.org\/{rel}","templated":true}]}}