{"id":71,"date":"2024-03-07T09:57:11","date_gmt":"2024-03-07T09:57:11","guid":{"rendered":"https:\/\/hirtshals-kristiansand.com\/de\/?page_id=71"},"modified":"2026-04-20T13:55:49","modified_gmt":"2026-04-20T13:55:49","slug":"fjord-line-terminal","status":"publish","type":"page","link":"https:\/\/hirtshals-kristiansand.com\/de\/hirsthals-hafen\/fjord-line-terminal\/","title":{"rendered":"Fjord Line terminal Hirtshals"},"content":{"rendered":"\n<p>Im Hafen von Hirtshals finden Sie ein Terminal der Fjord Line. Auf dieser Seite erz\u00e4hlen wir Ihnen alles, was Sie \u00fcber dieses Terminal wissen m\u00fcssen. Zum Beispiel die Check-in-Zeiten und die Adresse, damit Sie sich dort problemlos zurechtfinden k\u00f6nnen.<\/p>\n\n\n\n<h2 class=\"wp-block-heading\">Adress- und Kontaktdaten<\/h2>\n\n\n\n<p>Sehen Sie sich die Adresse und Kontaktdaten des Fjord Line-Terminals im Hafen von Hirtshals an.<\/p>\n\n\n\n<ul class=\"wp-block-list\">\n<li><strong>Adresse<\/strong>: Nords\u00f8terminalen, Containerkajen 4, DK-9850, Hirtshals<\/li>\n\n\n\n<li><strong>E-Mail-Adresse:<\/strong> &#8211;<\/li>\n\n\n\n<li><strong>Website:<\/strong> <a href=\"https:\/\/www.fjordline.com\/de\" target=\"_blank\" rel=\"noreferrer noopener\">fjordline.com\/de\/<\/a><\/li>\n\n\n\n<li><strong>Telefonnummer:<\/strong> +47 51 46 40 99<\/li>\n<\/ul>\n\n\n\t\t\t<div \n\t\t\tclass=\"wp-block-uagb-google-map uagb-google-map__wrap uagb-block-34be9771     \"\n\t\t\tstyle=\"\" >\n\t\t\t\t<embed\n\t\t\t\t\tclass=\"uagb-google-map__iframe\"\n\t\t\t\t\ttitle=\"Google Map for \"\n\t\t\t\t\tsrc=\"https:\/\/maps.google.com\/maps?q=%20Nords%C3%B8terminalen%2C%20Containerkajen%204%2C%20DK-9850%2C%20Hirtshals&#038;z=15&#038;hl=en&#038;t=m&#038;output=embed&#038;iwloc=near\"\n\t\t\t\t\twidth=\"640\"\n\t\t\t\t\theight=\"500\"\n\t\t\t\t\tloading=\"lazy\"\n\t\t\t\t><\/embed>\n\t\t\t<\/div>\n\t\t\t\n\n\n<h2 class=\"wp-block-heading\" style=\"margin-top:var(--wp--preset--spacing--40)\">Einchecken<\/h2>\n\n\n\n<p>Fjord Line berichtet, dass Sie mindestens 60 Minuten vor Abflug am Terminal eintreffen sollten. Das Boarding schlie\u00dft 30 Minuten vor Abflug. Achten Sie also darauf, rechtzeitig einzuchecken. Werfen Sie einen Blick auf den <a href=\"https:\/\/hirtshals-kristiansand.com\/de\/fahrplan\/\">Fahrplan von Fjord Line f\u00fcr Hirtshals Kristiansand<\/a>.<\/p>\n\n\n\n<h2 class=\"wp-block-heading\" style=\"margin-top:var(--wp--preset--spacing--40)\">Parken am Terminal<\/h2>\n\n\n\n<p>Wenn Sie als Fu\u00dfpassagier einsteigen, k\u00f6nnen Sie Ihr Auto am Terminal parken. Bitte beachten Sie: Die Anzahl der Parkpl\u00e4tze ist begrenzt. Sie k\u00f6nnen einen Parkplatz auch nicht im Voraus reservieren. Es wird daher dringend empfohlen, das Auto im Zentrum von Hirtshals zu parken und dann mit \u00f6ffentlichen Verkehrsmitteln zum Hafen zu fahren.<\/p>\n\n\n\n<p>Es besteht auch die M\u00f6glichkeit, Ihr Auto auf dem Parkplatz des Hotels Skagas zu parken. Dies k\u00f6nnen Sie an der Hotelrezeption unter der Rufnummer +45 98 94 55 00 erfragen.<\/p>\n\n\n\n<h2 class=\"wp-block-heading\">Einrichtungen am Terminal<\/h2>\n\n\n\n<p>\u00dcberpr\u00fcfen Sie alle Einrichtungen in der N\u00e4he des Terminals am Hafen:<\/p>\n\n\n\n<ul class=\"wp-block-list\">\n<li><strong>Toiletten:<\/strong>&nbsp;Ja, im Erdgeschoss in der N\u00e4he des Terminals<\/li>\n\n\n\n<li><strong>Schlie\u00dff\u00e4cher:<\/strong>&nbsp;Nein<\/li>\n\n\n\n<li><strong>Speisen und Getr\u00e4nke:<\/strong>&nbsp;Ja, Kaffee- und Erfrischungsgetr\u00e4nkeautomaten im Erdgeschoss der Abflughalle<\/li>\n\n\n\n<li><strong>Geldautomaten:<\/strong>&nbsp;Nein<\/li>\n<\/ul>\n\n\n\n<h2 class=\"wp-block-heading\">Zahlungsm\u00f6glichkeiten am Terminal<\/h2>\n\n\n\n<p>An den Schaltern am Fjord Line-Terminal k\u00f6nnen Sie mit folgenden W\u00e4hrungen bezahlen:<\/p>\n\n\n\n<ul class=\"wp-block-list\">\n<li>D\u00e4nische Kronen<\/li>\n\n\n\n<li>Norwegische Kronen<\/li>\n\n\n\n<li>Euro<\/li>\n<\/ul>\n\n\n\n<p>Bitte beachten Sie: Zahlungen mit M\u00fcnzen sind nur mit d\u00e4nischen Kronen m\u00f6glich. Mit Karte bezahlen? Dann k\u00f6nnen Sie folgende Zahlungskarten nutzen:<\/p>\n\n\n\n<ul class=\"wp-block-list\">\n<li>VISA<\/li>\n\n\n\n<li>MasterCard<\/li>\n\n\n\n<li>Mobile Pay<\/li>\n\n\n\n<li>Vipps<\/li>\n\n\n\n<li>Maestro<\/li>\n\n\n\n<li>Diners<\/li>\n\n\n\n<li>American Express<\/li>\n<\/ul>\n\n\n\n<h2 class=\"wp-block-heading\">Weitere Informationen zum Hafen von Hirtshals<\/h2>\n\n\n\n<p>Schauen Sie sich die Seite \u00fcber den <a href=\"https:\/\/hirtshals-kristiansand.com\/de\/hirsthals-hafen\/\">Hafen von Hirtshals<\/a> an, um Wegbeschreibungen und allgemeine Informationen \u00fcber den Hafen zu erhalten.<\/p>\n","protected":false},"excerpt":{"rendered":"<p>Im Hafen von Hirtshals finden Sie ein Terminal der Fjord Line. Auf dieser Seite erz\u00e4hlen wir Ihnen alles, was Sie [&hellip;]<\/p>\n","protected":false},"author":1,"featured_media":0,"parent":52,"menu_order":0,"comment_status":"closed","ping_status":"closed","template":"","meta":{"inline_featured_image":false,"_uag_custom_page_level_css":"","site-sidebar-layout":"default","site-content-layout":"","ast-site-content-layout":"default","site-content-style":"default","site-sidebar-style":"default","ast-global-header-display":"","ast-banner-title-visibility":"","ast-main-header-display":"","ast-hfb-above-header-display":"","ast-hfb-below-header-display":"","ast-hfb-mobile-header-display":"","site-post-title":"","ast-breadcrumbs-content":"","ast-featured-img":"","footer-sml-layout":"","ast-disable-related-posts":"","theme-transparent-header-meta":"","adv-header-id-meta":"","stick-header-meta":"","header-above-stick-meta":"","header-main-stick-meta":"","header-below-stick-meta":"","astra-migrate-meta-layouts":"default","ast-page-background-enabled":"default","ast-page-background-meta":{"desktop":{"background-color":"var(--ast-global-color-4)","background-image":"","background-repeat":"repeat","background-position":"center center","background-size":"auto","background-attachment":"scroll","background-type":"","background-media":"","overlay-type":"","overlay-color":"","overlay-opacity":"","overlay-gradient":""},"tablet":{"background-color":"","background-image":"","background-repeat":"repeat","background-position":"center center","background-size":"auto","background-attachment":"scroll","background-type":"","background-media":"","overlay-type":"","overlay-color":"","overlay-opacity":"","overlay-gradient":""},"mobile":{"background-color":"","background-image":"","background-repeat":"repeat","background-position":"center center","background-size":"auto","background-attachment":"scroll","background-type":"","background-media":"","overlay-type":"","overlay-color":"","overlay-opacity":"","overlay-gradient":""}},"ast-content-background-meta":{"desktop":{"background-color":"var(--ast-global-color-5)","background-image":"","background-repeat":"repeat","background-position":"center center","background-size":"auto","background-attachment":"scroll","background-type":"","background-media":"","overlay-type":"","overlay-color":"","overlay-opacity":"","overlay-gradient":""},"tablet":{"background-color":"var(--ast-global-color-5)","background-image":"","background-repeat":"repeat","background-position":"center center","background-size":"auto","background-attachment":"scroll","background-type":"","background-media":"","overlay-type":"","overlay-color":"","overlay-opacity":"","overlay-gradient":""},"mobile":{"background-color":"var(--ast-global-color-5)","background-image":"","background-repeat":"repeat","background-position":"center center","background-size":"auto","background-attachment":"scroll","background-type":"","background-media":"","overlay-type":"","overlay-color":"","overlay-opacity":"","overlay-gradient":""}},"footnotes":""},"class_list":["post-71","page","type-page","status-publish","hentry"],"yoast_head":"<!-- This site is optimized with the Yoast SEO plugin v27.4 - https:\/\/yoast.com\/product\/yoast-seo-wordpress\/ -->\n<title>Fjord Line terminal Hirtshals - Hirtshals Kristiansand F\u00e4hre Guide<\/title>\n<meta name=\"description\" content=\"\u00dcberpr\u00fcfen Sie die notwendigen Informationen zum Fjord Line-Terminal im Hafen von Hirtshals: Check-in, Parken und Kontaktdaten.\" \/>\n<meta name=\"robots\" content=\"index, follow, max-snippet:-1, max-image-preview:large, max-video-preview:-1\" \/>\n<link rel=\"canonical\" href=\"https:\/\/hirtshals-kristiansand.com\/de\/hirsthals-hafen\/fjord-line-terminal\/\" \/>\n<meta property=\"og:locale\" content=\"de_DE\" \/>\n<meta property=\"og:type\" content=\"article\" \/>\n<meta property=\"og:title\" content=\"Fjord Line terminal Hirtshals - Hirtshals Kristiansand F\u00e4hre Guide\" \/>\n<meta property=\"og:description\" content=\"\u00dcberpr\u00fcfen Sie die notwendigen Informationen zum Fjord Line-Terminal im Hafen von Hirtshals: Check-in, Parken und Kontaktdaten.\" \/>\n<meta property=\"og:url\" content=\"https:\/\/hirtshals-kristiansand.com\/de\/hirsthals-hafen\/fjord-line-terminal\/\" \/>\n<meta property=\"og:site_name\" content=\"Hirtshals Kristiansand F\u00e4hre Guide\" \/>\n<meta property=\"article:modified_time\" content=\"2026-04-20T13:55:49+00:00\" \/>\n<meta property=\"og:image\" content=\"https:\/\/hirtshals-kristiansand.com\/de\/wp-content\/uploads\/sites\/3\/2024\/02\/hirtshals-kristiansand.com-website.jpg\" \/>\n\t<meta property=\"og:image:width\" content=\"1200\" \/>\n\t<meta property=\"og:image:height\" content=\"800\" \/>\n\t<meta property=\"og:image:type\" content=\"image\/jpeg\" \/>\n<meta name=\"twitter:card\" content=\"summary_large_image\" \/>\n<meta name=\"twitter:label1\" content=\"Gesch\u00e4tzte Lesezeit\" \/>\n\t<meta name=\"twitter:data1\" content=\"2\u00a0Minuten\" \/>\n<script type=\"application\/ld+json\" class=\"yoast-schema-graph\">{\"@context\":\"https:\\\/\\\/schema.org\",\"@graph\":[{\"@type\":\"WebPage\",\"@id\":\"https:\\\/\\\/hirtshals-kristiansand.com\\\/de\\\/hirsthals-hafen\\\/fjord-line-terminal\\\/\",\"url\":\"https:\\\/\\\/hirtshals-kristiansand.com\\\/de\\\/hirsthals-hafen\\\/fjord-line-terminal\\\/\",\"name\":\"Fjord Line terminal Hirtshals - Hirtshals Kristiansand F\u00e4hre Guide\",\"isPartOf\":{\"@id\":\"https:\\\/\\\/hirtshals-kristiansand.com\\\/de\\\/#website\"},\"datePublished\":\"2024-03-07T09:57:11+00:00\",\"dateModified\":\"2026-04-20T13:55:49+00:00\",\"description\":\"\u00dcberpr\u00fcfen Sie die notwendigen Informationen zum Fjord Line-Terminal im Hafen von Hirtshals: Check-in, Parken und Kontaktdaten.\",\"breadcrumb\":{\"@id\":\"https:\\\/\\\/hirtshals-kristiansand.com\\\/de\\\/hirsthals-hafen\\\/fjord-line-terminal\\\/#breadcrumb\"},\"inLanguage\":\"de\",\"potentialAction\":[{\"@type\":\"ReadAction\",\"target\":[\"https:\\\/\\\/hirtshals-kristiansand.com\\\/de\\\/hirsthals-hafen\\\/fjord-line-terminal\\\/\"]}]},{\"@type\":\"BreadcrumbList\",\"@id\":\"https:\\\/\\\/hirtshals-kristiansand.com\\\/de\\\/hirsthals-hafen\\\/fjord-line-terminal\\\/#breadcrumb\",\"itemListElement\":[{\"@type\":\"ListItem\",\"position\":1,\"name\":\"Hirtshals Kristiansand\",\"item\":\"https:\\\/\\\/hirtshals-kristiansand.com\\\/de\\\/\"},{\"@type\":\"ListItem\",\"position\":2,\"name\":\"Hirtshals Hafen\",\"item\":\"https:\\\/\\\/hirtshals-kristiansand.com\\\/de\\\/hirsthals-hafen\\\/\"},{\"@type\":\"ListItem\",\"position\":3,\"name\":\"Fjord Line terminal Hirtshals\"}]},{\"@type\":\"WebSite\",\"@id\":\"https:\\\/\\\/hirtshals-kristiansand.com\\\/de\\\/#website\",\"url\":\"https:\\\/\\\/hirtshals-kristiansand.com\\\/de\\\/\",\"name\":\"Hirtshals Kristiansand F\u00e4hre Guide\",\"description\":\"Alles \u00fcber die Hirtshals Kristiansand F\u00e4hr\u00fcberfahrt\",\"publisher\":{\"@id\":\"https:\\\/\\\/hirtshals-kristiansand.com\\\/de\\\/#organization\"},\"potentialAction\":[{\"@type\":\"SearchAction\",\"target\":{\"@type\":\"EntryPoint\",\"urlTemplate\":\"https:\\\/\\\/hirtshals-kristiansand.com\\\/de\\\/?s={search_term_string}\"},\"query-input\":{\"@type\":\"PropertyValueSpecification\",\"valueRequired\":true,\"valueName\":\"search_term_string\"}}],\"inLanguage\":\"de\"},{\"@type\":\"Organization\",\"@id\":\"https:\\\/\\\/hirtshals-kristiansand.com\\\/de\\\/#organization\",\"name\":\"Hirtshals Kristiansand F\u00e4hre Guide\",\"url\":\"https:\\\/\\\/hirtshals-kristiansand.com\\\/de\\\/\",\"logo\":{\"@type\":\"ImageObject\",\"inLanguage\":\"de\",\"@id\":\"https:\\\/\\\/hirtshals-kristiansand.com\\\/de\\\/#\\\/schema\\\/logo\\\/image\\\/\",\"url\":\"https:\\\/\\\/hirtshals-kristiansand.com\\\/de\\\/wp-content\\\/uploads\\\/sites\\\/3\\\/2025\\\/05\\\/hirtshals-kristiansand.svg\",\"contentUrl\":\"https:\\\/\\\/hirtshals-kristiansand.com\\\/de\\\/wp-content\\\/uploads\\\/sites\\\/3\\\/2025\\\/05\\\/hirtshals-kristiansand.svg\",\"width\":800,\"height\":256,\"caption\":\"Hirtshals Kristiansand F\u00e4hre Guide\"},\"image\":{\"@id\":\"https:\\\/\\\/hirtshals-kristiansand.com\\\/de\\\/#\\\/schema\\\/logo\\\/image\\\/\"}}]}<\/script>\n<!-- \/ Yoast SEO plugin. -->","yoast_head_json":{"title":"Fjord Line terminal Hirtshals - Hirtshals Kristiansand F\u00e4hre Guide","description":"\u00dcberpr\u00fcfen Sie die notwendigen Informationen zum Fjord Line-Terminal im Hafen von Hirtshals: Check-in, Parken und Kontaktdaten.","robots":{"index":"index","follow":"follow","max-snippet":"max-snippet:-1","max-image-preview":"max-image-preview:large","max-video-preview":"max-video-preview:-1"},"canonical":"https:\/\/hirtshals-kristiansand.com\/de\/hirsthals-hafen\/fjord-line-terminal\/","og_locale":"de_DE","og_type":"article","og_title":"Fjord Line terminal Hirtshals - Hirtshals Kristiansand F\u00e4hre Guide","og_description":"\u00dcberpr\u00fcfen Sie die notwendigen Informationen zum Fjord Line-Terminal im Hafen von Hirtshals: Check-in, Parken und Kontaktdaten.","og_url":"https:\/\/hirtshals-kristiansand.com\/de\/hirsthals-hafen\/fjord-line-terminal\/","og_site_name":"Hirtshals Kristiansand F\u00e4hre Guide","article_modified_time":"2026-04-20T13:55:49+00:00","og_image":[{"width":1200,"height":800,"url":"https:\/\/hirtshals-kristiansand.com\/de\/wp-content\/uploads\/sites\/3\/2024\/02\/hirtshals-kristiansand.com-website.jpg","type":"image\/jpeg"}],"twitter_card":"summary_large_image","twitter_misc":{"Gesch\u00e4tzte Lesezeit":"2\u00a0Minuten"},"schema":{"@context":"https:\/\/schema.org","@graph":[{"@type":"WebPage","@id":"https:\/\/hirtshals-kristiansand.com\/de\/hirsthals-hafen\/fjord-line-terminal\/","url":"https:\/\/hirtshals-kristiansand.com\/de\/hirsthals-hafen\/fjord-line-terminal\/","name":"Fjord Line terminal Hirtshals - Hirtshals Kristiansand F\u00e4hre Guide","isPartOf":{"@id":"https:\/\/hirtshals-kristiansand.com\/de\/#website"},"datePublished":"2024-03-07T09:57:11+00:00","dateModified":"2026-04-20T13:55:49+00:00","description":"\u00dcberpr\u00fcfen Sie die notwendigen Informationen zum Fjord Line-Terminal im Hafen von Hirtshals: Check-in, Parken und Kontaktdaten.","breadcrumb":{"@id":"https:\/\/hirtshals-kristiansand.com\/de\/hirsthals-hafen\/fjord-line-terminal\/#breadcrumb"},"inLanguage":"de","potentialAction":[{"@type":"ReadAction","target":["https:\/\/hirtshals-kristiansand.com\/de\/hirsthals-hafen\/fjord-line-terminal\/"]}]},{"@type":"BreadcrumbList","@id":"https:\/\/hirtshals-kristiansand.com\/de\/hirsthals-hafen\/fjord-line-terminal\/#breadcrumb","itemListElement":[{"@type":"ListItem","position":1,"name":"Hirtshals Kristiansand","item":"https:\/\/hirtshals-kristiansand.com\/de\/"},{"@type":"ListItem","position":2,"name":"Hirtshals Hafen","item":"https:\/\/hirtshals-kristiansand.com\/de\/hirsthals-hafen\/"},{"@type":"ListItem","position":3,"name":"Fjord Line terminal Hirtshals"}]},{"@type":"WebSite","@id":"https:\/\/hirtshals-kristiansand.com\/de\/#website","url":"https:\/\/hirtshals-kristiansand.com\/de\/","name":"Hirtshals Kristiansand F\u00e4hre Guide","description":"Alles \u00fcber die Hirtshals Kristiansand F\u00e4hr\u00fcberfahrt","publisher":{"@id":"https:\/\/hirtshals-kristiansand.com\/de\/#organization"},"potentialAction":[{"@type":"SearchAction","target":{"@type":"EntryPoint","urlTemplate":"https:\/\/hirtshals-kristiansand.com\/de\/?s={search_term_string}"},"query-input":{"@type":"PropertyValueSpecification","valueRequired":true,"valueName":"search_term_string"}}],"inLanguage":"de"},{"@type":"Organization","@id":"https:\/\/hirtshals-kristiansand.com\/de\/#organization","name":"Hirtshals Kristiansand F\u00e4hre Guide","url":"https:\/\/hirtshals-kristiansand.com\/de\/","logo":{"@type":"ImageObject","inLanguage":"de","@id":"https:\/\/hirtshals-kristiansand.com\/de\/#\/schema\/logo\/image\/","url":"https:\/\/hirtshals-kristiansand.com\/de\/wp-content\/uploads\/sites\/3\/2025\/05\/hirtshals-kristiansand.svg","contentUrl":"https:\/\/hirtshals-kristiansand.com\/de\/wp-content\/uploads\/sites\/3\/2025\/05\/hirtshals-kristiansand.svg","width":800,"height":256,"caption":"Hirtshals Kristiansand F\u00e4hre Guide"},"image":{"@id":"https:\/\/hirtshals-kristiansand.com\/de\/#\/schema\/logo\/image\/"}}]}},"uagb_featured_image_src":{"full":false,"thumbnail":false,"medium":false,"medium_large":false,"large":false,"1536x1536":false,"2048x2048":false},"uagb_author_info":{"display_name":"mail@robberttigchelaar.com","author_link":"https:\/\/hirtshals-kristiansand.com\/de\/author\/mailrobberttigchelaar-com\/"},"uagb_comment_info":0,"uagb_excerpt":"Im Hafen von Hirtshals finden Sie ein Terminal der Fjord Line. Auf dieser Seite erz\u00e4hlen wir Ihnen alles, was Sie [&hellip;]","_links":{"self":[{"href":"https:\/\/hirtshals-kristiansand.com\/de\/wp-json\/wp\/v2\/pages\/71","targetHints":{"allow":["GET"]}}],"collection":[{"href":"https:\/\/hirtshals-kristiansand.com\/de\/wp-json\/wp\/v2\/pages"}],"about":[{"href":"https:\/\/hirtshals-kristiansand.com\/de\/wp-json\/wp\/v2\/types\/page"}],"author":[{"embeddable":true,"href":"https:\/\/hirtshals-kristiansand.com\/de\/wp-json\/wp\/v2\/users\/1"}],"replies":[{"embeddable":true,"href":"https:\/\/hirtshals-kristiansand.com\/de\/wp-json\/wp\/v2\/comments?post=71"}],"version-history":[{"count":6,"href":"https:\/\/hirtshals-kristiansand.com\/de\/wp-json\/wp\/v2\/pages\/71\/revisions"}],"predecessor-version":[{"id":318,"href":"https:\/\/hirtshals-kristiansand.com\/de\/wp-json\/wp\/v2\/pages\/71\/revisions\/318"}],"up":[{"embeddable":true,"href":"https:\/\/hirtshals-kristiansand.com\/de\/wp-json\/wp\/v2\/pages\/52"}],"wp:attachment":[{"href":"https:\/\/hirtshals-kristiansand.com\/de\/wp-json\/wp\/v2\/media?parent=71"}],"curies":[{"name":"wp","href":"https:\/\/api.w.org\/{rel}","templated":true}]}}