{"id":69,"date":"2024-03-07T09:52:47","date_gmt":"2024-03-07T09:52:47","guid":{"rendered":"https:\/\/hirtshals-kristiansand.com\/de\/?page_id=69"},"modified":"2026-04-20T13:55:30","modified_gmt":"2026-04-20T13:55:30","slug":"color-line-terminal","status":"publish","type":"page","link":"https:\/\/hirtshals-kristiansand.com\/de\/hirsthals-hafen\/color-line-terminal\/","title":{"rendered":"Hirtshals Color Line Terminal"},"content":{"rendered":"\n<p>Im Hafen von Hirtshals gibt es ein Color-Line-Terminal. Auf dieser Seite erz\u00e4hlen wir Ihnen alles, was Sie \u00fcber dieses Terminal wissen m\u00fcssen.<\/p>\n\n\n\n<h2 class=\"wp-block-heading\">Adress- und Kontaktdaten<\/h2>\n\n\n\n<p>Sehen Sie sich unten die Adresse und Kontaktdaten des Color Line-Terminals im Hafen von Hirtshals an.<\/p>\n\n\n\n<ul class=\"wp-block-list\">\n<li><strong>Adresse: <\/strong>Faergeterminalen Norgeskajen 2, 9850 Hirtshals<\/li>\n\n\n\n<li><strong>E-Mail-Adresse:<\/strong> &#8211;<\/li>\n\n\n\n<li><strong>Website:<\/strong> <a href=\"https:\/\/www.colorline.de\/\" target=\"_blank\" rel=\"noreferrer noopener\">https:\/\/www.colorline.de\/<\/a><\/li>\n\n\n\n<li><strong>Telefonnummer: <\/strong>+45 99 56 19 00<\/li>\n<\/ul>\n\n\n\n<p>\u00dcberpr\u00fcfen Sie das Color Line Terminal auf der Karte:<\/p>\n\n\n\t\t\t<div \n\t\t\tclass=\"wp-block-uagb-google-map uagb-google-map__wrap uagb-block-34be9771     \"\n\t\t\tstyle=\"\" >\n\t\t\t\t<embed\n\t\t\t\t\tclass=\"uagb-google-map__iframe\"\n\t\t\t\t\ttitle=\"Google Map for \"\n\t\t\t\t\tsrc=\"https:\/\/maps.google.com\/maps?q=F%C3%A6rgeterminalen%20Norgeskajen%202%2C%209850%20Hirtshals&#038;z=15&#038;hl=en&#038;t=m&#038;output=embed&#038;iwloc=near\"\n\t\t\t\t\twidth=\"640\"\n\t\t\t\t\theight=\"500\"\n\t\t\t\t\tloading=\"lazy\"\n\t\t\t\t><\/embed>\n\t\t\t<\/div>\n\t\t\t\n\n\n<h2 class=\"wp-block-heading\" style=\"margin-top:var(--wp--preset--spacing--40)\">Einchecken<\/h2>\n\n\n\n<p>Alle Passagiere m\u00fcssen mindestens 60 Minuten vor Abflug am Terminal eintreffen. Das gilt f\u00fcr alle: mit oder ohne Auto. Passagiere ohne Auto k\u00f6nnen im zweiten Stock des Terminals einchecken. Passagiere mit einem Auto k\u00f6nnen direkt am Pier einchecken.<\/p>\n\n\n\n<p><strong>Bitte beachten Sie:<\/strong> Der Check-in \u00f6ffnet eine Stunde vor Abflug und schlie\u00dft 15 Minuten vor Abflug. Weitere Informationen zum <a href=\"https:\/\/hirtshals-kristiansand.com\/de\/fahrplan\/\">Color Line-Fahrplan f\u00fcr Hirtshals Kristiansand<\/a> finden Sie hier.<\/p>\n\n\n\n<h2 class=\"wp-block-heading\">Parken am Terminal<\/h2>\n\n\n\n<p>Steigen Sie als Fu\u00dfpassagier in die Color Line ein? Dann k\u00f6nnen Sie Ihr Auto auf dem \u00f6ffentlichen Parkplatz des Hafens von Hirtshals parken.<strong> Bitte beachten Sie, dass die Anzahl der Parkpl\u00e4tze begrenzt ist und Sie diese leider nicht im Voraus reservieren oder buchen k\u00f6nnen<\/strong>. Im Zentrum von Hirtshals gibt es gute Parkm\u00f6glichkeiten. Anschlie\u00dfend k\u00f6nnen Sie mit \u00f6ffentlichen Verkehrsmitteln (Zug und Bus) zum Hafen fahren und Ihre Reise fortsetzen.<\/p>\n\n\n\n<h2 class=\"wp-block-heading\">Einrichtungen am Terminal<\/h2>\n\n\n\n<ul class=\"wp-block-list\">\n<li><strong>Schlie\u00dff\u00e4cher:&nbsp;<\/strong>Nein<\/li>\n\n\n\n<li><strong>Geldautomat:&nbsp;<\/strong>An Bord<\/li>\n\n\n\n<li><strong>Essen &amp; Trinken:<\/strong> Im Hafengebiet gibt es Restaurants<\/li>\n\n\n\n<li><strong>Toiletten:&nbsp;<\/strong>Ja, in der N\u00e4he des Terminals<\/li>\n<\/ul>\n\n\n\n<h2 class=\"wp-block-heading\">Zahlungsm\u00f6glichkeiten bei Color Line<\/h2>\n\n\n\n<p>Die folgenden W\u00e4hrungen werden bei Color Line akzeptiert:<\/p>\n\n\n\n<ul class=\"wp-block-list\">\n<li>D\u00e4nische Krone<\/li>\n\n\n\n<li>Norwegische Krone<\/li>\n\n\n\n<li>Euro<\/li>\n<\/ul>\n\n\n\n<h2 class=\"wp-block-heading\">Weitere Informationen zum Hafen von Hirtshals<\/h2>\n\n\n\n<p>Sind Sie neugierig, wie Sie zum Hafen von Hirtshals gelangen? Oder einen guten Eindruck davon bekommen, wie dieser Hafen aussieht? Dann besuchen Sie die informative Seite mit allgemeinen Informationen \u00fcber den <a href=\"https:\/\/hirtshals-kristiansand.com\/de\/hirsthals-hafen\/\">Hafen von Hirtshals<\/a>.<\/p>\n","protected":false},"excerpt":{"rendered":"<p>Im Hafen von Hirtshals gibt es ein Color-Line-Terminal. Auf dieser Seite erz\u00e4hlen wir Ihnen alles, was Sie \u00fcber dieses Terminal [&hellip;]<\/p>\n","protected":false},"author":1,"featured_media":0,"parent":52,"menu_order":0,"comment_status":"closed","ping_status":"closed","template":"","meta":{"inline_featured_image":false,"_uag_custom_page_level_css":"","site-sidebar-layout":"default","site-content-layout":"","ast-site-content-layout":"default","site-content-style":"default","site-sidebar-style":"default","ast-global-header-display":"","ast-banner-title-visibility":"","ast-main-header-display":"","ast-hfb-above-header-display":"","ast-hfb-below-header-display":"","ast-hfb-mobile-header-display":"","site-post-title":"","ast-breadcrumbs-content":"","ast-featured-img":"","footer-sml-layout":"","ast-disable-related-posts":"","theme-transparent-header-meta":"","adv-header-id-meta":"","stick-header-meta":"","header-above-stick-meta":"","header-main-stick-meta":"","header-below-stick-meta":"","astra-migrate-meta-layouts":"default","ast-page-background-enabled":"default","ast-page-background-meta":{"desktop":{"background-color":"var(--ast-global-color-4)","background-image":"","background-repeat":"repeat","background-position":"center center","background-size":"auto","background-attachment":"scroll","background-type":"","background-media":"","overlay-type":"","overlay-color":"","overlay-opacity":"","overlay-gradient":""},"tablet":{"background-color":"","background-image":"","background-repeat":"repeat","background-position":"center center","background-size":"auto","background-attachment":"scroll","background-type":"","background-media":"","overlay-type":"","overlay-color":"","overlay-opacity":"","overlay-gradient":""},"mobile":{"background-color":"","background-image":"","background-repeat":"repeat","background-position":"center center","background-size":"auto","background-attachment":"scroll","background-type":"","background-media":"","overlay-type":"","overlay-color":"","overlay-opacity":"","overlay-gradient":""}},"ast-content-background-meta":{"desktop":{"background-color":"var(--ast-global-color-5)","background-image":"","background-repeat":"repeat","background-position":"center center","background-size":"auto","background-attachment":"scroll","background-type":"","background-media":"","overlay-type":"","overlay-color":"","overlay-opacity":"","overlay-gradient":""},"tablet":{"background-color":"var(--ast-global-color-5)","background-image":"","background-repeat":"repeat","background-position":"center center","background-size":"auto","background-attachment":"scroll","background-type":"","background-media":"","overlay-type":"","overlay-color":"","overlay-opacity":"","overlay-gradient":""},"mobile":{"background-color":"var(--ast-global-color-5)","background-image":"","background-repeat":"repeat","background-position":"center center","background-size":"auto","background-attachment":"scroll","background-type":"","background-media":"","overlay-type":"","overlay-color":"","overlay-opacity":"","overlay-gradient":""}},"footnotes":""},"class_list":["post-69","page","type-page","status-publish","hentry"],"yoast_head":"<!-- This site is optimized with the Yoast SEO plugin v27.4 - https:\/\/yoast.com\/product\/yoast-seo-wordpress\/ -->\n<title>Hirtshals Color Line Terminal - Hirtshals Kristiansand F\u00e4hre Guide<\/title>\n<meta name=\"description\" content=\"\u00dcberpr\u00fcfen Sie die notwendigen Informationen zum Color Line-Terminal im Hafen von Hirtshals: Check-in, Parken und Kontaktdaten.\" \/>\n<meta name=\"robots\" content=\"index, follow, max-snippet:-1, max-image-preview:large, max-video-preview:-1\" \/>\n<link rel=\"canonical\" href=\"https:\/\/hirtshals-kristiansand.com\/de\/hirsthals-hafen\/color-line-terminal\/\" \/>\n<meta property=\"og:locale\" content=\"de_DE\" \/>\n<meta property=\"og:type\" content=\"article\" \/>\n<meta property=\"og:title\" content=\"Hirtshals Color Line Terminal - Hirtshals Kristiansand F\u00e4hre Guide\" \/>\n<meta property=\"og:description\" content=\"\u00dcberpr\u00fcfen Sie die notwendigen Informationen zum Color Line-Terminal im Hafen von Hirtshals: Check-in, Parken und Kontaktdaten.\" \/>\n<meta property=\"og:url\" content=\"https:\/\/hirtshals-kristiansand.com\/de\/hirsthals-hafen\/color-line-terminal\/\" \/>\n<meta property=\"og:site_name\" content=\"Hirtshals Kristiansand F\u00e4hre Guide\" \/>\n<meta property=\"article:modified_time\" content=\"2026-04-20T13:55:30+00:00\" \/>\n<meta property=\"og:image\" content=\"https:\/\/hirtshals-kristiansand.com\/de\/wp-content\/uploads\/sites\/3\/2024\/02\/hirtshals-kristiansand.com-website.jpg\" \/>\n\t<meta property=\"og:image:width\" content=\"1200\" \/>\n\t<meta property=\"og:image:height\" content=\"800\" \/>\n\t<meta property=\"og:image:type\" content=\"image\/jpeg\" \/>\n<meta name=\"twitter:card\" content=\"summary_large_image\" \/>\n<script type=\"application\/ld+json\" class=\"yoast-schema-graph\">{\"@context\":\"https:\\\/\\\/schema.org\",\"@graph\":[{\"@type\":\"WebPage\",\"@id\":\"https:\\\/\\\/hirtshals-kristiansand.com\\\/de\\\/hirsthals-hafen\\\/color-line-terminal\\\/\",\"url\":\"https:\\\/\\\/hirtshals-kristiansand.com\\\/de\\\/hirsthals-hafen\\\/color-line-terminal\\\/\",\"name\":\"Hirtshals Color Line Terminal - Hirtshals Kristiansand F\u00e4hre Guide\",\"isPartOf\":{\"@id\":\"https:\\\/\\\/hirtshals-kristiansand.com\\\/de\\\/#website\"},\"datePublished\":\"2024-03-07T09:52:47+00:00\",\"dateModified\":\"2026-04-20T13:55:30+00:00\",\"description\":\"\u00dcberpr\u00fcfen Sie die notwendigen Informationen zum Color Line-Terminal im Hafen von Hirtshals: Check-in, Parken und Kontaktdaten.\",\"breadcrumb\":{\"@id\":\"https:\\\/\\\/hirtshals-kristiansand.com\\\/de\\\/hirsthals-hafen\\\/color-line-terminal\\\/#breadcrumb\"},\"inLanguage\":\"de\",\"potentialAction\":[{\"@type\":\"ReadAction\",\"target\":[\"https:\\\/\\\/hirtshals-kristiansand.com\\\/de\\\/hirsthals-hafen\\\/color-line-terminal\\\/\"]}]},{\"@type\":\"BreadcrumbList\",\"@id\":\"https:\\\/\\\/hirtshals-kristiansand.com\\\/de\\\/hirsthals-hafen\\\/color-line-terminal\\\/#breadcrumb\",\"itemListElement\":[{\"@type\":\"ListItem\",\"position\":1,\"name\":\"Hirtshals Kristiansand\",\"item\":\"https:\\\/\\\/hirtshals-kristiansand.com\\\/de\\\/\"},{\"@type\":\"ListItem\",\"position\":2,\"name\":\"Hirtshals Hafen\",\"item\":\"https:\\\/\\\/hirtshals-kristiansand.com\\\/de\\\/hirsthals-hafen\\\/\"},{\"@type\":\"ListItem\",\"position\":3,\"name\":\"Hirtshals Color Line Terminal\"}]},{\"@type\":\"WebSite\",\"@id\":\"https:\\\/\\\/hirtshals-kristiansand.com\\\/de\\\/#website\",\"url\":\"https:\\\/\\\/hirtshals-kristiansand.com\\\/de\\\/\",\"name\":\"Hirtshals Kristiansand F\u00e4hre Guide\",\"description\":\"Alles \u00fcber die Hirtshals Kristiansand F\u00e4hr\u00fcberfahrt\",\"publisher\":{\"@id\":\"https:\\\/\\\/hirtshals-kristiansand.com\\\/de\\\/#organization\"},\"potentialAction\":[{\"@type\":\"SearchAction\",\"target\":{\"@type\":\"EntryPoint\",\"urlTemplate\":\"https:\\\/\\\/hirtshals-kristiansand.com\\\/de\\\/?s={search_term_string}\"},\"query-input\":{\"@type\":\"PropertyValueSpecification\",\"valueRequired\":true,\"valueName\":\"search_term_string\"}}],\"inLanguage\":\"de\"},{\"@type\":\"Organization\",\"@id\":\"https:\\\/\\\/hirtshals-kristiansand.com\\\/de\\\/#organization\",\"name\":\"Hirtshals Kristiansand F\u00e4hre Guide\",\"url\":\"https:\\\/\\\/hirtshals-kristiansand.com\\\/de\\\/\",\"logo\":{\"@type\":\"ImageObject\",\"inLanguage\":\"de\",\"@id\":\"https:\\\/\\\/hirtshals-kristiansand.com\\\/de\\\/#\\\/schema\\\/logo\\\/image\\\/\",\"url\":\"https:\\\/\\\/hirtshals-kristiansand.com\\\/de\\\/wp-content\\\/uploads\\\/sites\\\/3\\\/2025\\\/05\\\/hirtshals-kristiansand.svg\",\"contentUrl\":\"https:\\\/\\\/hirtshals-kristiansand.com\\\/de\\\/wp-content\\\/uploads\\\/sites\\\/3\\\/2025\\\/05\\\/hirtshals-kristiansand.svg\",\"width\":800,\"height\":256,\"caption\":\"Hirtshals Kristiansand F\u00e4hre Guide\"},\"image\":{\"@id\":\"https:\\\/\\\/hirtshals-kristiansand.com\\\/de\\\/#\\\/schema\\\/logo\\\/image\\\/\"}}]}<\/script>\n<!-- \/ Yoast SEO plugin. -->","yoast_head_json":{"title":"Hirtshals Color Line Terminal - Hirtshals Kristiansand F\u00e4hre Guide","description":"\u00dcberpr\u00fcfen Sie die notwendigen Informationen zum Color Line-Terminal im Hafen von Hirtshals: Check-in, Parken und Kontaktdaten.","robots":{"index":"index","follow":"follow","max-snippet":"max-snippet:-1","max-image-preview":"max-image-preview:large","max-video-preview":"max-video-preview:-1"},"canonical":"https:\/\/hirtshals-kristiansand.com\/de\/hirsthals-hafen\/color-line-terminal\/","og_locale":"de_DE","og_type":"article","og_title":"Hirtshals Color Line Terminal - Hirtshals Kristiansand F\u00e4hre Guide","og_description":"\u00dcberpr\u00fcfen Sie die notwendigen Informationen zum Color Line-Terminal im Hafen von Hirtshals: Check-in, Parken und Kontaktdaten.","og_url":"https:\/\/hirtshals-kristiansand.com\/de\/hirsthals-hafen\/color-line-terminal\/","og_site_name":"Hirtshals Kristiansand F\u00e4hre Guide","article_modified_time":"2026-04-20T13:55:30+00:00","og_image":[{"width":1200,"height":800,"url":"https:\/\/hirtshals-kristiansand.com\/de\/wp-content\/uploads\/sites\/3\/2024\/02\/hirtshals-kristiansand.com-website.jpg","type":"image\/jpeg"}],"twitter_card":"summary_large_image","schema":{"@context":"https:\/\/schema.org","@graph":[{"@type":"WebPage","@id":"https:\/\/hirtshals-kristiansand.com\/de\/hirsthals-hafen\/color-line-terminal\/","url":"https:\/\/hirtshals-kristiansand.com\/de\/hirsthals-hafen\/color-line-terminal\/","name":"Hirtshals Color Line Terminal - Hirtshals Kristiansand F\u00e4hre Guide","isPartOf":{"@id":"https:\/\/hirtshals-kristiansand.com\/de\/#website"},"datePublished":"2024-03-07T09:52:47+00:00","dateModified":"2026-04-20T13:55:30+00:00","description":"\u00dcberpr\u00fcfen Sie die notwendigen Informationen zum Color Line-Terminal im Hafen von Hirtshals: Check-in, Parken und Kontaktdaten.","breadcrumb":{"@id":"https:\/\/hirtshals-kristiansand.com\/de\/hirsthals-hafen\/color-line-terminal\/#breadcrumb"},"inLanguage":"de","potentialAction":[{"@type":"ReadAction","target":["https:\/\/hirtshals-kristiansand.com\/de\/hirsthals-hafen\/color-line-terminal\/"]}]},{"@type":"BreadcrumbList","@id":"https:\/\/hirtshals-kristiansand.com\/de\/hirsthals-hafen\/color-line-terminal\/#breadcrumb","itemListElement":[{"@type":"ListItem","position":1,"name":"Hirtshals Kristiansand","item":"https:\/\/hirtshals-kristiansand.com\/de\/"},{"@type":"ListItem","position":2,"name":"Hirtshals Hafen","item":"https:\/\/hirtshals-kristiansand.com\/de\/hirsthals-hafen\/"},{"@type":"ListItem","position":3,"name":"Hirtshals Color Line Terminal"}]},{"@type":"WebSite","@id":"https:\/\/hirtshals-kristiansand.com\/de\/#website","url":"https:\/\/hirtshals-kristiansand.com\/de\/","name":"Hirtshals Kristiansand F\u00e4hre Guide","description":"Alles \u00fcber die Hirtshals Kristiansand F\u00e4hr\u00fcberfahrt","publisher":{"@id":"https:\/\/hirtshals-kristiansand.com\/de\/#organization"},"potentialAction":[{"@type":"SearchAction","target":{"@type":"EntryPoint","urlTemplate":"https:\/\/hirtshals-kristiansand.com\/de\/?s={search_term_string}"},"query-input":{"@type":"PropertyValueSpecification","valueRequired":true,"valueName":"search_term_string"}}],"inLanguage":"de"},{"@type":"Organization","@id":"https:\/\/hirtshals-kristiansand.com\/de\/#organization","name":"Hirtshals Kristiansand F\u00e4hre Guide","url":"https:\/\/hirtshals-kristiansand.com\/de\/","logo":{"@type":"ImageObject","inLanguage":"de","@id":"https:\/\/hirtshals-kristiansand.com\/de\/#\/schema\/logo\/image\/","url":"https:\/\/hirtshals-kristiansand.com\/de\/wp-content\/uploads\/sites\/3\/2025\/05\/hirtshals-kristiansand.svg","contentUrl":"https:\/\/hirtshals-kristiansand.com\/de\/wp-content\/uploads\/sites\/3\/2025\/05\/hirtshals-kristiansand.svg","width":800,"height":256,"caption":"Hirtshals Kristiansand F\u00e4hre Guide"},"image":{"@id":"https:\/\/hirtshals-kristiansand.com\/de\/#\/schema\/logo\/image\/"}}]}},"uagb_featured_image_src":{"full":false,"thumbnail":false,"medium":false,"medium_large":false,"large":false,"1536x1536":false,"2048x2048":false},"uagb_author_info":{"display_name":"mail@robberttigchelaar.com","author_link":"https:\/\/hirtshals-kristiansand.com\/de\/author\/mailrobberttigchelaar-com\/"},"uagb_comment_info":0,"uagb_excerpt":"Im Hafen von Hirtshals gibt es ein Color-Line-Terminal. Auf dieser Seite erz\u00e4hlen wir Ihnen alles, was Sie \u00fcber dieses Terminal [&hellip;]","_links":{"self":[{"href":"https:\/\/hirtshals-kristiansand.com\/de\/wp-json\/wp\/v2\/pages\/69","targetHints":{"allow":["GET"]}}],"collection":[{"href":"https:\/\/hirtshals-kristiansand.com\/de\/wp-json\/wp\/v2\/pages"}],"about":[{"href":"https:\/\/hirtshals-kristiansand.com\/de\/wp-json\/wp\/v2\/types\/page"}],"author":[{"embeddable":true,"href":"https:\/\/hirtshals-kristiansand.com\/de\/wp-json\/wp\/v2\/users\/1"}],"replies":[{"embeddable":true,"href":"https:\/\/hirtshals-kristiansand.com\/de\/wp-json\/wp\/v2\/comments?post=69"}],"version-history":[{"count":7,"href":"https:\/\/hirtshals-kristiansand.com\/de\/wp-json\/wp\/v2\/pages\/69\/revisions"}],"predecessor-version":[{"id":317,"href":"https:\/\/hirtshals-kristiansand.com\/de\/wp-json\/wp\/v2\/pages\/69\/revisions\/317"}],"up":[{"embeddable":true,"href":"https:\/\/hirtshals-kristiansand.com\/de\/wp-json\/wp\/v2\/pages\/52"}],"wp:attachment":[{"href":"https:\/\/hirtshals-kristiansand.com\/de\/wp-json\/wp\/v2\/media?parent=69"}],"curies":[{"name":"wp","href":"https:\/\/api.w.org\/{rel}","templated":true}]}}