{"id":61,"date":"2024-03-07T09:18:32","date_gmt":"2024-03-07T09:18:32","guid":{"rendered":"https:\/\/hirtshals-kristiansand.com\/de\/?page_id=61"},"modified":"2025-12-19T15:11:29","modified_gmt":"2025-12-19T15:11:29","slug":"webcams","status":"publish","type":"page","link":"https:\/\/hirtshals-kristiansand.com\/de\/webcams\/","title":{"rendered":"Webcams Hirtshals &#038; Kristiansand"},"content":{"rendered":"\n<p>Sie m\u00f6chten wissen, wie es aktuell in Hirtshals oder Kristiansand aussieht? Auf dieser Seite finden Sie eine Auswahl an Webcams, die Livebilder aus beiden Hafenst\u00e4dten zeigen, darunter auch Ansichten direkt vom F\u00e4hrhafen. Ideal, um Wetter, Verkehr oder Betrieb vor Ort zu beobachten.<\/p>\n\n\n\n<h2 class=\"wp-block-heading\">Webcam Hirtshals<\/h2>\n\n\n\n<p>Schauen Sie sich unten die Livebilder einer Webcam im <a href=\"https:\/\/hirtshals-kristiansand.com\/de\/hirsthals-hafen\/\">Hafen von Hirtshals<\/a> an.<\/p>\n\n\n<p><a name=\"windy-webcam-timelapse-player\" data-id=\"1498767334\" data-play=\"day\" href=\"https:\/\/windy.com\/webcams\/1498767334\" target=\"_blank\" rel=\"noopener\">Hirtshals Havn<\/a><script async type=\"text\/javascript\" src=\"https:\/\/webcams.windy.com\/webcams\/public\/embed\/script\/player.js\"><\/script><\/p>\n\n\n\n<p>\ud83c\udf1e Sieht es ruhig im Hafen aus? Dann ist das vielleicht ein guter Moment, um Ihre \u00dcberfahrt zu buchen. Buchen Sie <a href=\"https:\/\/hirtshals-kristiansand.com\/de\/go\/dfcam\" target=\"_blank\" rel=\"noreferrer noopener\">hier Ihre Tickets \u00fcber DirectFerries<\/a> \u279a.<\/p>\n\n\n\n<h2 class=\"wp-block-heading\">Webcam Kristiansand<\/h2>\n\n\n\n<p>Sehen Sie sich die aktuellen Bedingungen im <a href=\"https:\/\/hirtshals-kristiansand.com\/de\/kristiansand-hafen\/\">Hafen von Kristiansand<\/a> an:<\/p>\n\n\n\n<figure class=\"wp-block-embed is-type-video is-provider-youtube wp-block-embed-youtube wp-embed-aspect-16-9 wp-has-aspect-ratio\"><div class=\"wp-block-embed__wrapper\">\n<iframe title=\"Livecam Kristiansund N\" width=\"500\" height=\"281\" src=\"https:\/\/www.youtube.com\/embed\/JJuaHGhd8g8?feature=oembed\" frameborder=\"0\" allow=\"accelerometer; autoplay; clipboard-write; encrypted-media; gyroscope; picture-in-picture; web-share\" referrerpolicy=\"strict-origin-when-cross-origin\" allowfullscreen><\/iframe>\n<\/div><\/figure>\n\n\n\n<p>Sehen Sie sich den Himmel \u00fcber Kristiansand in den letzten 24 Stunden mit den folgenden Webcam-Bildern an:<\/p>\n\n\n<p><a name=\"windy-webcam-timelapse-player\" data-id=\"1679227333\" data-play=\"day\" href=\"https:\/\/windy.com\/webcams\/1679227333\" target=\"_blank\" rel=\"noopener\">Kristiansand \u203a South-East: SE<\/a><script async type=\"text\/javascript\" src=\"https:\/\/webcams.windy.com\/webcams\/public\/embed\/script\/player.js\"><\/script><\/p>\n\n\n\n<h2 class=\"wp-block-heading\">Tipp: \u00dcberpr\u00fcfen Sie auch das Wetter f\u00fcr die kommende Zeit<\/h2>\n\n\n\n<p>Die Bilder oben sind live. Sind Sie neugierig, wie es in drei Tagen aussehen wird? Dann ist es klug, einen Blick auf die <a href=\"https:\/\/hirtshals-kristiansand.com\/de\/wetter\/\">aktuelle Wettervorhersage<\/a> zu werfen\ud83c\udf25\ufe0f.<\/p>\n","protected":false},"excerpt":{"rendered":"<p>Sie m\u00f6chten wissen, wie es aktuell in Hirtshals oder Kristiansand aussieht? Auf dieser Seite finden Sie eine Auswahl an Webcams, [&hellip;]<\/p>\n","protected":false},"author":1,"featured_media":0,"parent":0,"menu_order":0,"comment_status":"closed","ping_status":"closed","template":"","meta":{"inline_featured_image":false,"_uag_custom_page_level_css":"","site-sidebar-layout":"default","site-content-layout":"","ast-site-content-layout":"default","site-content-style":"default","site-sidebar-style":"default","ast-global-header-display":"","ast-banner-title-visibility":"","ast-main-header-display":"","ast-hfb-above-header-display":"","ast-hfb-below-header-display":"","ast-hfb-mobile-header-display":"","site-post-title":"","ast-breadcrumbs-content":"","ast-featured-img":"","footer-sml-layout":"","ast-disable-related-posts":"","theme-transparent-header-meta":"","adv-header-id-meta":"","stick-header-meta":"","header-above-stick-meta":"","header-main-stick-meta":"","header-below-stick-meta":"","astra-migrate-meta-layouts":"default","ast-page-background-enabled":"default","ast-page-background-meta":{"desktop":{"background-color":"var(--ast-global-color-4)","background-image":"","background-repeat":"repeat","background-position":"center center","background-size":"auto","background-attachment":"scroll","background-type":"","background-media":"","overlay-type":"","overlay-color":"","overlay-opacity":"","overlay-gradient":""},"tablet":{"background-color":"","background-image":"","background-repeat":"repeat","background-position":"center center","background-size":"auto","background-attachment":"scroll","background-type":"","background-media":"","overlay-type":"","overlay-color":"","overlay-opacity":"","overlay-gradient":""},"mobile":{"background-color":"","background-image":"","background-repeat":"repeat","background-position":"center center","background-size":"auto","background-attachment":"scroll","background-type":"","background-media":"","overlay-type":"","overlay-color":"","overlay-opacity":"","overlay-gradient":""}},"ast-content-background-meta":{"desktop":{"background-color":"var(--ast-global-color-5)","background-image":"","background-repeat":"repeat","background-position":"center center","background-size":"auto","background-attachment":"scroll","background-type":"","background-media":"","overlay-type":"","overlay-color":"","overlay-opacity":"","overlay-gradient":""},"tablet":{"background-color":"var(--ast-global-color-5)","background-image":"","background-repeat":"repeat","background-position":"center center","background-size":"auto","background-attachment":"scroll","background-type":"","background-media":"","overlay-type":"","overlay-color":"","overlay-opacity":"","overlay-gradient":""},"mobile":{"background-color":"var(--ast-global-color-5)","background-image":"","background-repeat":"repeat","background-position":"center center","background-size":"auto","background-attachment":"scroll","background-type":"","background-media":"","overlay-type":"","overlay-color":"","overlay-opacity":"","overlay-gradient":""}},"footnotes":""},"class_list":["post-61","page","type-page","status-publish","hentry"],"yoast_head":"<!-- This site is optimized with the Yoast SEO plugin v27.5 - https:\/\/yoast.com\/product\/yoast-seo-wordpress\/ -->\n<title>Webcams Hirtshals &amp; Kristiansand - Hirtshals Kristiansand F\u00e4hre Guide<\/title>\n<meta name=\"description\" content=\"Aktuelle Webcam-Bilder vom Hafen Hirtshals und dem Hafen Kristiansand. Schauen Sie in die Webcam und pr\u00fcfen Sie beispielsweise, ob es st\u00fcrmt.\" \/>\n<meta name=\"robots\" content=\"index, follow, max-snippet:-1, max-image-preview:large, max-video-preview:-1\" \/>\n<link rel=\"canonical\" href=\"https:\/\/hirtshals-kristiansand.com\/de\/webcams\/\" \/>\n<meta property=\"og:locale\" content=\"de_DE\" \/>\n<meta property=\"og:type\" content=\"article\" \/>\n<meta property=\"og:title\" content=\"Webcams Hirtshals &amp; Kristiansand - Hirtshals Kristiansand F\u00e4hre Guide\" \/>\n<meta property=\"og:description\" content=\"Aktuelle Webcam-Bilder vom Hafen Hirtshals und dem Hafen Kristiansand. Schauen Sie in die Webcam und pr\u00fcfen Sie beispielsweise, ob es st\u00fcrmt.\" \/>\n<meta property=\"og:url\" content=\"https:\/\/hirtshals-kristiansand.com\/de\/webcams\/\" \/>\n<meta property=\"og:site_name\" content=\"Hirtshals Kristiansand F\u00e4hre Guide\" \/>\n<meta property=\"article:modified_time\" content=\"2025-12-19T15:11:29+00:00\" \/>\n<meta property=\"og:image\" content=\"https:\/\/hirtshals-kristiansand.com\/de\/wp-content\/uploads\/sites\/3\/2024\/02\/hirtshals-kristiansand.com-website.jpg\" \/>\n\t<meta property=\"og:image:width\" content=\"1200\" \/>\n\t<meta property=\"og:image:height\" content=\"800\" \/>\n\t<meta property=\"og:image:type\" content=\"image\/jpeg\" \/>\n<meta name=\"twitter:card\" content=\"summary_large_image\" \/>\n<meta name=\"twitter:label1\" content=\"Gesch\u00e4tzte Lesezeit\" \/>\n\t<meta name=\"twitter:data1\" content=\"1\u00a0Minute\" \/>\n<script type=\"application\/ld+json\" class=\"yoast-schema-graph\">{\"@context\":\"https:\\\/\\\/schema.org\",\"@graph\":[{\"@type\":\"WebPage\",\"@id\":\"https:\\\/\\\/hirtshals-kristiansand.com\\\/de\\\/webcams\\\/\",\"url\":\"https:\\\/\\\/hirtshals-kristiansand.com\\\/de\\\/webcams\\\/\",\"name\":\"Webcams Hirtshals & Kristiansand - Hirtshals Kristiansand F\u00e4hre Guide\",\"isPartOf\":{\"@id\":\"https:\\\/\\\/hirtshals-kristiansand.com\\\/de\\\/#website\"},\"datePublished\":\"2024-03-07T09:18:32+00:00\",\"dateModified\":\"2025-12-19T15:11:29+00:00\",\"description\":\"Aktuelle Webcam-Bilder vom Hafen Hirtshals und dem Hafen Kristiansand. Schauen Sie in die Webcam und pr\u00fcfen Sie beispielsweise, ob es st\u00fcrmt.\",\"breadcrumb\":{\"@id\":\"https:\\\/\\\/hirtshals-kristiansand.com\\\/de\\\/webcams\\\/#breadcrumb\"},\"inLanguage\":\"de\",\"potentialAction\":[{\"@type\":\"ReadAction\",\"target\":[\"https:\\\/\\\/hirtshals-kristiansand.com\\\/de\\\/webcams\\\/\"]}]},{\"@type\":\"BreadcrumbList\",\"@id\":\"https:\\\/\\\/hirtshals-kristiansand.com\\\/de\\\/webcams\\\/#breadcrumb\",\"itemListElement\":[{\"@type\":\"ListItem\",\"position\":1,\"name\":\"Hirtshals Kristiansand\",\"item\":\"https:\\\/\\\/hirtshals-kristiansand.com\\\/de\\\/\"},{\"@type\":\"ListItem\",\"position\":2,\"name\":\"Webcams Hirtshals &#038; Kristiansand\"}]},{\"@type\":\"WebSite\",\"@id\":\"https:\\\/\\\/hirtshals-kristiansand.com\\\/de\\\/#website\",\"url\":\"https:\\\/\\\/hirtshals-kristiansand.com\\\/de\\\/\",\"name\":\"Hirtshals Kristiansand F\u00e4hre Guide\",\"description\":\"Alles \u00fcber die Hirtshals Kristiansand F\u00e4hr\u00fcberfahrt\",\"publisher\":{\"@id\":\"https:\\\/\\\/hirtshals-kristiansand.com\\\/de\\\/#organization\"},\"potentialAction\":[{\"@type\":\"SearchAction\",\"target\":{\"@type\":\"EntryPoint\",\"urlTemplate\":\"https:\\\/\\\/hirtshals-kristiansand.com\\\/de\\\/?s={search_term_string}\"},\"query-input\":{\"@type\":\"PropertyValueSpecification\",\"valueRequired\":true,\"valueName\":\"search_term_string\"}}],\"inLanguage\":\"de\"},{\"@type\":\"Organization\",\"@id\":\"https:\\\/\\\/hirtshals-kristiansand.com\\\/de\\\/#organization\",\"name\":\"Hirtshals Kristiansand F\u00e4hre Guide\",\"url\":\"https:\\\/\\\/hirtshals-kristiansand.com\\\/de\\\/\",\"logo\":{\"@type\":\"ImageObject\",\"inLanguage\":\"de\",\"@id\":\"https:\\\/\\\/hirtshals-kristiansand.com\\\/de\\\/#\\\/schema\\\/logo\\\/image\\\/\",\"url\":\"https:\\\/\\\/hirtshals-kristiansand.com\\\/de\\\/wp-content\\\/uploads\\\/sites\\\/3\\\/2025\\\/05\\\/hirtshals-kristiansand.svg\",\"contentUrl\":\"https:\\\/\\\/hirtshals-kristiansand.com\\\/de\\\/wp-content\\\/uploads\\\/sites\\\/3\\\/2025\\\/05\\\/hirtshals-kristiansand.svg\",\"width\":800,\"height\":256,\"caption\":\"Hirtshals Kristiansand F\u00e4hre Guide\"},\"image\":{\"@id\":\"https:\\\/\\\/hirtshals-kristiansand.com\\\/de\\\/#\\\/schema\\\/logo\\\/image\\\/\"}}]}<\/script>\n<!-- \/ Yoast SEO plugin. -->","yoast_head_json":{"title":"Webcams Hirtshals & Kristiansand - Hirtshals Kristiansand F\u00e4hre Guide","description":"Aktuelle Webcam-Bilder vom Hafen Hirtshals und dem Hafen Kristiansand. Schauen Sie in die Webcam und pr\u00fcfen Sie beispielsweise, ob es st\u00fcrmt.","robots":{"index":"index","follow":"follow","max-snippet":"max-snippet:-1","max-image-preview":"max-image-preview:large","max-video-preview":"max-video-preview:-1"},"canonical":"https:\/\/hirtshals-kristiansand.com\/de\/webcams\/","og_locale":"de_DE","og_type":"article","og_title":"Webcams Hirtshals & Kristiansand - Hirtshals Kristiansand F\u00e4hre Guide","og_description":"Aktuelle Webcam-Bilder vom Hafen Hirtshals und dem Hafen Kristiansand. Schauen Sie in die Webcam und pr\u00fcfen Sie beispielsweise, ob es st\u00fcrmt.","og_url":"https:\/\/hirtshals-kristiansand.com\/de\/webcams\/","og_site_name":"Hirtshals Kristiansand F\u00e4hre Guide","article_modified_time":"2025-12-19T15:11:29+00:00","og_image":[{"width":1200,"height":800,"url":"https:\/\/hirtshals-kristiansand.com\/de\/wp-content\/uploads\/sites\/3\/2024\/02\/hirtshals-kristiansand.com-website.jpg","type":"image\/jpeg"}],"twitter_card":"summary_large_image","twitter_misc":{"Gesch\u00e4tzte Lesezeit":"1\u00a0Minute"},"schema":{"@context":"https:\/\/schema.org","@graph":[{"@type":"WebPage","@id":"https:\/\/hirtshals-kristiansand.com\/de\/webcams\/","url":"https:\/\/hirtshals-kristiansand.com\/de\/webcams\/","name":"Webcams Hirtshals & Kristiansand - Hirtshals Kristiansand F\u00e4hre Guide","isPartOf":{"@id":"https:\/\/hirtshals-kristiansand.com\/de\/#website"},"datePublished":"2024-03-07T09:18:32+00:00","dateModified":"2025-12-19T15:11:29+00:00","description":"Aktuelle Webcam-Bilder vom Hafen Hirtshals und dem Hafen Kristiansand. Schauen Sie in die Webcam und pr\u00fcfen Sie beispielsweise, ob es st\u00fcrmt.","breadcrumb":{"@id":"https:\/\/hirtshals-kristiansand.com\/de\/webcams\/#breadcrumb"},"inLanguage":"de","potentialAction":[{"@type":"ReadAction","target":["https:\/\/hirtshals-kristiansand.com\/de\/webcams\/"]}]},{"@type":"BreadcrumbList","@id":"https:\/\/hirtshals-kristiansand.com\/de\/webcams\/#breadcrumb","itemListElement":[{"@type":"ListItem","position":1,"name":"Hirtshals Kristiansand","item":"https:\/\/hirtshals-kristiansand.com\/de\/"},{"@type":"ListItem","position":2,"name":"Webcams Hirtshals &#038; Kristiansand"}]},{"@type":"WebSite","@id":"https:\/\/hirtshals-kristiansand.com\/de\/#website","url":"https:\/\/hirtshals-kristiansand.com\/de\/","name":"Hirtshals Kristiansand F\u00e4hre Guide","description":"Alles \u00fcber die Hirtshals Kristiansand F\u00e4hr\u00fcberfahrt","publisher":{"@id":"https:\/\/hirtshals-kristiansand.com\/de\/#organization"},"potentialAction":[{"@type":"SearchAction","target":{"@type":"EntryPoint","urlTemplate":"https:\/\/hirtshals-kristiansand.com\/de\/?s={search_term_string}"},"query-input":{"@type":"PropertyValueSpecification","valueRequired":true,"valueName":"search_term_string"}}],"inLanguage":"de"},{"@type":"Organization","@id":"https:\/\/hirtshals-kristiansand.com\/de\/#organization","name":"Hirtshals Kristiansand F\u00e4hre Guide","url":"https:\/\/hirtshals-kristiansand.com\/de\/","logo":{"@type":"ImageObject","inLanguage":"de","@id":"https:\/\/hirtshals-kristiansand.com\/de\/#\/schema\/logo\/image\/","url":"https:\/\/hirtshals-kristiansand.com\/de\/wp-content\/uploads\/sites\/3\/2025\/05\/hirtshals-kristiansand.svg","contentUrl":"https:\/\/hirtshals-kristiansand.com\/de\/wp-content\/uploads\/sites\/3\/2025\/05\/hirtshals-kristiansand.svg","width":800,"height":256,"caption":"Hirtshals Kristiansand F\u00e4hre Guide"},"image":{"@id":"https:\/\/hirtshals-kristiansand.com\/de\/#\/schema\/logo\/image\/"}}]}},"uagb_featured_image_src":{"full":false,"thumbnail":false,"medium":false,"medium_large":false,"large":false,"1536x1536":false,"2048x2048":false},"uagb_author_info":{"display_name":"mail@robberttigchelaar.com","author_link":"https:\/\/hirtshals-kristiansand.com\/de\/author\/mailrobberttigchelaar-com\/"},"uagb_comment_info":0,"uagb_excerpt":"Sie m\u00f6chten wissen, wie es aktuell in Hirtshals oder Kristiansand aussieht? Auf dieser Seite finden Sie eine Auswahl an Webcams, [&hellip;]","_links":{"self":[{"href":"https:\/\/hirtshals-kristiansand.com\/de\/wp-json\/wp\/v2\/pages\/61","targetHints":{"allow":["GET"]}}],"collection":[{"href":"https:\/\/hirtshals-kristiansand.com\/de\/wp-json\/wp\/v2\/pages"}],"about":[{"href":"https:\/\/hirtshals-kristiansand.com\/de\/wp-json\/wp\/v2\/types\/page"}],"author":[{"embeddable":true,"href":"https:\/\/hirtshals-kristiansand.com\/de\/wp-json\/wp\/v2\/users\/1"}],"replies":[{"embeddable":true,"href":"https:\/\/hirtshals-kristiansand.com\/de\/wp-json\/wp\/v2\/comments?post=61"}],"version-history":[{"count":8,"href":"https:\/\/hirtshals-kristiansand.com\/de\/wp-json\/wp\/v2\/pages\/61\/revisions"}],"predecessor-version":[{"id":258,"href":"https:\/\/hirtshals-kristiansand.com\/de\/wp-json\/wp\/v2\/pages\/61\/revisions\/258"}],"wp:attachment":[{"href":"https:\/\/hirtshals-kristiansand.com\/de\/wp-json\/wp\/v2\/media?parent=61"}],"curies":[{"name":"wp","href":"https:\/\/api.w.org\/{rel}","templated":true}]}}