{"id":58,"date":"2024-03-07T09:06:29","date_gmt":"2024-03-07T09:06:29","guid":{"rendered":"https:\/\/hirtshals-kristiansand.com\/de\/?page_id=58"},"modified":"2024-03-12T13:27:48","modified_gmt":"2024-03-12T13:27:48","slug":"wetter","status":"publish","type":"page","link":"https:\/\/hirtshals-kristiansand.com\/de\/wetter\/","title":{"rendered":"Wettervorhersage Hirtshals Kristiansand"},"content":{"rendered":"\n<p>Gehen Sie gut vorbereitet. Sehen Sie sich die aktuelle Wettervorhersage an den Standorten der verschiedenen H\u00e4fen und w\u00e4hrend der F\u00e4hr\u00fcberfahrt an.<\/p>\n\n\n\n<h2 class=\"wp-block-heading\">Wettervorhersage in den H\u00e4fen<\/h2>\n\n\n\n<div class=\"wp-block-columns is-layout-flex wp-container-core-columns-is-layout-cbbdb216 wp-block-columns-is-layout-flex\" style=\"padding-top:var(--wp--preset--spacing--20);padding-right:0;padding-bottom:var(--wp--preset--spacing--20);padding-left:0\">\n<div class=\"wp-block-column is-layout-flow wp-block-column-is-layout-flow\">\n<h3 class=\"wp-block-heading\">Wettervorhersage Hirtshals<\/h3>\n\n\n\n<p>Sehen Sie sich unten die Wettervorhersage f\u00fcr den <a href=\"https:\/\/hirtshals-kristiansand.com\/de\/hirsthals-hafen\/\">Hafen von Hirthals<\/a> (D\u00e4nemark) an.<\/p>\n\n\n<div style=\"max-width:500px\"><iframe title=\"widget\" width=\"100%\" height=\"328px\" frameBorder=\"0\" scrolling=\"no\" loading=\"lazy\" src=\"https:\/\/www.weeronline.nl\/widget\/weather?id=4081468\"><\/iframe><\/div>\n<\/div>\n\n\n\n<div class=\"wp-block-column is-layout-flow wp-block-column-is-layout-flow\">\n<h3 class=\"wp-block-heading\">Wettervorhersage kristiansand<\/h3>\n\n\n\n<p>Sehen Sie sich unten die aktuelle Wettervorhersage im <a href=\"https:\/\/hirtshals-kristiansand.com\/de\/kristiansand-hafen\/\">Hafen von Kristiansand<\/a> (Norwegen) an.<\/p>\n\n\n<div style=\"max-width:500px\"><iframe title=\"widget\" width=\"100%\" height=\"328px\" frameBorder=\"0\" scrolling=\"no\" loading=\"lazy\" src=\"https:\/\/www.weeronline.nl\/widget\/weather?id=4326122\"><\/iframe><\/div>\n<\/div>\n<\/div>\n\n\n\n<h2 class=\"wp-block-heading\">Wettervorhersage w\u00e4hrend der \u00dcberfahrt<\/h2>\n\n\n\n<p>Die Wetterbedingungen sind nicht nur bei der An- und Abreise interessant. Auch w\u00e4hrend der \u00dcberfahrt. Auf diese Weise k\u00f6nnen Sie gute Kleidung ber\u00fccksichtigen und die Reise m\u00f6glicherweise verschieben, wenn gro\u00dfe Wellen zu erwarten sind. Das Wetter h\u00e4ngt auch stark von der Gesamtfahrzeit der verschiedenen F\u00e4hren ab. Navigieren Sie direkt zur richtigen Wettervorhersage:<\/p>\n\n\n\n<ul class=\"wp-block-list\">\n<li><a href=\"#wellen\">Wellen<\/a><\/li>\n\n\n\n<li><a href=\"#wind\">Wind<\/a><\/li>\n\n\n\n<li><a href=\"#niederschlag\">Niederschlag<\/a><\/li>\n\n\n\n<li><a href=\"#temperatur\">Temperatur<\/a><\/li>\n<\/ul>\n\n\n\n<h3 class=\"wp-block-heading\" id=\"wellen\">Wellen<\/h3>\n\n\n<p><iframe width=\"650\" height=\"450\" src=\"https:\/\/embed.windy.com\/embed.html?type=map&#038;location=coordinates&#038;metricRain=default&#038;metricTemp=default&#038;metricWind=default&#038;zoom=8&#038;overlay=waves&#038;product=ecmwfWaves&#038;level=surface&#038;lat=57.786&#038;lon=8.97\" frameborder=\"0\"><\/iframe><\/p>\n\n\n\n<h3 class=\"wp-block-heading\" id=\"wind\">Wind<\/h3>\n\n\n<p><iframe width=\"650\" height=\"450\" src=\"https:\/\/embed.windy.com\/embed.html?type=map&#038;location=coordinates&#038;metricRain=default&#038;metricTemp=default&#038;metricWind=default&#038;zoom=8&#038;overlay=wind&#038;product=ecmwf&#038;level=surface&#038;lat=57.786&#038;lon=8.97\" frameborder=\"0\"><\/iframe><\/p>\n\n\n\n<h3 class=\"wp-block-heading\" id=\"niederschlag\">Niederschlag<\/h3>\n\n\n<p><iframe width=\"650\" height=\"450\" src=\"https:\/\/embed.windy.com\/embed.html?type=map&#038;location=coordinates&#038;metricRain=default&#038;metricTemp=default&#038;metricWind=default&#038;zoom=8&#038;overlay=rain&#038;product=ecmwf&#038;level=surface&#038;lat=57.786&#038;lon=8.97\" frameborder=\"0\"><\/iframe><\/p>\n\n\n\n<h3 class=\"wp-block-heading\" id=\"temperatur\">Temperatur<\/h3>\n\n\n<p><iframe width=\"650\" height=\"450\" src=\"https:\/\/embed.windy.com\/embed.html?type=map&#038;location=coordinates&#038;metricRain=default&#038;metricTemp=default&#038;metricWind=default&#038;zoom=8&#038;overlay=temp&#038;product=ecmwf&#038;level=surface&#038;lat=57.786&#038;lon=8.97\" frameborder=\"0\"><\/iframe><\/p>\n\n\n\n<p>Tipp: Schauen Sie sich auch die <a href=\"https:\/\/hirtshals-kristiansand.com\/de\/webcams\/\">aktuellen Webcam-Bilder<\/a> an.<\/p>\n","protected":false},"excerpt":{"rendered":"<p>Gehen Sie gut vorbereitet. Sehen Sie sich die aktuelle Wettervorhersage an den Standorten der verschiedenen H\u00e4fen und w\u00e4hrend der F\u00e4hr\u00fcberfahrt [&hellip;]<\/p>\n","protected":false},"author":1,"featured_media":154,"parent":0,"menu_order":0,"comment_status":"closed","ping_status":"closed","template":"","meta":{"inline_featured_image":false,"_uag_custom_page_level_css":"","site-sidebar-layout":"default","site-content-layout":"","ast-site-content-layout":"default","site-content-style":"default","site-sidebar-style":"default","ast-global-header-display":"","ast-banner-title-visibility":"","ast-main-header-display":"","ast-hfb-above-header-display":"","ast-hfb-below-header-display":"","ast-hfb-mobile-header-display":"","site-post-title":"","ast-breadcrumbs-content":"","ast-featured-img":"","footer-sml-layout":"","ast-disable-related-posts":"","theme-transparent-header-meta":"","adv-header-id-meta":"","stick-header-meta":"","header-above-stick-meta":"","header-main-stick-meta":"","header-below-stick-meta":"","astra-migrate-meta-layouts":"default","ast-page-background-enabled":"default","ast-page-background-meta":{"desktop":{"background-color":"var(--ast-global-color-4)","background-image":"","background-repeat":"repeat","background-position":"center center","background-size":"auto","background-attachment":"scroll","background-type":"","background-media":"","overlay-type":"","overlay-color":"","overlay-opacity":"","overlay-gradient":""},"tablet":{"background-color":"","background-image":"","background-repeat":"repeat","background-position":"center center","background-size":"auto","background-attachment":"scroll","background-type":"","background-media":"","overlay-type":"","overlay-color":"","overlay-opacity":"","overlay-gradient":""},"mobile":{"background-color":"","background-image":"","background-repeat":"repeat","background-position":"center center","background-size":"auto","background-attachment":"scroll","background-type":"","background-media":"","overlay-type":"","overlay-color":"","overlay-opacity":"","overlay-gradient":""}},"ast-content-background-meta":{"desktop":{"background-color":"var(--ast-global-color-5)","background-image":"","background-repeat":"repeat","background-position":"center center","background-size":"auto","background-attachment":"scroll","background-type":"","background-media":"","overlay-type":"","overlay-color":"","overlay-opacity":"","overlay-gradient":""},"tablet":{"background-color":"var(--ast-global-color-5)","background-image":"","background-repeat":"repeat","background-position":"center center","background-size":"auto","background-attachment":"scroll","background-type":"","background-media":"","overlay-type":"","overlay-color":"","overlay-opacity":"","overlay-gradient":""},"mobile":{"background-color":"var(--ast-global-color-5)","background-image":"","background-repeat":"repeat","background-position":"center center","background-size":"auto","background-attachment":"scroll","background-type":"","background-media":"","overlay-type":"","overlay-color":"","overlay-opacity":"","overlay-gradient":""}},"footnotes":""},"class_list":["post-58","page","type-page","status-publish","has-post-thumbnail","hentry"],"yoast_head":"<!-- This site is optimized with the Yoast SEO plugin v27.6 - https:\/\/yoast.com\/product\/yoast-seo-wordpress\/ -->\n<title>Wettervorhersage Hirtshals Kristiansand<\/title>\n<meta name=\"description\" content=\"Informieren Sie sich \u00fcber die aktuelle Wettervorhersage f\u00fcr die \u00dcberquerung von Hirtshals Kristiansand und bereiten Sie sich vor (ber\u00fccksichtigen Sie z. B. St\u00fcrme).\" \/>\n<meta name=\"robots\" content=\"index, follow, max-snippet:-1, max-image-preview:large, max-video-preview:-1\" \/>\n<link rel=\"canonical\" href=\"https:\/\/hirtshals-kristiansand.com\/de\/wetter\/\" \/>\n<meta property=\"og:locale\" content=\"de_DE\" \/>\n<meta property=\"og:type\" content=\"article\" \/>\n<meta property=\"og:title\" content=\"Wettervorhersage Hirtshals Kristiansand\" \/>\n<meta property=\"og:description\" content=\"Informieren Sie sich \u00fcber die aktuelle Wettervorhersage f\u00fcr die \u00dcberquerung von Hirtshals Kristiansand und bereiten Sie sich vor (ber\u00fccksichtigen Sie z. B. St\u00fcrme).\" \/>\n<meta property=\"og:url\" content=\"https:\/\/hirtshals-kristiansand.com\/de\/wetter\/\" \/>\n<meta property=\"og:site_name\" content=\"Hirtshals Kristiansand F\u00e4hre Guide\" \/>\n<meta property=\"article:modified_time\" content=\"2024-03-12T13:27:48+00:00\" \/>\n<meta property=\"og:image\" content=\"https:\/\/hirtshals-kristiansand.com\/de\/wp-content\/uploads\/sites\/3\/2024\/03\/fahrplan.jpg\" \/>\n\t<meta property=\"og:image:width\" content=\"1200\" \/>\n\t<meta property=\"og:image:height\" content=\"800\" \/>\n\t<meta property=\"og:image:type\" content=\"image\/jpeg\" \/>\n<meta name=\"twitter:card\" content=\"summary_large_image\" \/>\n<meta name=\"twitter:label1\" content=\"Gesch\u00e4tzte Lesezeit\" \/>\n\t<meta name=\"twitter:data1\" content=\"1\u00a0Minute\" \/>\n<script type=\"application\/ld+json\" class=\"yoast-schema-graph\">{\"@context\":\"https:\\\/\\\/schema.org\",\"@graph\":[{\"@type\":\"WebPage\",\"@id\":\"https:\\\/\\\/hirtshals-kristiansand.com\\\/de\\\/wetter\\\/\",\"url\":\"https:\\\/\\\/hirtshals-kristiansand.com\\\/de\\\/wetter\\\/\",\"name\":\"Wettervorhersage Hirtshals Kristiansand\",\"isPartOf\":{\"@id\":\"https:\\\/\\\/hirtshals-kristiansand.com\\\/de\\\/#website\"},\"primaryImageOfPage\":{\"@id\":\"https:\\\/\\\/hirtshals-kristiansand.com\\\/de\\\/wetter\\\/#primaryimage\"},\"image\":{\"@id\":\"https:\\\/\\\/hirtshals-kristiansand.com\\\/de\\\/wetter\\\/#primaryimage\"},\"thumbnailUrl\":\"https:\\\/\\\/hirtshals-kristiansand.com\\\/de\\\/wp-content\\\/uploads\\\/sites\\\/3\\\/2024\\\/03\\\/fahrplan.jpg\",\"datePublished\":\"2024-03-07T09:06:29+00:00\",\"dateModified\":\"2024-03-12T13:27:48+00:00\",\"description\":\"Informieren Sie sich \u00fcber die aktuelle Wettervorhersage f\u00fcr die \u00dcberquerung von Hirtshals Kristiansand und bereiten Sie sich vor (ber\u00fccksichtigen Sie z. B. St\u00fcrme).\",\"breadcrumb\":{\"@id\":\"https:\\\/\\\/hirtshals-kristiansand.com\\\/de\\\/wetter\\\/#breadcrumb\"},\"inLanguage\":\"de\",\"potentialAction\":[{\"@type\":\"ReadAction\",\"target\":[\"https:\\\/\\\/hirtshals-kristiansand.com\\\/de\\\/wetter\\\/\"]}]},{\"@type\":\"ImageObject\",\"inLanguage\":\"de\",\"@id\":\"https:\\\/\\\/hirtshals-kristiansand.com\\\/de\\\/wetter\\\/#primaryimage\",\"url\":\"https:\\\/\\\/hirtshals-kristiansand.com\\\/de\\\/wp-content\\\/uploads\\\/sites\\\/3\\\/2024\\\/03\\\/fahrplan.jpg\",\"contentUrl\":\"https:\\\/\\\/hirtshals-kristiansand.com\\\/de\\\/wp-content\\\/uploads\\\/sites\\\/3\\\/2024\\\/03\\\/fahrplan.jpg\",\"width\":1200,\"height\":800,\"caption\":\"Wettervorhersage\"},{\"@type\":\"BreadcrumbList\",\"@id\":\"https:\\\/\\\/hirtshals-kristiansand.com\\\/de\\\/wetter\\\/#breadcrumb\",\"itemListElement\":[{\"@type\":\"ListItem\",\"position\":1,\"name\":\"Hirtshals Kristiansand\",\"item\":\"https:\\\/\\\/hirtshals-kristiansand.com\\\/de\\\/\"},{\"@type\":\"ListItem\",\"position\":2,\"name\":\"Wettervorhersage Hirtshals Kristiansand\"}]},{\"@type\":\"WebSite\",\"@id\":\"https:\\\/\\\/hirtshals-kristiansand.com\\\/de\\\/#website\",\"url\":\"https:\\\/\\\/hirtshals-kristiansand.com\\\/de\\\/\",\"name\":\"Hirtshals Kristiansand F\u00e4hre Guide\",\"description\":\"Alles \u00fcber die Hirtshals Kristiansand F\u00e4hr\u00fcberfahrt\",\"publisher\":{\"@id\":\"https:\\\/\\\/hirtshals-kristiansand.com\\\/de\\\/#organization\"},\"potentialAction\":[{\"@type\":\"SearchAction\",\"target\":{\"@type\":\"EntryPoint\",\"urlTemplate\":\"https:\\\/\\\/hirtshals-kristiansand.com\\\/de\\\/?s={search_term_string}\"},\"query-input\":{\"@type\":\"PropertyValueSpecification\",\"valueRequired\":true,\"valueName\":\"search_term_string\"}}],\"inLanguage\":\"de\"},{\"@type\":\"Organization\",\"@id\":\"https:\\\/\\\/hirtshals-kristiansand.com\\\/de\\\/#organization\",\"name\":\"Hirtshals Kristiansand F\u00e4hre Guide\",\"url\":\"https:\\\/\\\/hirtshals-kristiansand.com\\\/de\\\/\",\"logo\":{\"@type\":\"ImageObject\",\"inLanguage\":\"de\",\"@id\":\"https:\\\/\\\/hirtshals-kristiansand.com\\\/de\\\/#\\\/schema\\\/logo\\\/image\\\/\",\"url\":\"https:\\\/\\\/hirtshals-kristiansand.com\\\/de\\\/wp-content\\\/uploads\\\/sites\\\/3\\\/2025\\\/05\\\/hirtshals-kristiansand.svg\",\"contentUrl\":\"https:\\\/\\\/hirtshals-kristiansand.com\\\/de\\\/wp-content\\\/uploads\\\/sites\\\/3\\\/2025\\\/05\\\/hirtshals-kristiansand.svg\",\"width\":800,\"height\":256,\"caption\":\"Hirtshals Kristiansand F\u00e4hre Guide\"},\"image\":{\"@id\":\"https:\\\/\\\/hirtshals-kristiansand.com\\\/de\\\/#\\\/schema\\\/logo\\\/image\\\/\"}}]}<\/script>\n<!-- \/ Yoast SEO plugin. -->","yoast_head_json":{"title":"Wettervorhersage Hirtshals Kristiansand","description":"Informieren Sie sich \u00fcber die aktuelle Wettervorhersage f\u00fcr die \u00dcberquerung von Hirtshals Kristiansand und bereiten Sie sich vor (ber\u00fccksichtigen Sie z. B. St\u00fcrme).","robots":{"index":"index","follow":"follow","max-snippet":"max-snippet:-1","max-image-preview":"max-image-preview:large","max-video-preview":"max-video-preview:-1"},"canonical":"https:\/\/hirtshals-kristiansand.com\/de\/wetter\/","og_locale":"de_DE","og_type":"article","og_title":"Wettervorhersage Hirtshals Kristiansand","og_description":"Informieren Sie sich \u00fcber die aktuelle Wettervorhersage f\u00fcr die \u00dcberquerung von Hirtshals Kristiansand und bereiten Sie sich vor (ber\u00fccksichtigen Sie z. B. St\u00fcrme).","og_url":"https:\/\/hirtshals-kristiansand.com\/de\/wetter\/","og_site_name":"Hirtshals Kristiansand F\u00e4hre Guide","article_modified_time":"2024-03-12T13:27:48+00:00","og_image":[{"width":1200,"height":800,"url":"https:\/\/hirtshals-kristiansand.com\/de\/wp-content\/uploads\/sites\/3\/2024\/03\/fahrplan.jpg","type":"image\/jpeg"}],"twitter_card":"summary_large_image","twitter_misc":{"Gesch\u00e4tzte Lesezeit":"1\u00a0Minute"},"schema":{"@context":"https:\/\/schema.org","@graph":[{"@type":"WebPage","@id":"https:\/\/hirtshals-kristiansand.com\/de\/wetter\/","url":"https:\/\/hirtshals-kristiansand.com\/de\/wetter\/","name":"Wettervorhersage Hirtshals Kristiansand","isPartOf":{"@id":"https:\/\/hirtshals-kristiansand.com\/de\/#website"},"primaryImageOfPage":{"@id":"https:\/\/hirtshals-kristiansand.com\/de\/wetter\/#primaryimage"},"image":{"@id":"https:\/\/hirtshals-kristiansand.com\/de\/wetter\/#primaryimage"},"thumbnailUrl":"https:\/\/hirtshals-kristiansand.com\/de\/wp-content\/uploads\/sites\/3\/2024\/03\/fahrplan.jpg","datePublished":"2024-03-07T09:06:29+00:00","dateModified":"2024-03-12T13:27:48+00:00","description":"Informieren Sie sich \u00fcber die aktuelle Wettervorhersage f\u00fcr die \u00dcberquerung von Hirtshals Kristiansand und bereiten Sie sich vor (ber\u00fccksichtigen Sie z. B. St\u00fcrme).","breadcrumb":{"@id":"https:\/\/hirtshals-kristiansand.com\/de\/wetter\/#breadcrumb"},"inLanguage":"de","potentialAction":[{"@type":"ReadAction","target":["https:\/\/hirtshals-kristiansand.com\/de\/wetter\/"]}]},{"@type":"ImageObject","inLanguage":"de","@id":"https:\/\/hirtshals-kristiansand.com\/de\/wetter\/#primaryimage","url":"https:\/\/hirtshals-kristiansand.com\/de\/wp-content\/uploads\/sites\/3\/2024\/03\/fahrplan.jpg","contentUrl":"https:\/\/hirtshals-kristiansand.com\/de\/wp-content\/uploads\/sites\/3\/2024\/03\/fahrplan.jpg","width":1200,"height":800,"caption":"Wettervorhersage"},{"@type":"BreadcrumbList","@id":"https:\/\/hirtshals-kristiansand.com\/de\/wetter\/#breadcrumb","itemListElement":[{"@type":"ListItem","position":1,"name":"Hirtshals Kristiansand","item":"https:\/\/hirtshals-kristiansand.com\/de\/"},{"@type":"ListItem","position":2,"name":"Wettervorhersage Hirtshals Kristiansand"}]},{"@type":"WebSite","@id":"https:\/\/hirtshals-kristiansand.com\/de\/#website","url":"https:\/\/hirtshals-kristiansand.com\/de\/","name":"Hirtshals Kristiansand F\u00e4hre Guide","description":"Alles \u00fcber die Hirtshals Kristiansand F\u00e4hr\u00fcberfahrt","publisher":{"@id":"https:\/\/hirtshals-kristiansand.com\/de\/#organization"},"potentialAction":[{"@type":"SearchAction","target":{"@type":"EntryPoint","urlTemplate":"https:\/\/hirtshals-kristiansand.com\/de\/?s={search_term_string}"},"query-input":{"@type":"PropertyValueSpecification","valueRequired":true,"valueName":"search_term_string"}}],"inLanguage":"de"},{"@type":"Organization","@id":"https:\/\/hirtshals-kristiansand.com\/de\/#organization","name":"Hirtshals Kristiansand F\u00e4hre Guide","url":"https:\/\/hirtshals-kristiansand.com\/de\/","logo":{"@type":"ImageObject","inLanguage":"de","@id":"https:\/\/hirtshals-kristiansand.com\/de\/#\/schema\/logo\/image\/","url":"https:\/\/hirtshals-kristiansand.com\/de\/wp-content\/uploads\/sites\/3\/2025\/05\/hirtshals-kristiansand.svg","contentUrl":"https:\/\/hirtshals-kristiansand.com\/de\/wp-content\/uploads\/sites\/3\/2025\/05\/hirtshals-kristiansand.svg","width":800,"height":256,"caption":"Hirtshals Kristiansand F\u00e4hre Guide"},"image":{"@id":"https:\/\/hirtshals-kristiansand.com\/de\/#\/schema\/logo\/image\/"}}]}},"uagb_featured_image_src":{"full":["https:\/\/hirtshals-kristiansand.com\/de\/wp-content\/uploads\/sites\/3\/2024\/03\/fahrplan.jpg",1200,800,false],"thumbnail":["https:\/\/hirtshals-kristiansand.com\/de\/wp-content\/uploads\/sites\/3\/2024\/03\/fahrplan-150x150.jpg",150,150,true],"medium":["https:\/\/hirtshals-kristiansand.com\/de\/wp-content\/uploads\/sites\/3\/2024\/03\/fahrplan-300x200.jpg",300,200,true],"medium_large":["https:\/\/hirtshals-kristiansand.com\/de\/wp-content\/uploads\/sites\/3\/2024\/03\/fahrplan-768x512.jpg",768,512,true],"large":["https:\/\/hirtshals-kristiansand.com\/de\/wp-content\/uploads\/sites\/3\/2024\/03\/fahrplan-1024x683.jpg",1024,683,true],"1536x1536":["https:\/\/hirtshals-kristiansand.com\/de\/wp-content\/uploads\/sites\/3\/2024\/03\/fahrplan.jpg",1200,800,false],"2048x2048":["https:\/\/hirtshals-kristiansand.com\/de\/wp-content\/uploads\/sites\/3\/2024\/03\/fahrplan.jpg",1200,800,false]},"uagb_author_info":{"display_name":"mail@robberttigchelaar.com","author_link":"https:\/\/hirtshals-kristiansand.com\/de\/author\/mailrobberttigchelaar-com\/"},"uagb_comment_info":0,"uagb_excerpt":"Gehen Sie gut vorbereitet. Sehen Sie sich die aktuelle Wettervorhersage an den Standorten der verschiedenen H\u00e4fen und w\u00e4hrend der F\u00e4hr\u00fcberfahrt [&hellip;]","_links":{"self":[{"href":"https:\/\/hirtshals-kristiansand.com\/de\/wp-json\/wp\/v2\/pages\/58","targetHints":{"allow":["GET"]}}],"collection":[{"href":"https:\/\/hirtshals-kristiansand.com\/de\/wp-json\/wp\/v2\/pages"}],"about":[{"href":"https:\/\/hirtshals-kristiansand.com\/de\/wp-json\/wp\/v2\/types\/page"}],"author":[{"embeddable":true,"href":"https:\/\/hirtshals-kristiansand.com\/de\/wp-json\/wp\/v2\/users\/1"}],"replies":[{"embeddable":true,"href":"https:\/\/hirtshals-kristiansand.com\/de\/wp-json\/wp\/v2\/comments?post=58"}],"version-history":[{"count":3,"href":"https:\/\/hirtshals-kristiansand.com\/de\/wp-json\/wp\/v2\/pages\/58\/revisions"}],"predecessor-version":[{"id":144,"href":"https:\/\/hirtshals-kristiansand.com\/de\/wp-json\/wp\/v2\/pages\/58\/revisions\/144"}],"wp:featuredmedia":[{"embeddable":true,"href":"https:\/\/hirtshals-kristiansand.com\/de\/wp-json\/wp\/v2\/media\/154"}],"wp:attachment":[{"href":"https:\/\/hirtshals-kristiansand.com\/de\/wp-json\/wp\/v2\/media?parent=58"}],"curies":[{"name":"wp","href":"https:\/\/api.w.org\/{rel}","templated":true}]}}