{"id":54,"date":"2024-03-07T08:59:28","date_gmt":"2024-03-07T08:59:28","guid":{"rendered":"https:\/\/hirtshals-kristiansand.com\/de\/?page_id=54"},"modified":"2026-04-20T13:55:19","modified_gmt":"2026-04-20T13:55:19","slug":"kristiansand-hafen","status":"publish","type":"page","link":"https:\/\/hirtshals-kristiansand.com\/de\/kristiansand-hafen\/","title":{"rendered":"Kristiansand Hafen"},"content":{"rendered":"\n<p>An der S\u00fcdk\u00fcste Norwegens entdecken Sie den Hafen von Kristiansand. Der Hafen ist verkehrsg\u00fcnstig gelegen: Der Hafen ist gut an das Stra\u00dfennetz und die \u00f6ffentlichen Verkehrsmittel angebunden. So k\u00f6nnen Sie problemlos mit dem Auto, Bus oder der Bahn weiterreisen (bzw. hierherfahren). Auf dieser Seite listen wir alles auf, was Sie \u00fcber den Hafen von Kristiansand wissen m\u00fcssen.\ud83d\udc47<\/p>\n\n\n\n<h2 class=\"wp-block-heading\">Allgemeine Adresse und Kontaktdaten<\/h2>\n\n\n\n<p>Die allgemeine Adresse und Kontaktdaten des Hafens von Kristiansand:<\/p>\n\n\n\n<ul class=\"wp-block-list\">\n<li><strong>Adresse: <\/strong>Gravane 4, 4610 Kristiansand, Norwegen<\/li>\n\n\n\n<li><strong>E-Mail-Adresse:<\/strong> post@kristiansand-havn.no<\/li>\n\n\n\n<li><strong>Telefonnummer: <\/strong>+47 38 00 60 00<\/li>\n\n\n\n<li><strong>Website: <\/strong>https:\/\/en.portofkristiansand.no\/<\/li>\n<\/ul>\n\n\n\n<p>Eine Wegbeschreibung finden Sie in Kristiansand auf der Karte unten.<\/p>\n\n\n\t\t\t<div \n\t\t\tclass=\"wp-block-uagb-google-map uagb-google-map__wrap uagb-block-04633327     \"\n\t\t\tstyle=\"\" >\n\t\t\t\t<embed\n\t\t\t\t\tclass=\"uagb-google-map__iframe\"\n\t\t\t\t\ttitle=\"Google Map for \"\n\t\t\t\t\tsrc=\"https:\/\/maps.google.com\/maps?q=kristiansand%20port&#038;z=15&#038;hl=en&#038;t=m&#038;output=embed&#038;iwloc=near\"\n\t\t\t\t\twidth=\"640\"\n\t\t\t\t\theight=\"500\"\n\t\t\t\t\tloading=\"lazy\"\n\t\t\t\t><\/embed>\n\t\t\t<\/div>\n\t\t\t\n\n\n<h2 class=\"wp-block-heading\" style=\"padding-top:var(--wp--preset--spacing--40);padding-bottom:0\">Fahrt zum Hafen von Kristiansand<\/h2>\n\n\n\n<p>Wie bereits erw\u00e4hnt, ist der Hafen gut an den \u00f6ffentlichen Nahverkehr und das Stra\u00dfennetz angebunden. \ud83d\ude97<\/p>\n\n\n\n<ul class=\"wp-block-list\">\n<li><strong>Mit dem Auto:<\/strong> Wenn Sie mit dem Auto zum Hafen von Kristiansand fahren m\u00f6chten, k\u00f6nnen Sie von Westen aus der E39 folgen. Von Osten her ist der Hafen an die E18 angeschlossen.<\/li>\n\n\n\n<li><strong>Mit \u00f6ffentlichen Verkehrsmitteln:<\/strong> Der Bahnhof Kristiansand liegt nur wenige Gehminuten vom Hafen entfernt. Planen Sie die Route mit \u00f6ffentlichen Verkehrsmitteln mit diesem Bahnhof als Endziel. Tipp: Sie k\u00f6nnen Ihre Reise im Voraus \u00fcber Go-aheadnordic.no planen.<\/li>\n<\/ul>\n\n\n\n<h2 class=\"wp-block-heading\" id=\"terminals\" style=\"margin-top:var(--wp--preset--spacing--30)\">Terminals am Hafen<\/h2>\n\n\n\n<p>Im Hafen von Kristansand sind die verschiedenen Terminals deutlich ausgeschildert. \u27a1\ufe0f Weitere Informationen zu den Terminals der verschiedenen Betreiber mit \u00dcberfahrt zum <a href=\"https:\/\/hirtshals-kristiansand.com\/de\/hirsthals-hafen\/\">Hafen von Hirtshals<\/a> finden Sie weiter unten. Dazu geh\u00f6ren Adressdaten, Parkm\u00f6glichkeiten und Check-in-Zeiten.<\/p>\n\n\n\n<ul class=\"wp-block-list\">\n<li><a href=\"https:\/\/hirtshals-kristiansand.com\/de\/kristiansand-hafen\/color-line-terminal\/\">Color Line-Terminal Kristiansand<\/a><\/li>\n\n\n\n<li><a href=\"https:\/\/hirtshals-kristiansand.com\/de\/kristiansand-hafen\/fjord-line-terminal\/\">Fjord Line Terminal Kristiansand<\/a><\/li>\n<\/ul>\n\n\n\n<p>Sehen Sie sich unten ein interessantes Video des Hafens an, um sich einen guten Eindruck zu verschaffen.<\/p>\n\n\n\n<figure class=\"wp-block-embed is-type-video is-provider-youtube wp-block-embed-youtube wp-embed-aspect-16-9 wp-has-aspect-ratio\"><div class=\"wp-block-embed__wrapper\">\n<iframe title=\"Promovideo ferge\" width=\"500\" height=\"281\" src=\"https:\/\/www.youtube.com\/embed\/FVmdMaXNWZ0?feature=oembed\" frameborder=\"0\" allow=\"accelerometer; autoplay; clipboard-write; encrypted-media; gyroscope; picture-in-picture; web-share\" referrerpolicy=\"strict-origin-when-cross-origin\" allowfullscreen><\/iframe>\n<\/div><\/figure>\n","protected":false},"excerpt":{"rendered":"<p>An der S\u00fcdk\u00fcste Norwegens entdecken Sie den Hafen von Kristiansand. Der Hafen ist verkehrsg\u00fcnstig gelegen: Der Hafen ist gut an [&hellip;]<\/p>\n","protected":false},"author":1,"featured_media":151,"parent":0,"menu_order":0,"comment_status":"closed","ping_status":"closed","template":"","meta":{"inline_featured_image":false,"_uag_custom_page_level_css":"","site-sidebar-layout":"default","site-content-layout":"","ast-site-content-layout":"default","site-content-style":"default","site-sidebar-style":"default","ast-global-header-display":"","ast-banner-title-visibility":"","ast-main-header-display":"","ast-hfb-above-header-display":"","ast-hfb-below-header-display":"","ast-hfb-mobile-header-display":"","site-post-title":"","ast-breadcrumbs-content":"","ast-featured-img":"","footer-sml-layout":"","ast-disable-related-posts":"","theme-transparent-header-meta":"","adv-header-id-meta":"","stick-header-meta":"","header-above-stick-meta":"","header-main-stick-meta":"","header-below-stick-meta":"","astra-migrate-meta-layouts":"default","ast-page-background-enabled":"default","ast-page-background-meta":{"desktop":{"background-color":"var(--ast-global-color-4)","background-image":"","background-repeat":"repeat","background-position":"center center","background-size":"auto","background-attachment":"scroll","background-type":"","background-media":"","overlay-type":"","overlay-color":"","overlay-opacity":"","overlay-gradient":""},"tablet":{"background-color":"","background-image":"","background-repeat":"repeat","background-position":"center center","background-size":"auto","background-attachment":"scroll","background-type":"","background-media":"","overlay-type":"","overlay-color":"","overlay-opacity":"","overlay-gradient":""},"mobile":{"background-color":"","background-image":"","background-repeat":"repeat","background-position":"center center","background-size":"auto","background-attachment":"scroll","background-type":"","background-media":"","overlay-type":"","overlay-color":"","overlay-opacity":"","overlay-gradient":""}},"ast-content-background-meta":{"desktop":{"background-color":"var(--ast-global-color-5)","background-image":"","background-repeat":"repeat","background-position":"center center","background-size":"auto","background-attachment":"scroll","background-type":"","background-media":"","overlay-type":"","overlay-color":"","overlay-opacity":"","overlay-gradient":""},"tablet":{"background-color":"var(--ast-global-color-5)","background-image":"","background-repeat":"repeat","background-position":"center center","background-size":"auto","background-attachment":"scroll","background-type":"","background-media":"","overlay-type":"","overlay-color":"","overlay-opacity":"","overlay-gradient":""},"mobile":{"background-color":"var(--ast-global-color-5)","background-image":"","background-repeat":"repeat","background-position":"center center","background-size":"auto","background-attachment":"scroll","background-type":"","background-media":"","overlay-type":"","overlay-color":"","overlay-opacity":"","overlay-gradient":""}},"footnotes":""},"class_list":["post-54","page","type-page","status-publish","has-post-thumbnail","hentry"],"yoast_head":"<!-- This site is optimized with the Yoast SEO plugin v27.4 - https:\/\/yoast.com\/product\/yoast-seo-wordpress\/ -->\n<title>Kristiansand Hafen - Hirtshals Kristiansand F\u00e4hre Guide<\/title>\n<meta name=\"description\" content=\"Entdecken Sie alles \u00fcberHafen von Kristiansand: Adressdetails, Parkm\u00f6glichkeiten und detaillierte Wegbeschreibungen.\" \/>\n<meta name=\"robots\" content=\"index, follow, max-snippet:-1, max-image-preview:large, max-video-preview:-1\" \/>\n<link rel=\"canonical\" href=\"https:\/\/hirtshals-kristiansand.com\/de\/kristiansand-hafen\/\" \/>\n<meta property=\"og:locale\" content=\"de_DE\" \/>\n<meta property=\"og:type\" content=\"article\" \/>\n<meta property=\"og:title\" content=\"Kristiansand Hafen - Hirtshals Kristiansand F\u00e4hre Guide\" \/>\n<meta property=\"og:description\" content=\"Entdecken Sie alles \u00fcberHafen von Kristiansand: Adressdetails, Parkm\u00f6glichkeiten und detaillierte Wegbeschreibungen.\" \/>\n<meta property=\"og:url\" content=\"https:\/\/hirtshals-kristiansand.com\/de\/kristiansand-hafen\/\" \/>\n<meta property=\"og:site_name\" content=\"Hirtshals Kristiansand F\u00e4hre Guide\" \/>\n<meta property=\"article:modified_time\" content=\"2026-04-20T13:55:19+00:00\" \/>\n<meta property=\"og:image\" content=\"https:\/\/hirtshals-kristiansand.com\/de\/wp-content\/uploads\/sites\/3\/2024\/03\/kristiansand-ferry.jpg\" \/>\n\t<meta property=\"og:image:width\" content=\"1200\" \/>\n\t<meta property=\"og:image:height\" content=\"800\" \/>\n\t<meta property=\"og:image:type\" content=\"image\/jpeg\" \/>\n<meta name=\"twitter:card\" content=\"summary_large_image\" \/>\n<meta name=\"twitter:label1\" content=\"Gesch\u00e4tzte Lesezeit\" \/>\n\t<meta name=\"twitter:data1\" content=\"2\u00a0Minuten\" \/>\n<script type=\"application\/ld+json\" class=\"yoast-schema-graph\">{\"@context\":\"https:\\\/\\\/schema.org\",\"@graph\":[{\"@type\":\"WebPage\",\"@id\":\"https:\\\/\\\/hirtshals-kristiansand.com\\\/de\\\/kristiansand-hafen\\\/\",\"url\":\"https:\\\/\\\/hirtshals-kristiansand.com\\\/de\\\/kristiansand-hafen\\\/\",\"name\":\"Kristiansand Hafen - Hirtshals Kristiansand F\u00e4hre Guide\",\"isPartOf\":{\"@id\":\"https:\\\/\\\/hirtshals-kristiansand.com\\\/de\\\/#website\"},\"primaryImageOfPage\":{\"@id\":\"https:\\\/\\\/hirtshals-kristiansand.com\\\/de\\\/kristiansand-hafen\\\/#primaryimage\"},\"image\":{\"@id\":\"https:\\\/\\\/hirtshals-kristiansand.com\\\/de\\\/kristiansand-hafen\\\/#primaryimage\"},\"thumbnailUrl\":\"https:\\\/\\\/hirtshals-kristiansand.com\\\/de\\\/wp-content\\\/uploads\\\/sites\\\/3\\\/2024\\\/03\\\/kristiansand-ferry.jpg\",\"datePublished\":\"2024-03-07T08:59:28+00:00\",\"dateModified\":\"2026-04-20T13:55:19+00:00\",\"description\":\"Entdecken Sie alles \u00fcberHafen von Kristiansand: Adressdetails, Parkm\u00f6glichkeiten und detaillierte Wegbeschreibungen.\",\"breadcrumb\":{\"@id\":\"https:\\\/\\\/hirtshals-kristiansand.com\\\/de\\\/kristiansand-hafen\\\/#breadcrumb\"},\"inLanguage\":\"de\",\"potentialAction\":[{\"@type\":\"ReadAction\",\"target\":[\"https:\\\/\\\/hirtshals-kristiansand.com\\\/de\\\/kristiansand-hafen\\\/\"]}]},{\"@type\":\"ImageObject\",\"inLanguage\":\"de\",\"@id\":\"https:\\\/\\\/hirtshals-kristiansand.com\\\/de\\\/kristiansand-hafen\\\/#primaryimage\",\"url\":\"https:\\\/\\\/hirtshals-kristiansand.com\\\/de\\\/wp-content\\\/uploads\\\/sites\\\/3\\\/2024\\\/03\\\/kristiansand-ferry.jpg\",\"contentUrl\":\"https:\\\/\\\/hirtshals-kristiansand.com\\\/de\\\/wp-content\\\/uploads\\\/sites\\\/3\\\/2024\\\/03\\\/kristiansand-ferry.jpg\",\"width\":1200,\"height\":800,\"caption\":\"kristiansand ferry\"},{\"@type\":\"BreadcrumbList\",\"@id\":\"https:\\\/\\\/hirtshals-kristiansand.com\\\/de\\\/kristiansand-hafen\\\/#breadcrumb\",\"itemListElement\":[{\"@type\":\"ListItem\",\"position\":1,\"name\":\"Hirtshals Kristiansand\",\"item\":\"https:\\\/\\\/hirtshals-kristiansand.com\\\/de\\\/\"},{\"@type\":\"ListItem\",\"position\":2,\"name\":\"Kristiansand Hafen\"}]},{\"@type\":\"WebSite\",\"@id\":\"https:\\\/\\\/hirtshals-kristiansand.com\\\/de\\\/#website\",\"url\":\"https:\\\/\\\/hirtshals-kristiansand.com\\\/de\\\/\",\"name\":\"Hirtshals Kristiansand F\u00e4hre Guide\",\"description\":\"Alles \u00fcber die Hirtshals Kristiansand F\u00e4hr\u00fcberfahrt\",\"publisher\":{\"@id\":\"https:\\\/\\\/hirtshals-kristiansand.com\\\/de\\\/#organization\"},\"potentialAction\":[{\"@type\":\"SearchAction\",\"target\":{\"@type\":\"EntryPoint\",\"urlTemplate\":\"https:\\\/\\\/hirtshals-kristiansand.com\\\/de\\\/?s={search_term_string}\"},\"query-input\":{\"@type\":\"PropertyValueSpecification\",\"valueRequired\":true,\"valueName\":\"search_term_string\"}}],\"inLanguage\":\"de\"},{\"@type\":\"Organization\",\"@id\":\"https:\\\/\\\/hirtshals-kristiansand.com\\\/de\\\/#organization\",\"name\":\"Hirtshals Kristiansand F\u00e4hre Guide\",\"url\":\"https:\\\/\\\/hirtshals-kristiansand.com\\\/de\\\/\",\"logo\":{\"@type\":\"ImageObject\",\"inLanguage\":\"de\",\"@id\":\"https:\\\/\\\/hirtshals-kristiansand.com\\\/de\\\/#\\\/schema\\\/logo\\\/image\\\/\",\"url\":\"https:\\\/\\\/hirtshals-kristiansand.com\\\/de\\\/wp-content\\\/uploads\\\/sites\\\/3\\\/2025\\\/05\\\/hirtshals-kristiansand.svg\",\"contentUrl\":\"https:\\\/\\\/hirtshals-kristiansand.com\\\/de\\\/wp-content\\\/uploads\\\/sites\\\/3\\\/2025\\\/05\\\/hirtshals-kristiansand.svg\",\"width\":800,\"height\":256,\"caption\":\"Hirtshals Kristiansand F\u00e4hre Guide\"},\"image\":{\"@id\":\"https:\\\/\\\/hirtshals-kristiansand.com\\\/de\\\/#\\\/schema\\\/logo\\\/image\\\/\"}}]}<\/script>\n<!-- \/ Yoast SEO plugin. -->","yoast_head_json":{"title":"Kristiansand Hafen - Hirtshals Kristiansand F\u00e4hre Guide","description":"Entdecken Sie alles \u00fcberHafen von Kristiansand: Adressdetails, Parkm\u00f6glichkeiten und detaillierte Wegbeschreibungen.","robots":{"index":"index","follow":"follow","max-snippet":"max-snippet:-1","max-image-preview":"max-image-preview:large","max-video-preview":"max-video-preview:-1"},"canonical":"https:\/\/hirtshals-kristiansand.com\/de\/kristiansand-hafen\/","og_locale":"de_DE","og_type":"article","og_title":"Kristiansand Hafen - Hirtshals Kristiansand F\u00e4hre Guide","og_description":"Entdecken Sie alles \u00fcberHafen von Kristiansand: Adressdetails, Parkm\u00f6glichkeiten und detaillierte Wegbeschreibungen.","og_url":"https:\/\/hirtshals-kristiansand.com\/de\/kristiansand-hafen\/","og_site_name":"Hirtshals Kristiansand F\u00e4hre Guide","article_modified_time":"2026-04-20T13:55:19+00:00","og_image":[{"width":1200,"height":800,"url":"https:\/\/hirtshals-kristiansand.com\/de\/wp-content\/uploads\/sites\/3\/2024\/03\/kristiansand-ferry.jpg","type":"image\/jpeg"}],"twitter_card":"summary_large_image","twitter_misc":{"Gesch\u00e4tzte Lesezeit":"2\u00a0Minuten"},"schema":{"@context":"https:\/\/schema.org","@graph":[{"@type":"WebPage","@id":"https:\/\/hirtshals-kristiansand.com\/de\/kristiansand-hafen\/","url":"https:\/\/hirtshals-kristiansand.com\/de\/kristiansand-hafen\/","name":"Kristiansand Hafen - Hirtshals Kristiansand F\u00e4hre Guide","isPartOf":{"@id":"https:\/\/hirtshals-kristiansand.com\/de\/#website"},"primaryImageOfPage":{"@id":"https:\/\/hirtshals-kristiansand.com\/de\/kristiansand-hafen\/#primaryimage"},"image":{"@id":"https:\/\/hirtshals-kristiansand.com\/de\/kristiansand-hafen\/#primaryimage"},"thumbnailUrl":"https:\/\/hirtshals-kristiansand.com\/de\/wp-content\/uploads\/sites\/3\/2024\/03\/kristiansand-ferry.jpg","datePublished":"2024-03-07T08:59:28+00:00","dateModified":"2026-04-20T13:55:19+00:00","description":"Entdecken Sie alles \u00fcberHafen von Kristiansand: Adressdetails, Parkm\u00f6glichkeiten und detaillierte Wegbeschreibungen.","breadcrumb":{"@id":"https:\/\/hirtshals-kristiansand.com\/de\/kristiansand-hafen\/#breadcrumb"},"inLanguage":"de","potentialAction":[{"@type":"ReadAction","target":["https:\/\/hirtshals-kristiansand.com\/de\/kristiansand-hafen\/"]}]},{"@type":"ImageObject","inLanguage":"de","@id":"https:\/\/hirtshals-kristiansand.com\/de\/kristiansand-hafen\/#primaryimage","url":"https:\/\/hirtshals-kristiansand.com\/de\/wp-content\/uploads\/sites\/3\/2024\/03\/kristiansand-ferry.jpg","contentUrl":"https:\/\/hirtshals-kristiansand.com\/de\/wp-content\/uploads\/sites\/3\/2024\/03\/kristiansand-ferry.jpg","width":1200,"height":800,"caption":"kristiansand ferry"},{"@type":"BreadcrumbList","@id":"https:\/\/hirtshals-kristiansand.com\/de\/kristiansand-hafen\/#breadcrumb","itemListElement":[{"@type":"ListItem","position":1,"name":"Hirtshals Kristiansand","item":"https:\/\/hirtshals-kristiansand.com\/de\/"},{"@type":"ListItem","position":2,"name":"Kristiansand Hafen"}]},{"@type":"WebSite","@id":"https:\/\/hirtshals-kristiansand.com\/de\/#website","url":"https:\/\/hirtshals-kristiansand.com\/de\/","name":"Hirtshals Kristiansand F\u00e4hre Guide","description":"Alles \u00fcber die Hirtshals Kristiansand F\u00e4hr\u00fcberfahrt","publisher":{"@id":"https:\/\/hirtshals-kristiansand.com\/de\/#organization"},"potentialAction":[{"@type":"SearchAction","target":{"@type":"EntryPoint","urlTemplate":"https:\/\/hirtshals-kristiansand.com\/de\/?s={search_term_string}"},"query-input":{"@type":"PropertyValueSpecification","valueRequired":true,"valueName":"search_term_string"}}],"inLanguage":"de"},{"@type":"Organization","@id":"https:\/\/hirtshals-kristiansand.com\/de\/#organization","name":"Hirtshals Kristiansand F\u00e4hre Guide","url":"https:\/\/hirtshals-kristiansand.com\/de\/","logo":{"@type":"ImageObject","inLanguage":"de","@id":"https:\/\/hirtshals-kristiansand.com\/de\/#\/schema\/logo\/image\/","url":"https:\/\/hirtshals-kristiansand.com\/de\/wp-content\/uploads\/sites\/3\/2025\/05\/hirtshals-kristiansand.svg","contentUrl":"https:\/\/hirtshals-kristiansand.com\/de\/wp-content\/uploads\/sites\/3\/2025\/05\/hirtshals-kristiansand.svg","width":800,"height":256,"caption":"Hirtshals Kristiansand F\u00e4hre Guide"},"image":{"@id":"https:\/\/hirtshals-kristiansand.com\/de\/#\/schema\/logo\/image\/"}}]}},"uagb_featured_image_src":{"full":["https:\/\/hirtshals-kristiansand.com\/de\/wp-content\/uploads\/sites\/3\/2024\/03\/kristiansand-ferry.jpg",1200,800,false],"thumbnail":["https:\/\/hirtshals-kristiansand.com\/de\/wp-content\/uploads\/sites\/3\/2024\/03\/kristiansand-ferry-150x150.jpg",150,150,true],"medium":["https:\/\/hirtshals-kristiansand.com\/de\/wp-content\/uploads\/sites\/3\/2024\/03\/kristiansand-ferry-300x200.jpg",300,200,true],"medium_large":["https:\/\/hirtshals-kristiansand.com\/de\/wp-content\/uploads\/sites\/3\/2024\/03\/kristiansand-ferry-768x512.jpg",768,512,true],"large":["https:\/\/hirtshals-kristiansand.com\/de\/wp-content\/uploads\/sites\/3\/2024\/03\/kristiansand-ferry-1024x683.jpg",1024,683,true],"1536x1536":["https:\/\/hirtshals-kristiansand.com\/de\/wp-content\/uploads\/sites\/3\/2024\/03\/kristiansand-ferry.jpg",1200,800,false],"2048x2048":["https:\/\/hirtshals-kristiansand.com\/de\/wp-content\/uploads\/sites\/3\/2024\/03\/kristiansand-ferry.jpg",1200,800,false]},"uagb_author_info":{"display_name":"mail@robberttigchelaar.com","author_link":"https:\/\/hirtshals-kristiansand.com\/de\/author\/mailrobberttigchelaar-com\/"},"uagb_comment_info":0,"uagb_excerpt":"An der S\u00fcdk\u00fcste Norwegens entdecken Sie den Hafen von Kristiansand. Der Hafen ist verkehrsg\u00fcnstig gelegen: Der Hafen ist gut an [&hellip;]","_links":{"self":[{"href":"https:\/\/hirtshals-kristiansand.com\/de\/wp-json\/wp\/v2\/pages\/54","targetHints":{"allow":["GET"]}}],"collection":[{"href":"https:\/\/hirtshals-kristiansand.com\/de\/wp-json\/wp\/v2\/pages"}],"about":[{"href":"https:\/\/hirtshals-kristiansand.com\/de\/wp-json\/wp\/v2\/types\/page"}],"author":[{"embeddable":true,"href":"https:\/\/hirtshals-kristiansand.com\/de\/wp-json\/wp\/v2\/users\/1"}],"replies":[{"embeddable":true,"href":"https:\/\/hirtshals-kristiansand.com\/de\/wp-json\/wp\/v2\/comments?post=54"}],"version-history":[{"count":8,"href":"https:\/\/hirtshals-kristiansand.com\/de\/wp-json\/wp\/v2\/pages\/54\/revisions"}],"predecessor-version":[{"id":316,"href":"https:\/\/hirtshals-kristiansand.com\/de\/wp-json\/wp\/v2\/pages\/54\/revisions\/316"}],"wp:featuredmedia":[{"embeddable":true,"href":"https:\/\/hirtshals-kristiansand.com\/de\/wp-json\/wp\/v2\/media\/151"}],"wp:attachment":[{"href":"https:\/\/hirtshals-kristiansand.com\/de\/wp-json\/wp\/v2\/media?parent=54"}],"curies":[{"name":"wp","href":"https:\/\/api.w.org\/{rel}","templated":true}]}}