{"id":52,"date":"2024-03-07T08:55:16","date_gmt":"2024-03-07T08:55:16","guid":{"rendered":"https:\/\/hirtshals-kristiansand.com\/de\/?page_id=52"},"modified":"2026-04-20T13:55:05","modified_gmt":"2026-04-20T13:55:05","slug":"hirsthals-hafen","status":"publish","type":"page","link":"https:\/\/hirtshals-kristiansand.com\/de\/hirsthals-hafen\/","title":{"rendered":"Hirtshals Hafen"},"content":{"rendered":"\n<p>An der Nordk\u00fcste D\u00e4nemarks entdecken Sie den Hafen von Hirtshals. Dies ist der Start- und Endpunkt mehrerer F\u00e4hr\u00fcberfahrten, darunter Hirtshals-Kristiansand. Der Hafen ist rund um die Uhr ge\u00f6ffnet\ud83c\udfea. Auf dieser Seite erfahren Sie alles Wissenswerte \u00fcber den Hafen.<\/p>\n\n\n\n<h2 class=\"wp-block-heading\" id=\"adres\">Allgemeine Adresse und Kontaktdaten<\/h2>\n\n\n\n<p>Sehen Sie sich unten die allgemeinen Adressdetails des Hafens von Hirtshals an.<\/p>\n\n\n\n<ul class=\"wp-block-list\">\n<li><strong>Adresse: <\/strong>Norgeskajen 11, DK-9850 Hirtshals, D\u00e4nemark<\/li>\n\n\n\n<li><strong>E-Mail-Adresse: <\/strong>info@portofhirtshals.dk<\/li>\n\n\n\n<li><strong>Telefonnummer: <\/strong>+45 98 94 14 22<\/li>\n\n\n\n<li><strong>Website:<\/strong> <a href=\"https:\/\/portofhirtshals.dk\/en\/\" target=\"_blank\" rel=\"noreferrer noopener\">https:\/\/portofhirtshals.dk\/en\/<\/a><\/li>\n<\/ul>\n\n\n\n<p>Sehen Sie sich den Standort unten auf der Karte an (klicken Sie auf den Standort, um eine Wegbeschreibung zu erhalten):<\/p>\n\n\n\t\t\t<div \n\t\t\tclass=\"wp-block-uagb-google-map uagb-google-map__wrap uagb-block-73e5fd51     \"\n\t\t\tstyle=\"\" >\n\t\t\t\t<embed\n\t\t\t\t\tclass=\"uagb-google-map__iframe\"\n\t\t\t\t\ttitle=\"Google Map for \"\n\t\t\t\t\tsrc=\"https:\/\/maps.google.com\/maps?q=hirtshals%20haven&#038;z=15&#038;hl=en&#038;t=m&#038;output=embed&#038;iwloc=near\"\n\t\t\t\t\twidth=\"640\"\n\t\t\t\t\theight=\"500\"\n\t\t\t\t\tloading=\"lazy\"\n\t\t\t\t><\/embed>\n\t\t\t<\/div>\n\t\t\t\n\n\n<h2 class=\"wp-block-heading\" id=\"reizen\" style=\"margin-top:var(--wp--preset--spacing--30);margin-bottom:var(--wp--preset--spacing--30);padding-top:0;padding-bottom:0\">Fahrt zum Hafen von Hirtshals<\/h2>\n\n\n\n<p>Der Hafen von Hirtshals ist zentral gelegen. Auch die Anreise dorthin ist auf verschiedenen Wegen m\u00f6glich: mit dem Auto und mit \u00f6ffentlichen Verkehrsmitteln. Innerhalb von 10 Gehminuten entdecken Sie eine Bushaltestelle und einen Bahnhof\ud83d\ude86.<\/p>\n\n\n\n<ul class=\"wp-block-list\">\n<li><strong>Mit dem Auto: <\/strong>Sie k\u00f6nnen Hirtshals bequem erreichen, indem Sie der <strong>E39 in Richtung Hjorring folgen<\/strong>. Nehmen Sie dann die Ausfahrt nach Hirtshals und fahren Sie anschlie\u00dfend links in Richtung Zentrum. Schlie\u00dflich biegen Sie rechts in Richtung Havnegade ab, wo Sie schlie\u00dflich am Hafen landen.<\/li>\n\n\n\n<li><strong>Mit dem Bus:<\/strong> Der Busbahnhof <strong>Hirtshals Baneg\u00e5rd<\/strong> liegt nur wenige Gehminuten vom Hafen entfernt. Reisen Sie \u00fcber diesen Bahnhof.<\/li>\n\n\n\n<li><strong>Mit dem Zug:<\/strong> Der <strong>Bahnhof Hirtshals<\/strong> liegt 10 Gehminuten vom Hafen entfernt. Planen Sie Ihre Zugreise mit diesem Endziel. Dies kann unter anderem \u00fcber <a href=\"http:\/\/www.vy.no\" target=\"_blank\" rel=\"noreferrer noopener\">www.vy.no<\/a> erfolgen.<\/li>\n<\/ul>\n\n\n\n<p>Es gibt auch einen Taxiservice zum Hafen. Hierzu k\u00f6nnen Sie +45 98 94 40 00 anrufen.<\/p>\n\n\n\n<h2 class=\"wp-block-heading\" style=\"margin-top:var(--wp--preset--spacing--30)\">Terminals am Hafen<\/h2>\n\n\n\n<p>Bei der Ankunft im Hafen von Hirtshals gibt es eine deutliche Beschilderung zu den verschiedenen Terminals, von denen aus \u00dcberfahrten zum <a href=\"https:\/\/hirtshals-kristiansand.com\/de\/kristiansand-hafen\/\">Hafen von Kristiansand<\/a> abfahren.<\/p>\n\n\n\n<p>Welche Sie ben\u00f6tigen, h\u00e4ngt von der Gesellschaft ab, mit der Sie reisen: <a href=\"https:\/\/hirtshals-kristiansand.com\/de\/color-line\/\">Color Line<\/a> oder <a href=\"https:\/\/hirtshals-kristiansand.com\/de\/fjord-line\/\">Fjord Line<\/a>. Weitere Informationen zum Standort der jeweiligen Terminals im Hafen finden Sie unten:<\/p>\n\n\n\n<ul class=\"wp-block-list\">\n<li><a href=\"https:\/\/hirtshals-kristiansand.com\/de\/hirsthals-hafen\/fjord-line-terminal\/\">Fjord Line Terminal Hirtshals<\/a><\/li>\n\n\n\n<li><a href=\"https:\/\/hirtshals-kristiansand.com\/de\/hirsthals-hafen\/color-line-terminal\/\">Color LineTerminal Hirtshals<\/a><\/li>\n<\/ul>\n\n\n\n<p>Sehen Sie sich unten ein weiteres interessantes Video vom Hafen von Hirtshals an.<\/p>\n\n\n\n<figure class=\"wp-block-embed is-type-video is-provider-youtube wp-block-embed-youtube wp-embed-aspect-16-9 wp-has-aspect-ratio\"><div class=\"wp-block-embed__wrapper\">\n<iframe title=\"Port of Hirtshals - Transport\" width=\"500\" height=\"281\" src=\"https:\/\/www.youtube.com\/embed\/A9B2BY4EzZ4?list=PLOQ7qfypyBUxlDsvTgX4EzyC412P7qJXk\" frameborder=\"0\" allow=\"accelerometer; autoplay; clipboard-write; encrypted-media; gyroscope; picture-in-picture; web-share\" referrerpolicy=\"strict-origin-when-cross-origin\" allowfullscreen><\/iframe>\n<\/div><\/figure>\n","protected":false},"excerpt":{"rendered":"<p>An der Nordk\u00fcste D\u00e4nemarks entdecken Sie den Hafen von Hirtshals. Dies ist der Start- und Endpunkt mehrerer F\u00e4hr\u00fcberfahrten, darunter Hirtshals-Kristiansand. [&hellip;]<\/p>\n","protected":false},"author":1,"featured_media":152,"parent":0,"menu_order":0,"comment_status":"closed","ping_status":"closed","template":"","meta":{"inline_featured_image":false,"_uag_custom_page_level_css":"","site-sidebar-layout":"default","site-content-layout":"","ast-site-content-layout":"default","site-content-style":"default","site-sidebar-style":"default","ast-global-header-display":"","ast-banner-title-visibility":"","ast-main-header-display":"","ast-hfb-above-header-display":"","ast-hfb-below-header-display":"","ast-hfb-mobile-header-display":"","site-post-title":"","ast-breadcrumbs-content":"","ast-featured-img":"","footer-sml-layout":"","ast-disable-related-posts":"","theme-transparent-header-meta":"","adv-header-id-meta":"","stick-header-meta":"","header-above-stick-meta":"","header-main-stick-meta":"","header-below-stick-meta":"","astra-migrate-meta-layouts":"default","ast-page-background-enabled":"default","ast-page-background-meta":{"desktop":{"background-color":"var(--ast-global-color-4)","background-image":"","background-repeat":"repeat","background-position":"center center","background-size":"auto","background-attachment":"scroll","background-type":"","background-media":"","overlay-type":"","overlay-color":"","overlay-opacity":"","overlay-gradient":""},"tablet":{"background-color":"","background-image":"","background-repeat":"repeat","background-position":"center center","background-size":"auto","background-attachment":"scroll","background-type":"","background-media":"","overlay-type":"","overlay-color":"","overlay-opacity":"","overlay-gradient":""},"mobile":{"background-color":"","background-image":"","background-repeat":"repeat","background-position":"center center","background-size":"auto","background-attachment":"scroll","background-type":"","background-media":"","overlay-type":"","overlay-color":"","overlay-opacity":"","overlay-gradient":""}},"ast-content-background-meta":{"desktop":{"background-color":"var(--ast-global-color-5)","background-image":"","background-repeat":"repeat","background-position":"center center","background-size":"auto","background-attachment":"scroll","background-type":"","background-media":"","overlay-type":"","overlay-color":"","overlay-opacity":"","overlay-gradient":""},"tablet":{"background-color":"var(--ast-global-color-5)","background-image":"","background-repeat":"repeat","background-position":"center center","background-size":"auto","background-attachment":"scroll","background-type":"","background-media":"","overlay-type":"","overlay-color":"","overlay-opacity":"","overlay-gradient":""},"mobile":{"background-color":"var(--ast-global-color-5)","background-image":"","background-repeat":"repeat","background-position":"center center","background-size":"auto","background-attachment":"scroll","background-type":"","background-media":"","overlay-type":"","overlay-color":"","overlay-opacity":"","overlay-gradient":""}},"footnotes":""},"class_list":["post-52","page","type-page","status-publish","has-post-thumbnail","hentry"],"yoast_head":"<!-- This site is optimized with the Yoast SEO plugin v27.4 - https:\/\/yoast.com\/product\/yoast-seo-wordpress\/ -->\n<title>Hirtshals Hafen - Hirtshals Kristiansand F\u00e4hre Guide<\/title>\n<meta name=\"description\" content=\"Entdecken Sie alles \u00fcber den Hafen von Hirtshals: Adressdetails, Parkm\u00f6glichkeiten und detaillierte Wegbeschreibungen.\" \/>\n<meta name=\"robots\" content=\"index, follow, max-snippet:-1, max-image-preview:large, max-video-preview:-1\" \/>\n<link rel=\"canonical\" href=\"https:\/\/hirtshals-kristiansand.com\/de\/hirsthals-hafen\/\" \/>\n<meta property=\"og:locale\" content=\"de_DE\" \/>\n<meta property=\"og:type\" content=\"article\" \/>\n<meta property=\"og:title\" content=\"Hirtshals Hafen - Hirtshals Kristiansand F\u00e4hre Guide\" \/>\n<meta property=\"og:description\" content=\"Entdecken Sie alles \u00fcber den Hafen von Hirtshals: Adressdetails, Parkm\u00f6glichkeiten und detaillierte Wegbeschreibungen.\" \/>\n<meta property=\"og:url\" content=\"https:\/\/hirtshals-kristiansand.com\/de\/hirsthals-hafen\/\" \/>\n<meta property=\"og:site_name\" content=\"Hirtshals Kristiansand F\u00e4hre Guide\" \/>\n<meta property=\"article:modified_time\" content=\"2026-04-20T13:55:05+00:00\" \/>\n<meta property=\"og:image\" content=\"https:\/\/hirtshals-kristiansand.com\/de\/wp-content\/uploads\/sites\/3\/2024\/03\/hirtshals-2.jpg\" \/>\n\t<meta property=\"og:image:width\" content=\"1200\" \/>\n\t<meta property=\"og:image:height\" content=\"800\" \/>\n\t<meta property=\"og:image:type\" content=\"image\/jpeg\" \/>\n<meta name=\"twitter:card\" content=\"summary_large_image\" \/>\n<meta name=\"twitter:label1\" content=\"Gesch\u00e4tzte Lesezeit\" \/>\n\t<meta name=\"twitter:data1\" content=\"1\u00a0Minute\" \/>\n<script type=\"application\/ld+json\" class=\"yoast-schema-graph\">{\"@context\":\"https:\\\/\\\/schema.org\",\"@graph\":[{\"@type\":\"WebPage\",\"@id\":\"https:\\\/\\\/hirtshals-kristiansand.com\\\/de\\\/hirsthals-hafen\\\/\",\"url\":\"https:\\\/\\\/hirtshals-kristiansand.com\\\/de\\\/hirsthals-hafen\\\/\",\"name\":\"Hirtshals Hafen - Hirtshals Kristiansand F\u00e4hre Guide\",\"isPartOf\":{\"@id\":\"https:\\\/\\\/hirtshals-kristiansand.com\\\/de\\\/#website\"},\"primaryImageOfPage\":{\"@id\":\"https:\\\/\\\/hirtshals-kristiansand.com\\\/de\\\/hirsthals-hafen\\\/#primaryimage\"},\"image\":{\"@id\":\"https:\\\/\\\/hirtshals-kristiansand.com\\\/de\\\/hirsthals-hafen\\\/#primaryimage\"},\"thumbnailUrl\":\"https:\\\/\\\/hirtshals-kristiansand.com\\\/de\\\/wp-content\\\/uploads\\\/sites\\\/3\\\/2024\\\/03\\\/hirtshals-2.jpg\",\"datePublished\":\"2024-03-07T08:55:16+00:00\",\"dateModified\":\"2026-04-20T13:55:05+00:00\",\"description\":\"Entdecken Sie alles \u00fcber den Hafen von Hirtshals: Adressdetails, Parkm\u00f6glichkeiten und detaillierte Wegbeschreibungen.\",\"breadcrumb\":{\"@id\":\"https:\\\/\\\/hirtshals-kristiansand.com\\\/de\\\/hirsthals-hafen\\\/#breadcrumb\"},\"inLanguage\":\"de\",\"potentialAction\":[{\"@type\":\"ReadAction\",\"target\":[\"https:\\\/\\\/hirtshals-kristiansand.com\\\/de\\\/hirsthals-hafen\\\/\"]}]},{\"@type\":\"ImageObject\",\"inLanguage\":\"de\",\"@id\":\"https:\\\/\\\/hirtshals-kristiansand.com\\\/de\\\/hirsthals-hafen\\\/#primaryimage\",\"url\":\"https:\\\/\\\/hirtshals-kristiansand.com\\\/de\\\/wp-content\\\/uploads\\\/sites\\\/3\\\/2024\\\/03\\\/hirtshals-2.jpg\",\"contentUrl\":\"https:\\\/\\\/hirtshals-kristiansand.com\\\/de\\\/wp-content\\\/uploads\\\/sites\\\/3\\\/2024\\\/03\\\/hirtshals-2.jpg\",\"width\":1200,\"height\":800,\"caption\":\"hirtshals\"},{\"@type\":\"BreadcrumbList\",\"@id\":\"https:\\\/\\\/hirtshals-kristiansand.com\\\/de\\\/hirsthals-hafen\\\/#breadcrumb\",\"itemListElement\":[{\"@type\":\"ListItem\",\"position\":1,\"name\":\"Hirtshals Kristiansand\",\"item\":\"https:\\\/\\\/hirtshals-kristiansand.com\\\/de\\\/\"},{\"@type\":\"ListItem\",\"position\":2,\"name\":\"Hirtshals Hafen\"}]},{\"@type\":\"WebSite\",\"@id\":\"https:\\\/\\\/hirtshals-kristiansand.com\\\/de\\\/#website\",\"url\":\"https:\\\/\\\/hirtshals-kristiansand.com\\\/de\\\/\",\"name\":\"Hirtshals Kristiansand F\u00e4hre Guide\",\"description\":\"Alles \u00fcber die Hirtshals Kristiansand F\u00e4hr\u00fcberfahrt\",\"publisher\":{\"@id\":\"https:\\\/\\\/hirtshals-kristiansand.com\\\/de\\\/#organization\"},\"potentialAction\":[{\"@type\":\"SearchAction\",\"target\":{\"@type\":\"EntryPoint\",\"urlTemplate\":\"https:\\\/\\\/hirtshals-kristiansand.com\\\/de\\\/?s={search_term_string}\"},\"query-input\":{\"@type\":\"PropertyValueSpecification\",\"valueRequired\":true,\"valueName\":\"search_term_string\"}}],\"inLanguage\":\"de\"},{\"@type\":\"Organization\",\"@id\":\"https:\\\/\\\/hirtshals-kristiansand.com\\\/de\\\/#organization\",\"name\":\"Hirtshals Kristiansand F\u00e4hre Guide\",\"url\":\"https:\\\/\\\/hirtshals-kristiansand.com\\\/de\\\/\",\"logo\":{\"@type\":\"ImageObject\",\"inLanguage\":\"de\",\"@id\":\"https:\\\/\\\/hirtshals-kristiansand.com\\\/de\\\/#\\\/schema\\\/logo\\\/image\\\/\",\"url\":\"https:\\\/\\\/hirtshals-kristiansand.com\\\/de\\\/wp-content\\\/uploads\\\/sites\\\/3\\\/2025\\\/05\\\/hirtshals-kristiansand.svg\",\"contentUrl\":\"https:\\\/\\\/hirtshals-kristiansand.com\\\/de\\\/wp-content\\\/uploads\\\/sites\\\/3\\\/2025\\\/05\\\/hirtshals-kristiansand.svg\",\"width\":800,\"height\":256,\"caption\":\"Hirtshals Kristiansand F\u00e4hre Guide\"},\"image\":{\"@id\":\"https:\\\/\\\/hirtshals-kristiansand.com\\\/de\\\/#\\\/schema\\\/logo\\\/image\\\/\"}}]}<\/script>\n<!-- \/ Yoast SEO plugin. -->","yoast_head_json":{"title":"Hirtshals Hafen - Hirtshals Kristiansand F\u00e4hre Guide","description":"Entdecken Sie alles \u00fcber den Hafen von Hirtshals: Adressdetails, Parkm\u00f6glichkeiten und detaillierte Wegbeschreibungen.","robots":{"index":"index","follow":"follow","max-snippet":"max-snippet:-1","max-image-preview":"max-image-preview:large","max-video-preview":"max-video-preview:-1"},"canonical":"https:\/\/hirtshals-kristiansand.com\/de\/hirsthals-hafen\/","og_locale":"de_DE","og_type":"article","og_title":"Hirtshals Hafen - Hirtshals Kristiansand F\u00e4hre Guide","og_description":"Entdecken Sie alles \u00fcber den Hafen von Hirtshals: Adressdetails, Parkm\u00f6glichkeiten und detaillierte Wegbeschreibungen.","og_url":"https:\/\/hirtshals-kristiansand.com\/de\/hirsthals-hafen\/","og_site_name":"Hirtshals Kristiansand F\u00e4hre Guide","article_modified_time":"2026-04-20T13:55:05+00:00","og_image":[{"width":1200,"height":800,"url":"https:\/\/hirtshals-kristiansand.com\/de\/wp-content\/uploads\/sites\/3\/2024\/03\/hirtshals-2.jpg","type":"image\/jpeg"}],"twitter_card":"summary_large_image","twitter_misc":{"Gesch\u00e4tzte Lesezeit":"1\u00a0Minute"},"schema":{"@context":"https:\/\/schema.org","@graph":[{"@type":"WebPage","@id":"https:\/\/hirtshals-kristiansand.com\/de\/hirsthals-hafen\/","url":"https:\/\/hirtshals-kristiansand.com\/de\/hirsthals-hafen\/","name":"Hirtshals Hafen - Hirtshals Kristiansand F\u00e4hre Guide","isPartOf":{"@id":"https:\/\/hirtshals-kristiansand.com\/de\/#website"},"primaryImageOfPage":{"@id":"https:\/\/hirtshals-kristiansand.com\/de\/hirsthals-hafen\/#primaryimage"},"image":{"@id":"https:\/\/hirtshals-kristiansand.com\/de\/hirsthals-hafen\/#primaryimage"},"thumbnailUrl":"https:\/\/hirtshals-kristiansand.com\/de\/wp-content\/uploads\/sites\/3\/2024\/03\/hirtshals-2.jpg","datePublished":"2024-03-07T08:55:16+00:00","dateModified":"2026-04-20T13:55:05+00:00","description":"Entdecken Sie alles \u00fcber den Hafen von Hirtshals: Adressdetails, Parkm\u00f6glichkeiten und detaillierte Wegbeschreibungen.","breadcrumb":{"@id":"https:\/\/hirtshals-kristiansand.com\/de\/hirsthals-hafen\/#breadcrumb"},"inLanguage":"de","potentialAction":[{"@type":"ReadAction","target":["https:\/\/hirtshals-kristiansand.com\/de\/hirsthals-hafen\/"]}]},{"@type":"ImageObject","inLanguage":"de","@id":"https:\/\/hirtshals-kristiansand.com\/de\/hirsthals-hafen\/#primaryimage","url":"https:\/\/hirtshals-kristiansand.com\/de\/wp-content\/uploads\/sites\/3\/2024\/03\/hirtshals-2.jpg","contentUrl":"https:\/\/hirtshals-kristiansand.com\/de\/wp-content\/uploads\/sites\/3\/2024\/03\/hirtshals-2.jpg","width":1200,"height":800,"caption":"hirtshals"},{"@type":"BreadcrumbList","@id":"https:\/\/hirtshals-kristiansand.com\/de\/hirsthals-hafen\/#breadcrumb","itemListElement":[{"@type":"ListItem","position":1,"name":"Hirtshals Kristiansand","item":"https:\/\/hirtshals-kristiansand.com\/de\/"},{"@type":"ListItem","position":2,"name":"Hirtshals Hafen"}]},{"@type":"WebSite","@id":"https:\/\/hirtshals-kristiansand.com\/de\/#website","url":"https:\/\/hirtshals-kristiansand.com\/de\/","name":"Hirtshals Kristiansand F\u00e4hre Guide","description":"Alles \u00fcber die Hirtshals Kristiansand F\u00e4hr\u00fcberfahrt","publisher":{"@id":"https:\/\/hirtshals-kristiansand.com\/de\/#organization"},"potentialAction":[{"@type":"SearchAction","target":{"@type":"EntryPoint","urlTemplate":"https:\/\/hirtshals-kristiansand.com\/de\/?s={search_term_string}"},"query-input":{"@type":"PropertyValueSpecification","valueRequired":true,"valueName":"search_term_string"}}],"inLanguage":"de"},{"@type":"Organization","@id":"https:\/\/hirtshals-kristiansand.com\/de\/#organization","name":"Hirtshals Kristiansand F\u00e4hre Guide","url":"https:\/\/hirtshals-kristiansand.com\/de\/","logo":{"@type":"ImageObject","inLanguage":"de","@id":"https:\/\/hirtshals-kristiansand.com\/de\/#\/schema\/logo\/image\/","url":"https:\/\/hirtshals-kristiansand.com\/de\/wp-content\/uploads\/sites\/3\/2025\/05\/hirtshals-kristiansand.svg","contentUrl":"https:\/\/hirtshals-kristiansand.com\/de\/wp-content\/uploads\/sites\/3\/2025\/05\/hirtshals-kristiansand.svg","width":800,"height":256,"caption":"Hirtshals Kristiansand F\u00e4hre Guide"},"image":{"@id":"https:\/\/hirtshals-kristiansand.com\/de\/#\/schema\/logo\/image\/"}}]}},"uagb_featured_image_src":{"full":["https:\/\/hirtshals-kristiansand.com\/de\/wp-content\/uploads\/sites\/3\/2024\/03\/hirtshals-2.jpg",1200,800,false],"thumbnail":["https:\/\/hirtshals-kristiansand.com\/de\/wp-content\/uploads\/sites\/3\/2024\/03\/hirtshals-2-150x150.jpg",150,150,true],"medium":["https:\/\/hirtshals-kristiansand.com\/de\/wp-content\/uploads\/sites\/3\/2024\/03\/hirtshals-2-300x200.jpg",300,200,true],"medium_large":["https:\/\/hirtshals-kristiansand.com\/de\/wp-content\/uploads\/sites\/3\/2024\/03\/hirtshals-2-768x512.jpg",768,512,true],"large":["https:\/\/hirtshals-kristiansand.com\/de\/wp-content\/uploads\/sites\/3\/2024\/03\/hirtshals-2-1024x683.jpg",1024,683,true],"1536x1536":["https:\/\/hirtshals-kristiansand.com\/de\/wp-content\/uploads\/sites\/3\/2024\/03\/hirtshals-2.jpg",1200,800,false],"2048x2048":["https:\/\/hirtshals-kristiansand.com\/de\/wp-content\/uploads\/sites\/3\/2024\/03\/hirtshals-2.jpg",1200,800,false]},"uagb_author_info":{"display_name":"mail@robberttigchelaar.com","author_link":"https:\/\/hirtshals-kristiansand.com\/de\/author\/mailrobberttigchelaar-com\/"},"uagb_comment_info":0,"uagb_excerpt":"An der Nordk\u00fcste D\u00e4nemarks entdecken Sie den Hafen von Hirtshals. Dies ist der Start- und Endpunkt mehrerer F\u00e4hr\u00fcberfahrten, darunter Hirtshals-Kristiansand. [&hellip;]","_links":{"self":[{"href":"https:\/\/hirtshals-kristiansand.com\/de\/wp-json\/wp\/v2\/pages\/52","targetHints":{"allow":["GET"]}}],"collection":[{"href":"https:\/\/hirtshals-kristiansand.com\/de\/wp-json\/wp\/v2\/pages"}],"about":[{"href":"https:\/\/hirtshals-kristiansand.com\/de\/wp-json\/wp\/v2\/types\/page"}],"author":[{"embeddable":true,"href":"https:\/\/hirtshals-kristiansand.com\/de\/wp-json\/wp\/v2\/users\/1"}],"replies":[{"embeddable":true,"href":"https:\/\/hirtshals-kristiansand.com\/de\/wp-json\/wp\/v2\/comments?post=52"}],"version-history":[{"count":7,"href":"https:\/\/hirtshals-kristiansand.com\/de\/wp-json\/wp\/v2\/pages\/52\/revisions"}],"predecessor-version":[{"id":315,"href":"https:\/\/hirtshals-kristiansand.com\/de\/wp-json\/wp\/v2\/pages\/52\/revisions\/315"}],"wp:featuredmedia":[{"embeddable":true,"href":"https:\/\/hirtshals-kristiansand.com\/de\/wp-json\/wp\/v2\/media\/152"}],"wp:attachment":[{"href":"https:\/\/hirtshals-kristiansand.com\/de\/wp-json\/wp\/v2\/media?parent=52"}],"curies":[{"name":"wp","href":"https:\/\/api.w.org\/{rel}","templated":true}]}}