{"id":50,"date":"2024-03-07T08:49:08","date_gmt":"2024-03-07T08:49:08","guid":{"rendered":"https:\/\/hirtshals-kristiansand.com\/de\/?page_id=50"},"modified":"2026-04-20T13:54:46","modified_gmt":"2026-04-20T13:54:46","slug":"fjord-line","status":"publish","type":"page","link":"https:\/\/hirtshals-kristiansand.com\/de\/fjord-line\/","title":{"rendered":"Fjord Line &#8211; Hirtshals Kristiansand"},"content":{"rendered":"\n<p>Einer der Betreiber zwischen Hirtshals und Kristiansand ist Fjord Line. Dieses Unternehmen bietet dank des blitzschnellen Fjord FSTR, einem modernen Katamaran, eine der schnellsten \u00dcberfahrten. In nur 2,15 Stunden sind Sie auf der anderen Seite. Erw\u00e4gen Sie eine Reise mit Fjord Line? Dann lesen Sie auf dieser Seite alles, was Sie \u00fcber die \u00dcberfahrt dieses Unternehmens zwischen Hirtshals und Kristiansand wissen m\u00fcssen.\ud83d\udc47<\/p>\n\n\n\n<h2 class=\"wp-block-heading\">allgemeine Informationen<\/h2>\n\n\n\n<p>Nachfolgend finden Sie einige wichtige Fakten zur \u00dcberfahrt zwischen dem <a href=\"https:\/\/hirtshals-kristiansand.com\/de\/hirsthals-hafen\/\">Hafen von Hirtshals<\/a> und dem <a href=\"https:\/\/hirtshals-kristiansand.com\/de\/kristiansand-hafen\/\">Hafen von Kristiansand<\/a> durch Fjord Line.<\/p>\n\n\n\n<ul class=\"wp-block-list\">\n<li><strong>Dauer: <\/strong>ab 2,15 Stunden<\/li>\n\n\n\n<li><strong>Boot:<\/strong> Fjord FSTR (Katamaran) \/ MS Bergensfjord \/ MS Stavangerfjord*<\/li>\n\n\n\n<li><strong>Anzahl der Abfahrten:<\/strong> 2 bis 4 pro Tag in der Hochsaison<\/li>\n\n\n\n<li><strong>Preise:<\/strong> <a href=\"\/de\/go\/prices\" target=\"_blank\" rel=\"noreferrer noopener\">ab 104 Euro<\/a><\/li>\n<\/ul>\n\n\n\n<p>* Der Fjord FSTR bietet direkte \u00dcberfahrten zwischen Hirtshals und Kristiansand. Mit der MS Bergensfjord und MS Stavangerfjord ist Hirtshals ein Zwischenstopp und es geht weiter nach Stavanger und Bergen.<\/p>\n\n\n\n<h2 class=\"wp-block-heading\">Einrichtungen an Bord<\/h2>\n\n\n\n<p>Fjord Line betreibt drei verschiedene F\u00e4hrschiffe zwischen Hirtshals und Kristiansand: die Fjord FSTR (Katamaran), die MS Bergensfjord und die MS Stavangerfjord. Wir listen die verschiedenen Ausstattungen der Boote auf.<\/p>\n\n\n\n<h3 class=\"wp-block-heading\">Einrichtungen Fjord FSTR<\/h3>\n\n\n\n<p>Sehen Sie sich unten die Einrichtungen an, die Sie an Bord der Fjord FSTR, auch bekannt als Katamaran, nutzen k\u00f6nnen. \ud83d\udee5\ufe0f<\/p>\n\n\n\n<ul class=\"wp-block-list\">\n<li>Restaurant<\/li>\n\n\n\n<li>Salon<\/li>\n\n\n\n<li>Sitzpl\u00e4tze<\/li>\n\n\n\n<li>Duty-Free-Shop (auf dem Hauptdeck)<\/li>\n\n\n\n<li>Supermarkt (frische Lebensmittel und Tiefk\u00fchlkost)<\/li>\n\n\n\n<li>Ladestationen f\u00fcr Elektrofahrzeuge (eigenes Kabel mitbringen)<\/li>\n\n\n\n<li>W-lan<\/li>\n<\/ul>\n\n\n\n<p>Weitere Informationen zum <a href=\"https:\/\/hirtshals-kristiansand.com\/de\/fjord-fstr\/\">Fjord FSTR<\/a> finden Sie hier.<\/p>\n\n\n\n<h3 class=\"wp-block-heading\">Einrichtungen MS Bergensfjord \/ MS Stavangerfjord<\/h3>\n\n\n\n<p>Sehen Sie sich unten alle Einrichtungen an Bord der <a href=\"https:\/\/hirtshals-kristiansand.com\/de\/ms-bergensfjord\/\">MS Bergensfjord<\/a> und der Schwesterf\u00e4hre <a href=\"https:\/\/hirtshals-kristiansand.com\/de\/ms-stavangerfjord\/\">MS Stavangerfjord<\/a> an.<\/p>\n\n\n\n<ul class=\"wp-block-list\">\n<li>Verschiedene Restaurants (\u00e0 la carte und Buffet)<\/li>\n\n\n\n<li>Lounge (kann im Voraus reserviert werden)<\/li>\n\n\n\n<li>Luxus-Suiten (<a href=\"\/de\/go\/prices\" target=\"_blank\" rel=\"noreferrer noopener\">20 Kabinenoptionen<\/a>)<\/li>\n\n\n\n<li>Sport-Bar<\/li>\n\n\n\n<li>Nachtclub<\/li>\n\n\n\n<li>Unterhaltung f\u00fcr Jung und Alt<\/li>\n\n\n\n<li>Tax-Free-Shop<\/li>\n\n\n\n<li>Gep\u00e4ckraum (kostenlos)<\/li>\n\n\n\n<li>W-lan<\/li>\n\n\n\n<li>Spezielle H\u00fctten, in denen Hunde erlaubt sind<\/li>\n<\/ul>\n\n\n\n<p>Wie Sie sehen, \u00e4hneln diese F\u00e4hrschiffe eher einem Kreuzfahrtschiff! \ud83d\ude0d<\/p>\n\n\n\n<h2 class=\"wp-block-heading\">Wichtig zu wissen<\/h2>\n\n\n\n<p>Es gibt eine Reihe von Regeln, die Fjord Line anwendet und die Sie vor der Abreise sorgf\u00e4ltig lesen sollten:<\/p>\n\n\n\n<ul class=\"wp-block-list\">\n<li><strong>Ausweis: <\/strong>Alle Passagiere ab 18 Jahren m\u00fcssen einen g\u00fcltigen Ausweis vorlegen k\u00f6nnen<\/li>\n\n\n\n<li><strong>Altersgrenze:<\/strong> Fjord Line hat f\u00fcr die \u00dcberquerung von Hirtshals Kristiansand eine Altersgrenze von 16 Jahren; Bei Pauschalreisen betr\u00e4gt diese 18 Jahre<\/li>\n\n\n\n<li><strong>W\u00e4hrung:<\/strong> Fjord Line akzeptiert an Bord nur d\u00e4nische Kronen, norwegische Kronen und Euro als W\u00e4hrung.<\/li>\n<\/ul>\n\n\n\n<h3 class=\"wp-block-heading\">Reisen mit Haustieren mit Fjord Line<\/h3>\n\n\n\n<p>\ud83d\udc36 Planen Sie, w\u00e4hrend der \u00dcberfahrt ein Tier mit an Bord zu nehmen? Dann ber\u00fccksichtigen Sie die folgenden Regeln, die bei Fjord Line gelten:<\/p>\n\n\n\n<ul class=\"wp-block-list\">\n<li>Die MS Bergensfjord \/ MS Stavangerfjord verf\u00fcgen \u00fcber spezielle H\u00fctten f\u00fcr Hunde und eine Hundeh\u00fctte, die Fjord FSTR nicht; Hier m\u00fcssen Sie jederzeit bei Ihrem Hund bleiben<\/li>\n\n\n\n<li>Hunde sind im Schiff und in den daf\u00fcr nicht vorgesehenen Kabinen nicht gestattet<\/li>\n\n\n\n<li>Die Hundeh\u00fctte kostet 13 Euro (beachten Sie, dass die Pl\u00e4tze begrenzt sind, daher ist es sinnvoll, <a href=\"\/de\/go\/prices\" target=\"_blank\" rel=\"noreferrer noopener\">im Voraus zu buchen<\/a>)<\/li>\n\n\n\n<li>Die Besatzung beaufsichtigt keine Hunde<\/li>\n<\/ul>\n\n\n\n<p>F\u00fcr den Transport von Kleintieren im Auto berechnet Fjord Line 7 Euro.<\/p>\n\n\n\n<h2 class=\"wp-block-heading\">Kontaktdaten von Fjord Line<\/h2>\n\n\n\n<p>Haben Sie Fragen zur \u00dcberquerung der Fjordlinie? Dann k\u00f6nnen Sie uns auf verschiedenen Wegen kontaktieren.<\/p>\n\n\n\n<ul class=\"wp-block-list\">\n<li><strong>E-Mail-Adresse:<\/strong> &#8211;<\/li>\n\n\n\n<li><strong>Telefonnummer: <\/strong>+47 51 46 40 99<\/li>\n\n\n\n<li><strong>Website: <\/strong>fjordline.com<\/li>\n<\/ul>\n\n\n\n<p>Spezifische Informationen zu den Fjord Line-Terminals finden Sie auch auf unserer Website:<\/p>\n\n\n\n<ul class=\"wp-block-list\">\n<li><a href=\"https:\/\/hirtshals-kristiansand.com\/de\/hirsthals-hafen\/fjord-line-terminal\/\">Fjord Line Terminal Hirtshals<\/a><\/li>\n\n\n\n<li><a href=\"https:\/\/hirtshals-kristiansand.com\/de\/kristiansand-hafen\/fjord-line-terminal\/\">Fjord Line Terminal Kristiansand<\/a><\/li>\n<\/ul>\n","protected":false},"excerpt":{"rendered":"<p>Einer der Betreiber zwischen Hirtshals und Kristiansand ist Fjord Line. Dieses Unternehmen bietet dank des blitzschnellen Fjord FSTR, einem modernen [&hellip;]<\/p>\n","protected":false},"author":1,"featured_media":150,"parent":0,"menu_order":0,"comment_status":"closed","ping_status":"closed","template":"","meta":{"inline_featured_image":false,"_uag_custom_page_level_css":"","site-sidebar-layout":"default","site-content-layout":"","ast-site-content-layout":"default","site-content-style":"default","site-sidebar-style":"default","ast-global-header-display":"","ast-banner-title-visibility":"","ast-main-header-display":"","ast-hfb-above-header-display":"","ast-hfb-below-header-display":"","ast-hfb-mobile-header-display":"","site-post-title":"","ast-breadcrumbs-content":"","ast-featured-img":"","footer-sml-layout":"","ast-disable-related-posts":"","theme-transparent-header-meta":"","adv-header-id-meta":"","stick-header-meta":"","header-above-stick-meta":"","header-main-stick-meta":"","header-below-stick-meta":"","astra-migrate-meta-layouts":"default","ast-page-background-enabled":"default","ast-page-background-meta":{"desktop":{"background-color":"var(--ast-global-color-4)","background-image":"","background-repeat":"repeat","background-position":"center center","background-size":"auto","background-attachment":"scroll","background-type":"","background-media":"","overlay-type":"","overlay-color":"","overlay-opacity":"","overlay-gradient":""},"tablet":{"background-color":"","background-image":"","background-repeat":"repeat","background-position":"center center","background-size":"auto","background-attachment":"scroll","background-type":"","background-media":"","overlay-type":"","overlay-color":"","overlay-opacity":"","overlay-gradient":""},"mobile":{"background-color":"","background-image":"","background-repeat":"repeat","background-position":"center center","background-size":"auto","background-attachment":"scroll","background-type":"","background-media":"","overlay-type":"","overlay-color":"","overlay-opacity":"","overlay-gradient":""}},"ast-content-background-meta":{"desktop":{"background-color":"var(--ast-global-color-5)","background-image":"","background-repeat":"repeat","background-position":"center center","background-size":"auto","background-attachment":"scroll","background-type":"","background-media":"","overlay-type":"","overlay-color":"","overlay-opacity":"","overlay-gradient":""},"tablet":{"background-color":"var(--ast-global-color-5)","background-image":"","background-repeat":"repeat","background-position":"center center","background-size":"auto","background-attachment":"scroll","background-type":"","background-media":"","overlay-type":"","overlay-color":"","overlay-opacity":"","overlay-gradient":""},"mobile":{"background-color":"var(--ast-global-color-5)","background-image":"","background-repeat":"repeat","background-position":"center center","background-size":"auto","background-attachment":"scroll","background-type":"","background-media":"","overlay-type":"","overlay-color":"","overlay-opacity":"","overlay-gradient":""}},"footnotes":""},"class_list":["post-50","page","type-page","status-publish","has-post-thumbnail","hentry"],"yoast_head":"<!-- This site is optimized with the Yoast SEO plugin v27.5 - https:\/\/yoast.com\/product\/yoast-seo-wordpress\/ -->\n<title>Fjord Line - Hirtshals Kristiansand - Hirtshals Kristiansand F\u00e4hre Guide<\/title>\n<meta name=\"description\" content=\"\u00dcberpr\u00fcfen Sie die notwendigen Informationen zum Fjord Line-Terminal in Kristiansand Haven: Check-in, Parken und Kontaktdaten.\" \/>\n<meta name=\"robots\" content=\"index, follow, max-snippet:-1, max-image-preview:large, max-video-preview:-1\" \/>\n<link rel=\"canonical\" href=\"https:\/\/hirtshals-kristiansand.com\/de\/fjord-line\/\" \/>\n<meta property=\"og:locale\" content=\"de_DE\" \/>\n<meta property=\"og:type\" content=\"article\" \/>\n<meta property=\"og:title\" content=\"Fjord Line - Hirtshals Kristiansand - Hirtshals Kristiansand F\u00e4hre Guide\" \/>\n<meta property=\"og:description\" content=\"\u00dcberpr\u00fcfen Sie die notwendigen Informationen zum Fjord Line-Terminal in Kristiansand Haven: Check-in, Parken und Kontaktdaten.\" \/>\n<meta property=\"og:url\" content=\"https:\/\/hirtshals-kristiansand.com\/de\/fjord-line\/\" \/>\n<meta property=\"og:site_name\" content=\"Hirtshals Kristiansand F\u00e4hre Guide\" \/>\n<meta property=\"article:modified_time\" content=\"2026-04-20T13:54:46+00:00\" \/>\n<meta property=\"og:image\" content=\"https:\/\/hirtshals-kristiansand.com\/de\/wp-content\/uploads\/sites\/3\/2024\/03\/fjord-line.jpg\" \/>\n\t<meta property=\"og:image:width\" content=\"1200\" \/>\n\t<meta property=\"og:image:height\" content=\"800\" \/>\n\t<meta property=\"og:image:type\" content=\"image\/jpeg\" \/>\n<meta name=\"twitter:card\" content=\"summary_large_image\" \/>\n<meta name=\"twitter:label1\" content=\"Gesch\u00e4tzte Lesezeit\" \/>\n\t<meta name=\"twitter:data1\" content=\"1\u00a0Minute\" \/>\n<script type=\"application\/ld+json\" class=\"yoast-schema-graph\">{\"@context\":\"https:\\\/\\\/schema.org\",\"@graph\":[{\"@type\":\"WebPage\",\"@id\":\"https:\\\/\\\/hirtshals-kristiansand.com\\\/de\\\/fjord-line\\\/\",\"url\":\"https:\\\/\\\/hirtshals-kristiansand.com\\\/de\\\/fjord-line\\\/\",\"name\":\"Fjord Line - Hirtshals Kristiansand - Hirtshals Kristiansand F\u00e4hre Guide\",\"isPartOf\":{\"@id\":\"https:\\\/\\\/hirtshals-kristiansand.com\\\/de\\\/#website\"},\"primaryImageOfPage\":{\"@id\":\"https:\\\/\\\/hirtshals-kristiansand.com\\\/de\\\/fjord-line\\\/#primaryimage\"},\"image\":{\"@id\":\"https:\\\/\\\/hirtshals-kristiansand.com\\\/de\\\/fjord-line\\\/#primaryimage\"},\"thumbnailUrl\":\"https:\\\/\\\/hirtshals-kristiansand.com\\\/de\\\/wp-content\\\/uploads\\\/sites\\\/3\\\/2024\\\/03\\\/fjord-line.jpg\",\"datePublished\":\"2024-03-07T08:49:08+00:00\",\"dateModified\":\"2026-04-20T13:54:46+00:00\",\"description\":\"\u00dcberpr\u00fcfen Sie die notwendigen Informationen zum Fjord Line-Terminal in Kristiansand Haven: Check-in, Parken und Kontaktdaten.\",\"breadcrumb\":{\"@id\":\"https:\\\/\\\/hirtshals-kristiansand.com\\\/de\\\/fjord-line\\\/#breadcrumb\"},\"inLanguage\":\"de\",\"potentialAction\":[{\"@type\":\"ReadAction\",\"target\":[\"https:\\\/\\\/hirtshals-kristiansand.com\\\/de\\\/fjord-line\\\/\"]}]},{\"@type\":\"ImageObject\",\"inLanguage\":\"de\",\"@id\":\"https:\\\/\\\/hirtshals-kristiansand.com\\\/de\\\/fjord-line\\\/#primaryimage\",\"url\":\"https:\\\/\\\/hirtshals-kristiansand.com\\\/de\\\/wp-content\\\/uploads\\\/sites\\\/3\\\/2024\\\/03\\\/fjord-line.jpg\",\"contentUrl\":\"https:\\\/\\\/hirtshals-kristiansand.com\\\/de\\\/wp-content\\\/uploads\\\/sites\\\/3\\\/2024\\\/03\\\/fjord-line.jpg\",\"width\":1200,\"height\":800,\"caption\":\"fjord line\"},{\"@type\":\"BreadcrumbList\",\"@id\":\"https:\\\/\\\/hirtshals-kristiansand.com\\\/de\\\/fjord-line\\\/#breadcrumb\",\"itemListElement\":[{\"@type\":\"ListItem\",\"position\":1,\"name\":\"Hirtshals Kristiansand\",\"item\":\"https:\\\/\\\/hirtshals-kristiansand.com\\\/de\\\/\"},{\"@type\":\"ListItem\",\"position\":2,\"name\":\"Fjord Line &#8211; Hirtshals Kristiansand\"}]},{\"@type\":\"WebSite\",\"@id\":\"https:\\\/\\\/hirtshals-kristiansand.com\\\/de\\\/#website\",\"url\":\"https:\\\/\\\/hirtshals-kristiansand.com\\\/de\\\/\",\"name\":\"Hirtshals Kristiansand F\u00e4hre Guide\",\"description\":\"Alles \u00fcber die Hirtshals Kristiansand F\u00e4hr\u00fcberfahrt\",\"publisher\":{\"@id\":\"https:\\\/\\\/hirtshals-kristiansand.com\\\/de\\\/#organization\"},\"potentialAction\":[{\"@type\":\"SearchAction\",\"target\":{\"@type\":\"EntryPoint\",\"urlTemplate\":\"https:\\\/\\\/hirtshals-kristiansand.com\\\/de\\\/?s={search_term_string}\"},\"query-input\":{\"@type\":\"PropertyValueSpecification\",\"valueRequired\":true,\"valueName\":\"search_term_string\"}}],\"inLanguage\":\"de\"},{\"@type\":\"Organization\",\"@id\":\"https:\\\/\\\/hirtshals-kristiansand.com\\\/de\\\/#organization\",\"name\":\"Hirtshals Kristiansand F\u00e4hre Guide\",\"url\":\"https:\\\/\\\/hirtshals-kristiansand.com\\\/de\\\/\",\"logo\":{\"@type\":\"ImageObject\",\"inLanguage\":\"de\",\"@id\":\"https:\\\/\\\/hirtshals-kristiansand.com\\\/de\\\/#\\\/schema\\\/logo\\\/image\\\/\",\"url\":\"https:\\\/\\\/hirtshals-kristiansand.com\\\/de\\\/wp-content\\\/uploads\\\/sites\\\/3\\\/2025\\\/05\\\/hirtshals-kristiansand.svg\",\"contentUrl\":\"https:\\\/\\\/hirtshals-kristiansand.com\\\/de\\\/wp-content\\\/uploads\\\/sites\\\/3\\\/2025\\\/05\\\/hirtshals-kristiansand.svg\",\"width\":800,\"height\":256,\"caption\":\"Hirtshals Kristiansand F\u00e4hre Guide\"},\"image\":{\"@id\":\"https:\\\/\\\/hirtshals-kristiansand.com\\\/de\\\/#\\\/schema\\\/logo\\\/image\\\/\"}}]}<\/script>\n<!-- \/ Yoast SEO plugin. -->","yoast_head_json":{"title":"Fjord Line - Hirtshals Kristiansand - Hirtshals Kristiansand F\u00e4hre Guide","description":"\u00dcberpr\u00fcfen Sie die notwendigen Informationen zum Fjord Line-Terminal in Kristiansand Haven: Check-in, Parken und Kontaktdaten.","robots":{"index":"index","follow":"follow","max-snippet":"max-snippet:-1","max-image-preview":"max-image-preview:large","max-video-preview":"max-video-preview:-1"},"canonical":"https:\/\/hirtshals-kristiansand.com\/de\/fjord-line\/","og_locale":"de_DE","og_type":"article","og_title":"Fjord Line - Hirtshals Kristiansand - Hirtshals Kristiansand F\u00e4hre Guide","og_description":"\u00dcberpr\u00fcfen Sie die notwendigen Informationen zum Fjord Line-Terminal in Kristiansand Haven: Check-in, Parken und Kontaktdaten.","og_url":"https:\/\/hirtshals-kristiansand.com\/de\/fjord-line\/","og_site_name":"Hirtshals Kristiansand F\u00e4hre Guide","article_modified_time":"2026-04-20T13:54:46+00:00","og_image":[{"width":1200,"height":800,"url":"https:\/\/hirtshals-kristiansand.com\/de\/wp-content\/uploads\/sites\/3\/2024\/03\/fjord-line.jpg","type":"image\/jpeg"}],"twitter_card":"summary_large_image","twitter_misc":{"Gesch\u00e4tzte Lesezeit":"1\u00a0Minute"},"schema":{"@context":"https:\/\/schema.org","@graph":[{"@type":"WebPage","@id":"https:\/\/hirtshals-kristiansand.com\/de\/fjord-line\/","url":"https:\/\/hirtshals-kristiansand.com\/de\/fjord-line\/","name":"Fjord Line - Hirtshals Kristiansand - Hirtshals Kristiansand F\u00e4hre Guide","isPartOf":{"@id":"https:\/\/hirtshals-kristiansand.com\/de\/#website"},"primaryImageOfPage":{"@id":"https:\/\/hirtshals-kristiansand.com\/de\/fjord-line\/#primaryimage"},"image":{"@id":"https:\/\/hirtshals-kristiansand.com\/de\/fjord-line\/#primaryimage"},"thumbnailUrl":"https:\/\/hirtshals-kristiansand.com\/de\/wp-content\/uploads\/sites\/3\/2024\/03\/fjord-line.jpg","datePublished":"2024-03-07T08:49:08+00:00","dateModified":"2026-04-20T13:54:46+00:00","description":"\u00dcberpr\u00fcfen Sie die notwendigen Informationen zum Fjord Line-Terminal in Kristiansand Haven: Check-in, Parken und Kontaktdaten.","breadcrumb":{"@id":"https:\/\/hirtshals-kristiansand.com\/de\/fjord-line\/#breadcrumb"},"inLanguage":"de","potentialAction":[{"@type":"ReadAction","target":["https:\/\/hirtshals-kristiansand.com\/de\/fjord-line\/"]}]},{"@type":"ImageObject","inLanguage":"de","@id":"https:\/\/hirtshals-kristiansand.com\/de\/fjord-line\/#primaryimage","url":"https:\/\/hirtshals-kristiansand.com\/de\/wp-content\/uploads\/sites\/3\/2024\/03\/fjord-line.jpg","contentUrl":"https:\/\/hirtshals-kristiansand.com\/de\/wp-content\/uploads\/sites\/3\/2024\/03\/fjord-line.jpg","width":1200,"height":800,"caption":"fjord line"},{"@type":"BreadcrumbList","@id":"https:\/\/hirtshals-kristiansand.com\/de\/fjord-line\/#breadcrumb","itemListElement":[{"@type":"ListItem","position":1,"name":"Hirtshals Kristiansand","item":"https:\/\/hirtshals-kristiansand.com\/de\/"},{"@type":"ListItem","position":2,"name":"Fjord Line &#8211; Hirtshals Kristiansand"}]},{"@type":"WebSite","@id":"https:\/\/hirtshals-kristiansand.com\/de\/#website","url":"https:\/\/hirtshals-kristiansand.com\/de\/","name":"Hirtshals Kristiansand F\u00e4hre Guide","description":"Alles \u00fcber die Hirtshals Kristiansand F\u00e4hr\u00fcberfahrt","publisher":{"@id":"https:\/\/hirtshals-kristiansand.com\/de\/#organization"},"potentialAction":[{"@type":"SearchAction","target":{"@type":"EntryPoint","urlTemplate":"https:\/\/hirtshals-kristiansand.com\/de\/?s={search_term_string}"},"query-input":{"@type":"PropertyValueSpecification","valueRequired":true,"valueName":"search_term_string"}}],"inLanguage":"de"},{"@type":"Organization","@id":"https:\/\/hirtshals-kristiansand.com\/de\/#organization","name":"Hirtshals Kristiansand F\u00e4hre Guide","url":"https:\/\/hirtshals-kristiansand.com\/de\/","logo":{"@type":"ImageObject","inLanguage":"de","@id":"https:\/\/hirtshals-kristiansand.com\/de\/#\/schema\/logo\/image\/","url":"https:\/\/hirtshals-kristiansand.com\/de\/wp-content\/uploads\/sites\/3\/2025\/05\/hirtshals-kristiansand.svg","contentUrl":"https:\/\/hirtshals-kristiansand.com\/de\/wp-content\/uploads\/sites\/3\/2025\/05\/hirtshals-kristiansand.svg","width":800,"height":256,"caption":"Hirtshals Kristiansand F\u00e4hre Guide"},"image":{"@id":"https:\/\/hirtshals-kristiansand.com\/de\/#\/schema\/logo\/image\/"}}]}},"uagb_featured_image_src":{"full":["https:\/\/hirtshals-kristiansand.com\/de\/wp-content\/uploads\/sites\/3\/2024\/03\/fjord-line.jpg",1200,800,false],"thumbnail":["https:\/\/hirtshals-kristiansand.com\/de\/wp-content\/uploads\/sites\/3\/2024\/03\/fjord-line-150x150.jpg",150,150,true],"medium":["https:\/\/hirtshals-kristiansand.com\/de\/wp-content\/uploads\/sites\/3\/2024\/03\/fjord-line-300x200.jpg",300,200,true],"medium_large":["https:\/\/hirtshals-kristiansand.com\/de\/wp-content\/uploads\/sites\/3\/2024\/03\/fjord-line-768x512.jpg",768,512,true],"large":["https:\/\/hirtshals-kristiansand.com\/de\/wp-content\/uploads\/sites\/3\/2024\/03\/fjord-line-1024x683.jpg",1024,683,true],"1536x1536":["https:\/\/hirtshals-kristiansand.com\/de\/wp-content\/uploads\/sites\/3\/2024\/03\/fjord-line.jpg",1200,800,false],"2048x2048":["https:\/\/hirtshals-kristiansand.com\/de\/wp-content\/uploads\/sites\/3\/2024\/03\/fjord-line.jpg",1200,800,false]},"uagb_author_info":{"display_name":"mail@robberttigchelaar.com","author_link":"https:\/\/hirtshals-kristiansand.com\/de\/author\/mailrobberttigchelaar-com\/"},"uagb_comment_info":0,"uagb_excerpt":"Einer der Betreiber zwischen Hirtshals und Kristiansand ist Fjord Line. Dieses Unternehmen bietet dank des blitzschnellen Fjord FSTR, einem modernen [&hellip;]","_links":{"self":[{"href":"https:\/\/hirtshals-kristiansand.com\/de\/wp-json\/wp\/v2\/pages\/50","targetHints":{"allow":["GET"]}}],"collection":[{"href":"https:\/\/hirtshals-kristiansand.com\/de\/wp-json\/wp\/v2\/pages"}],"about":[{"href":"https:\/\/hirtshals-kristiansand.com\/de\/wp-json\/wp\/v2\/types\/page"}],"author":[{"embeddable":true,"href":"https:\/\/hirtshals-kristiansand.com\/de\/wp-json\/wp\/v2\/users\/1"}],"replies":[{"embeddable":true,"href":"https:\/\/hirtshals-kristiansand.com\/de\/wp-json\/wp\/v2\/comments?post=50"}],"version-history":[{"count":6,"href":"https:\/\/hirtshals-kristiansand.com\/de\/wp-json\/wp\/v2\/pages\/50\/revisions"}],"predecessor-version":[{"id":314,"href":"https:\/\/hirtshals-kristiansand.com\/de\/wp-json\/wp\/v2\/pages\/50\/revisions\/314"}],"wp:featuredmedia":[{"embeddable":true,"href":"https:\/\/hirtshals-kristiansand.com\/de\/wp-json\/wp\/v2\/media\/150"}],"wp:attachment":[{"href":"https:\/\/hirtshals-kristiansand.com\/de\/wp-json\/wp\/v2\/media?parent=50"}],"curies":[{"name":"wp","href":"https:\/\/api.w.org\/{rel}","templated":true}]}}