{"id":48,"date":"2024-03-07T08:37:03","date_gmt":"2024-03-07T08:37:03","guid":{"rendered":"https:\/\/hirtshals-kristiansand.com\/de\/?page_id=48"},"modified":"2026-04-20T13:54:34","modified_gmt":"2026-04-20T13:54:34","slug":"color-line","status":"publish","type":"page","link":"https:\/\/hirtshals-kristiansand.com\/de\/color-line\/","title":{"rendered":"Color Line &#8211; Hirtshals Kristiansand"},"content":{"rendered":"\n<p>Color Line ist einer der Betreiber, die die \u00dcberfahrt Hirtshals-Kirstiansand anbieten. M\u00f6chten Sie mehr \u00fcber diese Gesellschaft erfahren? Dann sind Sie hier genau richtig: Ich habe alles aufgelistet, was Sie wissen m\u00fcssen. Von den Einrichtungen an Bord bis hin zu den zus\u00e4tzlichen Optionen, die Sie buchen k\u00f6nnen.\ud83d\udc47<\/p>\n\n\n\n<h2 class=\"wp-block-heading\">Allgemeine Informationen<\/h2>\n\n\n\n<p>Allgemeine Informationen zur Color Line-Kreuzung zwischen Hirtshals und Kristiandsand finden Sie unten:<\/p>\n\n\n\n<ul class=\"wp-block-list\">\n<li><strong>Dauer: <\/strong>2.15 Stunden \/ 3.45 Stunden<\/li>\n\n\n\n<li><strong>Stiefel:<\/strong> Color Line SuperSpeed \u200b\u200b\u200b\u200b1<\/li>\n\n\n\n<li><strong>Anzahl der Abfahrten:<\/strong> 2 pro Tag<\/li>\n\n\n\n<li><strong>Preise:<\/strong> <a href=\"\/de\/go\/prices\" target=\"_blank\" rel=\"noreferrer noopener\">ab 139 Euro<\/a><\/li>\n<\/ul>\n\n\n\n<h2 class=\"wp-block-heading\">Einrichtungen an Bord der Color Line<\/h2>\n\n\n\n<p>Color Line f\u00e4hrt mit der SuperSpeed \u200b\u200b1 zwischen dem <a href=\"https:\/\/hirtshals-kristiansand.com\/de\/kristiansand-hafen\/\">Hafen von Kristiansand<\/a> und <a href=\"https:\/\/hirtshals-kristiansand.com\/de\/hirsthals-hafen\/\">Hirtshals Haven<\/a>. An Bord dieser F\u00e4hre gibt es verschiedene Einrichtungen, die die \u00dcberfahrt entspannt machen\ud83e\uddd8. Denken Sie an Gesch\u00e4fte, Restaurants und Bars. Alle Einrichtungen auf einen Blick:<\/p>\n\n\n\n<ul class=\"wp-block-list\">\n<li>Shops<\/li>\n\n\n\n<li>Restaurants<\/li>\n\n\n\n<li>W-lan<\/li>\n\n\n\n<li>Kinderspielplatz<\/li>\n\n\n\n<li>Fernsehzimmer<\/li>\n\n\n\n<li>Gep\u00e4ckfach<\/li>\n\n\n\n<li>Geldautomat<\/li>\n\n\n\n<li>Sitzpl\u00e4tze (<a href=\"\/de\/go\/prices\" target=\"_blank\" rel=\"noreferrer noopener\">diese m\u00fcssen separat gebucht werden<\/a>)<\/li>\n\n\n\n<li>Toiletten<\/li>\n<\/ul>\n\n\n\n<p>M\u00f6chten Sie mehr \u00fcber diese F\u00e4hre erfahren? Dann schauen Sie sich die komplette Informationsseite zum <a href=\"#\">Color Line SuperSpeed \u200b\u200b\u200b\u200b1<\/a> an.<\/p>\n\n\n\n<h2 class=\"wp-block-heading\">Wichtig zu wissen<\/h2>\n\n\n\n<p>Es gibt einige wichtige Regeln, die Color Line bei ihren Kreuzungen hervorhebt:<\/p>\n\n\n\n<ul class=\"wp-block-list\">\n<li><strong>Valuta:<\/strong> aan boord zijn alleen Euro, Deense Kronen en Noorse Kronen geaccepteerde valuta&#8217;s.<\/li>\n\n\n\n<li><strong>Identit\u00e4tsnachweis:<\/strong> In Norwegen werden bei allen \u00dcberfahrten aus D\u00e4nemark Grenzkontrollen durchgef\u00fchrt. Bringen Sie also Ihren Reisepass oder Personalausweis mit.\ud83e\udeaa<\/li>\n\n\n\n<li><strong>Altersgrenzen: <\/strong>Bei Color Line gilt eine Altersgrenze von 16 Jahren f\u00fcr \u00dcberfahrten und 20 Jahren f\u00fcr Tagesausfl\u00fcge.<\/li>\n\n\n\n<li><strong>Check-in: <\/strong>Bei Color Line m\u00fcssen Sie mindestens 60 Minuten vor Abflug am Terminal eintreffen. Schauen Sie sich den <a href=\"https:\/\/hirtshals-kristiansand.com\/de\/fahrplan\/\">Fahrplan von Hirstshals Kristiansand<\/a> an und seien Sie p\u00fcnktlich.<\/li>\n\n\n\n<li><strong>W\u00e4hrung:<\/strong> An Bord werden nur Euro, D\u00e4nische Kronen und Norwegische Kronen als W\u00e4hrungen akzeptiert.<\/li>\n<\/ul>\n\n\n\n<h3 class=\"wp-block-heading\">Tiere an Bord der Color Line?<\/h3>\n\n\n\n<p>\ud83d\udc36 Wenn Sie mit einem Tier reisen, gelten bei Color Line folgende Regeln:<\/p>\n\n\n\n<ul class=\"wp-block-list\">\n<li>Das Tier muss im Auto oder in einem K\u00e4fig auf dem Autodeck bleiben<\/li>\n\n\n\n<li>Der Besitzer ist f\u00fcr die Aufsicht \u00fcber das Tier verantwortlich<\/li>\n\n\n\n<li>In Norwegen m\u00fcssen Hunde jederzeit an der Leine gef\u00fchrt werden<\/li>\n\n\n\n<li>Mindestens ein Tierpfleger pro zwei Tiere<\/li>\n\n\n\n<li>Alle notwendigen Veterin\u00e4rpapiere m\u00fcssen vorhanden sein<\/li>\n\n\n\n<li>Es fallen zus\u00e4tzliche Kosten an: 14 Euro f\u00fcr ein Tier im K\u00e4fig, 8 Euro f\u00fcr ein Tier im Auto<\/li>\n<\/ul>\n\n\n\n<p>Ausnahmen gibt es f\u00fcr Assistenzhunde oder Blindenf\u00fchrhunde\ud83e\uddae. Sehbehinderte oder blinde Passagiere, die ohne Begleitung reisen, d\u00fcrfen diese in daf\u00fcr vorgesehene Kabinen mitnehmen. <strong>Hierf\u00fcr ist eine gesonderte Buchung erforderlich<\/strong>. Dies kann telefonisch unter 0800 66 66 111 erfolgen.<\/p>\n\n\n\n<h2 class=\"wp-block-heading\">Kontaktdaten der Color Line<\/h2>\n\n\n\n<p>Der Kundenservice von Color Line ist auf verschiedenen Wegen erreichbar. Nachfolgend finden Sie die allgemeinen Kontaktdaten von Color Line:<\/p>\n\n\n\n<ul class=\"wp-block-list\">\n<li><strong>E-Mail-Adresse:<\/strong> kundeservice@colorline.no<\/li>\n\n\n\n<li><strong>Telefonnummer: <\/strong>+45 99 56 19 00<\/li>\n\n\n\n<li><strong>Website: <\/strong><a href=\"https:\/\/www.colorline.de\/\" target=\"_blank\" rel=\"noreferrer noopener\">https:\/\/www.colorline.de\/<\/a><\/li>\n<\/ul>\n\n\n\n<p>Sind Sie neugierig auf die Adresse und Kontaktdaten der einzelnen Terminals? Schauen Sie sich diese von beiden Ports an:<\/p>\n\n\n\n<ul class=\"wp-block-list\">\n<li><a href=\"https:\/\/hirtshals-kristiansand.com\/de\/hirsthals-hafen\/color-line-terminal\/\">Color Line-Terminal Hirtshals<\/a><\/li>\n\n\n\n<li><a href=\"https:\/\/hirtshals-kristiansand.com\/de\/kristiansand-hafen\/color-line-terminal\/\">Color Line-Terminal Kristiansand<\/a><\/li>\n<\/ul>\n","protected":false},"excerpt":{"rendered":"<p>Color Line ist einer der Betreiber, die die \u00dcberfahrt Hirtshals-Kirstiansand anbieten. M\u00f6chten Sie mehr \u00fcber diese Gesellschaft erfahren? Dann sind [&hellip;]<\/p>\n","protected":false},"author":1,"featured_media":149,"parent":0,"menu_order":0,"comment_status":"closed","ping_status":"closed","template":"","meta":{"inline_featured_image":false,"_uag_custom_page_level_css":"","site-sidebar-layout":"default","site-content-layout":"","ast-site-content-layout":"default","site-content-style":"default","site-sidebar-style":"default","ast-global-header-display":"","ast-banner-title-visibility":"","ast-main-header-display":"","ast-hfb-above-header-display":"","ast-hfb-below-header-display":"","ast-hfb-mobile-header-display":"","site-post-title":"","ast-breadcrumbs-content":"","ast-featured-img":"","footer-sml-layout":"","ast-disable-related-posts":"","theme-transparent-header-meta":"","adv-header-id-meta":"","stick-header-meta":"","header-above-stick-meta":"","header-main-stick-meta":"","header-below-stick-meta":"","astra-migrate-meta-layouts":"default","ast-page-background-enabled":"default","ast-page-background-meta":{"desktop":{"background-color":"var(--ast-global-color-4)","background-image":"","background-repeat":"repeat","background-position":"center center","background-size":"auto","background-attachment":"scroll","background-type":"","background-media":"","overlay-type":"","overlay-color":"","overlay-opacity":"","overlay-gradient":""},"tablet":{"background-color":"","background-image":"","background-repeat":"repeat","background-position":"center center","background-size":"auto","background-attachment":"scroll","background-type":"","background-media":"","overlay-type":"","overlay-color":"","overlay-opacity":"","overlay-gradient":""},"mobile":{"background-color":"","background-image":"","background-repeat":"repeat","background-position":"center center","background-size":"auto","background-attachment":"scroll","background-type":"","background-media":"","overlay-type":"","overlay-color":"","overlay-opacity":"","overlay-gradient":""}},"ast-content-background-meta":{"desktop":{"background-color":"var(--ast-global-color-5)","background-image":"","background-repeat":"repeat","background-position":"center center","background-size":"auto","background-attachment":"scroll","background-type":"","background-media":"","overlay-type":"","overlay-color":"","overlay-opacity":"","overlay-gradient":""},"tablet":{"background-color":"var(--ast-global-color-5)","background-image":"","background-repeat":"repeat","background-position":"center center","background-size":"auto","background-attachment":"scroll","background-type":"","background-media":"","overlay-type":"","overlay-color":"","overlay-opacity":"","overlay-gradient":""},"mobile":{"background-color":"var(--ast-global-color-5)","background-image":"","background-repeat":"repeat","background-position":"center center","background-size":"auto","background-attachment":"scroll","background-type":"","background-media":"","overlay-type":"","overlay-color":"","overlay-opacity":"","overlay-gradient":""}},"footnotes":""},"class_list":["post-48","page","type-page","status-publish","has-post-thumbnail","hentry"],"yoast_head":"<!-- This site is optimized with the Yoast SEO plugin v27.4 - https:\/\/yoast.com\/product\/yoast-seo-wordpress\/ -->\n<title>Color Line - Hirtshals Kristiansand - Hirtshals Kristiansand F\u00e4hre Guide<\/title>\n<meta name=\"description\" content=\"Alles, was Sie \u00fcber die F\u00e4hr\u00fcberfahrt Hirtshals Kristiansand von Color Line wissen m\u00fcssen: Check-in, Terminals und Einrichtungen.\" \/>\n<meta name=\"robots\" content=\"index, follow, max-snippet:-1, max-image-preview:large, max-video-preview:-1\" \/>\n<link rel=\"canonical\" href=\"https:\/\/hirtshals-kristiansand.com\/de\/color-line\/\" \/>\n<meta property=\"og:locale\" content=\"de_DE\" \/>\n<meta property=\"og:type\" content=\"article\" \/>\n<meta property=\"og:title\" content=\"Color Line - Hirtshals Kristiansand - Hirtshals Kristiansand F\u00e4hre Guide\" \/>\n<meta property=\"og:description\" content=\"Alles, was Sie \u00fcber die F\u00e4hr\u00fcberfahrt Hirtshals Kristiansand von Color Line wissen m\u00fcssen: Check-in, Terminals und Einrichtungen.\" \/>\n<meta property=\"og:url\" content=\"https:\/\/hirtshals-kristiansand.com\/de\/color-line\/\" \/>\n<meta property=\"og:site_name\" content=\"Hirtshals Kristiansand F\u00e4hre Guide\" \/>\n<meta property=\"article:modified_time\" content=\"2026-04-20T13:54:34+00:00\" \/>\n<meta property=\"og:image\" content=\"https:\/\/hirtshals-kristiansand.com\/de\/wp-content\/uploads\/sites\/3\/2024\/03\/color-line.jpg\" \/>\n\t<meta property=\"og:image:width\" content=\"1200\" \/>\n\t<meta property=\"og:image:height\" content=\"800\" \/>\n\t<meta property=\"og:image:type\" content=\"image\/jpeg\" \/>\n<meta name=\"twitter:card\" content=\"summary_large_image\" \/>\n<meta name=\"twitter:label1\" content=\"Gesch\u00e4tzte Lesezeit\" \/>\n\t<meta name=\"twitter:data1\" content=\"1\u00a0Minute\" \/>\n<script type=\"application\/ld+json\" class=\"yoast-schema-graph\">{\"@context\":\"https:\\\/\\\/schema.org\",\"@graph\":[{\"@type\":\"WebPage\",\"@id\":\"https:\\\/\\\/hirtshals-kristiansand.com\\\/de\\\/color-line\\\/\",\"url\":\"https:\\\/\\\/hirtshals-kristiansand.com\\\/de\\\/color-line\\\/\",\"name\":\"Color Line - Hirtshals Kristiansand - Hirtshals Kristiansand F\u00e4hre Guide\",\"isPartOf\":{\"@id\":\"https:\\\/\\\/hirtshals-kristiansand.com\\\/de\\\/#website\"},\"primaryImageOfPage\":{\"@id\":\"https:\\\/\\\/hirtshals-kristiansand.com\\\/de\\\/color-line\\\/#primaryimage\"},\"image\":{\"@id\":\"https:\\\/\\\/hirtshals-kristiansand.com\\\/de\\\/color-line\\\/#primaryimage\"},\"thumbnailUrl\":\"https:\\\/\\\/hirtshals-kristiansand.com\\\/de\\\/wp-content\\\/uploads\\\/sites\\\/3\\\/2024\\\/03\\\/color-line.jpg\",\"datePublished\":\"2024-03-07T08:37:03+00:00\",\"dateModified\":\"2026-04-20T13:54:34+00:00\",\"description\":\"Alles, was Sie \u00fcber die F\u00e4hr\u00fcberfahrt Hirtshals Kristiansand von Color Line wissen m\u00fcssen: Check-in, Terminals und Einrichtungen.\",\"breadcrumb\":{\"@id\":\"https:\\\/\\\/hirtshals-kristiansand.com\\\/de\\\/color-line\\\/#breadcrumb\"},\"inLanguage\":\"de\",\"potentialAction\":[{\"@type\":\"ReadAction\",\"target\":[\"https:\\\/\\\/hirtshals-kristiansand.com\\\/de\\\/color-line\\\/\"]}]},{\"@type\":\"ImageObject\",\"inLanguage\":\"de\",\"@id\":\"https:\\\/\\\/hirtshals-kristiansand.com\\\/de\\\/color-line\\\/#primaryimage\",\"url\":\"https:\\\/\\\/hirtshals-kristiansand.com\\\/de\\\/wp-content\\\/uploads\\\/sites\\\/3\\\/2024\\\/03\\\/color-line.jpg\",\"contentUrl\":\"https:\\\/\\\/hirtshals-kristiansand.com\\\/de\\\/wp-content\\\/uploads\\\/sites\\\/3\\\/2024\\\/03\\\/color-line.jpg\",\"width\":1200,\"height\":800,\"caption\":\"color line\"},{\"@type\":\"BreadcrumbList\",\"@id\":\"https:\\\/\\\/hirtshals-kristiansand.com\\\/de\\\/color-line\\\/#breadcrumb\",\"itemListElement\":[{\"@type\":\"ListItem\",\"position\":1,\"name\":\"Hirtshals Kristiansand\",\"item\":\"https:\\\/\\\/hirtshals-kristiansand.com\\\/de\\\/\"},{\"@type\":\"ListItem\",\"position\":2,\"name\":\"Color Line &#8211; Hirtshals Kristiansand\"}]},{\"@type\":\"WebSite\",\"@id\":\"https:\\\/\\\/hirtshals-kristiansand.com\\\/de\\\/#website\",\"url\":\"https:\\\/\\\/hirtshals-kristiansand.com\\\/de\\\/\",\"name\":\"Hirtshals Kristiansand F\u00e4hre Guide\",\"description\":\"Alles \u00fcber die Hirtshals Kristiansand F\u00e4hr\u00fcberfahrt\",\"publisher\":{\"@id\":\"https:\\\/\\\/hirtshals-kristiansand.com\\\/de\\\/#organization\"},\"potentialAction\":[{\"@type\":\"SearchAction\",\"target\":{\"@type\":\"EntryPoint\",\"urlTemplate\":\"https:\\\/\\\/hirtshals-kristiansand.com\\\/de\\\/?s={search_term_string}\"},\"query-input\":{\"@type\":\"PropertyValueSpecification\",\"valueRequired\":true,\"valueName\":\"search_term_string\"}}],\"inLanguage\":\"de\"},{\"@type\":\"Organization\",\"@id\":\"https:\\\/\\\/hirtshals-kristiansand.com\\\/de\\\/#organization\",\"name\":\"Hirtshals Kristiansand F\u00e4hre Guide\",\"url\":\"https:\\\/\\\/hirtshals-kristiansand.com\\\/de\\\/\",\"logo\":{\"@type\":\"ImageObject\",\"inLanguage\":\"de\",\"@id\":\"https:\\\/\\\/hirtshals-kristiansand.com\\\/de\\\/#\\\/schema\\\/logo\\\/image\\\/\",\"url\":\"https:\\\/\\\/hirtshals-kristiansand.com\\\/de\\\/wp-content\\\/uploads\\\/sites\\\/3\\\/2025\\\/05\\\/hirtshals-kristiansand.svg\",\"contentUrl\":\"https:\\\/\\\/hirtshals-kristiansand.com\\\/de\\\/wp-content\\\/uploads\\\/sites\\\/3\\\/2025\\\/05\\\/hirtshals-kristiansand.svg\",\"width\":800,\"height\":256,\"caption\":\"Hirtshals Kristiansand F\u00e4hre Guide\"},\"image\":{\"@id\":\"https:\\\/\\\/hirtshals-kristiansand.com\\\/de\\\/#\\\/schema\\\/logo\\\/image\\\/\"}}]}<\/script>\n<!-- \/ Yoast SEO plugin. -->","yoast_head_json":{"title":"Color Line - Hirtshals Kristiansand - Hirtshals Kristiansand F\u00e4hre Guide","description":"Alles, was Sie \u00fcber die F\u00e4hr\u00fcberfahrt Hirtshals Kristiansand von Color Line wissen m\u00fcssen: Check-in, Terminals und Einrichtungen.","robots":{"index":"index","follow":"follow","max-snippet":"max-snippet:-1","max-image-preview":"max-image-preview:large","max-video-preview":"max-video-preview:-1"},"canonical":"https:\/\/hirtshals-kristiansand.com\/de\/color-line\/","og_locale":"de_DE","og_type":"article","og_title":"Color Line - Hirtshals Kristiansand - Hirtshals Kristiansand F\u00e4hre Guide","og_description":"Alles, was Sie \u00fcber die F\u00e4hr\u00fcberfahrt Hirtshals Kristiansand von Color Line wissen m\u00fcssen: Check-in, Terminals und Einrichtungen.","og_url":"https:\/\/hirtshals-kristiansand.com\/de\/color-line\/","og_site_name":"Hirtshals Kristiansand F\u00e4hre Guide","article_modified_time":"2026-04-20T13:54:34+00:00","og_image":[{"width":1200,"height":800,"url":"https:\/\/hirtshals-kristiansand.com\/de\/wp-content\/uploads\/sites\/3\/2024\/03\/color-line.jpg","type":"image\/jpeg"}],"twitter_card":"summary_large_image","twitter_misc":{"Gesch\u00e4tzte Lesezeit":"1\u00a0Minute"},"schema":{"@context":"https:\/\/schema.org","@graph":[{"@type":"WebPage","@id":"https:\/\/hirtshals-kristiansand.com\/de\/color-line\/","url":"https:\/\/hirtshals-kristiansand.com\/de\/color-line\/","name":"Color Line - Hirtshals Kristiansand - Hirtshals Kristiansand F\u00e4hre Guide","isPartOf":{"@id":"https:\/\/hirtshals-kristiansand.com\/de\/#website"},"primaryImageOfPage":{"@id":"https:\/\/hirtshals-kristiansand.com\/de\/color-line\/#primaryimage"},"image":{"@id":"https:\/\/hirtshals-kristiansand.com\/de\/color-line\/#primaryimage"},"thumbnailUrl":"https:\/\/hirtshals-kristiansand.com\/de\/wp-content\/uploads\/sites\/3\/2024\/03\/color-line.jpg","datePublished":"2024-03-07T08:37:03+00:00","dateModified":"2026-04-20T13:54:34+00:00","description":"Alles, was Sie \u00fcber die F\u00e4hr\u00fcberfahrt Hirtshals Kristiansand von Color Line wissen m\u00fcssen: Check-in, Terminals und Einrichtungen.","breadcrumb":{"@id":"https:\/\/hirtshals-kristiansand.com\/de\/color-line\/#breadcrumb"},"inLanguage":"de","potentialAction":[{"@type":"ReadAction","target":["https:\/\/hirtshals-kristiansand.com\/de\/color-line\/"]}]},{"@type":"ImageObject","inLanguage":"de","@id":"https:\/\/hirtshals-kristiansand.com\/de\/color-line\/#primaryimage","url":"https:\/\/hirtshals-kristiansand.com\/de\/wp-content\/uploads\/sites\/3\/2024\/03\/color-line.jpg","contentUrl":"https:\/\/hirtshals-kristiansand.com\/de\/wp-content\/uploads\/sites\/3\/2024\/03\/color-line.jpg","width":1200,"height":800,"caption":"color line"},{"@type":"BreadcrumbList","@id":"https:\/\/hirtshals-kristiansand.com\/de\/color-line\/#breadcrumb","itemListElement":[{"@type":"ListItem","position":1,"name":"Hirtshals Kristiansand","item":"https:\/\/hirtshals-kristiansand.com\/de\/"},{"@type":"ListItem","position":2,"name":"Color Line &#8211; Hirtshals Kristiansand"}]},{"@type":"WebSite","@id":"https:\/\/hirtshals-kristiansand.com\/de\/#website","url":"https:\/\/hirtshals-kristiansand.com\/de\/","name":"Hirtshals Kristiansand F\u00e4hre Guide","description":"Alles \u00fcber die Hirtshals Kristiansand F\u00e4hr\u00fcberfahrt","publisher":{"@id":"https:\/\/hirtshals-kristiansand.com\/de\/#organization"},"potentialAction":[{"@type":"SearchAction","target":{"@type":"EntryPoint","urlTemplate":"https:\/\/hirtshals-kristiansand.com\/de\/?s={search_term_string}"},"query-input":{"@type":"PropertyValueSpecification","valueRequired":true,"valueName":"search_term_string"}}],"inLanguage":"de"},{"@type":"Organization","@id":"https:\/\/hirtshals-kristiansand.com\/de\/#organization","name":"Hirtshals Kristiansand F\u00e4hre Guide","url":"https:\/\/hirtshals-kristiansand.com\/de\/","logo":{"@type":"ImageObject","inLanguage":"de","@id":"https:\/\/hirtshals-kristiansand.com\/de\/#\/schema\/logo\/image\/","url":"https:\/\/hirtshals-kristiansand.com\/de\/wp-content\/uploads\/sites\/3\/2025\/05\/hirtshals-kristiansand.svg","contentUrl":"https:\/\/hirtshals-kristiansand.com\/de\/wp-content\/uploads\/sites\/3\/2025\/05\/hirtshals-kristiansand.svg","width":800,"height":256,"caption":"Hirtshals Kristiansand F\u00e4hre Guide"},"image":{"@id":"https:\/\/hirtshals-kristiansand.com\/de\/#\/schema\/logo\/image\/"}}]}},"uagb_featured_image_src":{"full":["https:\/\/hirtshals-kristiansand.com\/de\/wp-content\/uploads\/sites\/3\/2024\/03\/color-line.jpg",1200,800,false],"thumbnail":["https:\/\/hirtshals-kristiansand.com\/de\/wp-content\/uploads\/sites\/3\/2024\/03\/color-line-150x150.jpg",150,150,true],"medium":["https:\/\/hirtshals-kristiansand.com\/de\/wp-content\/uploads\/sites\/3\/2024\/03\/color-line-300x200.jpg",300,200,true],"medium_large":["https:\/\/hirtshals-kristiansand.com\/de\/wp-content\/uploads\/sites\/3\/2024\/03\/color-line-768x512.jpg",768,512,true],"large":["https:\/\/hirtshals-kristiansand.com\/de\/wp-content\/uploads\/sites\/3\/2024\/03\/color-line-1024x683.jpg",1024,683,true],"1536x1536":["https:\/\/hirtshals-kristiansand.com\/de\/wp-content\/uploads\/sites\/3\/2024\/03\/color-line.jpg",1200,800,false],"2048x2048":["https:\/\/hirtshals-kristiansand.com\/de\/wp-content\/uploads\/sites\/3\/2024\/03\/color-line.jpg",1200,800,false]},"uagb_author_info":{"display_name":"mail@robberttigchelaar.com","author_link":"https:\/\/hirtshals-kristiansand.com\/de\/author\/mailrobberttigchelaar-com\/"},"uagb_comment_info":0,"uagb_excerpt":"Color Line ist einer der Betreiber, die die \u00dcberfahrt Hirtshals-Kirstiansand anbieten. M\u00f6chten Sie mehr \u00fcber diese Gesellschaft erfahren? Dann sind [&hellip;]","_links":{"self":[{"href":"https:\/\/hirtshals-kristiansand.com\/de\/wp-json\/wp\/v2\/pages\/48","targetHints":{"allow":["GET"]}}],"collection":[{"href":"https:\/\/hirtshals-kristiansand.com\/de\/wp-json\/wp\/v2\/pages"}],"about":[{"href":"https:\/\/hirtshals-kristiansand.com\/de\/wp-json\/wp\/v2\/types\/page"}],"author":[{"embeddable":true,"href":"https:\/\/hirtshals-kristiansand.com\/de\/wp-json\/wp\/v2\/users\/1"}],"replies":[{"embeddable":true,"href":"https:\/\/hirtshals-kristiansand.com\/de\/wp-json\/wp\/v2\/comments?post=48"}],"version-history":[{"count":6,"href":"https:\/\/hirtshals-kristiansand.com\/de\/wp-json\/wp\/v2\/pages\/48\/revisions"}],"predecessor-version":[{"id":313,"href":"https:\/\/hirtshals-kristiansand.com\/de\/wp-json\/wp\/v2\/pages\/48\/revisions\/313"}],"wp:featuredmedia":[{"embeddable":true,"href":"https:\/\/hirtshals-kristiansand.com\/de\/wp-json\/wp\/v2\/media\/149"}],"wp:attachment":[{"href":"https:\/\/hirtshals-kristiansand.com\/de\/wp-json\/wp\/v2\/media?parent=48"}],"curies":[{"name":"wp","href":"https:\/\/api.w.org\/{rel}","templated":true}]}}