{"id":344,"date":"2026-04-22T13:31:03","date_gmt":"2026-04-22T13:31:03","guid":{"rendered":"https:\/\/hirtshals-kristiansand.com\/de\/?page_id=344"},"modified":"2026-04-22T14:15:11","modified_gmt":"2026-04-22T14:15:11","slug":"regeln-fuer-reisen-mit-hund","status":"publish","type":"page","link":"https:\/\/hirtshals-kristiansand.com\/de\/regeln-fuer-reisen-mit-hund\/","title":{"rendered":"F\u00e4hre Hirtshals Kristiansand mit hund"},"content":{"rendered":"\n<p>Planen Sie, mit Ihrem Hund die F\u00e4hre von Hirtshals nach Kristiansand zu nehmen? Dann sollten Sie beachten, dass jede Reederei eigene Regeln f\u00fcr das Reisen mit Hund hat und dass zus\u00e4tzlich die lokalen Vorschriften in Norwegen gelten. Nachfolgend finden Sie alles, was Sie wissen m\u00fcssen, sowie Hilfe bei der Wahl des passenden Anbieters.<\/p>\n\n\n\n<h2 class=\"wp-block-heading\">Regeln f\u00fcr Reisen mit Hund bei Color Line<\/h2>\n\n\n\n<p>Reisen Sie mit Ihrem Hund mit <a href=\"https:\/\/hirtshals-kristiansand.com\/de\/color-line\/\" type=\"page\">Color Line<\/a> zwischen Hirtshals und Kristiansand? Hier finden Sie die wichtigsten Regeln und Hinweise f\u00fcr die \u00dcberfahrt mit der <a href=\"https:\/\/hirtshals-kristiansand.com\/de\/color-line-superspeed-1\/\" type=\"page\">Color Line SuperSpeed 1<\/a>.<\/p>\n\n\n\n<ul class=\"wp-block-list\">\n<li>Hunde d\u00fcrfen nur mitgenommen werden, wenn sie bei der Buchung angegeben wurden<\/li>\n\n\n\n<li>Ihr Hund bleibt w\u00e4hrend der gesamten \u00dcberfahrt im Auto oder in einer Kennelbox auf dem Autodeck (begrenzte Anzahl verf\u00fcgbar)<\/li>\n\n\n\n<li>Hunde sind in Passagierbereichen und Kabinen nicht erlaubt<\/li>\n\n\n\n<li>Das Verrichten von Notdurft erfolgt im Auto oder in der Kennelbox und muss vom Besitzer selbst gereinigt werden<\/li>\n<\/ul>\n\n\n\n<p class=\"has-small-font-size\">Weitere Informationen finden Sie auf der offiziellen Seite von Color Line: <a href=\"https:\/\/www.colorline.de\/service\/mitnahme-von-tieren\" target=\"_blank\" rel=\"noreferrer noopener\">https:\/\/www.colorline.de\/service\/mitnahme-von-tieren<\/a><\/p>\n\n\n\n<h2 class=\"wp-block-heading\">Regeln bei Fjord Line f\u00fcr Reisen mit Hund<\/h2>\n\n\n\n<p>Reisen Sie mit Fjord Line nach Kristiansand? Dann gelten je nach eingesetzter F\u00e4hre unterschiedliche Regeln. Nachfolgend ein \u00dcberblick pro Schiff.<\/p>\n\n\n\n<h3 class=\"wp-block-heading\">Regeln auf der Fjord FSTR:<\/h3>\n\n\n\n<p>F\u00fcr die <a href=\"https:\/\/hirtshals-kristiansand.com\/de\/fjord-fstr\/\" type=\"page\">Fjord FSTR<\/a> gelten folgende Regeln:<\/p>\n\n\n\n<ul class=\"wp-block-list\">\n<li>Der Hund muss im Voraus als \u201ePet in car\u201c hinzugebucht werden<\/li>\n\n\n\n<li>Der Hund bleibt im Auto oder kann mit auf das Au\u00dfendeck bzw. den Salon im Heckbereich genommen werden (das Autodeck ist w\u00e4hrend der \u00dcberfahrt geschlossen, kein Zugang zum Hund)<\/li>\n\n\n\n<li>Hunde sind in anderen Bereichen des Schiffes nicht erlaubt und Sie sind selbst f\u00fcr Ihren Hund verantwortlich<\/li>\n<\/ul>\n\n\n\n<p class=\"has-small-font-size\">Alle Details finden Sie hier: <a href=\"https:\/\/fjordline.com\/de\/norwegen\/inspiration\/reise-gemeinsam-mit-deinem-hund-an-bord-fjord-fstr\" target=\"_blank\" rel=\"noreferrer noopener\">https:\/\/fjordline.com\/de\/norwegen\/inspiration\/reise-gemeinsam-mit-deinem-hund-an-bord-fjord-fstr<\/a><\/p>\n\n\n\n<h3 class=\"wp-block-heading\">Regeln auf MS Stavangerfjord \/ MS Bergensfjord<\/h3>\n\n\n\n<p>Hier die wichtigsten Regeln f\u00fcr die <a href=\"https:\/\/hirtshals-kristiansand.com\/de\/ms-stavangerfjord\/\" type=\"page\">MS Stavangerfjord<\/a> \/ <a href=\"https:\/\/hirtshals-kristiansand.com\/de\/ms-bergensfjord\/\" type=\"page\">MS Bergensfjord<\/a>:<\/p>\n\n\n\n<ul class=\"wp-block-list\">\n<li>Der Hund muss im Voraus hinzugebucht werden (Auto, Kennel oder Kabine)<\/li>\n\n\n\n<li>Der Hund bleibt im Auto, in einer Kennelbox oder in einer hundefreundlichen Kabine (nur telefonisch buchbar)<\/li>\n\n\n\n<li>Es gibt ein Auslaufdeck am Heck<\/li>\n\n\n\n<li>Wasser ist vorhanden, jedoch muss ein eigener Napf mitgebracht werden<\/li>\n\n\n\n<li>Kotbeutel sind verpflichtend mitzuf\u00fchren<\/li>\n\n\n\n<li>Hunde sind in allgemeinen Bereichen nicht erlaubt (Ausnahme: Assistenzhunde)<\/li>\n<\/ul>\n\n\n\n<p class=\"has-small-font-size\">Weitere Informationen: <a href=\"https:\/\/fjordline.com\/de\/norwegen\/inspiration\/reise-gemeinsam-mit-deinem-hund-an-bord-der-ms-bergensfjord-ms-stavangerfjord\" target=\"_blank\" rel=\"noreferrer noopener\">https:\/\/fjordline.com\/de\/norwegen\/inspiration\/reise-gemeinsam-mit-deinem-hund-an-bord-der-ms-bergensfjord-ms-stavangerfjord<\/a><\/p>\n\n\n\n    <div class=\"fh-dog-choice\">\r\n        <h3>Welche Reederei passt zu dir, wenn du mit Hund reist?<\/h3>\r\n        <p class=\"fh-text\">\r\n            Klicke auf das, was f\u00fcr dich am wichtigsten ist, und finde heraus, welche F\u00e4hrgesellschaft am besten zu deiner Situation passt.\r\n        <\/p>\r\n\r\n        <div class=\"fh-tabs\">\r\n            <div class=\"fh-tab\" data-choice=\"hut\">Kabine mit Hund<\/div>\r\n            <div class=\"fh-tab\" data-choice=\"dek\">Hund mit nach drau\u00dfen<\/div>\r\n            <div class=\"fh-tab\" data-choice=\"auto\">Hund bleibt im Auto<\/div>\r\n            <div class=\"fh-tab\" data-choice=\"snel\">So schnell wie m\u00f6glich<\/div>\r\n        <\/div>\r\n\r\n        <div id=\"fh_dog_result\"><\/div>\r\n    <\/div>\r\n\r\n    <style>\r\n    .fh-dog-choice {\r\n        background: #f0f5fa;\r\n        padding: 26px 28px;\r\n        border-radius: 10px;\r\n    }\r\n\r\n    .fh-dog-choice .fh-text {\r\n        font-size: 0.95em;\r\n        margin-bottom: 18px;\r\n        line-height: 1.6;\r\n    }\r\n\r\n    .fh-tabs {\r\n        display: grid;\r\n        grid-template-columns: 1fr 1fr;\r\n        gap: 10px;\r\n        margin-bottom: 18px;\r\n    }\r\n\r\n    .fh-tab {\r\n        background: #fff;\r\n        padding: 14px;\r\n        border-radius: 8px;\r\n        text-align: center;\r\n        cursor: pointer;\r\n        border: 1px solid #e5e7eb;\r\n        font-size: 0.95em;\r\n        transition: all 0.15s ease;\r\n    }\r\n\r\n    .fh-tab:hover {\r\n        border-color: #046bd2;\r\n    }\r\n\r\n    .fh-tab.active {\r\n        background: #046bd2;\r\n        color: #fff;\r\n        border-color: #046bd2;\r\n    }\r\n\r\n    #fh_dog_result {\r\n        font-size: 0.95em;\r\n        line-height: 1.6;\r\n    }\r\n\r\n    .fh-cta {\r\n        margin-top: 14px;\r\n    }\r\n\r\n    .fh-btn {\r\n        display: block;\r\n        width: 100%;\r\n        text-align: center;\r\n        background: #cc0000;\r\n        color: #fff !important;\r\n        padding: 14px 0;\r\n        text-decoration: none !important;\r\n        border-radius: 6px;\r\n        font-weight: 600;\r\n    }\r\n\r\n    .fh-btn:hover {\r\n        color: #fff !important;\r\n        text-decoration: none !important;\r\n    }\r\n    <\/style>\r\n\r\n    <script>\r\n    document.addEventListener('DOMContentLoaded', function () {\r\n        const tabs = document.querySelectorAll('.fh-tab');\r\n        const result = document.getElementById('fh_dog_result');\r\n\r\n        if (!tabs.length) return;\r\n\r\n        tabs.forEach(tab => {\r\n            tab.addEventListener('click', function () {\r\n\r\n                tabs.forEach(t => t.classList.remove('active'));\r\n                this.classList.add('active');\r\n\r\n                const choice = this.getAttribute('data-choice');\r\n                let html = '';\r\n\r\n                if (choice === 'hut') {\r\n                    html = '<p><strong>Die beste Wahl ist: Fjord Line (MS Stavangerfjord \/ MS Bergensfjord)<\/strong><br>' +\r\n                           'Dies ist die einzige Option, bei der du eine hundefreundliche Kabine buchen kannst.<\/p>';\r\n                }\r\n\r\n                if (choice === 'dek') {\r\n                    html = '<p><strong>Die beste Wahl ist: Fjord Line FSTR<\/strong><br>' +\r\n                           'Hier kannst du deinen Hund mit auf das Au\u00dfendeck nehmen und musst ihn nicht im Auto lassen.<\/p>';\r\n                }\r\n\r\n                if (choice === 'auto') {\r\n                    html = '<p><strong>Die beste Wahl ist: Color Line oder Fjord Line<\/strong><br>' +\r\n                           'Wenn dein Hund im Auto bleibt, sind beide Anbieter geeignet.<\/p>';\r\n                }\r\n\r\n                if (choice === 'snel') {\r\n                    html = '<p><strong>Die beste Wahl ist: Fjord Line FSTR<\/strong><br>' +\r\n                           'Dies ist die schnellste Verbindung zwischen Hirtshals und Kristiansand.<\/p>';\r\n                }\r\n\r\n                html += '<div class=\"fh-cta\">' +\r\n                        '<a href=\"https:\/\/hirtshals-kristiansand.com\/de\/go\/prices\" target=\"_blank\" class=\"fh-btn\">F\u00e4hre buchen<\/a>' +\r\n                        '<\/div>';\r\n\r\n                result.innerHTML = html;\r\n            });\r\n        });\r\n    });\r\n    <\/script>\r\n    \n\n\n\n<h2 class=\"wp-block-heading\">Regeln in Norwegen f\u00fcr das Reisen mit Hund<\/h2>\n\n\n\n<p>Wenn Sie von Hirtshals nach Kristiansand reisen, gelten die norwegischen Vorschriften. Diese unterscheiden sich von den Regelungen in Deutschland. Die wichtigsten Punkte im \u00dcberblick:<\/p>\n\n\n\n<ul class=\"wp-block-list\">\n<li>Hunde m\u00fcssen in Norwegen immer an der Leine gef\u00fchrt werden<\/li>\n\n\n\n<li>Alle Unterlagen m\u00fcssen in Ordnung sein: EU-Heimtierausweis, g\u00fcltiger Mikrochip, Tollwutimpfung (inklusive Nachweis im Pass)<\/li>\n\n\n\n<li>Informieren Sie Ihren Tierarzt vor der Reise, damit gepr\u00fcft werden kann, ob alles den Vorschriften entspricht<\/li>\n\n\n\n<li>F\u00fcr folgende Hunderassen gilt ein Importverbot in Norwegen: Pit Bull Terrier, American Staffordshire Terrier, Dogo Argentino, Fila Brasileiro und Tosa Inu. Auch Mischlinge dieser Rassen sowie Kreuzungen zwischen Hund und Wolf sind nicht erlaubt<\/li>\n<\/ul>\n\n\n\n<p>Wenn diese Anforderungen nicht erf\u00fcllt sind, kann Ihnen die Einreise nach Norwegen verweigert werden. Nutzen Sie daher die folgende Checkliste, um sicherzustellen, dass alles vorbereitet ist, bevor Sie Ihre Tickets buchen.<\/p>\n\n\n<p>[ferry_dog_checklist]<\/p>\n","protected":false},"excerpt":{"rendered":"<p>Planen Sie, mit Ihrem Hund die F\u00e4hre von Hirtshals nach Kristiansand zu nehmen? Dann sollten Sie beachten, dass jede Reederei [&hellip;]<\/p>\n","protected":false},"author":1,"featured_media":345,"parent":0,"menu_order":0,"comment_status":"closed","ping_status":"closed","template":"","meta":{"inline_featured_image":false,"_uag_custom_page_level_css":"","site-sidebar-layout":"default","site-content-layout":"","ast-site-content-layout":"default","site-content-style":"default","site-sidebar-style":"default","ast-global-header-display":"","ast-banner-title-visibility":"","ast-main-header-display":"","ast-hfb-above-header-display":"","ast-hfb-below-header-display":"","ast-hfb-mobile-header-display":"","site-post-title":"","ast-breadcrumbs-content":"","ast-featured-img":"","footer-sml-layout":"","ast-disable-related-posts":"","theme-transparent-header-meta":"","adv-header-id-meta":"","stick-header-meta":"","header-above-stick-meta":"","header-main-stick-meta":"","header-below-stick-meta":"","astra-migrate-meta-layouts":"default","ast-page-background-enabled":"default","ast-page-background-meta":{"desktop":{"background-color":"var(--ast-global-color-4)","background-image":"","background-repeat":"repeat","background-position":"center center","background-size":"auto","background-attachment":"scroll","background-type":"","background-media":"","overlay-type":"","overlay-color":"","overlay-opacity":"","overlay-gradient":""},"tablet":{"background-color":"","background-image":"","background-repeat":"repeat","background-position":"center center","background-size":"auto","background-attachment":"scroll","background-type":"","background-media":"","overlay-type":"","overlay-color":"","overlay-opacity":"","overlay-gradient":""},"mobile":{"background-color":"","background-image":"","background-repeat":"repeat","background-position":"center center","background-size":"auto","background-attachment":"scroll","background-type":"","background-media":"","overlay-type":"","overlay-color":"","overlay-opacity":"","overlay-gradient":""}},"ast-content-background-meta":{"desktop":{"background-color":"var(--ast-global-color-5)","background-image":"","background-repeat":"repeat","background-position":"center center","background-size":"auto","background-attachment":"scroll","background-type":"","background-media":"","overlay-type":"","overlay-color":"","overlay-opacity":"","overlay-gradient":""},"tablet":{"background-color":"var(--ast-global-color-5)","background-image":"","background-repeat":"repeat","background-position":"center center","background-size":"auto","background-attachment":"scroll","background-type":"","background-media":"","overlay-type":"","overlay-color":"","overlay-opacity":"","overlay-gradient":""},"mobile":{"background-color":"var(--ast-global-color-5)","background-image":"","background-repeat":"repeat","background-position":"center center","background-size":"auto","background-attachment":"scroll","background-type":"","background-media":"","overlay-type":"","overlay-color":"","overlay-opacity":"","overlay-gradient":""}},"footnotes":""},"class_list":["post-344","page","type-page","status-publish","has-post-thumbnail","hentry"],"yoast_head":"<!-- This site is optimized with the Yoast SEO plugin v27.4 - https:\/\/yoast.com\/product\/yoast-seo-wordpress\/ -->\n<title>Reisen mit Hund F\u00e4hre Hirtshals Kristiansand Tipps &amp; Regeln<\/title>\n<meta name=\"description\" content=\"Alle Infos f\u00fcr die F\u00e4hre Hirtshals Kristiansand mit Hund. Regeln, Tipps und Unterschiede zwischen Color Line und Fjord Line.\" \/>\n<meta name=\"robots\" content=\"index, follow, max-snippet:-1, max-image-preview:large, max-video-preview:-1\" \/>\n<link rel=\"canonical\" href=\"https:\/\/hirtshals-kristiansand.com\/de\/regeln-fuer-reisen-mit-hund\/\" \/>\n<meta property=\"og:locale\" content=\"de_DE\" \/>\n<meta property=\"og:type\" content=\"article\" \/>\n<meta property=\"og:title\" content=\"Reisen mit Hund F\u00e4hre Hirtshals Kristiansand Tipps &amp; Regeln\" \/>\n<meta property=\"og:description\" content=\"Alle Infos f\u00fcr die F\u00e4hre Hirtshals Kristiansand mit Hund. Regeln, Tipps und Unterschiede zwischen Color Line und Fjord Line.\" \/>\n<meta property=\"og:url\" content=\"https:\/\/hirtshals-kristiansand.com\/de\/regeln-fuer-reisen-mit-hund\/\" \/>\n<meta property=\"og:site_name\" content=\"Hirtshals Kristiansand F\u00e4hre Guide\" \/>\n<meta property=\"article:modified_time\" content=\"2026-04-22T14:15:11+00:00\" \/>\n<meta property=\"og:image\" content=\"https:\/\/hirtshals-kristiansand.com\/de\/wp-content\/uploads\/sites\/3\/2026\/04\/faehre-hirtshals-kristiansand-hund.jpg\" \/>\n\t<meta property=\"og:image:width\" content=\"1200\" \/>\n\t<meta property=\"og:image:height\" content=\"800\" \/>\n\t<meta property=\"og:image:type\" content=\"image\/jpeg\" \/>\n<meta name=\"twitter:card\" content=\"summary_large_image\" \/>\n<meta name=\"twitter:label1\" content=\"Gesch\u00e4tzte Lesezeit\" \/>\n\t<meta name=\"twitter:data1\" content=\"3\u00a0Minuten\" \/>\n<script type=\"application\/ld+json\" class=\"yoast-schema-graph\">{\"@context\":\"https:\\\/\\\/schema.org\",\"@graph\":[{\"@type\":\"WebPage\",\"@id\":\"https:\\\/\\\/hirtshals-kristiansand.com\\\/de\\\/regeln-fuer-reisen-mit-hund\\\/\",\"url\":\"https:\\\/\\\/hirtshals-kristiansand.com\\\/de\\\/regeln-fuer-reisen-mit-hund\\\/\",\"name\":\"Reisen mit Hund F\u00e4hre Hirtshals Kristiansand Tipps & Regeln\",\"isPartOf\":{\"@id\":\"https:\\\/\\\/hirtshals-kristiansand.com\\\/de\\\/#website\"},\"primaryImageOfPage\":{\"@id\":\"https:\\\/\\\/hirtshals-kristiansand.com\\\/de\\\/regeln-fuer-reisen-mit-hund\\\/#primaryimage\"},\"image\":{\"@id\":\"https:\\\/\\\/hirtshals-kristiansand.com\\\/de\\\/regeln-fuer-reisen-mit-hund\\\/#primaryimage\"},\"thumbnailUrl\":\"https:\\\/\\\/hirtshals-kristiansand.com\\\/de\\\/wp-content\\\/uploads\\\/sites\\\/3\\\/2026\\\/04\\\/faehre-hirtshals-kristiansand-hund.jpg\",\"datePublished\":\"2026-04-22T13:31:03+00:00\",\"dateModified\":\"2026-04-22T14:15:11+00:00\",\"description\":\"Alle Infos f\u00fcr die F\u00e4hre Hirtshals Kristiansand mit Hund. Regeln, Tipps und Unterschiede zwischen Color Line und Fjord Line.\",\"breadcrumb\":{\"@id\":\"https:\\\/\\\/hirtshals-kristiansand.com\\\/de\\\/regeln-fuer-reisen-mit-hund\\\/#breadcrumb\"},\"inLanguage\":\"de\",\"potentialAction\":[{\"@type\":\"ReadAction\",\"target\":[\"https:\\\/\\\/hirtshals-kristiansand.com\\\/de\\\/regeln-fuer-reisen-mit-hund\\\/\"]}]},{\"@type\":\"ImageObject\",\"inLanguage\":\"de\",\"@id\":\"https:\\\/\\\/hirtshals-kristiansand.com\\\/de\\\/regeln-fuer-reisen-mit-hund\\\/#primaryimage\",\"url\":\"https:\\\/\\\/hirtshals-kristiansand.com\\\/de\\\/wp-content\\\/uploads\\\/sites\\\/3\\\/2026\\\/04\\\/faehre-hirtshals-kristiansand-hund.jpg\",\"contentUrl\":\"https:\\\/\\\/hirtshals-kristiansand.com\\\/de\\\/wp-content\\\/uploads\\\/sites\\\/3\\\/2026\\\/04\\\/faehre-hirtshals-kristiansand-hund.jpg\",\"width\":1200,\"height\":800,\"caption\":\"f\u00e4hre hirtshals kristiansand hund\"},{\"@type\":\"BreadcrumbList\",\"@id\":\"https:\\\/\\\/hirtshals-kristiansand.com\\\/de\\\/regeln-fuer-reisen-mit-hund\\\/#breadcrumb\",\"itemListElement\":[{\"@type\":\"ListItem\",\"position\":1,\"name\":\"Hirtshals Kristiansand\",\"item\":\"https:\\\/\\\/hirtshals-kristiansand.com\\\/de\\\/\"},{\"@type\":\"ListItem\",\"position\":2,\"name\":\"F\u00e4hre Hirtshals Kristiansand mit hund\"}]},{\"@type\":\"WebSite\",\"@id\":\"https:\\\/\\\/hirtshals-kristiansand.com\\\/de\\\/#website\",\"url\":\"https:\\\/\\\/hirtshals-kristiansand.com\\\/de\\\/\",\"name\":\"Hirtshals Kristiansand F\u00e4hre Guide\",\"description\":\"Alles \u00fcber die Hirtshals Kristiansand F\u00e4hr\u00fcberfahrt\",\"publisher\":{\"@id\":\"https:\\\/\\\/hirtshals-kristiansand.com\\\/de\\\/#organization\"},\"potentialAction\":[{\"@type\":\"SearchAction\",\"target\":{\"@type\":\"EntryPoint\",\"urlTemplate\":\"https:\\\/\\\/hirtshals-kristiansand.com\\\/de\\\/?s={search_term_string}\"},\"query-input\":{\"@type\":\"PropertyValueSpecification\",\"valueRequired\":true,\"valueName\":\"search_term_string\"}}],\"inLanguage\":\"de\"},{\"@type\":\"Organization\",\"@id\":\"https:\\\/\\\/hirtshals-kristiansand.com\\\/de\\\/#organization\",\"name\":\"Hirtshals Kristiansand F\u00e4hre Guide\",\"url\":\"https:\\\/\\\/hirtshals-kristiansand.com\\\/de\\\/\",\"logo\":{\"@type\":\"ImageObject\",\"inLanguage\":\"de\",\"@id\":\"https:\\\/\\\/hirtshals-kristiansand.com\\\/de\\\/#\\\/schema\\\/logo\\\/image\\\/\",\"url\":\"https:\\\/\\\/hirtshals-kristiansand.com\\\/de\\\/wp-content\\\/uploads\\\/sites\\\/3\\\/2025\\\/05\\\/hirtshals-kristiansand.svg\",\"contentUrl\":\"https:\\\/\\\/hirtshals-kristiansand.com\\\/de\\\/wp-content\\\/uploads\\\/sites\\\/3\\\/2025\\\/05\\\/hirtshals-kristiansand.svg\",\"width\":800,\"height\":256,\"caption\":\"Hirtshals Kristiansand F\u00e4hre Guide\"},\"image\":{\"@id\":\"https:\\\/\\\/hirtshals-kristiansand.com\\\/de\\\/#\\\/schema\\\/logo\\\/image\\\/\"}}]}<\/script>\n<!-- \/ Yoast SEO plugin. -->","yoast_head_json":{"title":"Reisen mit Hund F\u00e4hre Hirtshals Kristiansand Tipps & Regeln","description":"Alle Infos f\u00fcr die F\u00e4hre Hirtshals Kristiansand mit Hund. Regeln, Tipps und Unterschiede zwischen Color Line und Fjord Line.","robots":{"index":"index","follow":"follow","max-snippet":"max-snippet:-1","max-image-preview":"max-image-preview:large","max-video-preview":"max-video-preview:-1"},"canonical":"https:\/\/hirtshals-kristiansand.com\/de\/regeln-fuer-reisen-mit-hund\/","og_locale":"de_DE","og_type":"article","og_title":"Reisen mit Hund F\u00e4hre Hirtshals Kristiansand Tipps & Regeln","og_description":"Alle Infos f\u00fcr die F\u00e4hre Hirtshals Kristiansand mit Hund. Regeln, Tipps und Unterschiede zwischen Color Line und Fjord Line.","og_url":"https:\/\/hirtshals-kristiansand.com\/de\/regeln-fuer-reisen-mit-hund\/","og_site_name":"Hirtshals Kristiansand F\u00e4hre Guide","article_modified_time":"2026-04-22T14:15:11+00:00","og_image":[{"width":1200,"height":800,"url":"https:\/\/hirtshals-kristiansand.com\/de\/wp-content\/uploads\/sites\/3\/2026\/04\/faehre-hirtshals-kristiansand-hund.jpg","type":"image\/jpeg"}],"twitter_card":"summary_large_image","twitter_misc":{"Gesch\u00e4tzte Lesezeit":"3\u00a0Minuten"},"schema":{"@context":"https:\/\/schema.org","@graph":[{"@type":"WebPage","@id":"https:\/\/hirtshals-kristiansand.com\/de\/regeln-fuer-reisen-mit-hund\/","url":"https:\/\/hirtshals-kristiansand.com\/de\/regeln-fuer-reisen-mit-hund\/","name":"Reisen mit Hund F\u00e4hre Hirtshals Kristiansand Tipps & Regeln","isPartOf":{"@id":"https:\/\/hirtshals-kristiansand.com\/de\/#website"},"primaryImageOfPage":{"@id":"https:\/\/hirtshals-kristiansand.com\/de\/regeln-fuer-reisen-mit-hund\/#primaryimage"},"image":{"@id":"https:\/\/hirtshals-kristiansand.com\/de\/regeln-fuer-reisen-mit-hund\/#primaryimage"},"thumbnailUrl":"https:\/\/hirtshals-kristiansand.com\/de\/wp-content\/uploads\/sites\/3\/2026\/04\/faehre-hirtshals-kristiansand-hund.jpg","datePublished":"2026-04-22T13:31:03+00:00","dateModified":"2026-04-22T14:15:11+00:00","description":"Alle Infos f\u00fcr die F\u00e4hre Hirtshals Kristiansand mit Hund. Regeln, Tipps und Unterschiede zwischen Color Line und Fjord Line.","breadcrumb":{"@id":"https:\/\/hirtshals-kristiansand.com\/de\/regeln-fuer-reisen-mit-hund\/#breadcrumb"},"inLanguage":"de","potentialAction":[{"@type":"ReadAction","target":["https:\/\/hirtshals-kristiansand.com\/de\/regeln-fuer-reisen-mit-hund\/"]}]},{"@type":"ImageObject","inLanguage":"de","@id":"https:\/\/hirtshals-kristiansand.com\/de\/regeln-fuer-reisen-mit-hund\/#primaryimage","url":"https:\/\/hirtshals-kristiansand.com\/de\/wp-content\/uploads\/sites\/3\/2026\/04\/faehre-hirtshals-kristiansand-hund.jpg","contentUrl":"https:\/\/hirtshals-kristiansand.com\/de\/wp-content\/uploads\/sites\/3\/2026\/04\/faehre-hirtshals-kristiansand-hund.jpg","width":1200,"height":800,"caption":"f\u00e4hre hirtshals kristiansand hund"},{"@type":"BreadcrumbList","@id":"https:\/\/hirtshals-kristiansand.com\/de\/regeln-fuer-reisen-mit-hund\/#breadcrumb","itemListElement":[{"@type":"ListItem","position":1,"name":"Hirtshals Kristiansand","item":"https:\/\/hirtshals-kristiansand.com\/de\/"},{"@type":"ListItem","position":2,"name":"F\u00e4hre Hirtshals Kristiansand mit hund"}]},{"@type":"WebSite","@id":"https:\/\/hirtshals-kristiansand.com\/de\/#website","url":"https:\/\/hirtshals-kristiansand.com\/de\/","name":"Hirtshals Kristiansand F\u00e4hre Guide","description":"Alles \u00fcber die Hirtshals Kristiansand F\u00e4hr\u00fcberfahrt","publisher":{"@id":"https:\/\/hirtshals-kristiansand.com\/de\/#organization"},"potentialAction":[{"@type":"SearchAction","target":{"@type":"EntryPoint","urlTemplate":"https:\/\/hirtshals-kristiansand.com\/de\/?s={search_term_string}"},"query-input":{"@type":"PropertyValueSpecification","valueRequired":true,"valueName":"search_term_string"}}],"inLanguage":"de"},{"@type":"Organization","@id":"https:\/\/hirtshals-kristiansand.com\/de\/#organization","name":"Hirtshals Kristiansand F\u00e4hre Guide","url":"https:\/\/hirtshals-kristiansand.com\/de\/","logo":{"@type":"ImageObject","inLanguage":"de","@id":"https:\/\/hirtshals-kristiansand.com\/de\/#\/schema\/logo\/image\/","url":"https:\/\/hirtshals-kristiansand.com\/de\/wp-content\/uploads\/sites\/3\/2025\/05\/hirtshals-kristiansand.svg","contentUrl":"https:\/\/hirtshals-kristiansand.com\/de\/wp-content\/uploads\/sites\/3\/2025\/05\/hirtshals-kristiansand.svg","width":800,"height":256,"caption":"Hirtshals Kristiansand F\u00e4hre Guide"},"image":{"@id":"https:\/\/hirtshals-kristiansand.com\/de\/#\/schema\/logo\/image\/"}}]}},"uagb_featured_image_src":{"full":["https:\/\/hirtshals-kristiansand.com\/de\/wp-content\/uploads\/sites\/3\/2026\/04\/faehre-hirtshals-kristiansand-hund.jpg",1200,800,false],"thumbnail":["https:\/\/hirtshals-kristiansand.com\/de\/wp-content\/uploads\/sites\/3\/2026\/04\/faehre-hirtshals-kristiansand-hund-150x150.jpg",150,150,true],"medium":["https:\/\/hirtshals-kristiansand.com\/de\/wp-content\/uploads\/sites\/3\/2026\/04\/faehre-hirtshals-kristiansand-hund-300x200.jpg",300,200,true],"medium_large":["https:\/\/hirtshals-kristiansand.com\/de\/wp-content\/uploads\/sites\/3\/2026\/04\/faehre-hirtshals-kristiansand-hund-768x512.jpg",768,512,true],"large":["https:\/\/hirtshals-kristiansand.com\/de\/wp-content\/uploads\/sites\/3\/2026\/04\/faehre-hirtshals-kristiansand-hund-1024x683.jpg",1024,683,true],"1536x1536":["https:\/\/hirtshals-kristiansand.com\/de\/wp-content\/uploads\/sites\/3\/2026\/04\/faehre-hirtshals-kristiansand-hund.jpg",1200,800,false],"2048x2048":["https:\/\/hirtshals-kristiansand.com\/de\/wp-content\/uploads\/sites\/3\/2026\/04\/faehre-hirtshals-kristiansand-hund.jpg",1200,800,false]},"uagb_author_info":{"display_name":"mail@robberttigchelaar.com","author_link":"https:\/\/hirtshals-kristiansand.com\/de\/author\/mailrobberttigchelaar-com\/"},"uagb_comment_info":0,"uagb_excerpt":"Planen Sie, mit Ihrem Hund die F\u00e4hre von Hirtshals nach Kristiansand zu nehmen? Dann sollten Sie beachten, dass jede Reederei [&hellip;]","_links":{"self":[{"href":"https:\/\/hirtshals-kristiansand.com\/de\/wp-json\/wp\/v2\/pages\/344","targetHints":{"allow":["GET"]}}],"collection":[{"href":"https:\/\/hirtshals-kristiansand.com\/de\/wp-json\/wp\/v2\/pages"}],"about":[{"href":"https:\/\/hirtshals-kristiansand.com\/de\/wp-json\/wp\/v2\/types\/page"}],"author":[{"embeddable":true,"href":"https:\/\/hirtshals-kristiansand.com\/de\/wp-json\/wp\/v2\/users\/1"}],"replies":[{"embeddable":true,"href":"https:\/\/hirtshals-kristiansand.com\/de\/wp-json\/wp\/v2\/comments?post=344"}],"version-history":[{"count":2,"href":"https:\/\/hirtshals-kristiansand.com\/de\/wp-json\/wp\/v2\/pages\/344\/revisions"}],"predecessor-version":[{"id":351,"href":"https:\/\/hirtshals-kristiansand.com\/de\/wp-json\/wp\/v2\/pages\/344\/revisions\/351"}],"wp:featuredmedia":[{"embeddable":true,"href":"https:\/\/hirtshals-kristiansand.com\/de\/wp-json\/wp\/v2\/media\/345"}],"wp:attachment":[{"href":"https:\/\/hirtshals-kristiansand.com\/de\/wp-json\/wp\/v2\/media?parent=344"}],"curies":[{"name":"wp","href":"https:\/\/api.w.org\/{rel}","templated":true}]}}