{"id":155,"date":"2024-03-12T11:23:32","date_gmt":"2024-03-12T11:23:32","guid":{"rendered":"https:\/\/hirtshals-kristiansand.com\/de\/?page_id=155"},"modified":"2026-04-20T13:56:45","modified_gmt":"2026-04-20T13:56:45","slug":"preise","status":"publish","type":"page","link":"https:\/\/hirtshals-kristiansand.com\/de\/preise\/","title":{"rendered":"F\u00e4hre Hirtshals Kristiansand Preise"},"content":{"rendered":"\n<p>Da zwischen Hirtshals und Kristiansand zwei F\u00e4hrgesellschaften verkehren, ist es interessant, sich den Preis anzusehen. Sie k\u00f6nnen die beiden Anbieter vergleichen und <strong>so die g\u00fcnstigste \u00dcberfahrt buchen<\/strong>. Auf dieser Seite verrate ich Ihnen alles, was Sie \u00fcber den Preis einer F\u00e4hr\u00fcberfahrt zwischen Hirtshals und Kristiansand wissen m\u00fcssen.<\/p>\n\n\n\n<h2 class=\"wp-block-heading\">Buchen Sie sofort die g\u00fcnstigste \u00dcberfahrt<\/h2>\n\n\n\n<p>Zwei Betreiber verkehren zwischen dem <a href=\"https:\/\/hirtshals-kristiansand.com\/de\/hirsthals-hafen\/\">Hafen von Hirtshals<\/a> und <a href=\"https:\/\/hirtshals-kristiansand.com\/de\/kristiansand-hafen\/\">Kristiansand Haven<\/a>: <a href=\"https:\/\/hirtshals-kristiansand.com\/de\/color-line\/\">Color Line<\/a> und <a href=\"https:\/\/hirtshals-kristiansand.com\/de\/fjord-line\/\">Fjord Line<\/a>. Um sofort die g\u00fcnstigste \u00dcberfahrt zu buchen, k\u00f6nnen Sie das untenstehende Buchungsmodul nutzen.<\/p>\n\n\n\n<h2 class=\"wp-block-heading\">Diese Faktoren beeinflussen den Preis<\/h2>\n\n\n\n<p>Es gibt eine Reihe von Faktoren, die den Preis beeinflussen. Wenn Sie als Fu\u00dfpassagiere einsteigen\ud83d\udeb6, wird es nat\u00fcrlich um einiges g\u00fcnstiger sein, als wenn Sie mit einem Auto und einem Wohnwagen oder Wohnmobil zwischen D\u00e4nemark und Norwegen reisen m\u00f6chten\ud83d\ude90.<\/p>\n\n\n\n<p>Diese Faktoren spielen beim Endpreis der F\u00e4hrtickets eine Rolle:<\/p>\n\n\n\n<ul class=\"wp-block-list\">\n<li>Fahrzeug (Fahrrad, Auto, Wohnmobil, Motorrad (und Beiwagen), Kleinbus oder Van) + Gep\u00e4ck im Fahrzeug (Fahrr\u00e4der, Koffer, Wohnwagen\/Anh\u00e4nger)<\/li>\n\n\n\n<li>Hin- oder R\u00fcckfahrt<\/li>\n\n\n\n<li>Anzahl Personen (Erwachsene\/Kinder)<\/li>\n\n\n\n<li>Haustiere<\/li>\n\n\n\n<li>Termine (Neben- oder Hochsaison)<\/li>\n\n\n\n<li>Einrichtungen an Bord (z. B. Sitzpl\u00e4tze auf der<a href=\"https:\/\/hirtshals-kristiansand.com\/de\/fjord-fstr\/\"> Fjord FSTR<\/a> oder eine Kabine auf der <a href=\"https:\/\/hirtshals-kristiansand.com\/de\/ms-stavangerfjord\/\">MS Stavangerfjord<\/a>\/<a href=\"https:\/\/hirtshals-kristiansand.com\/de\/ms-bergensfjord\/\">MS Bergensfjord<\/a>)<\/li>\n\n\n\n<li>Stornierungsm\u00f6glichkeiten<\/li>\n<\/ul>\n\n\n\n<h2 class=\"wp-block-heading\">Tipps f\u00fcr g\u00fcnstige Tickets<\/h2>\n\n\n\n<p>Ich m\u00f6chte Ihnen einige Tipps geben, damit Sie nie zu viel f\u00fcr die F\u00e4hr\u00fcberfahrt bezahlen.<\/p>\n\n\n\n<ul class=\"wp-block-list\">\n<li>Buchen Sie immer rechtzeitig im Voraus<\/li>\n\n\n\n<li>Reisen Sie m\u00f6glichst au\u00dferhalb der Hochsaison<\/li>\n\n\n\n<li>Abfahrten an weniger beliebten Wochentagen (denken Sie an Dienstag statt Freitag)<\/li>\n\n\n\n<li>Vergleichen Sie immer die aktuellen Preise von Color Line und Fjord Line\u2696\ufe0f (<a href=\"https:\/\/hirtshals-kristiansand.com\/de\/go\/prices\" target=\"_blank\" rel=\"noreferrer noopener\">dies k\u00f6nnen Sie hier tun<\/a>)<\/li>\n<\/ul>\n\n\n\n<h3 class=\"wp-block-heading\">Ber\u00fccksichtigen Sie zus\u00e4tzliche Kosten<\/h3>\n\n\n\n<p>Schlie\u00dflich m\u00fcssen Sie noch mit zus\u00e4tzlichen Kosten rechnen. Beispielsweise k\u00f6nnen f\u00fcr eine \u00dcbernachtung Kurtaxe und\/oder Verwaltungskosten anfallen.<\/p>\n","protected":false},"excerpt":{"rendered":"<p>Da zwischen Hirtshals und Kristiansand zwei F\u00e4hrgesellschaften verkehren, ist es interessant, sich den Preis anzusehen. Sie k\u00f6nnen die beiden Anbieter [&hellip;]<\/p>\n","protected":false},"author":1,"featured_media":0,"parent":0,"menu_order":0,"comment_status":"closed","ping_status":"closed","template":"","meta":{"inline_featured_image":false,"_uag_custom_page_level_css":"","site-sidebar-layout":"default","site-content-layout":"","ast-site-content-layout":"default","site-content-style":"default","site-sidebar-style":"default","ast-global-header-display":"","ast-banner-title-visibility":"","ast-main-header-display":"","ast-hfb-above-header-display":"","ast-hfb-below-header-display":"","ast-hfb-mobile-header-display":"","site-post-title":"","ast-breadcrumbs-content":"","ast-featured-img":"","footer-sml-layout":"","ast-disable-related-posts":"","theme-transparent-header-meta":"","adv-header-id-meta":"","stick-header-meta":"","header-above-stick-meta":"","header-main-stick-meta":"","header-below-stick-meta":"","astra-migrate-meta-layouts":"default","ast-page-background-enabled":"default","ast-page-background-meta":{"desktop":{"background-color":"var(--ast-global-color-4)","background-image":"","background-repeat":"repeat","background-position":"center center","background-size":"auto","background-attachment":"scroll","background-type":"","background-media":"","overlay-type":"","overlay-color":"","overlay-opacity":"","overlay-gradient":""},"tablet":{"background-color":"","background-image":"","background-repeat":"repeat","background-position":"center center","background-size":"auto","background-attachment":"scroll","background-type":"","background-media":"","overlay-type":"","overlay-color":"","overlay-opacity":"","overlay-gradient":""},"mobile":{"background-color":"","background-image":"","background-repeat":"repeat","background-position":"center center","background-size":"auto","background-attachment":"scroll","background-type":"","background-media":"","overlay-type":"","overlay-color":"","overlay-opacity":"","overlay-gradient":""}},"ast-content-background-meta":{"desktop":{"background-color":"var(--ast-global-color-5)","background-image":"","background-repeat":"repeat","background-position":"center center","background-size":"auto","background-attachment":"scroll","background-type":"","background-media":"","overlay-type":"","overlay-color":"","overlay-opacity":"","overlay-gradient":""},"tablet":{"background-color":"var(--ast-global-color-5)","background-image":"","background-repeat":"repeat","background-position":"center center","background-size":"auto","background-attachment":"scroll","background-type":"","background-media":"","overlay-type":"","overlay-color":"","overlay-opacity":"","overlay-gradient":""},"mobile":{"background-color":"var(--ast-global-color-5)","background-image":"","background-repeat":"repeat","background-position":"center center","background-size":"auto","background-attachment":"scroll","background-type":"","background-media":"","overlay-type":"","overlay-color":"","overlay-opacity":"","overlay-gradient":""}},"footnotes":""},"class_list":["post-155","page","type-page","status-publish","hentry"],"yoast_head":"<!-- This site is optimized with the Yoast SEO plugin v27.5 - https:\/\/yoast.com\/product\/yoast-seo-wordpress\/ -->\n<title>F\u00e4hre Hirtshals Kristiansand Preise - Hirtshals Kristiansand F\u00e4hre Guide<\/title>\n<meta name=\"description\" content=\"Sehen und vergleichen Sie hier die F\u00e4hrpreise von Color Line und Fjord Line f\u00fcr eine \u00dcberfahrt zwischen Hirtshals und Kristiansand.\" \/>\n<meta name=\"robots\" content=\"index, follow, max-snippet:-1, max-image-preview:large, max-video-preview:-1\" \/>\n<link rel=\"canonical\" href=\"https:\/\/hirtshals-kristiansand.com\/de\/preise\/\" \/>\n<meta property=\"og:locale\" content=\"de_DE\" \/>\n<meta property=\"og:type\" content=\"article\" \/>\n<meta property=\"og:title\" content=\"F\u00e4hre Hirtshals Kristiansand Preise - Hirtshals Kristiansand F\u00e4hre Guide\" \/>\n<meta property=\"og:description\" content=\"Sehen und vergleichen Sie hier die F\u00e4hrpreise von Color Line und Fjord Line f\u00fcr eine \u00dcberfahrt zwischen Hirtshals und Kristiansand.\" \/>\n<meta property=\"og:url\" content=\"https:\/\/hirtshals-kristiansand.com\/de\/preise\/\" \/>\n<meta property=\"og:site_name\" content=\"Hirtshals Kristiansand F\u00e4hre Guide\" \/>\n<meta property=\"article:modified_time\" content=\"2026-04-20T13:56:45+00:00\" \/>\n<meta property=\"og:image\" content=\"https:\/\/hirtshals-kristiansand.com\/de\/wp-content\/uploads\/sites\/3\/2024\/02\/hirtshals-kristiansand.com-website.jpg\" \/>\n\t<meta property=\"og:image:width\" content=\"1200\" \/>\n\t<meta property=\"og:image:height\" content=\"800\" \/>\n\t<meta property=\"og:image:type\" content=\"image\/jpeg\" \/>\n<meta name=\"twitter:card\" content=\"summary_large_image\" \/>\n<script type=\"application\/ld+json\" class=\"yoast-schema-graph\">{\"@context\":\"https:\\\/\\\/schema.org\",\"@graph\":[{\"@type\":\"WebPage\",\"@id\":\"https:\\\/\\\/hirtshals-kristiansand.com\\\/de\\\/preise\\\/\",\"url\":\"https:\\\/\\\/hirtshals-kristiansand.com\\\/de\\\/preise\\\/\",\"name\":\"F\u00e4hre Hirtshals Kristiansand Preise - Hirtshals Kristiansand F\u00e4hre Guide\",\"isPartOf\":{\"@id\":\"https:\\\/\\\/hirtshals-kristiansand.com\\\/de\\\/#website\"},\"datePublished\":\"2024-03-12T11:23:32+00:00\",\"dateModified\":\"2026-04-20T13:56:45+00:00\",\"description\":\"Sehen und vergleichen Sie hier die F\u00e4hrpreise von Color Line und Fjord Line f\u00fcr eine \u00dcberfahrt zwischen Hirtshals und Kristiansand.\",\"breadcrumb\":{\"@id\":\"https:\\\/\\\/hirtshals-kristiansand.com\\\/de\\\/preise\\\/#breadcrumb\"},\"inLanguage\":\"de\",\"potentialAction\":[{\"@type\":\"ReadAction\",\"target\":[\"https:\\\/\\\/hirtshals-kristiansand.com\\\/de\\\/preise\\\/\"]}]},{\"@type\":\"BreadcrumbList\",\"@id\":\"https:\\\/\\\/hirtshals-kristiansand.com\\\/de\\\/preise\\\/#breadcrumb\",\"itemListElement\":[{\"@type\":\"ListItem\",\"position\":1,\"name\":\"Hirtshals Kristiansand\",\"item\":\"https:\\\/\\\/hirtshals-kristiansand.com\\\/de\\\/\"},{\"@type\":\"ListItem\",\"position\":2,\"name\":\"F\u00e4hre Hirtshals Kristiansand Preise\"}]},{\"@type\":\"WebSite\",\"@id\":\"https:\\\/\\\/hirtshals-kristiansand.com\\\/de\\\/#website\",\"url\":\"https:\\\/\\\/hirtshals-kristiansand.com\\\/de\\\/\",\"name\":\"Hirtshals Kristiansand F\u00e4hre Guide\",\"description\":\"Alles \u00fcber die Hirtshals Kristiansand F\u00e4hr\u00fcberfahrt\",\"publisher\":{\"@id\":\"https:\\\/\\\/hirtshals-kristiansand.com\\\/de\\\/#organization\"},\"potentialAction\":[{\"@type\":\"SearchAction\",\"target\":{\"@type\":\"EntryPoint\",\"urlTemplate\":\"https:\\\/\\\/hirtshals-kristiansand.com\\\/de\\\/?s={search_term_string}\"},\"query-input\":{\"@type\":\"PropertyValueSpecification\",\"valueRequired\":true,\"valueName\":\"search_term_string\"}}],\"inLanguage\":\"de\"},{\"@type\":\"Organization\",\"@id\":\"https:\\\/\\\/hirtshals-kristiansand.com\\\/de\\\/#organization\",\"name\":\"Hirtshals Kristiansand F\u00e4hre Guide\",\"url\":\"https:\\\/\\\/hirtshals-kristiansand.com\\\/de\\\/\",\"logo\":{\"@type\":\"ImageObject\",\"inLanguage\":\"de\",\"@id\":\"https:\\\/\\\/hirtshals-kristiansand.com\\\/de\\\/#\\\/schema\\\/logo\\\/image\\\/\",\"url\":\"https:\\\/\\\/hirtshals-kristiansand.com\\\/de\\\/wp-content\\\/uploads\\\/sites\\\/3\\\/2025\\\/05\\\/hirtshals-kristiansand.svg\",\"contentUrl\":\"https:\\\/\\\/hirtshals-kristiansand.com\\\/de\\\/wp-content\\\/uploads\\\/sites\\\/3\\\/2025\\\/05\\\/hirtshals-kristiansand.svg\",\"width\":800,\"height\":256,\"caption\":\"Hirtshals Kristiansand F\u00e4hre Guide\"},\"image\":{\"@id\":\"https:\\\/\\\/hirtshals-kristiansand.com\\\/de\\\/#\\\/schema\\\/logo\\\/image\\\/\"}}]}<\/script>\n<!-- \/ Yoast SEO plugin. -->","yoast_head_json":{"title":"F\u00e4hre Hirtshals Kristiansand Preise - Hirtshals Kristiansand F\u00e4hre Guide","description":"Sehen und vergleichen Sie hier die F\u00e4hrpreise von Color Line und Fjord Line f\u00fcr eine \u00dcberfahrt zwischen Hirtshals und Kristiansand.","robots":{"index":"index","follow":"follow","max-snippet":"max-snippet:-1","max-image-preview":"max-image-preview:large","max-video-preview":"max-video-preview:-1"},"canonical":"https:\/\/hirtshals-kristiansand.com\/de\/preise\/","og_locale":"de_DE","og_type":"article","og_title":"F\u00e4hre Hirtshals Kristiansand Preise - Hirtshals Kristiansand F\u00e4hre Guide","og_description":"Sehen und vergleichen Sie hier die F\u00e4hrpreise von Color Line und Fjord Line f\u00fcr eine \u00dcberfahrt zwischen Hirtshals und Kristiansand.","og_url":"https:\/\/hirtshals-kristiansand.com\/de\/preise\/","og_site_name":"Hirtshals Kristiansand F\u00e4hre Guide","article_modified_time":"2026-04-20T13:56:45+00:00","og_image":[{"width":1200,"height":800,"url":"https:\/\/hirtshals-kristiansand.com\/de\/wp-content\/uploads\/sites\/3\/2024\/02\/hirtshals-kristiansand.com-website.jpg","type":"image\/jpeg"}],"twitter_card":"summary_large_image","schema":{"@context":"https:\/\/schema.org","@graph":[{"@type":"WebPage","@id":"https:\/\/hirtshals-kristiansand.com\/de\/preise\/","url":"https:\/\/hirtshals-kristiansand.com\/de\/preise\/","name":"F\u00e4hre Hirtshals Kristiansand Preise - Hirtshals Kristiansand F\u00e4hre Guide","isPartOf":{"@id":"https:\/\/hirtshals-kristiansand.com\/de\/#website"},"datePublished":"2024-03-12T11:23:32+00:00","dateModified":"2026-04-20T13:56:45+00:00","description":"Sehen und vergleichen Sie hier die F\u00e4hrpreise von Color Line und Fjord Line f\u00fcr eine \u00dcberfahrt zwischen Hirtshals und Kristiansand.","breadcrumb":{"@id":"https:\/\/hirtshals-kristiansand.com\/de\/preise\/#breadcrumb"},"inLanguage":"de","potentialAction":[{"@type":"ReadAction","target":["https:\/\/hirtshals-kristiansand.com\/de\/preise\/"]}]},{"@type":"BreadcrumbList","@id":"https:\/\/hirtshals-kristiansand.com\/de\/preise\/#breadcrumb","itemListElement":[{"@type":"ListItem","position":1,"name":"Hirtshals Kristiansand","item":"https:\/\/hirtshals-kristiansand.com\/de\/"},{"@type":"ListItem","position":2,"name":"F\u00e4hre Hirtshals Kristiansand Preise"}]},{"@type":"WebSite","@id":"https:\/\/hirtshals-kristiansand.com\/de\/#website","url":"https:\/\/hirtshals-kristiansand.com\/de\/","name":"Hirtshals Kristiansand F\u00e4hre Guide","description":"Alles \u00fcber die Hirtshals Kristiansand F\u00e4hr\u00fcberfahrt","publisher":{"@id":"https:\/\/hirtshals-kristiansand.com\/de\/#organization"},"potentialAction":[{"@type":"SearchAction","target":{"@type":"EntryPoint","urlTemplate":"https:\/\/hirtshals-kristiansand.com\/de\/?s={search_term_string}"},"query-input":{"@type":"PropertyValueSpecification","valueRequired":true,"valueName":"search_term_string"}}],"inLanguage":"de"},{"@type":"Organization","@id":"https:\/\/hirtshals-kristiansand.com\/de\/#organization","name":"Hirtshals Kristiansand F\u00e4hre Guide","url":"https:\/\/hirtshals-kristiansand.com\/de\/","logo":{"@type":"ImageObject","inLanguage":"de","@id":"https:\/\/hirtshals-kristiansand.com\/de\/#\/schema\/logo\/image\/","url":"https:\/\/hirtshals-kristiansand.com\/de\/wp-content\/uploads\/sites\/3\/2025\/05\/hirtshals-kristiansand.svg","contentUrl":"https:\/\/hirtshals-kristiansand.com\/de\/wp-content\/uploads\/sites\/3\/2025\/05\/hirtshals-kristiansand.svg","width":800,"height":256,"caption":"Hirtshals Kristiansand F\u00e4hre Guide"},"image":{"@id":"https:\/\/hirtshals-kristiansand.com\/de\/#\/schema\/logo\/image\/"}}]}},"uagb_featured_image_src":{"full":false,"thumbnail":false,"medium":false,"medium_large":false,"large":false,"1536x1536":false,"2048x2048":false},"uagb_author_info":{"display_name":"mail@robberttigchelaar.com","author_link":"https:\/\/hirtshals-kristiansand.com\/de\/author\/mailrobberttigchelaar-com\/"},"uagb_comment_info":0,"uagb_excerpt":"Da zwischen Hirtshals und Kristiansand zwei F\u00e4hrgesellschaften verkehren, ist es interessant, sich den Preis anzusehen. Sie k\u00f6nnen die beiden Anbieter [&hellip;]","_links":{"self":[{"href":"https:\/\/hirtshals-kristiansand.com\/de\/wp-json\/wp\/v2\/pages\/155","targetHints":{"allow":["GET"]}}],"collection":[{"href":"https:\/\/hirtshals-kristiansand.com\/de\/wp-json\/wp\/v2\/pages"}],"about":[{"href":"https:\/\/hirtshals-kristiansand.com\/de\/wp-json\/wp\/v2\/types\/page"}],"author":[{"embeddable":true,"href":"https:\/\/hirtshals-kristiansand.com\/de\/wp-json\/wp\/v2\/users\/1"}],"replies":[{"embeddable":true,"href":"https:\/\/hirtshals-kristiansand.com\/de\/wp-json\/wp\/v2\/comments?post=155"}],"version-history":[{"count":4,"href":"https:\/\/hirtshals-kristiansand.com\/de\/wp-json\/wp\/v2\/pages\/155\/revisions"}],"predecessor-version":[{"id":321,"href":"https:\/\/hirtshals-kristiansand.com\/de\/wp-json\/wp\/v2\/pages\/155\/revisions\/321"}],"wp:attachment":[{"href":"https:\/\/hirtshals-kristiansand.com\/de\/wp-json\/wp\/v2\/media?parent=155"}],"curies":[{"name":"wp","href":"https:\/\/api.w.org\/{rel}","templated":true}]}}