{"id":74,"date":"2024-03-11T12:02:19","date_gmt":"2024-03-11T12:02:19","guid":{"rendered":"https:\/\/hirtshals-kristiansand.com\/da\/?page_id=74"},"modified":"2024-03-11T12:02:21","modified_gmt":"2024-03-11T12:02:21","slug":"color-line-terminal","status":"publish","type":"page","link":"https:\/\/hirtshals-kristiansand.com\/da\/kristiansand-havn\/color-line-terminal\/","title":{"rendered":"Color Line Terminal Kristiansand"},"content":{"rendered":"\n<p>Der er en Color Line-terminal i Kristiansands havn. P\u00e5 denne side finder du alle vigtige oplysninger om denne terminal.<\/p>\n\n\n\n<h2 class=\"wp-block-heading\">Adresse og kontaktoplysninger<\/h2>\n\n\n\n<p>Terminalens adresse og kontaktoplysninger p\u00e5 et \u00f8jeblik:<\/p>\n\n\n\n<ul class=\"wp-block-list\">\n<li><strong>Adresse:<\/strong> Havnegta 47, Postboks 82, 4662 Kristiansand<\/li>\n\n\n\n<li><strong>Email adresse:<\/strong> &#8211;<\/li>\n\n\n\n<li><strong>Hjemmeside:<\/strong> <a href=\"https:\/\/www.colorline.dk\/\" target=\"_blank\" rel=\"noreferrer noopener\">https:\/\/www.colorline.dk\/<\/a><\/li>\n\n\n\n<li><strong>Telefonnummer:<\/strong> +45 99 56 19 00<\/li>\n<\/ul>\n\n\n\t\t\t<div \n\t\t\tclass=\"wp-block-uagb-google-map uagb-google-map__wrap uagb-block-34be9771     \"\n\t\t\tstyle=\"\" >\n\t\t\t\t<embed\n\t\t\t\t\tclass=\"uagb-google-map__iframe\"\n\t\t\t\t\ttitle=\"Google Map for \"\n\t\t\t\t\tsrc=\"https:\/\/maps.google.com\/maps?q=F%C3%A6rgeterminalen%20Norgeskajen%202%2C%209850%20Hirtshals&#038;z=15&#038;hl=en&#038;t=m&#038;output=embed&#038;iwloc=near\"\n\t\t\t\t\twidth=\"640\"\n\t\t\t\t\theight=\"500\"\n\t\t\t\t\tloading=\"lazy\"\n\t\t\t\t><\/embed>\n\t\t\t<\/div>\n\t\t\t\n\n\n<h2 class=\"wp-block-heading\" style=\"margin-top:var(--wp--preset--spacing--40)\">Tjekker ind<\/h2>\n\n\n\n<p>Passagerer uden bil kan tjekke ind i stueetagen af \u200b\u200bterminalen. Grupper kan ogs\u00e5 tjekke ind her (nogle gange ved en separat skranke). Der er separate indtjekningsskranker p\u00e5 molen for passagerer i bil, motorcykel eller cykel.<\/p>\n\n\n\n<p>Bem\u00e6rk venligst: alle passagerer skal tjekke ind mindst 60 minutter f\u00f8r afgang. Tag h\u00f8jde for rejsetider. Se <a href=\"https:\/\/hirtshals-kristiansand.com\/da\/sejlplan\/\">Color Lines sejlplan fra Hirtshals Kristiansand<\/a>.<\/p>\n\n\n\n<h2 class=\"wp-block-heading\">Parkering ved terminalen<\/h2>\n\n\n\n<p>Det er godt at vide, <strong>at du ikke kan parkere din bil ved Color Line-terminalen.<\/strong> Du kan parkere den p\u00e5 havnens parkeringsplads. Parkeringspladsen, kaldet Parko, ligger cirka 400 meter fra terminalen. S\u00e5 det er let at g\u00e5.<\/p>\n\n\n\n<h2 class=\"wp-block-heading\">Faciliteter ved terminalen<\/h2>\n\n\n\n<ul class=\"wp-block-list\">\n<li><strong>Skabe: <\/strong>Nej<\/li>\n\n\n\n<li><strong>H\u00e6veautomat: <\/strong>Ombord<\/li>\n\n\n\n<li><strong>Mad &amp; drikke:<\/strong> Der er restauranter i havneomr\u00e5det<\/li>\n\n\n\n<li><strong>Toiletter: <\/strong>Ja, n\u00e6r terminalen<\/li>\n<\/ul>\n\n\n\n<h2 class=\"wp-block-heading\">Betalingsmuligheder hos Color Line<\/h2>\n\n\n\n<p>Planl\u00e6gger du at betale under, f\u00f8r eller efter din rejse hos Color Line? S\u00f8rg for, at du har den korrekte valuta med dig. F\u00f8lgende valutaer accepteres:<\/p>\n\n\n\n<ul class=\"wp-block-list\">\n<li>Euro<\/li>\n\n\n\n<li>Danske Krone<\/li>\n\n\n\n<li>Norske Krone<\/li>\n<\/ul>\n\n\n\n<h2 class=\"wp-block-heading\">Mere generel information om havnen<\/h2>\n\n\n\n<p>Vil du vide mere om selve havnen, kan du tage et kig p\u00e5 <a href=\"https:\/\/hirtshals-kristiansand.com\/da\/kristiansand-havn\/\">Kristiansand Havn<\/a> siden. Her finder du rutevejledning til havnen og generel havneinformation.<\/p>\n","protected":false},"excerpt":{"rendered":"<p>Der er en Color Line-terminal i Kristiansands havn. P\u00e5 denne side finder du alle vigtige oplysninger om denne terminal. Adresse [&hellip;]<\/p>\n","protected":false},"author":1,"featured_media":0,"parent":54,"menu_order":0,"comment_status":"closed","ping_status":"closed","template":"","meta":{"inline_featured_image":false,"_uag_custom_page_level_css":"","site-sidebar-layout":"default","site-content-layout":"","ast-site-content-layout":"default","site-content-style":"default","site-sidebar-style":"default","ast-global-header-display":"","ast-banner-title-visibility":"","ast-main-header-display":"","ast-hfb-above-header-display":"","ast-hfb-below-header-display":"","ast-hfb-mobile-header-display":"","site-post-title":"","ast-breadcrumbs-content":"","ast-featured-img":"","footer-sml-layout":"","ast-disable-related-posts":"","theme-transparent-header-meta":"","adv-header-id-meta":"","stick-header-meta":"","header-above-stick-meta":"","header-main-stick-meta":"","header-below-stick-meta":"","astra-migrate-meta-layouts":"default","ast-page-background-enabled":"default","ast-page-background-meta":{"desktop":{"background-color":"var(--ast-global-color-4)","background-image":"","background-repeat":"repeat","background-position":"center center","background-size":"auto","background-attachment":"scroll","background-type":"","background-media":"","overlay-type":"","overlay-color":"","overlay-opacity":"","overlay-gradient":""},"tablet":{"background-color":"","background-image":"","background-repeat":"repeat","background-position":"center center","background-size":"auto","background-attachment":"scroll","background-type":"","background-media":"","overlay-type":"","overlay-color":"","overlay-opacity":"","overlay-gradient":""},"mobile":{"background-color":"","background-image":"","background-repeat":"repeat","background-position":"center center","background-size":"auto","background-attachment":"scroll","background-type":"","background-media":"","overlay-type":"","overlay-color":"","overlay-opacity":"","overlay-gradient":""}},"ast-content-background-meta":{"desktop":{"background-color":"var(--ast-global-color-5)","background-image":"","background-repeat":"repeat","background-position":"center center","background-size":"auto","background-attachment":"scroll","background-type":"","background-media":"","overlay-type":"","overlay-color":"","overlay-opacity":"","overlay-gradient":""},"tablet":{"background-color":"var(--ast-global-color-5)","background-image":"","background-repeat":"repeat","background-position":"center center","background-size":"auto","background-attachment":"scroll","background-type":"","background-media":"","overlay-type":"","overlay-color":"","overlay-opacity":"","overlay-gradient":""},"mobile":{"background-color":"var(--ast-global-color-5)","background-image":"","background-repeat":"repeat","background-position":"center center","background-size":"auto","background-attachment":"scroll","background-type":"","background-media":"","overlay-type":"","overlay-color":"","overlay-opacity":"","overlay-gradient":""}},"footnotes":""},"class_list":["post-74","page","type-page","status-publish","hentry"],"yoast_head":"<!-- This site is optimized with the Yoast SEO plugin v27.4 - https:\/\/yoast.com\/product\/yoast-seo-wordpress\/ -->\n<title>Color Line Terminal Kristiansand - F\u00e6rge Hirtshals Kristiansand<\/title>\n<meta name=\"description\" content=\"Tjek de n\u00f8dvendige oplysninger om Color Line-terminalen i Kristiansand Haven: check-in, parkering og kontaktoplysninger.\" \/>\n<meta name=\"robots\" content=\"index, follow, max-snippet:-1, max-image-preview:large, max-video-preview:-1\" \/>\n<link rel=\"canonical\" href=\"https:\/\/hirtshals-kristiansand.com\/da\/kristiansand-havn\/color-line-terminal\/\" \/>\n<meta property=\"og:locale\" content=\"da_DK\" \/>\n<meta property=\"og:type\" content=\"article\" \/>\n<meta property=\"og:title\" content=\"Color Line Terminal Kristiansand - F\u00e6rge Hirtshals Kristiansand\" \/>\n<meta property=\"og:description\" content=\"Tjek de n\u00f8dvendige oplysninger om Color Line-terminalen i Kristiansand Haven: check-in, parkering og kontaktoplysninger.\" \/>\n<meta property=\"og:url\" content=\"https:\/\/hirtshals-kristiansand.com\/da\/kristiansand-havn\/color-line-terminal\/\" \/>\n<meta property=\"og:site_name\" content=\"F\u00e6rge Hirtshals Kristiansand\" \/>\n<meta property=\"article:modified_time\" content=\"2024-03-11T12:02:21+00:00\" \/>\n<meta property=\"og:image\" content=\"https:\/\/hirtshals-kristiansand.com\/da\/wp-content\/uploads\/sites\/4\/2024\/02\/hirtshals-kristiansand.com-website.jpg\" \/>\n\t<meta property=\"og:image:width\" content=\"1200\" \/>\n\t<meta property=\"og:image:height\" content=\"800\" \/>\n\t<meta property=\"og:image:type\" content=\"image\/jpeg\" \/>\n<meta name=\"twitter:card\" content=\"summary_large_image\" \/>\n<meta name=\"twitter:label1\" content=\"Estimeret l\u00e6setid\" \/>\n\t<meta name=\"twitter:data1\" content=\"2 minutter\" \/>\n<script type=\"application\/ld+json\" class=\"yoast-schema-graph\">{\"@context\":\"https:\\\/\\\/schema.org\",\"@graph\":[{\"@type\":\"WebPage\",\"@id\":\"https:\\\/\\\/hirtshals-kristiansand.com\\\/da\\\/kristiansand-havn\\\/color-line-terminal\\\/\",\"url\":\"https:\\\/\\\/hirtshals-kristiansand.com\\\/da\\\/kristiansand-havn\\\/color-line-terminal\\\/\",\"name\":\"Color Line Terminal Kristiansand - F\u00e6rge Hirtshals Kristiansand\",\"isPartOf\":{\"@id\":\"https:\\\/\\\/hirtshals-kristiansand.com\\\/da\\\/#website\"},\"datePublished\":\"2024-03-11T12:02:19+00:00\",\"dateModified\":\"2024-03-11T12:02:21+00:00\",\"description\":\"Tjek de n\u00f8dvendige oplysninger om Color Line-terminalen i Kristiansand Haven: check-in, parkering og kontaktoplysninger.\",\"breadcrumb\":{\"@id\":\"https:\\\/\\\/hirtshals-kristiansand.com\\\/da\\\/kristiansand-havn\\\/color-line-terminal\\\/#breadcrumb\"},\"inLanguage\":\"da-DK\",\"potentialAction\":[{\"@type\":\"ReadAction\",\"target\":[\"https:\\\/\\\/hirtshals-kristiansand.com\\\/da\\\/kristiansand-havn\\\/color-line-terminal\\\/\"]}]},{\"@type\":\"BreadcrumbList\",\"@id\":\"https:\\\/\\\/hirtshals-kristiansand.com\\\/da\\\/kristiansand-havn\\\/color-line-terminal\\\/#breadcrumb\",\"itemListElement\":[{\"@type\":\"ListItem\",\"position\":1,\"name\":\"Hirtshals Kristiansand\",\"item\":\"https:\\\/\\\/hirtshals-kristiansand.com\\\/da\\\/\"},{\"@type\":\"ListItem\",\"position\":2,\"name\":\"Kristiansand Havn\",\"item\":\"https:\\\/\\\/hirtshals-kristiansand.com\\\/da\\\/kristiansand-havn\\\/\"},{\"@type\":\"ListItem\",\"position\":3,\"name\":\"Color Line Terminal Kristiansand\"}]},{\"@type\":\"WebSite\",\"@id\":\"https:\\\/\\\/hirtshals-kristiansand.com\\\/da\\\/#website\",\"url\":\"https:\\\/\\\/hirtshals-kristiansand.com\\\/da\\\/\",\"name\":\"F\u00e6rge Hirtshals Kristiansand\",\"description\":\"Alt om f\u00e6rgeoverfarten fra Hirtshals til Kristiansand\",\"publisher\":{\"@id\":\"https:\\\/\\\/hirtshals-kristiansand.com\\\/da\\\/#organization\"},\"potentialAction\":[{\"@type\":\"SearchAction\",\"target\":{\"@type\":\"EntryPoint\",\"urlTemplate\":\"https:\\\/\\\/hirtshals-kristiansand.com\\\/da\\\/?s={search_term_string}\"},\"query-input\":{\"@type\":\"PropertyValueSpecification\",\"valueRequired\":true,\"valueName\":\"search_term_string\"}}],\"inLanguage\":\"da-DK\"},{\"@type\":\"Organization\",\"@id\":\"https:\\\/\\\/hirtshals-kristiansand.com\\\/da\\\/#organization\",\"name\":\"F\u00e6rge Hirtshals Kristiansand\",\"url\":\"https:\\\/\\\/hirtshals-kristiansand.com\\\/da\\\/\",\"logo\":{\"@type\":\"ImageObject\",\"inLanguage\":\"da-DK\",\"@id\":\"https:\\\/\\\/hirtshals-kristiansand.com\\\/da\\\/#\\\/schema\\\/logo\\\/image\\\/\",\"url\":\"https:\\\/\\\/hirtshals-kristiansand.com\\\/da\\\/wp-content\\\/uploads\\\/sites\\\/4\\\/2025\\\/05\\\/hirtshals-kristiansand.svg\",\"contentUrl\":\"https:\\\/\\\/hirtshals-kristiansand.com\\\/da\\\/wp-content\\\/uploads\\\/sites\\\/4\\\/2025\\\/05\\\/hirtshals-kristiansand.svg\",\"width\":800,\"height\":256,\"caption\":\"F\u00e6rge Hirtshals Kristiansand\"},\"image\":{\"@id\":\"https:\\\/\\\/hirtshals-kristiansand.com\\\/da\\\/#\\\/schema\\\/logo\\\/image\\\/\"}}]}<\/script>\n<!-- \/ Yoast SEO plugin. -->","yoast_head_json":{"title":"Color Line Terminal Kristiansand - F\u00e6rge Hirtshals Kristiansand","description":"Tjek de n\u00f8dvendige oplysninger om Color Line-terminalen i Kristiansand Haven: check-in, parkering og kontaktoplysninger.","robots":{"index":"index","follow":"follow","max-snippet":"max-snippet:-1","max-image-preview":"max-image-preview:large","max-video-preview":"max-video-preview:-1"},"canonical":"https:\/\/hirtshals-kristiansand.com\/da\/kristiansand-havn\/color-line-terminal\/","og_locale":"da_DK","og_type":"article","og_title":"Color Line Terminal Kristiansand - F\u00e6rge Hirtshals Kristiansand","og_description":"Tjek de n\u00f8dvendige oplysninger om Color Line-terminalen i Kristiansand Haven: check-in, parkering og kontaktoplysninger.","og_url":"https:\/\/hirtshals-kristiansand.com\/da\/kristiansand-havn\/color-line-terminal\/","og_site_name":"F\u00e6rge Hirtshals Kristiansand","article_modified_time":"2024-03-11T12:02:21+00:00","og_image":[{"width":1200,"height":800,"url":"https:\/\/hirtshals-kristiansand.com\/da\/wp-content\/uploads\/sites\/4\/2024\/02\/hirtshals-kristiansand.com-website.jpg","type":"image\/jpeg"}],"twitter_card":"summary_large_image","twitter_misc":{"Estimeret l\u00e6setid":"2 minutter"},"schema":{"@context":"https:\/\/schema.org","@graph":[{"@type":"WebPage","@id":"https:\/\/hirtshals-kristiansand.com\/da\/kristiansand-havn\/color-line-terminal\/","url":"https:\/\/hirtshals-kristiansand.com\/da\/kristiansand-havn\/color-line-terminal\/","name":"Color Line Terminal Kristiansand - F\u00e6rge Hirtshals Kristiansand","isPartOf":{"@id":"https:\/\/hirtshals-kristiansand.com\/da\/#website"},"datePublished":"2024-03-11T12:02:19+00:00","dateModified":"2024-03-11T12:02:21+00:00","description":"Tjek de n\u00f8dvendige oplysninger om Color Line-terminalen i Kristiansand Haven: check-in, parkering og kontaktoplysninger.","breadcrumb":{"@id":"https:\/\/hirtshals-kristiansand.com\/da\/kristiansand-havn\/color-line-terminal\/#breadcrumb"},"inLanguage":"da-DK","potentialAction":[{"@type":"ReadAction","target":["https:\/\/hirtshals-kristiansand.com\/da\/kristiansand-havn\/color-line-terminal\/"]}]},{"@type":"BreadcrumbList","@id":"https:\/\/hirtshals-kristiansand.com\/da\/kristiansand-havn\/color-line-terminal\/#breadcrumb","itemListElement":[{"@type":"ListItem","position":1,"name":"Hirtshals Kristiansand","item":"https:\/\/hirtshals-kristiansand.com\/da\/"},{"@type":"ListItem","position":2,"name":"Kristiansand Havn","item":"https:\/\/hirtshals-kristiansand.com\/da\/kristiansand-havn\/"},{"@type":"ListItem","position":3,"name":"Color Line Terminal Kristiansand"}]},{"@type":"WebSite","@id":"https:\/\/hirtshals-kristiansand.com\/da\/#website","url":"https:\/\/hirtshals-kristiansand.com\/da\/","name":"F\u00e6rge Hirtshals Kristiansand","description":"Alt om f\u00e6rgeoverfarten fra Hirtshals til Kristiansand","publisher":{"@id":"https:\/\/hirtshals-kristiansand.com\/da\/#organization"},"potentialAction":[{"@type":"SearchAction","target":{"@type":"EntryPoint","urlTemplate":"https:\/\/hirtshals-kristiansand.com\/da\/?s={search_term_string}"},"query-input":{"@type":"PropertyValueSpecification","valueRequired":true,"valueName":"search_term_string"}}],"inLanguage":"da-DK"},{"@type":"Organization","@id":"https:\/\/hirtshals-kristiansand.com\/da\/#organization","name":"F\u00e6rge Hirtshals Kristiansand","url":"https:\/\/hirtshals-kristiansand.com\/da\/","logo":{"@type":"ImageObject","inLanguage":"da-DK","@id":"https:\/\/hirtshals-kristiansand.com\/da\/#\/schema\/logo\/image\/","url":"https:\/\/hirtshals-kristiansand.com\/da\/wp-content\/uploads\/sites\/4\/2025\/05\/hirtshals-kristiansand.svg","contentUrl":"https:\/\/hirtshals-kristiansand.com\/da\/wp-content\/uploads\/sites\/4\/2025\/05\/hirtshals-kristiansand.svg","width":800,"height":256,"caption":"F\u00e6rge Hirtshals Kristiansand"},"image":{"@id":"https:\/\/hirtshals-kristiansand.com\/da\/#\/schema\/logo\/image\/"}}]}},"uagb_featured_image_src":{"full":false,"thumbnail":false,"medium":false,"medium_large":false,"large":false,"1536x1536":false,"2048x2048":false},"uagb_author_info":{"display_name":"mail@robberttigchelaar.com","author_link":"https:\/\/hirtshals-kristiansand.com\/da\/author\/mailrobberttigchelaar-com\/"},"uagb_comment_info":0,"uagb_excerpt":"Der er en Color Line-terminal i Kristiansands havn. P\u00e5 denne side finder du alle vigtige oplysninger om denne terminal. Adresse [&hellip;]","_links":{"self":[{"href":"https:\/\/hirtshals-kristiansand.com\/da\/wp-json\/wp\/v2\/pages\/74","targetHints":{"allow":["GET"]}}],"collection":[{"href":"https:\/\/hirtshals-kristiansand.com\/da\/wp-json\/wp\/v2\/pages"}],"about":[{"href":"https:\/\/hirtshals-kristiansand.com\/da\/wp-json\/wp\/v2\/types\/page"}],"author":[{"embeddable":true,"href":"https:\/\/hirtshals-kristiansand.com\/da\/wp-json\/wp\/v2\/users\/1"}],"replies":[{"embeddable":true,"href":"https:\/\/hirtshals-kristiansand.com\/da\/wp-json\/wp\/v2\/comments?post=74"}],"version-history":[{"count":1,"href":"https:\/\/hirtshals-kristiansand.com\/da\/wp-json\/wp\/v2\/pages\/74\/revisions"}],"predecessor-version":[{"id":75,"href":"https:\/\/hirtshals-kristiansand.com\/da\/wp-json\/wp\/v2\/pages\/74\/revisions\/75"}],"up":[{"embeddable":true,"href":"https:\/\/hirtshals-kristiansand.com\/da\/wp-json\/wp\/v2\/pages\/54"}],"wp:attachment":[{"href":"https:\/\/hirtshals-kristiansand.com\/da\/wp-json\/wp\/v2\/media?parent=74"}],"curies":[{"name":"wp","href":"https:\/\/api.w.org\/{rel}","templated":true}]}}