{"id":70,"date":"2024-03-11T11:54:35","date_gmt":"2024-03-11T11:54:35","guid":{"rendered":"https:\/\/hirtshals-kristiansand.com\/da\/?page_id=70"},"modified":"2024-03-11T11:54:36","modified_gmt":"2024-03-11T11:54:36","slug":"color-line-terminal","status":"publish","type":"page","link":"https:\/\/hirtshals-kristiansand.com\/da\/hirtshals-havn\/color-line-terminal\/","title":{"rendered":"Color Line Terminal Hirtshals"},"content":{"rendered":"\n<p>Der er en Color Line-terminal i Hirtshals havn. P\u00e5 denne side fort\u00e6ller vi dig alt, hvad du beh\u00f8ver at vide om denne terminal.<\/p>\n\n\n\n<h2 class=\"wp-block-heading\">Adresse og kontaktoplysninger<\/h2>\n\n\n\n<p>Se adresse og kontaktoplysninger p\u00e5 Color Line-terminalen i Hirtshals havn nedenfor.<\/p>\n\n\n\n<ul class=\"wp-block-list\">\n<li><strong>Adres: <\/strong>F\u00e6rgeterminalen Norgeskajen 2, 9850 Hirtshals<\/li>\n\n\n\n<li><strong>E-mailadres:<\/strong> &#8211;<\/li>\n\n\n\n<li><strong>Website: <\/strong><a href=\"https:\/\/www.colorline.nl\/\" target=\"_blank\" rel=\"noreferrer noopener\">https:\/\/www.colorline.nl\/<\/a><\/li>\n\n\n\n<li><strong>Telefoonnummer: <\/strong>+45 99 56 19 00<\/li>\n<\/ul>\n\n\n\n<p>Tjek Color Line Terminal p\u00e5 kortet:<\/p>\n\n\n\t\t\t<div \n\t\t\tclass=\"wp-block-uagb-google-map uagb-google-map__wrap uagb-block-34be9771     \"\n\t\t\tstyle=\"\" >\n\t\t\t\t<embed\n\t\t\t\t\tclass=\"uagb-google-map__iframe\"\n\t\t\t\t\ttitle=\"Google Map for \"\n\t\t\t\t\tsrc=\"https:\/\/maps.google.com\/maps?q=F%C3%A6rgeterminalen%20Norgeskajen%202%2C%209850%20Hirtshals&#038;z=15&#038;hl=en&#038;t=m&#038;output=embed&#038;iwloc=near\"\n\t\t\t\t\twidth=\"640\"\n\t\t\t\t\theight=\"500\"\n\t\t\t\t\tloading=\"lazy\"\n\t\t\t\t><\/embed>\n\t\t\t<\/div>\n\t\t\t\n\n\n<h2 class=\"wp-block-heading\" style=\"margin-top:var(--wp--preset--spacing--40)\">Tjekker ind<\/h2>\n\n\n\n<p>Alle passagerer skal ankomme til terminalen mindst 60 minutter f\u00f8r afgang. Det g\u00e6lder for alle: med eller uden bil. Passagerer uden bil kan tjekke ind p\u00e5 anden sal ved terminalen. Passagerer med bil kan tjekke ind direkte p\u00e5 molen.<\/p>\n\n\n\n<p><strong>Bem\u00e6rk venligst: <\/strong>check-in \u00e5bner en time f\u00f8r afgang og lukker 15 minutter f\u00f8r afgang. Se mere information om <a href=\"https:\/\/hirtshals-kristiansand.com\/da\/sejlplan\/\">Color Lines sejlplan for Hirtshals Kristiansand<\/a>.<\/p>\n\n\n\n<h2 class=\"wp-block-heading\">Parkering ved terminalen<\/h2>\n\n\n\n<p>G\u00e5r du ombord p\u00e5 Color Line som g\u00e5ende passager? S\u00e5 kan du parkere din bil p\u00e5 Hirtshals Havns offentlige parkeringsplads. <strong>Bem\u00e6rk venligst, at der er begr\u00e6nset parkering<\/strong>, og at du desv\u00e6rre ikke kan reservere eller reservere det p\u00e5 forh\u00e5nd. Der er gode parkeringsmuligheder i centrum af Hirtshals, hvorefter du kan rejse til havnen med offentlig transport (tog og bus) for at forts\u00e6tte din rejse.<\/p>\n\n\n\n<h2 class=\"wp-block-heading\">Faciliteter ved terminalen<\/h2>\n\n\n\n<ul class=\"wp-block-list\">\n<li><strong>Skabe:<\/strong>\u00a0Nej<\/li>\n\n\n\n<li><strong>H\u00e6veautomat:<\/strong>\u00a0Om bord<\/li>\n\n\n\n<li><strong>Mad og drikke:<\/strong>\u00a0Der er restauranter i havneomr\u00e5det<\/li>\n\n\n\n<li><strong>Toiletter:\u00a0<\/strong>Ja, t\u00e6t p\u00e5 terminalen<\/li>\n<\/ul>\n\n\n\n<h2 class=\"wp-block-heading\">Betalingsmuligheder hos Color Line<\/h2>\n\n\n\n<p>F\u00f8lgende valutaer accepteres hos Color Line:<\/p>\n\n\n\n<ul class=\"wp-block-list\">\n<li>Danske krone<\/li>\n\n\n\n<li>Norske krone<\/li>\n\n\n\n<li>Euro<\/li>\n<\/ul>\n\n\n\n<h2 class=\"wp-block-heading\">Mere information om Hirtshals havn<\/h2>\n\n\n\n<p>Nysgerrig p\u00e5, hvordan man rejser til Hirtshals havn? Eller f\u00e5 et godt indtryk af, hvordan denne havn ser ud? S\u00e5 bes\u00f8g den informative side med generel information om <a href=\"https:\/\/hirtshals-kristiansand.com\/da\/hirtshals-havn\/\">Hirtshals Havn<\/a>.<\/p>\n","protected":false},"excerpt":{"rendered":"<p>Der er en Color Line-terminal i Hirtshals havn. P\u00e5 denne side fort\u00e6ller vi dig alt, hvad du beh\u00f8ver at vide [&hellip;]<\/p>\n","protected":false},"author":1,"featured_media":0,"parent":52,"menu_order":0,"comment_status":"closed","ping_status":"closed","template":"","meta":{"inline_featured_image":false,"_uag_custom_page_level_css":"","site-sidebar-layout":"default","site-content-layout":"","ast-site-content-layout":"default","site-content-style":"default","site-sidebar-style":"default","ast-global-header-display":"","ast-banner-title-visibility":"","ast-main-header-display":"","ast-hfb-above-header-display":"","ast-hfb-below-header-display":"","ast-hfb-mobile-header-display":"","site-post-title":"","ast-breadcrumbs-content":"","ast-featured-img":"","footer-sml-layout":"","ast-disable-related-posts":"","theme-transparent-header-meta":"","adv-header-id-meta":"","stick-header-meta":"","header-above-stick-meta":"","header-main-stick-meta":"","header-below-stick-meta":"","astra-migrate-meta-layouts":"default","ast-page-background-enabled":"default","ast-page-background-meta":{"desktop":{"background-color":"var(--ast-global-color-4)","background-image":"","background-repeat":"repeat","background-position":"center center","background-size":"auto","background-attachment":"scroll","background-type":"","background-media":"","overlay-type":"","overlay-color":"","overlay-opacity":"","overlay-gradient":""},"tablet":{"background-color":"","background-image":"","background-repeat":"repeat","background-position":"center center","background-size":"auto","background-attachment":"scroll","background-type":"","background-media":"","overlay-type":"","overlay-color":"","overlay-opacity":"","overlay-gradient":""},"mobile":{"background-color":"","background-image":"","background-repeat":"repeat","background-position":"center center","background-size":"auto","background-attachment":"scroll","background-type":"","background-media":"","overlay-type":"","overlay-color":"","overlay-opacity":"","overlay-gradient":""}},"ast-content-background-meta":{"desktop":{"background-color":"var(--ast-global-color-5)","background-image":"","background-repeat":"repeat","background-position":"center center","background-size":"auto","background-attachment":"scroll","background-type":"","background-media":"","overlay-type":"","overlay-color":"","overlay-opacity":"","overlay-gradient":""},"tablet":{"background-color":"var(--ast-global-color-5)","background-image":"","background-repeat":"repeat","background-position":"center center","background-size":"auto","background-attachment":"scroll","background-type":"","background-media":"","overlay-type":"","overlay-color":"","overlay-opacity":"","overlay-gradient":""},"mobile":{"background-color":"var(--ast-global-color-5)","background-image":"","background-repeat":"repeat","background-position":"center center","background-size":"auto","background-attachment":"scroll","background-type":"","background-media":"","overlay-type":"","overlay-color":"","overlay-opacity":"","overlay-gradient":""}},"footnotes":""},"class_list":["post-70","page","type-page","status-publish","hentry"],"yoast_head":"<!-- This site is optimized with the Yoast SEO plugin v27.5 - https:\/\/yoast.com\/product\/yoast-seo-wordpress\/ -->\n<title>Color Line Terminal Hirtshals - F\u00e6rge Hirtshals Kristiansand<\/title>\n<meta name=\"description\" content=\"Tjek de n\u00f8dvendige oplysninger om Color Line-terminalen i Hirtshals havn: check-in, parkering og kontaktoplysninger.\" \/>\n<meta name=\"robots\" content=\"index, follow, max-snippet:-1, max-image-preview:large, max-video-preview:-1\" \/>\n<link rel=\"canonical\" href=\"https:\/\/hirtshals-kristiansand.com\/da\/hirtshals-havn\/color-line-terminal\/\" \/>\n<meta property=\"og:locale\" content=\"da_DK\" \/>\n<meta property=\"og:type\" content=\"article\" \/>\n<meta property=\"og:title\" content=\"Color Line Terminal Hirtshals - F\u00e6rge Hirtshals Kristiansand\" \/>\n<meta property=\"og:description\" content=\"Tjek de n\u00f8dvendige oplysninger om Color Line-terminalen i Hirtshals havn: check-in, parkering og kontaktoplysninger.\" \/>\n<meta property=\"og:url\" content=\"https:\/\/hirtshals-kristiansand.com\/da\/hirtshals-havn\/color-line-terminal\/\" \/>\n<meta property=\"og:site_name\" content=\"F\u00e6rge Hirtshals Kristiansand\" \/>\n<meta property=\"article:modified_time\" content=\"2024-03-11T11:54:36+00:00\" \/>\n<meta property=\"og:image\" content=\"https:\/\/hirtshals-kristiansand.com\/da\/wp-content\/uploads\/sites\/4\/2024\/02\/hirtshals-kristiansand.com-website.jpg\" \/>\n\t<meta property=\"og:image:width\" content=\"1200\" \/>\n\t<meta property=\"og:image:height\" content=\"800\" \/>\n\t<meta property=\"og:image:type\" content=\"image\/jpeg\" \/>\n<meta name=\"twitter:card\" content=\"summary_large_image\" \/>\n<meta name=\"twitter:label1\" content=\"Estimeret l\u00e6setid\" \/>\n\t<meta name=\"twitter:data1\" content=\"2 minutter\" \/>\n<script type=\"application\/ld+json\" class=\"yoast-schema-graph\">{\"@context\":\"https:\\\/\\\/schema.org\",\"@graph\":[{\"@type\":\"WebPage\",\"@id\":\"https:\\\/\\\/hirtshals-kristiansand.com\\\/da\\\/hirtshals-havn\\\/color-line-terminal\\\/\",\"url\":\"https:\\\/\\\/hirtshals-kristiansand.com\\\/da\\\/hirtshals-havn\\\/color-line-terminal\\\/\",\"name\":\"Color Line Terminal Hirtshals - F\u00e6rge Hirtshals Kristiansand\",\"isPartOf\":{\"@id\":\"https:\\\/\\\/hirtshals-kristiansand.com\\\/da\\\/#website\"},\"datePublished\":\"2024-03-11T11:54:35+00:00\",\"dateModified\":\"2024-03-11T11:54:36+00:00\",\"description\":\"Tjek de n\u00f8dvendige oplysninger om Color Line-terminalen i Hirtshals havn: check-in, parkering og kontaktoplysninger.\",\"breadcrumb\":{\"@id\":\"https:\\\/\\\/hirtshals-kristiansand.com\\\/da\\\/hirtshals-havn\\\/color-line-terminal\\\/#breadcrumb\"},\"inLanguage\":\"da-DK\",\"potentialAction\":[{\"@type\":\"ReadAction\",\"target\":[\"https:\\\/\\\/hirtshals-kristiansand.com\\\/da\\\/hirtshals-havn\\\/color-line-terminal\\\/\"]}]},{\"@type\":\"BreadcrumbList\",\"@id\":\"https:\\\/\\\/hirtshals-kristiansand.com\\\/da\\\/hirtshals-havn\\\/color-line-terminal\\\/#breadcrumb\",\"itemListElement\":[{\"@type\":\"ListItem\",\"position\":1,\"name\":\"Hirtshals Kristiansand\",\"item\":\"https:\\\/\\\/hirtshals-kristiansand.com\\\/da\\\/\"},{\"@type\":\"ListItem\",\"position\":2,\"name\":\"Hirtshals Havn\",\"item\":\"https:\\\/\\\/hirtshals-kristiansand.com\\\/da\\\/hirtshals-havn\\\/\"},{\"@type\":\"ListItem\",\"position\":3,\"name\":\"Color Line Terminal Hirtshals\"}]},{\"@type\":\"WebSite\",\"@id\":\"https:\\\/\\\/hirtshals-kristiansand.com\\\/da\\\/#website\",\"url\":\"https:\\\/\\\/hirtshals-kristiansand.com\\\/da\\\/\",\"name\":\"F\u00e6rge Hirtshals Kristiansand\",\"description\":\"Alt om f\u00e6rgeoverfarten fra Hirtshals til Kristiansand\",\"publisher\":{\"@id\":\"https:\\\/\\\/hirtshals-kristiansand.com\\\/da\\\/#organization\"},\"potentialAction\":[{\"@type\":\"SearchAction\",\"target\":{\"@type\":\"EntryPoint\",\"urlTemplate\":\"https:\\\/\\\/hirtshals-kristiansand.com\\\/da\\\/?s={search_term_string}\"},\"query-input\":{\"@type\":\"PropertyValueSpecification\",\"valueRequired\":true,\"valueName\":\"search_term_string\"}}],\"inLanguage\":\"da-DK\"},{\"@type\":\"Organization\",\"@id\":\"https:\\\/\\\/hirtshals-kristiansand.com\\\/da\\\/#organization\",\"name\":\"F\u00e6rge Hirtshals Kristiansand\",\"url\":\"https:\\\/\\\/hirtshals-kristiansand.com\\\/da\\\/\",\"logo\":{\"@type\":\"ImageObject\",\"inLanguage\":\"da-DK\",\"@id\":\"https:\\\/\\\/hirtshals-kristiansand.com\\\/da\\\/#\\\/schema\\\/logo\\\/image\\\/\",\"url\":\"https:\\\/\\\/hirtshals-kristiansand.com\\\/da\\\/wp-content\\\/uploads\\\/sites\\\/4\\\/2025\\\/05\\\/hirtshals-kristiansand.svg\",\"contentUrl\":\"https:\\\/\\\/hirtshals-kristiansand.com\\\/da\\\/wp-content\\\/uploads\\\/sites\\\/4\\\/2025\\\/05\\\/hirtshals-kristiansand.svg\",\"width\":800,\"height\":256,\"caption\":\"F\u00e6rge Hirtshals Kristiansand\"},\"image\":{\"@id\":\"https:\\\/\\\/hirtshals-kristiansand.com\\\/da\\\/#\\\/schema\\\/logo\\\/image\\\/\"}}]}<\/script>\n<!-- \/ Yoast SEO plugin. -->","yoast_head_json":{"title":"Color Line Terminal Hirtshals - F\u00e6rge Hirtshals Kristiansand","description":"Tjek de n\u00f8dvendige oplysninger om Color Line-terminalen i Hirtshals havn: check-in, parkering og kontaktoplysninger.","robots":{"index":"index","follow":"follow","max-snippet":"max-snippet:-1","max-image-preview":"max-image-preview:large","max-video-preview":"max-video-preview:-1"},"canonical":"https:\/\/hirtshals-kristiansand.com\/da\/hirtshals-havn\/color-line-terminal\/","og_locale":"da_DK","og_type":"article","og_title":"Color Line Terminal Hirtshals - F\u00e6rge Hirtshals Kristiansand","og_description":"Tjek de n\u00f8dvendige oplysninger om Color Line-terminalen i Hirtshals havn: check-in, parkering og kontaktoplysninger.","og_url":"https:\/\/hirtshals-kristiansand.com\/da\/hirtshals-havn\/color-line-terminal\/","og_site_name":"F\u00e6rge Hirtshals Kristiansand","article_modified_time":"2024-03-11T11:54:36+00:00","og_image":[{"width":1200,"height":800,"url":"https:\/\/hirtshals-kristiansand.com\/da\/wp-content\/uploads\/sites\/4\/2024\/02\/hirtshals-kristiansand.com-website.jpg","type":"image\/jpeg"}],"twitter_card":"summary_large_image","twitter_misc":{"Estimeret l\u00e6setid":"2 minutter"},"schema":{"@context":"https:\/\/schema.org","@graph":[{"@type":"WebPage","@id":"https:\/\/hirtshals-kristiansand.com\/da\/hirtshals-havn\/color-line-terminal\/","url":"https:\/\/hirtshals-kristiansand.com\/da\/hirtshals-havn\/color-line-terminal\/","name":"Color Line Terminal Hirtshals - F\u00e6rge Hirtshals Kristiansand","isPartOf":{"@id":"https:\/\/hirtshals-kristiansand.com\/da\/#website"},"datePublished":"2024-03-11T11:54:35+00:00","dateModified":"2024-03-11T11:54:36+00:00","description":"Tjek de n\u00f8dvendige oplysninger om Color Line-terminalen i Hirtshals havn: check-in, parkering og kontaktoplysninger.","breadcrumb":{"@id":"https:\/\/hirtshals-kristiansand.com\/da\/hirtshals-havn\/color-line-terminal\/#breadcrumb"},"inLanguage":"da-DK","potentialAction":[{"@type":"ReadAction","target":["https:\/\/hirtshals-kristiansand.com\/da\/hirtshals-havn\/color-line-terminal\/"]}]},{"@type":"BreadcrumbList","@id":"https:\/\/hirtshals-kristiansand.com\/da\/hirtshals-havn\/color-line-terminal\/#breadcrumb","itemListElement":[{"@type":"ListItem","position":1,"name":"Hirtshals Kristiansand","item":"https:\/\/hirtshals-kristiansand.com\/da\/"},{"@type":"ListItem","position":2,"name":"Hirtshals Havn","item":"https:\/\/hirtshals-kristiansand.com\/da\/hirtshals-havn\/"},{"@type":"ListItem","position":3,"name":"Color Line Terminal Hirtshals"}]},{"@type":"WebSite","@id":"https:\/\/hirtshals-kristiansand.com\/da\/#website","url":"https:\/\/hirtshals-kristiansand.com\/da\/","name":"F\u00e6rge Hirtshals Kristiansand","description":"Alt om f\u00e6rgeoverfarten fra Hirtshals til Kristiansand","publisher":{"@id":"https:\/\/hirtshals-kristiansand.com\/da\/#organization"},"potentialAction":[{"@type":"SearchAction","target":{"@type":"EntryPoint","urlTemplate":"https:\/\/hirtshals-kristiansand.com\/da\/?s={search_term_string}"},"query-input":{"@type":"PropertyValueSpecification","valueRequired":true,"valueName":"search_term_string"}}],"inLanguage":"da-DK"},{"@type":"Organization","@id":"https:\/\/hirtshals-kristiansand.com\/da\/#organization","name":"F\u00e6rge Hirtshals Kristiansand","url":"https:\/\/hirtshals-kristiansand.com\/da\/","logo":{"@type":"ImageObject","inLanguage":"da-DK","@id":"https:\/\/hirtshals-kristiansand.com\/da\/#\/schema\/logo\/image\/","url":"https:\/\/hirtshals-kristiansand.com\/da\/wp-content\/uploads\/sites\/4\/2025\/05\/hirtshals-kristiansand.svg","contentUrl":"https:\/\/hirtshals-kristiansand.com\/da\/wp-content\/uploads\/sites\/4\/2025\/05\/hirtshals-kristiansand.svg","width":800,"height":256,"caption":"F\u00e6rge Hirtshals Kristiansand"},"image":{"@id":"https:\/\/hirtshals-kristiansand.com\/da\/#\/schema\/logo\/image\/"}}]}},"uagb_featured_image_src":{"full":false,"thumbnail":false,"medium":false,"medium_large":false,"large":false,"1536x1536":false,"2048x2048":false},"uagb_author_info":{"display_name":"mail@robberttigchelaar.com","author_link":"https:\/\/hirtshals-kristiansand.com\/da\/author\/mailrobberttigchelaar-com\/"},"uagb_comment_info":0,"uagb_excerpt":"Der er en Color Line-terminal i Hirtshals havn. P\u00e5 denne side fort\u00e6ller vi dig alt, hvad du beh\u00f8ver at vide [&hellip;]","_links":{"self":[{"href":"https:\/\/hirtshals-kristiansand.com\/da\/wp-json\/wp\/v2\/pages\/70","targetHints":{"allow":["GET"]}}],"collection":[{"href":"https:\/\/hirtshals-kristiansand.com\/da\/wp-json\/wp\/v2\/pages"}],"about":[{"href":"https:\/\/hirtshals-kristiansand.com\/da\/wp-json\/wp\/v2\/types\/page"}],"author":[{"embeddable":true,"href":"https:\/\/hirtshals-kristiansand.com\/da\/wp-json\/wp\/v2\/users\/1"}],"replies":[{"embeddable":true,"href":"https:\/\/hirtshals-kristiansand.com\/da\/wp-json\/wp\/v2\/comments?post=70"}],"version-history":[{"count":1,"href":"https:\/\/hirtshals-kristiansand.com\/da\/wp-json\/wp\/v2\/pages\/70\/revisions"}],"predecessor-version":[{"id":71,"href":"https:\/\/hirtshals-kristiansand.com\/da\/wp-json\/wp\/v2\/pages\/70\/revisions\/71"}],"up":[{"embeddable":true,"href":"https:\/\/hirtshals-kristiansand.com\/da\/wp-json\/wp\/v2\/pages\/52"}],"wp:attachment":[{"href":"https:\/\/hirtshals-kristiansand.com\/da\/wp-json\/wp\/v2\/media?parent=70"}],"curies":[{"name":"wp","href":"https:\/\/api.w.org\/{rel}","templated":true}]}}