{"id":60,"date":"2024-03-11T11:39:53","date_gmt":"2024-03-11T11:39:53","guid":{"rendered":"https:\/\/hirtshals-kristiansand.com\/da\/?page_id=60"},"modified":"2024-03-12T13:28:14","modified_gmt":"2024-03-12T13:28:14","slug":"vejrudsigt","status":"publish","type":"page","link":"https:\/\/hirtshals-kristiansand.com\/da\/vejrudsigt\/","title":{"rendered":"Vejrudsigt Hirtshals Kristiansand"},"content":{"rendered":"\n<p>G\u00e5 godt forberedt. Se den aktuelle vejrudsigt p\u00e5 placeringerne af de forskellige havne og under f\u00e6rgeoverfarten.<\/p>\n\n\n\n<h2 class=\"wp-block-heading\">Vejrudsigt i havnene<\/h2>\n\n\n\n<div class=\"wp-block-columns is-layout-flex wp-container-core-columns-is-layout-cbbdb216 wp-block-columns-is-layout-flex\" style=\"padding-top:var(--wp--preset--spacing--20);padding-right:0;padding-bottom:var(--wp--preset--spacing--20);padding-left:0\">\n<div class=\"wp-block-column is-layout-flow wp-block-column-is-layout-flow\">\n<h3 class=\"wp-block-heading\">Vejr Hirtshals havn<\/h3>\n\n\n\n<p>Se vejrudsigten for <a href=\"https:\/\/hirtshals-kristiansand.com\/da\/hirtshals-havn\/\">havnen i Hirthals<\/a> (Danmark) nedenfor.<\/p>\n\n\n<div style=\"max-width:500px\"><iframe title=\"widget\" width=\"100%\" height=\"328px\" frameBorder=\"0\" scrolling=\"no\" loading=\"lazy\" src=\"https:\/\/www.weeronline.nl\/widget\/weather?id=4081468\"><\/iframe><\/div>\n<\/div>\n\n\n\n<div class=\"wp-block-column is-layout-flow wp-block-column-is-layout-flow\">\n<h3 class=\"wp-block-heading\">Vejr Kristiansand havn<\/h3>\n\n\n\n<p>Se den aktuelle vejrudsigt i <a href=\"https:\/\/hirtshals-kristiansand.com\/da\/kristiansand-havn\/\">havnen i Kristiansand<\/a> (Norge) nedenfor.<\/p>\n\n\n<div style=\"max-width:500px\"><iframe title=\"widget\" width=\"100%\" height=\"328px\" frameBorder=\"0\" scrolling=\"no\" loading=\"lazy\" src=\"https:\/\/www.weeronline.nl\/widget\/weather?id=4326122\"><\/iframe><\/div>\n<\/div>\n<\/div>\n\n\n\n<h2 class=\"wp-block-heading\">Vejrudsigt under overfarten<\/h2>\n\n\n\n<p>Vejrforholdene er ikke kun interessante under ankomst og afrejse. Ogs\u00e5 under overfarten. P\u00e5 denne m\u00e5de kan du tage hensyn til god p\u00e5kl\u00e6dning og du kan muligvis udskyde turen, hvis der forventes store b\u00f8lger. Vejret er ogs\u00e5 meget afh\u00e6ngig af den samlede sejltid p\u00e5 de forskellige f\u00e6rger. Naviger direkte til den korrekte vejrudsigt:<\/p>\n\n\n\n<ul class=\"wp-block-list\">\n<li><a href=\"#bolger\">B\u00f8lger<\/a><\/li>\n\n\n\n<li><a href=\"#vind\">Vind<\/a><\/li>\n\n\n\n<li><a href=\"#nedbor\">Nedb\u00f8r<\/a><\/li>\n\n\n\n<li><a href=\"#temperatur\">Temperatur<\/a><\/li>\n<\/ul>\n\n\n\n<h3 class=\"wp-block-heading\" id=\"bolger\">B\u00f8lger<\/h3>\n\n\n<p><iframe width=\"650\" height=\"450\" src=\"https:\/\/embed.windy.com\/embed.html?type=map&#038;location=coordinates&#038;metricRain=default&#038;metricTemp=default&#038;metricWind=default&#038;zoom=8&#038;overlay=waves&#038;product=ecmwfWaves&#038;level=surface&#038;lat=57.786&#038;lon=8.97\" frameborder=\"0\"><\/iframe><\/p>\n\n\n\n<h3 class=\"wp-block-heading\" id=\"vind\">Vind<\/h3>\n\n\n<p><iframe width=\"650\" height=\"450\" src=\"https:\/\/embed.windy.com\/embed.html?type=map&#038;location=coordinates&#038;metricRain=default&#038;metricTemp=default&#038;metricWind=default&#038;zoom=8&#038;overlay=wind&#038;product=ecmwf&#038;level=surface&#038;lat=57.786&#038;lon=8.97\" frameborder=\"0\"><\/iframe><\/p>\n\n\n\n<h3 class=\"wp-block-heading\" id=\"nedbor\">Nedb\u00f8r<\/h3>\n\n\n<p><iframe width=\"650\" height=\"450\" src=\"https:\/\/embed.windy.com\/embed.html?type=map&#038;location=coordinates&#038;metricRain=default&#038;metricTemp=default&#038;metricWind=default&#038;zoom=8&#038;overlay=rain&#038;product=ecmwf&#038;level=surface&#038;lat=57.786&#038;lon=8.97\" frameborder=\"0\"><\/iframe><\/p>\n\n\n\n<h3 class=\"wp-block-heading\" id=\"temperatur\">Temperatur<\/h3>\n\n\n<p><iframe width=\"650\" height=\"450\" src=\"https:\/\/embed.windy.com\/embed.html?type=map&#038;location=coordinates&#038;metricRain=default&#038;metricTemp=default&#038;metricWind=default&#038;zoom=8&#038;overlay=temp&#038;product=ecmwf&#038;level=surface&#038;lat=57.786&#038;lon=8.97\" frameborder=\"0\"><\/iframe><\/p>\n\n\n\n<p>Tip: Tjek ogs\u00e5 de aktuelle <a href=\"https:\/\/hirtshals-kristiansand.com\/da\/webcams\/\">webcam-billeder<\/a>.<\/p>\n","protected":false},"excerpt":{"rendered":"<p>G\u00e5 godt forberedt. Se den aktuelle vejrudsigt p\u00e5 placeringerne af de forskellige havne og under f\u00e6rgeoverfarten. Vejrudsigt i havnene Vejr [&hellip;]<\/p>\n","protected":false},"author":1,"featured_media":122,"parent":0,"menu_order":0,"comment_status":"closed","ping_status":"closed","template":"","meta":{"inline_featured_image":false,"_uag_custom_page_level_css":"","site-sidebar-layout":"default","site-content-layout":"","ast-site-content-layout":"default","site-content-style":"default","site-sidebar-style":"default","ast-global-header-display":"","ast-banner-title-visibility":"","ast-main-header-display":"","ast-hfb-above-header-display":"","ast-hfb-below-header-display":"","ast-hfb-mobile-header-display":"","site-post-title":"","ast-breadcrumbs-content":"","ast-featured-img":"","footer-sml-layout":"","ast-disable-related-posts":"","theme-transparent-header-meta":"","adv-header-id-meta":"","stick-header-meta":"","header-above-stick-meta":"","header-main-stick-meta":"","header-below-stick-meta":"","astra-migrate-meta-layouts":"default","ast-page-background-enabled":"default","ast-page-background-meta":{"desktop":{"background-color":"var(--ast-global-color-4)","background-image":"","background-repeat":"repeat","background-position":"center center","background-size":"auto","background-attachment":"scroll","background-type":"","background-media":"","overlay-type":"","overlay-color":"","overlay-opacity":"","overlay-gradient":""},"tablet":{"background-color":"","background-image":"","background-repeat":"repeat","background-position":"center center","background-size":"auto","background-attachment":"scroll","background-type":"","background-media":"","overlay-type":"","overlay-color":"","overlay-opacity":"","overlay-gradient":""},"mobile":{"background-color":"","background-image":"","background-repeat":"repeat","background-position":"center center","background-size":"auto","background-attachment":"scroll","background-type":"","background-media":"","overlay-type":"","overlay-color":"","overlay-opacity":"","overlay-gradient":""}},"ast-content-background-meta":{"desktop":{"background-color":"var(--ast-global-color-5)","background-image":"","background-repeat":"repeat","background-position":"center center","background-size":"auto","background-attachment":"scroll","background-type":"","background-media":"","overlay-type":"","overlay-color":"","overlay-opacity":"","overlay-gradient":""},"tablet":{"background-color":"var(--ast-global-color-5)","background-image":"","background-repeat":"repeat","background-position":"center center","background-size":"auto","background-attachment":"scroll","background-type":"","background-media":"","overlay-type":"","overlay-color":"","overlay-opacity":"","overlay-gradient":""},"mobile":{"background-color":"var(--ast-global-color-5)","background-image":"","background-repeat":"repeat","background-position":"center center","background-size":"auto","background-attachment":"scroll","background-type":"","background-media":"","overlay-type":"","overlay-color":"","overlay-opacity":"","overlay-gradient":""}},"footnotes":""},"class_list":["post-60","page","type-page","status-publish","has-post-thumbnail","hentry"],"yoast_head":"<!-- This site is optimized with the Yoast SEO plugin v27.4 - https:\/\/yoast.com\/product\/yoast-seo-wordpress\/ -->\n<title>Vejrudsigt Hirtshals Kristiansand - F\u00e6rge Hirtshals Kristiansand<\/title>\n<meta name=\"description\" content=\"Opdag den aktuelle vejrudsigt for Hirtshals Kristiansand-overfarten, og v\u00e6r forberedt (tag f.eks. hensyn til storme).\" \/>\n<meta name=\"robots\" content=\"index, follow, max-snippet:-1, max-image-preview:large, max-video-preview:-1\" \/>\n<link rel=\"canonical\" href=\"https:\/\/hirtshals-kristiansand.com\/da\/vejrudsigt\/\" \/>\n<meta property=\"og:locale\" content=\"da_DK\" \/>\n<meta property=\"og:type\" content=\"article\" \/>\n<meta property=\"og:title\" content=\"Vejrudsigt Hirtshals Kristiansand - F\u00e6rge Hirtshals Kristiansand\" \/>\n<meta property=\"og:description\" content=\"Opdag den aktuelle vejrudsigt for Hirtshals Kristiansand-overfarten, og v\u00e6r forberedt (tag f.eks. hensyn til storme).\" \/>\n<meta property=\"og:url\" content=\"https:\/\/hirtshals-kristiansand.com\/da\/vejrudsigt\/\" \/>\n<meta property=\"og:site_name\" content=\"F\u00e6rge Hirtshals Kristiansand\" \/>\n<meta property=\"article:modified_time\" content=\"2024-03-12T13:28:14+00:00\" \/>\n<meta property=\"og:image\" content=\"https:\/\/hirtshals-kristiansand.com\/da\/wp-content\/uploads\/sites\/4\/2024\/03\/sejlplan.jpg\" \/>\n\t<meta property=\"og:image:width\" content=\"1200\" \/>\n\t<meta property=\"og:image:height\" content=\"800\" \/>\n\t<meta property=\"og:image:type\" content=\"image\/jpeg\" \/>\n<meta name=\"twitter:card\" content=\"summary_large_image\" \/>\n<meta name=\"twitter:label1\" content=\"Estimeret l\u00e6setid\" \/>\n\t<meta name=\"twitter:data1\" content=\"1 minut\" \/>\n<script type=\"application\/ld+json\" class=\"yoast-schema-graph\">{\"@context\":\"https:\\\/\\\/schema.org\",\"@graph\":[{\"@type\":\"WebPage\",\"@id\":\"https:\\\/\\\/hirtshals-kristiansand.com\\\/da\\\/vejrudsigt\\\/\",\"url\":\"https:\\\/\\\/hirtshals-kristiansand.com\\\/da\\\/vejrudsigt\\\/\",\"name\":\"Vejrudsigt Hirtshals Kristiansand - F\u00e6rge Hirtshals Kristiansand\",\"isPartOf\":{\"@id\":\"https:\\\/\\\/hirtshals-kristiansand.com\\\/da\\\/#website\"},\"primaryImageOfPage\":{\"@id\":\"https:\\\/\\\/hirtshals-kristiansand.com\\\/da\\\/vejrudsigt\\\/#primaryimage\"},\"image\":{\"@id\":\"https:\\\/\\\/hirtshals-kristiansand.com\\\/da\\\/vejrudsigt\\\/#primaryimage\"},\"thumbnailUrl\":\"https:\\\/\\\/hirtshals-kristiansand.com\\\/da\\\/wp-content\\\/uploads\\\/sites\\\/4\\\/2024\\\/03\\\/sejlplan.jpg\",\"datePublished\":\"2024-03-11T11:39:53+00:00\",\"dateModified\":\"2024-03-12T13:28:14+00:00\",\"description\":\"Opdag den aktuelle vejrudsigt for Hirtshals Kristiansand-overfarten, og v\u00e6r forberedt (tag f.eks. hensyn til storme).\",\"breadcrumb\":{\"@id\":\"https:\\\/\\\/hirtshals-kristiansand.com\\\/da\\\/vejrudsigt\\\/#breadcrumb\"},\"inLanguage\":\"da-DK\",\"potentialAction\":[{\"@type\":\"ReadAction\",\"target\":[\"https:\\\/\\\/hirtshals-kristiansand.com\\\/da\\\/vejrudsigt\\\/\"]}]},{\"@type\":\"ImageObject\",\"inLanguage\":\"da-DK\",\"@id\":\"https:\\\/\\\/hirtshals-kristiansand.com\\\/da\\\/vejrudsigt\\\/#primaryimage\",\"url\":\"https:\\\/\\\/hirtshals-kristiansand.com\\\/da\\\/wp-content\\\/uploads\\\/sites\\\/4\\\/2024\\\/03\\\/sejlplan.jpg\",\"contentUrl\":\"https:\\\/\\\/hirtshals-kristiansand.com\\\/da\\\/wp-content\\\/uploads\\\/sites\\\/4\\\/2024\\\/03\\\/sejlplan.jpg\",\"width\":1200,\"height\":800,\"caption\":\"Vejrudsigt\"},{\"@type\":\"BreadcrumbList\",\"@id\":\"https:\\\/\\\/hirtshals-kristiansand.com\\\/da\\\/vejrudsigt\\\/#breadcrumb\",\"itemListElement\":[{\"@type\":\"ListItem\",\"position\":1,\"name\":\"Hirtshals Kristiansand\",\"item\":\"https:\\\/\\\/hirtshals-kristiansand.com\\\/da\\\/\"},{\"@type\":\"ListItem\",\"position\":2,\"name\":\"Vejrudsigt Hirtshals Kristiansand\"}]},{\"@type\":\"WebSite\",\"@id\":\"https:\\\/\\\/hirtshals-kristiansand.com\\\/da\\\/#website\",\"url\":\"https:\\\/\\\/hirtshals-kristiansand.com\\\/da\\\/\",\"name\":\"F\u00e6rge Hirtshals Kristiansand\",\"description\":\"Alt om f\u00e6rgeoverfarten fra Hirtshals til Kristiansand\",\"publisher\":{\"@id\":\"https:\\\/\\\/hirtshals-kristiansand.com\\\/da\\\/#organization\"},\"potentialAction\":[{\"@type\":\"SearchAction\",\"target\":{\"@type\":\"EntryPoint\",\"urlTemplate\":\"https:\\\/\\\/hirtshals-kristiansand.com\\\/da\\\/?s={search_term_string}\"},\"query-input\":{\"@type\":\"PropertyValueSpecification\",\"valueRequired\":true,\"valueName\":\"search_term_string\"}}],\"inLanguage\":\"da-DK\"},{\"@type\":\"Organization\",\"@id\":\"https:\\\/\\\/hirtshals-kristiansand.com\\\/da\\\/#organization\",\"name\":\"F\u00e6rge Hirtshals Kristiansand\",\"url\":\"https:\\\/\\\/hirtshals-kristiansand.com\\\/da\\\/\",\"logo\":{\"@type\":\"ImageObject\",\"inLanguage\":\"da-DK\",\"@id\":\"https:\\\/\\\/hirtshals-kristiansand.com\\\/da\\\/#\\\/schema\\\/logo\\\/image\\\/\",\"url\":\"https:\\\/\\\/hirtshals-kristiansand.com\\\/da\\\/wp-content\\\/uploads\\\/sites\\\/4\\\/2025\\\/05\\\/hirtshals-kristiansand.svg\",\"contentUrl\":\"https:\\\/\\\/hirtshals-kristiansand.com\\\/da\\\/wp-content\\\/uploads\\\/sites\\\/4\\\/2025\\\/05\\\/hirtshals-kristiansand.svg\",\"width\":800,\"height\":256,\"caption\":\"F\u00e6rge Hirtshals Kristiansand\"},\"image\":{\"@id\":\"https:\\\/\\\/hirtshals-kristiansand.com\\\/da\\\/#\\\/schema\\\/logo\\\/image\\\/\"}}]}<\/script>\n<!-- \/ Yoast SEO plugin. -->","yoast_head_json":{"title":"Vejrudsigt Hirtshals Kristiansand - F\u00e6rge Hirtshals Kristiansand","description":"Opdag den aktuelle vejrudsigt for Hirtshals Kristiansand-overfarten, og v\u00e6r forberedt (tag f.eks. hensyn til storme).","robots":{"index":"index","follow":"follow","max-snippet":"max-snippet:-1","max-image-preview":"max-image-preview:large","max-video-preview":"max-video-preview:-1"},"canonical":"https:\/\/hirtshals-kristiansand.com\/da\/vejrudsigt\/","og_locale":"da_DK","og_type":"article","og_title":"Vejrudsigt Hirtshals Kristiansand - F\u00e6rge Hirtshals Kristiansand","og_description":"Opdag den aktuelle vejrudsigt for Hirtshals Kristiansand-overfarten, og v\u00e6r forberedt (tag f.eks. hensyn til storme).","og_url":"https:\/\/hirtshals-kristiansand.com\/da\/vejrudsigt\/","og_site_name":"F\u00e6rge Hirtshals Kristiansand","article_modified_time":"2024-03-12T13:28:14+00:00","og_image":[{"width":1200,"height":800,"url":"https:\/\/hirtshals-kristiansand.com\/da\/wp-content\/uploads\/sites\/4\/2024\/03\/sejlplan.jpg","type":"image\/jpeg"}],"twitter_card":"summary_large_image","twitter_misc":{"Estimeret l\u00e6setid":"1 minut"},"schema":{"@context":"https:\/\/schema.org","@graph":[{"@type":"WebPage","@id":"https:\/\/hirtshals-kristiansand.com\/da\/vejrudsigt\/","url":"https:\/\/hirtshals-kristiansand.com\/da\/vejrudsigt\/","name":"Vejrudsigt Hirtshals Kristiansand - F\u00e6rge Hirtshals Kristiansand","isPartOf":{"@id":"https:\/\/hirtshals-kristiansand.com\/da\/#website"},"primaryImageOfPage":{"@id":"https:\/\/hirtshals-kristiansand.com\/da\/vejrudsigt\/#primaryimage"},"image":{"@id":"https:\/\/hirtshals-kristiansand.com\/da\/vejrudsigt\/#primaryimage"},"thumbnailUrl":"https:\/\/hirtshals-kristiansand.com\/da\/wp-content\/uploads\/sites\/4\/2024\/03\/sejlplan.jpg","datePublished":"2024-03-11T11:39:53+00:00","dateModified":"2024-03-12T13:28:14+00:00","description":"Opdag den aktuelle vejrudsigt for Hirtshals Kristiansand-overfarten, og v\u00e6r forberedt (tag f.eks. hensyn til storme).","breadcrumb":{"@id":"https:\/\/hirtshals-kristiansand.com\/da\/vejrudsigt\/#breadcrumb"},"inLanguage":"da-DK","potentialAction":[{"@type":"ReadAction","target":["https:\/\/hirtshals-kristiansand.com\/da\/vejrudsigt\/"]}]},{"@type":"ImageObject","inLanguage":"da-DK","@id":"https:\/\/hirtshals-kristiansand.com\/da\/vejrudsigt\/#primaryimage","url":"https:\/\/hirtshals-kristiansand.com\/da\/wp-content\/uploads\/sites\/4\/2024\/03\/sejlplan.jpg","contentUrl":"https:\/\/hirtshals-kristiansand.com\/da\/wp-content\/uploads\/sites\/4\/2024\/03\/sejlplan.jpg","width":1200,"height":800,"caption":"Vejrudsigt"},{"@type":"BreadcrumbList","@id":"https:\/\/hirtshals-kristiansand.com\/da\/vejrudsigt\/#breadcrumb","itemListElement":[{"@type":"ListItem","position":1,"name":"Hirtshals Kristiansand","item":"https:\/\/hirtshals-kristiansand.com\/da\/"},{"@type":"ListItem","position":2,"name":"Vejrudsigt Hirtshals Kristiansand"}]},{"@type":"WebSite","@id":"https:\/\/hirtshals-kristiansand.com\/da\/#website","url":"https:\/\/hirtshals-kristiansand.com\/da\/","name":"F\u00e6rge Hirtshals Kristiansand","description":"Alt om f\u00e6rgeoverfarten fra Hirtshals til Kristiansand","publisher":{"@id":"https:\/\/hirtshals-kristiansand.com\/da\/#organization"},"potentialAction":[{"@type":"SearchAction","target":{"@type":"EntryPoint","urlTemplate":"https:\/\/hirtshals-kristiansand.com\/da\/?s={search_term_string}"},"query-input":{"@type":"PropertyValueSpecification","valueRequired":true,"valueName":"search_term_string"}}],"inLanguage":"da-DK"},{"@type":"Organization","@id":"https:\/\/hirtshals-kristiansand.com\/da\/#organization","name":"F\u00e6rge Hirtshals Kristiansand","url":"https:\/\/hirtshals-kristiansand.com\/da\/","logo":{"@type":"ImageObject","inLanguage":"da-DK","@id":"https:\/\/hirtshals-kristiansand.com\/da\/#\/schema\/logo\/image\/","url":"https:\/\/hirtshals-kristiansand.com\/da\/wp-content\/uploads\/sites\/4\/2025\/05\/hirtshals-kristiansand.svg","contentUrl":"https:\/\/hirtshals-kristiansand.com\/da\/wp-content\/uploads\/sites\/4\/2025\/05\/hirtshals-kristiansand.svg","width":800,"height":256,"caption":"F\u00e6rge Hirtshals Kristiansand"},"image":{"@id":"https:\/\/hirtshals-kristiansand.com\/da\/#\/schema\/logo\/image\/"}}]}},"uagb_featured_image_src":{"full":["https:\/\/hirtshals-kristiansand.com\/da\/wp-content\/uploads\/sites\/4\/2024\/03\/sejlplan.jpg",1200,800,false],"thumbnail":["https:\/\/hirtshals-kristiansand.com\/da\/wp-content\/uploads\/sites\/4\/2024\/03\/sejlplan-150x150.jpg",150,150,true],"medium":["https:\/\/hirtshals-kristiansand.com\/da\/wp-content\/uploads\/sites\/4\/2024\/03\/sejlplan-300x200.jpg",300,200,true],"medium_large":["https:\/\/hirtshals-kristiansand.com\/da\/wp-content\/uploads\/sites\/4\/2024\/03\/sejlplan-768x512.jpg",768,512,true],"large":["https:\/\/hirtshals-kristiansand.com\/da\/wp-content\/uploads\/sites\/4\/2024\/03\/sejlplan-1024x683.jpg",1024,683,true],"1536x1536":["https:\/\/hirtshals-kristiansand.com\/da\/wp-content\/uploads\/sites\/4\/2024\/03\/sejlplan.jpg",1200,800,false],"2048x2048":["https:\/\/hirtshals-kristiansand.com\/da\/wp-content\/uploads\/sites\/4\/2024\/03\/sejlplan.jpg",1200,800,false]},"uagb_author_info":{"display_name":"mail@robberttigchelaar.com","author_link":"https:\/\/hirtshals-kristiansand.com\/da\/author\/mailrobberttigchelaar-com\/"},"uagb_comment_info":0,"uagb_excerpt":"G\u00e5 godt forberedt. Se den aktuelle vejrudsigt p\u00e5 placeringerne af de forskellige havne og under f\u00e6rgeoverfarten. Vejrudsigt i havnene Vejr [&hellip;]","_links":{"self":[{"href":"https:\/\/hirtshals-kristiansand.com\/da\/wp-json\/wp\/v2\/pages\/60","targetHints":{"allow":["GET"]}}],"collection":[{"href":"https:\/\/hirtshals-kristiansand.com\/da\/wp-json\/wp\/v2\/pages"}],"about":[{"href":"https:\/\/hirtshals-kristiansand.com\/da\/wp-json\/wp\/v2\/types\/page"}],"author":[{"embeddable":true,"href":"https:\/\/hirtshals-kristiansand.com\/da\/wp-json\/wp\/v2\/users\/1"}],"replies":[{"embeddable":true,"href":"https:\/\/hirtshals-kristiansand.com\/da\/wp-json\/wp\/v2\/comments?post=60"}],"version-history":[{"count":2,"href":"https:\/\/hirtshals-kristiansand.com\/da\/wp-json\/wp\/v2\/pages\/60\/revisions"}],"predecessor-version":[{"id":62,"href":"https:\/\/hirtshals-kristiansand.com\/da\/wp-json\/wp\/v2\/pages\/60\/revisions\/62"}],"wp:featuredmedia":[{"embeddable":true,"href":"https:\/\/hirtshals-kristiansand.com\/da\/wp-json\/wp\/v2\/media\/122"}],"wp:attachment":[{"href":"https:\/\/hirtshals-kristiansand.com\/da\/wp-json\/wp\/v2\/media?parent=60"}],"curies":[{"name":"wp","href":"https:\/\/api.w.org\/{rel}","templated":true}]}}