{"id":52,"date":"2024-03-11T10:54:44","date_gmt":"2024-03-11T10:54:44","guid":{"rendered":"https:\/\/hirtshals-kristiansand.com\/da\/?page_id=52"},"modified":"2024-03-11T16:28:13","modified_gmt":"2024-03-11T16:28:13","slug":"hirtshals-havn","status":"publish","type":"page","link":"https:\/\/hirtshals-kristiansand.com\/da\/hirtshals-havn\/","title":{"rendered":"Hirtshals Havn"},"content":{"rendered":"\n<p>P\u00e5 Danmarks nordkyst finder du Hirtshals havn. Dette er start- og slutpunktet for flere f\u00e6rgeoverfarter, herunder Hirtshals-Kristiansand. Havnen er \u00e5ben 24\/7\ud83c\udfea. P\u00e5 denne side finder du alt, hvad du beh\u00f8ver at vide om havnen.<\/p>\n\n\n\n<h2 class=\"wp-block-heading\" id=\"adres\">Generel adresse og kontaktoplysninger<\/h2>\n\n\n\n<p>Se de generelle adresseoplysninger p\u00e5 Hirtshals havn nedenfor.<\/p>\n\n\n\n<ul class=\"wp-block-list\">\n<li><strong>Adresse:<\/strong> Norgeskajen 11, 9850 Hirtshals, Danmark<\/li>\n\n\n\n<li><strong>Mailadresse:<\/strong> info@portofhirtshals.dk<\/li>\n\n\n\n<li><strong>Telefonnummer:<\/strong> +45 98 94 14 22<\/li>\n\n\n\n<li><strong>Hjemmeside:<\/strong> <a href=\"https:\/\/portofhirtshals.dk\/\" target=\"_blank\" rel=\"noreferrer noopener\">https:\/\/portofhirtshals.dk\/en\/<\/a><\/li>\n<\/ul>\n\n\n\n<p>Se placeringen nedenfor p\u00e5 kortet (klik p\u00e5 placeringen for rutevejledning):<\/p>\n\n\n\t\t\t<div \n\t\t\tclass=\"wp-block-uagb-google-map uagb-google-map__wrap uagb-block-73e5fd51     \"\n\t\t\tstyle=\"\" >\n\t\t\t\t<embed\n\t\t\t\t\tclass=\"uagb-google-map__iframe\"\n\t\t\t\t\ttitle=\"Google Map for \"\n\t\t\t\t\tsrc=\"https:\/\/maps.google.com\/maps?q=hirtshals%20haven&#038;z=15&#038;hl=en&#038;t=m&#038;output=embed&#038;iwloc=near\"\n\t\t\t\t\twidth=\"640\"\n\t\t\t\t\theight=\"500\"\n\t\t\t\t\tloading=\"lazy\"\n\t\t\t\t><\/embed>\n\t\t\t<\/div>\n\t\t\t\n\n\n<h2 class=\"wp-block-heading\" id=\"reizen\" style=\"margin-top:var(--wp--preset--spacing--30);margin-bottom:var(--wp--preset--spacing--30);padding-top:0;padding-bottom:0\">Rejs til Hirtshals havn<\/h2>\n\n\n\n<p>Hirtshals havn ligger centralt. Du kan ogs\u00e5 komme dertil p\u00e5 forskellige m\u00e5der: i bil og med offentlig transport. Inden for 10 minutters gang vil du opdage en busstation og en togstation\ud83d\ude86.<\/p>\n\n\n\n<ul class=\"wp-block-list\">\n<li><strong>I bil:<\/strong> du kan nemt k\u00f8re til Hirtshals ved at f\u00f8lge E39 mod Hj\u00f8rring. Tag derefter afk\u00f8rslen til Hirtshals, hvorefter du k\u00f8rer til venstre mod centrum. Til sidst drejer du til h\u00f8jre mod Havnegade, hvor du til sidst ender p\u00e5 havnen.<\/li>\n\n\n\n<li><strong>Med bus: <\/strong>Hirtshals Baneg\u00e5rd Rutebilstation ligger i g\u00e5afstand fra havnen. Rejs via denne station.<\/li>\n\n\n\n<li><strong>Med tog: <\/strong>Hirtshals Station ligger 10 minutters gang fra havnen. Planl\u00e6g din togrejse med denne endelige destination.<\/li>\n<\/ul>\n\n\n\n<p>Der er ogs\u00e5 en taxa til havnen. For dette kan du ringe til +45 98 94 40 00.<\/p>\n\n\n\n<h2 class=\"wp-block-heading\" style=\"margin-top:var(--wp--preset--spacing--30)\">Terminaler p\u00e5 havnen<\/h2>\n\n\n\n<p>Ankommet til Hirtshals havn er der tydelig skiltning mod de forskellige terminaler, hvorfra der afg\u00e5r overfarter til <a href=\"https:\/\/hirtshals-kristiansand.com\/da\/kristiansand-havn\/\">Kristiansands havn<\/a>.<\/p>\n\n\n\n<p>Hvilken du skal bruge afh\u00e6nger af det selskab du rejser med:<a href=\"https:\/\/hirtshals-kristiansand.com\/da\/color-line\/\"> Color Line<\/a> eller <a href=\"https:\/\/hirtshals-kristiansand.com\/da\/fjord-line\/\">Fjord Line<\/a>. Se flere oplysninger om placeringen af \u200b\u200bde specifikke terminaler ved havnen nedenfor:<\/p>\n\n\n\n<ul class=\"wp-block-list\">\n<li><a href=\"https:\/\/hirtshals-kristiansand.com\/da\/hirtshals-havn\/fjord-line-terminal\/\">Fjord line Terminal Hirtshals<\/a><\/li>\n\n\n\n<li><a href=\"https:\/\/hirtshals-kristiansand.com\/da\/hirtshals-havn\/color-line-terminal\/\">Color Line Terminal Hirtshals<\/a><\/li>\n<\/ul>\n\n\n\n<p>Se endnu en interessant video af Hirtshals havn nedenfor.<\/p>\n\n\n\n<figure class=\"wp-block-embed is-type-video is-provider-youtube wp-block-embed-youtube wp-embed-aspect-16-9 wp-has-aspect-ratio\"><div class=\"wp-block-embed__wrapper\">\n<iframe title=\"Port of Hirtshals - Transport\" width=\"500\" height=\"281\" src=\"https:\/\/www.youtube.com\/embed\/A9B2BY4EzZ4?list=PLOQ7qfypyBUxlDsvTgX4EzyC412P7qJXk\" frameborder=\"0\" allow=\"accelerometer; autoplay; clipboard-write; encrypted-media; gyroscope; picture-in-picture; web-share\" referrerpolicy=\"strict-origin-when-cross-origin\" allowfullscreen><\/iframe>\n<\/div><\/figure>\n","protected":false},"excerpt":{"rendered":"<p>P\u00e5 Danmarks nordkyst finder du Hirtshals havn. Dette er start- og slutpunktet for flere f\u00e6rgeoverfarter, herunder Hirtshals-Kristiansand. Havnen er \u00e5ben [&hellip;]<\/p>\n","protected":false},"author":1,"featured_media":120,"parent":0,"menu_order":0,"comment_status":"closed","ping_status":"closed","template":"","meta":{"inline_featured_image":false,"_uag_custom_page_level_css":"","site-sidebar-layout":"default","site-content-layout":"","ast-site-content-layout":"default","site-content-style":"default","site-sidebar-style":"default","ast-global-header-display":"","ast-banner-title-visibility":"","ast-main-header-display":"","ast-hfb-above-header-display":"","ast-hfb-below-header-display":"","ast-hfb-mobile-header-display":"","site-post-title":"","ast-breadcrumbs-content":"","ast-featured-img":"","footer-sml-layout":"","ast-disable-related-posts":"","theme-transparent-header-meta":"","adv-header-id-meta":"","stick-header-meta":"","header-above-stick-meta":"","header-main-stick-meta":"","header-below-stick-meta":"","astra-migrate-meta-layouts":"default","ast-page-background-enabled":"default","ast-page-background-meta":{"desktop":{"background-color":"var(--ast-global-color-4)","background-image":"","background-repeat":"repeat","background-position":"center center","background-size":"auto","background-attachment":"scroll","background-type":"","background-media":"","overlay-type":"","overlay-color":"","overlay-opacity":"","overlay-gradient":""},"tablet":{"background-color":"","background-image":"","background-repeat":"repeat","background-position":"center center","background-size":"auto","background-attachment":"scroll","background-type":"","background-media":"","overlay-type":"","overlay-color":"","overlay-opacity":"","overlay-gradient":""},"mobile":{"background-color":"","background-image":"","background-repeat":"repeat","background-position":"center center","background-size":"auto","background-attachment":"scroll","background-type":"","background-media":"","overlay-type":"","overlay-color":"","overlay-opacity":"","overlay-gradient":""}},"ast-content-background-meta":{"desktop":{"background-color":"var(--ast-global-color-5)","background-image":"","background-repeat":"repeat","background-position":"center center","background-size":"auto","background-attachment":"scroll","background-type":"","background-media":"","overlay-type":"","overlay-color":"","overlay-opacity":"","overlay-gradient":""},"tablet":{"background-color":"var(--ast-global-color-5)","background-image":"","background-repeat":"repeat","background-position":"center center","background-size":"auto","background-attachment":"scroll","background-type":"","background-media":"","overlay-type":"","overlay-color":"","overlay-opacity":"","overlay-gradient":""},"mobile":{"background-color":"var(--ast-global-color-5)","background-image":"","background-repeat":"repeat","background-position":"center center","background-size":"auto","background-attachment":"scroll","background-type":"","background-media":"","overlay-type":"","overlay-color":"","overlay-opacity":"","overlay-gradient":""}},"footnotes":""},"class_list":["post-52","page","type-page","status-publish","has-post-thumbnail","hentry"],"yoast_head":"<!-- This site is optimized with the Yoast SEO plugin v27.5 - https:\/\/yoast.com\/product\/yoast-seo-wordpress\/ -->\n<title>Hirtshals Havn - Hirtshals Kristiansand F\u00e6rgeguide<\/title>\n<meta name=\"description\" content=\"Oplev alt om havnen i Hirtshals: adresseoplysninger, parkeringsmuligheder og detaljerede rutevejledninger.\" \/>\n<meta name=\"robots\" content=\"index, follow, max-snippet:-1, max-image-preview:large, max-video-preview:-1\" \/>\n<link rel=\"canonical\" href=\"https:\/\/hirtshals-kristiansand.com\/da\/hirtshals-havn\/\" \/>\n<meta property=\"og:locale\" content=\"da_DK\" \/>\n<meta property=\"og:type\" content=\"article\" \/>\n<meta property=\"og:title\" content=\"Hirtshals Havn - Hirtshals Kristiansand F\u00e6rgeguide\" \/>\n<meta property=\"og:description\" content=\"Oplev alt om havnen i Hirtshals: adresseoplysninger, parkeringsmuligheder og detaljerede rutevejledninger.\" \/>\n<meta property=\"og:url\" content=\"https:\/\/hirtshals-kristiansand.com\/da\/hirtshals-havn\/\" \/>\n<meta property=\"og:site_name\" content=\"F\u00e6rge Hirtshals Kristiansand\" \/>\n<meta property=\"article:modified_time\" content=\"2024-03-11T16:28:13+00:00\" \/>\n<meta property=\"og:image\" content=\"https:\/\/hirtshals-kristiansand.com\/da\/wp-content\/uploads\/sites\/4\/2024\/03\/hirtshals-2.jpg\" \/>\n\t<meta property=\"og:image:width\" content=\"1200\" \/>\n\t<meta property=\"og:image:height\" content=\"800\" \/>\n\t<meta property=\"og:image:type\" content=\"image\/jpeg\" \/>\n<meta name=\"twitter:card\" content=\"summary_large_image\" \/>\n<meta name=\"twitter:label1\" content=\"Estimeret l\u00e6setid\" \/>\n\t<meta name=\"twitter:data1\" content=\"2 minutter\" \/>\n<script type=\"application\/ld+json\" class=\"yoast-schema-graph\">{\"@context\":\"https:\\\/\\\/schema.org\",\"@graph\":[{\"@type\":\"WebPage\",\"@id\":\"https:\\\/\\\/hirtshals-kristiansand.com\\\/da\\\/hirtshals-havn\\\/\",\"url\":\"https:\\\/\\\/hirtshals-kristiansand.com\\\/da\\\/hirtshals-havn\\\/\",\"name\":\"Hirtshals Havn - Hirtshals Kristiansand F\u00e6rgeguide\",\"isPartOf\":{\"@id\":\"https:\\\/\\\/hirtshals-kristiansand.com\\\/da\\\/#website\"},\"primaryImageOfPage\":{\"@id\":\"https:\\\/\\\/hirtshals-kristiansand.com\\\/da\\\/hirtshals-havn\\\/#primaryimage\"},\"image\":{\"@id\":\"https:\\\/\\\/hirtshals-kristiansand.com\\\/da\\\/hirtshals-havn\\\/#primaryimage\"},\"thumbnailUrl\":\"https:\\\/\\\/hirtshals-kristiansand.com\\\/da\\\/wp-content\\\/uploads\\\/sites\\\/4\\\/2024\\\/03\\\/hirtshals-2.jpg\",\"datePublished\":\"2024-03-11T10:54:44+00:00\",\"dateModified\":\"2024-03-11T16:28:13+00:00\",\"description\":\"Oplev alt om havnen i Hirtshals: adresseoplysninger, parkeringsmuligheder og detaljerede rutevejledninger.\",\"breadcrumb\":{\"@id\":\"https:\\\/\\\/hirtshals-kristiansand.com\\\/da\\\/hirtshals-havn\\\/#breadcrumb\"},\"inLanguage\":\"da-DK\",\"potentialAction\":[{\"@type\":\"ReadAction\",\"target\":[\"https:\\\/\\\/hirtshals-kristiansand.com\\\/da\\\/hirtshals-havn\\\/\"]}]},{\"@type\":\"ImageObject\",\"inLanguage\":\"da-DK\",\"@id\":\"https:\\\/\\\/hirtshals-kristiansand.com\\\/da\\\/hirtshals-havn\\\/#primaryimage\",\"url\":\"https:\\\/\\\/hirtshals-kristiansand.com\\\/da\\\/wp-content\\\/uploads\\\/sites\\\/4\\\/2024\\\/03\\\/hirtshals-2.jpg\",\"contentUrl\":\"https:\\\/\\\/hirtshals-kristiansand.com\\\/da\\\/wp-content\\\/uploads\\\/sites\\\/4\\\/2024\\\/03\\\/hirtshals-2.jpg\",\"width\":1200,\"height\":800,\"caption\":\"hirtshals\"},{\"@type\":\"BreadcrumbList\",\"@id\":\"https:\\\/\\\/hirtshals-kristiansand.com\\\/da\\\/hirtshals-havn\\\/#breadcrumb\",\"itemListElement\":[{\"@type\":\"ListItem\",\"position\":1,\"name\":\"Hirtshals Kristiansand\",\"item\":\"https:\\\/\\\/hirtshals-kristiansand.com\\\/da\\\/\"},{\"@type\":\"ListItem\",\"position\":2,\"name\":\"Hirtshals Havn\"}]},{\"@type\":\"WebSite\",\"@id\":\"https:\\\/\\\/hirtshals-kristiansand.com\\\/da\\\/#website\",\"url\":\"https:\\\/\\\/hirtshals-kristiansand.com\\\/da\\\/\",\"name\":\"F\u00e6rge Hirtshals Kristiansand\",\"description\":\"Alt om f\u00e6rgeoverfarten fra Hirtshals til Kristiansand\",\"publisher\":{\"@id\":\"https:\\\/\\\/hirtshals-kristiansand.com\\\/da\\\/#organization\"},\"potentialAction\":[{\"@type\":\"SearchAction\",\"target\":{\"@type\":\"EntryPoint\",\"urlTemplate\":\"https:\\\/\\\/hirtshals-kristiansand.com\\\/da\\\/?s={search_term_string}\"},\"query-input\":{\"@type\":\"PropertyValueSpecification\",\"valueRequired\":true,\"valueName\":\"search_term_string\"}}],\"inLanguage\":\"da-DK\"},{\"@type\":\"Organization\",\"@id\":\"https:\\\/\\\/hirtshals-kristiansand.com\\\/da\\\/#organization\",\"name\":\"F\u00e6rge Hirtshals Kristiansand\",\"url\":\"https:\\\/\\\/hirtshals-kristiansand.com\\\/da\\\/\",\"logo\":{\"@type\":\"ImageObject\",\"inLanguage\":\"da-DK\",\"@id\":\"https:\\\/\\\/hirtshals-kristiansand.com\\\/da\\\/#\\\/schema\\\/logo\\\/image\\\/\",\"url\":\"https:\\\/\\\/hirtshals-kristiansand.com\\\/da\\\/wp-content\\\/uploads\\\/sites\\\/4\\\/2025\\\/05\\\/hirtshals-kristiansand.svg\",\"contentUrl\":\"https:\\\/\\\/hirtshals-kristiansand.com\\\/da\\\/wp-content\\\/uploads\\\/sites\\\/4\\\/2025\\\/05\\\/hirtshals-kristiansand.svg\",\"width\":800,\"height\":256,\"caption\":\"F\u00e6rge Hirtshals Kristiansand\"},\"image\":{\"@id\":\"https:\\\/\\\/hirtshals-kristiansand.com\\\/da\\\/#\\\/schema\\\/logo\\\/image\\\/\"}}]}<\/script>\n<!-- \/ Yoast SEO plugin. -->","yoast_head_json":{"title":"Hirtshals Havn - Hirtshals Kristiansand F\u00e6rgeguide","description":"Oplev alt om havnen i Hirtshals: adresseoplysninger, parkeringsmuligheder og detaljerede rutevejledninger.","robots":{"index":"index","follow":"follow","max-snippet":"max-snippet:-1","max-image-preview":"max-image-preview:large","max-video-preview":"max-video-preview:-1"},"canonical":"https:\/\/hirtshals-kristiansand.com\/da\/hirtshals-havn\/","og_locale":"da_DK","og_type":"article","og_title":"Hirtshals Havn - Hirtshals Kristiansand F\u00e6rgeguide","og_description":"Oplev alt om havnen i Hirtshals: adresseoplysninger, parkeringsmuligheder og detaljerede rutevejledninger.","og_url":"https:\/\/hirtshals-kristiansand.com\/da\/hirtshals-havn\/","og_site_name":"F\u00e6rge Hirtshals Kristiansand","article_modified_time":"2024-03-11T16:28:13+00:00","og_image":[{"width":1200,"height":800,"url":"https:\/\/hirtshals-kristiansand.com\/da\/wp-content\/uploads\/sites\/4\/2024\/03\/hirtshals-2.jpg","type":"image\/jpeg"}],"twitter_card":"summary_large_image","twitter_misc":{"Estimeret l\u00e6setid":"2 minutter"},"schema":{"@context":"https:\/\/schema.org","@graph":[{"@type":"WebPage","@id":"https:\/\/hirtshals-kristiansand.com\/da\/hirtshals-havn\/","url":"https:\/\/hirtshals-kristiansand.com\/da\/hirtshals-havn\/","name":"Hirtshals Havn - Hirtshals Kristiansand F\u00e6rgeguide","isPartOf":{"@id":"https:\/\/hirtshals-kristiansand.com\/da\/#website"},"primaryImageOfPage":{"@id":"https:\/\/hirtshals-kristiansand.com\/da\/hirtshals-havn\/#primaryimage"},"image":{"@id":"https:\/\/hirtshals-kristiansand.com\/da\/hirtshals-havn\/#primaryimage"},"thumbnailUrl":"https:\/\/hirtshals-kristiansand.com\/da\/wp-content\/uploads\/sites\/4\/2024\/03\/hirtshals-2.jpg","datePublished":"2024-03-11T10:54:44+00:00","dateModified":"2024-03-11T16:28:13+00:00","description":"Oplev alt om havnen i Hirtshals: adresseoplysninger, parkeringsmuligheder og detaljerede rutevejledninger.","breadcrumb":{"@id":"https:\/\/hirtshals-kristiansand.com\/da\/hirtshals-havn\/#breadcrumb"},"inLanguage":"da-DK","potentialAction":[{"@type":"ReadAction","target":["https:\/\/hirtshals-kristiansand.com\/da\/hirtshals-havn\/"]}]},{"@type":"ImageObject","inLanguage":"da-DK","@id":"https:\/\/hirtshals-kristiansand.com\/da\/hirtshals-havn\/#primaryimage","url":"https:\/\/hirtshals-kristiansand.com\/da\/wp-content\/uploads\/sites\/4\/2024\/03\/hirtshals-2.jpg","contentUrl":"https:\/\/hirtshals-kristiansand.com\/da\/wp-content\/uploads\/sites\/4\/2024\/03\/hirtshals-2.jpg","width":1200,"height":800,"caption":"hirtshals"},{"@type":"BreadcrumbList","@id":"https:\/\/hirtshals-kristiansand.com\/da\/hirtshals-havn\/#breadcrumb","itemListElement":[{"@type":"ListItem","position":1,"name":"Hirtshals Kristiansand","item":"https:\/\/hirtshals-kristiansand.com\/da\/"},{"@type":"ListItem","position":2,"name":"Hirtshals Havn"}]},{"@type":"WebSite","@id":"https:\/\/hirtshals-kristiansand.com\/da\/#website","url":"https:\/\/hirtshals-kristiansand.com\/da\/","name":"F\u00e6rge Hirtshals Kristiansand","description":"Alt om f\u00e6rgeoverfarten fra Hirtshals til Kristiansand","publisher":{"@id":"https:\/\/hirtshals-kristiansand.com\/da\/#organization"},"potentialAction":[{"@type":"SearchAction","target":{"@type":"EntryPoint","urlTemplate":"https:\/\/hirtshals-kristiansand.com\/da\/?s={search_term_string}"},"query-input":{"@type":"PropertyValueSpecification","valueRequired":true,"valueName":"search_term_string"}}],"inLanguage":"da-DK"},{"@type":"Organization","@id":"https:\/\/hirtshals-kristiansand.com\/da\/#organization","name":"F\u00e6rge Hirtshals Kristiansand","url":"https:\/\/hirtshals-kristiansand.com\/da\/","logo":{"@type":"ImageObject","inLanguage":"da-DK","@id":"https:\/\/hirtshals-kristiansand.com\/da\/#\/schema\/logo\/image\/","url":"https:\/\/hirtshals-kristiansand.com\/da\/wp-content\/uploads\/sites\/4\/2025\/05\/hirtshals-kristiansand.svg","contentUrl":"https:\/\/hirtshals-kristiansand.com\/da\/wp-content\/uploads\/sites\/4\/2025\/05\/hirtshals-kristiansand.svg","width":800,"height":256,"caption":"F\u00e6rge Hirtshals Kristiansand"},"image":{"@id":"https:\/\/hirtshals-kristiansand.com\/da\/#\/schema\/logo\/image\/"}}]}},"uagb_featured_image_src":{"full":["https:\/\/hirtshals-kristiansand.com\/da\/wp-content\/uploads\/sites\/4\/2024\/03\/hirtshals-2.jpg",1200,800,false],"thumbnail":["https:\/\/hirtshals-kristiansand.com\/da\/wp-content\/uploads\/sites\/4\/2024\/03\/hirtshals-2-150x150.jpg",150,150,true],"medium":["https:\/\/hirtshals-kristiansand.com\/da\/wp-content\/uploads\/sites\/4\/2024\/03\/hirtshals-2-300x200.jpg",300,200,true],"medium_large":["https:\/\/hirtshals-kristiansand.com\/da\/wp-content\/uploads\/sites\/4\/2024\/03\/hirtshals-2-768x512.jpg",768,512,true],"large":["https:\/\/hirtshals-kristiansand.com\/da\/wp-content\/uploads\/sites\/4\/2024\/03\/hirtshals-2-1024x683.jpg",1024,683,true],"1536x1536":["https:\/\/hirtshals-kristiansand.com\/da\/wp-content\/uploads\/sites\/4\/2024\/03\/hirtshals-2.jpg",1200,800,false],"2048x2048":["https:\/\/hirtshals-kristiansand.com\/da\/wp-content\/uploads\/sites\/4\/2024\/03\/hirtshals-2.jpg",1200,800,false]},"uagb_author_info":{"display_name":"mail@robberttigchelaar.com","author_link":"https:\/\/hirtshals-kristiansand.com\/da\/author\/mailrobberttigchelaar-com\/"},"uagb_comment_info":0,"uagb_excerpt":"P\u00e5 Danmarks nordkyst finder du Hirtshals havn. Dette er start- og slutpunktet for flere f\u00e6rgeoverfarter, herunder Hirtshals-Kristiansand. Havnen er \u00e5ben [&hellip;]","_links":{"self":[{"href":"https:\/\/hirtshals-kristiansand.com\/da\/wp-json\/wp\/v2\/pages\/52","targetHints":{"allow":["GET"]}}],"collection":[{"href":"https:\/\/hirtshals-kristiansand.com\/da\/wp-json\/wp\/v2\/pages"}],"about":[{"href":"https:\/\/hirtshals-kristiansand.com\/da\/wp-json\/wp\/v2\/types\/page"}],"author":[{"embeddable":true,"href":"https:\/\/hirtshals-kristiansand.com\/da\/wp-json\/wp\/v2\/users\/1"}],"replies":[{"embeddable":true,"href":"https:\/\/hirtshals-kristiansand.com\/da\/wp-json\/wp\/v2\/comments?post=52"}],"version-history":[{"count":2,"href":"https:\/\/hirtshals-kristiansand.com\/da\/wp-json\/wp\/v2\/pages\/52\/revisions"}],"predecessor-version":[{"id":112,"href":"https:\/\/hirtshals-kristiansand.com\/da\/wp-json\/wp\/v2\/pages\/52\/revisions\/112"}],"wp:featuredmedia":[{"embeddable":true,"href":"https:\/\/hirtshals-kristiansand.com\/da\/wp-json\/wp\/v2\/media\/120"}],"wp:attachment":[{"href":"https:\/\/hirtshals-kristiansand.com\/da\/wp-json\/wp\/v2\/media?parent=52"}],"curies":[{"name":"wp","href":"https:\/\/api.w.org\/{rel}","templated":true}]}}