{"id":50,"date":"2024-03-11T10:48:28","date_gmt":"2024-03-11T10:48:28","guid":{"rendered":"https:\/\/hirtshals-kristiansand.com\/da\/?page_id=50"},"modified":"2024-03-11T16:20:04","modified_gmt":"2024-03-11T16:20:04","slug":"fjord-line","status":"publish","type":"page","link":"https:\/\/hirtshals-kristiansand.com\/da\/fjord-line\/","title":{"rendered":"Fjord Line &#8211; Hirtshals Kristiansand"},"content":{"rendered":"\n<p>En af operat\u00f8rerne mellem Hirtshals og Kristiansand er Fjord Line. Dette selskab tilbyder en af \u200b\u200bde hurtigste overfarter takket v\u00e6re den lynhurtige Fjord FSTR, en moderne katamaran. Du er p\u00e5 den anden side p\u00e5 kun 2,15 timer. Overvejer du at rejse med Fjord Line? S\u00e5 l\u00e6s alt, hvad du beh\u00f8ver at vide om dette selskabs krydsning mellem Hirtshals og Kristiansand her p\u00e5 siden.\ud83d\udc47<\/p>\n\n\n\n<h2 class=\"wp-block-heading\">Generel information<\/h2>\n\n\n\n<p>Tjek nedenfor nogle vigtige fakta om overfarten mellem <a href=\"https:\/\/hirtshals-kristiansand.com\/da\/hirtshals-havn\/\">Hirtshals havn<\/a> og <a href=\"https:\/\/hirtshals-kristiansand.com\/da\/kristiansand-havn\/\">Kristiansand havn<\/a> ved Fjord Line.<\/p>\n\n\n\n<ul class=\"wp-block-list\">\n<li><strong>Varighed:<\/strong> fra 2.15 timer<\/li>\n\n\n\n<li><strong>B\u00e5d:<\/strong> Fjord FSTR (katamaran) \/ MS Bergensfjord \/ MS Stavangerfjord*<\/li>\n\n\n\n<li><strong>Antal afgange:<\/strong> 2 til 4 om dagen i h\u00f8js\u00e6sonen<\/li>\n\n\n\n<li><strong>Priser:<\/strong> <a href=\"https:\/\/hirtshals-kristiansand.com\/da\/go\/prices\" target=\"_blank\" rel=\"noreferrer noopener\">fra 104 euro<\/a><\/li>\n<\/ul>\n\n\n\n<p>* Fjord FSTR s\u00f8rger for direkte krydsninger mellem Hirtshals og Kristiansand. Med MS Bergensfjord og MS Stavangerfjord er Hirtshals et mellemlanding, og vi forts\u00e6tter til Stavanger og Bergen.<\/p>\n\n\n\n<h2 class=\"wp-block-heading\">Faciliteter ombord<\/h2>\n\n\n\n<p>Fjord Line driver tre forskellige f\u00e6rgeskibe mellem Hirtshals og Kristiansand: Fjord FSTR (katamaran), MS Bergensfjord og MS Stavangerfjord. Vi lister b\u00e5denes forskellige faciliteter.<\/p>\n\n\n\n<h3 class=\"wp-block-heading\">Faciliteter Fjord FSTR<\/h3>\n\n\n\n<p>Tjek nedenfor, hvilke faciliteter du kan bruge ombord p\u00e5 Fjord FSTR, ogs\u00e5 kendt som katamaranen. \ud83d\udee5\ufe0f<\/p>\n\n\n\n<ul class=\"wp-block-list\">\n<li>Restaurant<\/li>\n\n\n\n<li>Lounge<\/li>\n\n\n\n<li>Siddepladser<\/li>\n\n\n\n<li>Toldfri butik (p\u00e5 hovedd\u00e6kket)<\/li>\n\n\n\n<li>Supermarked (frisk mad og frossen)<\/li>\n\n\n\n<li>Ladestationer til elbiler (medbring eget kabel)<\/li>\n\n\n\n<li>Tr\u00e5dl\u00f8st internet<\/li>\n<\/ul>\n\n\n\n<p>Se mere information om <a href=\"https:\/\/hirtshals-kristiansand.com\/da\/fjord-fstr\/\">Fjord FSTR<\/a> her.<\/p>\n\n\n\n<h3 class=\"wp-block-heading\">Faciliteter MS Bergensfjord \/ MS Stavangerfjord<\/h3>\n\n\n\n<p>Se alle faciliteter ombord p\u00e5 <a href=\"https:\/\/hirtshals-kristiansand.com\/da\/ms-bergensfjord\/\">MS Bergensfjord<\/a> og s\u00f8sterf\u00e6rgen <a href=\"https:\/\/hirtshals-kristiansand.com\/da\/ms-stavangerfjord\/\">MS Stavangerfjord<\/a> nedenfor.<\/p>\n\n\n\n<ul class=\"wp-block-list\">\n<li>Forskellige restauranter (a la carte og buffet)<\/li>\n\n\n\n<li>Lounge (<a href=\"https:\/\/hirtshals-kristiansand.com\/da\/go\/prices\" target=\"_blank\" rel=\"noreferrer noopener\">kan reserveres p\u00e5 forh\u00e5nd<\/a>)<\/li>\n\n\n\n<li>Luksussuiter (20 kahytsmuligheder)<\/li>\n\n\n\n<li>Sportsbar<\/li>\n\n\n\n<li>Natklub<\/li>\n\n\n\n<li>Underholdning for store og sm\u00e5<\/li>\n\n\n\n<li>Skattefri butik<\/li>\n\n\n\n<li>Bagageplads (gratis)<\/li>\n\n\n\n<li>Tr\u00e5dl\u00f8st internet<\/li>\n\n\n\n<li>S\u00e6rlige hytter, hvor hunde er tilladt<\/li>\n<\/ul>\n\n\n\n<p>Som du kan se, ligner disse f\u00e6rgeskibe mere et krydstogtskib! \ud83d\ude0d<\/p>\n\n\n\n<h2 class=\"wp-block-heading\">Vigtigt at vide<\/h2>\n\n\n\n<p>Der er en r\u00e6kke regler, som Fjord Line anvender, som du b\u00f8r l\u00e6se grundigt inden afgang:<\/p>\n\n\n\n<ul class=\"wp-block-list\">\n<li><strong>Identifikation:<\/strong> Alle passagerer p\u00e5 18 \u00e5r og derover skal kunne fremvise gyldig identifikation<\/li>\n\n\n\n<li><strong>Aldersgr\u00e6nse:<\/strong> Fjord Line har en aldersgr\u00e6nse p\u00e5 16 \u00e5r for Hirtshals Kristiansand overfarten; for pakkerejser er dette 18 \u00e5r<\/li>\n\n\n\n<li><strong>Valuta:<\/strong> Fjord Line accepterer kun danske kroner, norske kroner og euro som valuta ombord.<\/li>\n<\/ul>\n\n\n\n<h3 class=\"wp-block-heading\">Rejser med k\u00e6ledyr med Fjord Line<\/h3>\n\n\n\n<p>\ud83d\udc36 Planl\u00e6gger du at tage et dyr om bord under overfarten? S\u00e5 tag hensyn til f\u00f8lgende regler, som Fjord Line anvender:<\/p>\n\n\n\n<ul class=\"wp-block-list\">\n<li>MS Bergensfjord \/ MS Stavangerfjord har specielle hytter til hunde og en hundekennel, det har Fjord FSTR ikke; her skal du hele tiden v\u00e6re sammen med din hund<\/li>\n\n\n\n<li>Hunde er ikke tilladt inde i skibet eller i kahytter, der ikke er beregnet til dette form\u00e5l<\/li>\n\n\n\n<li>Hundekennelen koster 13 euro (bem\u00e6rk, der er begr\u00e6nsede pladser, <a href=\"https:\/\/hirtshals-kristiansand.com\/da\/go\/prices\" target=\"_blank\" rel=\"noreferrer noopener\">s\u00e5 det er smart at reservere p\u00e5 forh\u00e5nd<\/a>)<\/li>\n\n\n\n<li>Bes\u00e6tningen f\u00f8rer ikke opsyn med hunde<\/li>\n<\/ul>\n\n\n\n<p>Fjord Line tager 7 euro for transport af sm\u00e5dyr i bilen.<\/p>\n\n\n\n<h2 class=\"wp-block-heading\">Fjord Line kontaktoplysninger<\/h2>\n\n\n\n<p>Har du sp\u00f8rgsm\u00e5l om overfarten over Fjordlinjen? S\u00e5 kan du kontakte os p\u00e5 forskellige m\u00e5der.<\/p>\n\n\n\n<ul class=\"wp-block-list\">\n<li><strong>Email adresse: <\/strong>&#8211;<\/li>\n\n\n\n<li><strong>Telefonnummer: <\/strong>+47 51 46 40 99<\/li>\n\n\n\n<li><strong>Hjemmeside: <\/strong><a href=\"https:\/\/www.fjordline.com\/da\" target=\"_blank\" rel=\"noreferrer noopener\">fjordline.com\/da\/<\/a><\/li>\n<\/ul>\n\n\n\n<p>Se ogs\u00e5 specifik information om Fjord Line-terminalerne p\u00e5 vores hjemmeside:<\/p>\n\n\n\n<ul class=\"wp-block-list\">\n<li><a href=\"https:\/\/hirtshals-kristiansand.com\/da\/hirtshals-havn\/fjord-line-terminal\/\">Fjord Line Terminal Hirtshals<\/a><\/li>\n\n\n\n<li><a href=\"https:\/\/hirtshals-kristiansand.com\/da\/kristiansand-havn\/fjord-line-terminal\/\">Fjord Line Terminal Kristiansand<\/a><\/li>\n<\/ul>\n","protected":false},"excerpt":{"rendered":"<p>En af operat\u00f8rerne mellem Hirtshals og Kristiansand er Fjord Line. Dette selskab tilbyder en af \u200b\u200bde hurtigste overfarter takket v\u00e6re [&hellip;]<\/p>\n","protected":false},"author":1,"featured_media":118,"parent":0,"menu_order":0,"comment_status":"closed","ping_status":"closed","template":"","meta":{"inline_featured_image":false,"_uag_custom_page_level_css":"","site-sidebar-layout":"default","site-content-layout":"","ast-site-content-layout":"default","site-content-style":"default","site-sidebar-style":"default","ast-global-header-display":"","ast-banner-title-visibility":"","ast-main-header-display":"","ast-hfb-above-header-display":"","ast-hfb-below-header-display":"","ast-hfb-mobile-header-display":"","site-post-title":"","ast-breadcrumbs-content":"","ast-featured-img":"","footer-sml-layout":"","ast-disable-related-posts":"","theme-transparent-header-meta":"","adv-header-id-meta":"","stick-header-meta":"","header-above-stick-meta":"","header-main-stick-meta":"","header-below-stick-meta":"","astra-migrate-meta-layouts":"default","ast-page-background-enabled":"default","ast-page-background-meta":{"desktop":{"background-color":"var(--ast-global-color-4)","background-image":"","background-repeat":"repeat","background-position":"center center","background-size":"auto","background-attachment":"scroll","background-type":"","background-media":"","overlay-type":"","overlay-color":"","overlay-opacity":"","overlay-gradient":""},"tablet":{"background-color":"","background-image":"","background-repeat":"repeat","background-position":"center center","background-size":"auto","background-attachment":"scroll","background-type":"","background-media":"","overlay-type":"","overlay-color":"","overlay-opacity":"","overlay-gradient":""},"mobile":{"background-color":"","background-image":"","background-repeat":"repeat","background-position":"center center","background-size":"auto","background-attachment":"scroll","background-type":"","background-media":"","overlay-type":"","overlay-color":"","overlay-opacity":"","overlay-gradient":""}},"ast-content-background-meta":{"desktop":{"background-color":"var(--ast-global-color-5)","background-image":"","background-repeat":"repeat","background-position":"center center","background-size":"auto","background-attachment":"scroll","background-type":"","background-media":"","overlay-type":"","overlay-color":"","overlay-opacity":"","overlay-gradient":""},"tablet":{"background-color":"var(--ast-global-color-5)","background-image":"","background-repeat":"repeat","background-position":"center center","background-size":"auto","background-attachment":"scroll","background-type":"","background-media":"","overlay-type":"","overlay-color":"","overlay-opacity":"","overlay-gradient":""},"mobile":{"background-color":"var(--ast-global-color-5)","background-image":"","background-repeat":"repeat","background-position":"center center","background-size":"auto","background-attachment":"scroll","background-type":"","background-media":"","overlay-type":"","overlay-color":"","overlay-opacity":"","overlay-gradient":""}},"footnotes":""},"class_list":["post-50","page","type-page","status-publish","has-post-thumbnail","hentry"],"yoast_head":"<!-- This site is optimized with the Yoast SEO plugin v27.5 - https:\/\/yoast.com\/product\/yoast-seo-wordpress\/ -->\n<title>Fjord Line Hirtshals Kristiansand: alle oplysninger<\/title>\n<meta name=\"description\" content=\"Alt om Hirsthals Kristiansand overfarten med f\u00e6rgeselskabet Fjord Line: priser, faciliteter, sejlplan (fartplan).\" \/>\n<meta name=\"robots\" content=\"index, follow, max-snippet:-1, max-image-preview:large, max-video-preview:-1\" \/>\n<link rel=\"canonical\" href=\"https:\/\/hirtshals-kristiansand.com\/da\/fjord-line\/\" \/>\n<meta property=\"og:locale\" content=\"da_DK\" \/>\n<meta property=\"og:type\" content=\"article\" \/>\n<meta property=\"og:title\" content=\"Fjord Line Hirtshals Kristiansand: alle oplysninger\" \/>\n<meta property=\"og:description\" content=\"Alt om Hirsthals Kristiansand overfarten med f\u00e6rgeselskabet Fjord Line: priser, faciliteter, sejlplan (fartplan).\" \/>\n<meta property=\"og:url\" content=\"https:\/\/hirtshals-kristiansand.com\/da\/fjord-line\/\" \/>\n<meta property=\"og:site_name\" content=\"F\u00e6rge Hirtshals Kristiansand\" \/>\n<meta property=\"article:modified_time\" content=\"2024-03-11T16:20:04+00:00\" \/>\n<meta property=\"og:image\" content=\"https:\/\/hirtshals-kristiansand.com\/da\/wp-content\/uploads\/sites\/4\/2024\/03\/fjord-line.jpg\" \/>\n\t<meta property=\"og:image:width\" content=\"1200\" \/>\n\t<meta property=\"og:image:height\" content=\"800\" \/>\n\t<meta property=\"og:image:type\" content=\"image\/jpeg\" \/>\n<meta name=\"twitter:card\" content=\"summary_large_image\" \/>\n<meta name=\"twitter:label1\" content=\"Estimeret l\u00e6setid\" \/>\n\t<meta name=\"twitter:data1\" content=\"3 minutter\" \/>\n<script type=\"application\/ld+json\" class=\"yoast-schema-graph\">{\"@context\":\"https:\\\/\\\/schema.org\",\"@graph\":[{\"@type\":\"WebPage\",\"@id\":\"https:\\\/\\\/hirtshals-kristiansand.com\\\/da\\\/fjord-line\\\/\",\"url\":\"https:\\\/\\\/hirtshals-kristiansand.com\\\/da\\\/fjord-line\\\/\",\"name\":\"Fjord Line Hirtshals Kristiansand: alle oplysninger\",\"isPartOf\":{\"@id\":\"https:\\\/\\\/hirtshals-kristiansand.com\\\/da\\\/#website\"},\"primaryImageOfPage\":{\"@id\":\"https:\\\/\\\/hirtshals-kristiansand.com\\\/da\\\/fjord-line\\\/#primaryimage\"},\"image\":{\"@id\":\"https:\\\/\\\/hirtshals-kristiansand.com\\\/da\\\/fjord-line\\\/#primaryimage\"},\"thumbnailUrl\":\"https:\\\/\\\/hirtshals-kristiansand.com\\\/da\\\/wp-content\\\/uploads\\\/sites\\\/4\\\/2024\\\/03\\\/fjord-line.jpg\",\"datePublished\":\"2024-03-11T10:48:28+00:00\",\"dateModified\":\"2024-03-11T16:20:04+00:00\",\"description\":\"Alt om Hirsthals Kristiansand overfarten med f\u00e6rgeselskabet Fjord Line: priser, faciliteter, sejlplan (fartplan).\",\"breadcrumb\":{\"@id\":\"https:\\\/\\\/hirtshals-kristiansand.com\\\/da\\\/fjord-line\\\/#breadcrumb\"},\"inLanguage\":\"da-DK\",\"potentialAction\":[{\"@type\":\"ReadAction\",\"target\":[\"https:\\\/\\\/hirtshals-kristiansand.com\\\/da\\\/fjord-line\\\/\"]}]},{\"@type\":\"ImageObject\",\"inLanguage\":\"da-DK\",\"@id\":\"https:\\\/\\\/hirtshals-kristiansand.com\\\/da\\\/fjord-line\\\/#primaryimage\",\"url\":\"https:\\\/\\\/hirtshals-kristiansand.com\\\/da\\\/wp-content\\\/uploads\\\/sites\\\/4\\\/2024\\\/03\\\/fjord-line.jpg\",\"contentUrl\":\"https:\\\/\\\/hirtshals-kristiansand.com\\\/da\\\/wp-content\\\/uploads\\\/sites\\\/4\\\/2024\\\/03\\\/fjord-line.jpg\",\"width\":1200,\"height\":800,\"caption\":\"fjord line\"},{\"@type\":\"BreadcrumbList\",\"@id\":\"https:\\\/\\\/hirtshals-kristiansand.com\\\/da\\\/fjord-line\\\/#breadcrumb\",\"itemListElement\":[{\"@type\":\"ListItem\",\"position\":1,\"name\":\"Hirtshals Kristiansand\",\"item\":\"https:\\\/\\\/hirtshals-kristiansand.com\\\/da\\\/\"},{\"@type\":\"ListItem\",\"position\":2,\"name\":\"Fjord Line &#8211; Hirtshals Kristiansand\"}]},{\"@type\":\"WebSite\",\"@id\":\"https:\\\/\\\/hirtshals-kristiansand.com\\\/da\\\/#website\",\"url\":\"https:\\\/\\\/hirtshals-kristiansand.com\\\/da\\\/\",\"name\":\"F\u00e6rge Hirtshals Kristiansand\",\"description\":\"Alt om f\u00e6rgeoverfarten fra Hirtshals til Kristiansand\",\"publisher\":{\"@id\":\"https:\\\/\\\/hirtshals-kristiansand.com\\\/da\\\/#organization\"},\"potentialAction\":[{\"@type\":\"SearchAction\",\"target\":{\"@type\":\"EntryPoint\",\"urlTemplate\":\"https:\\\/\\\/hirtshals-kristiansand.com\\\/da\\\/?s={search_term_string}\"},\"query-input\":{\"@type\":\"PropertyValueSpecification\",\"valueRequired\":true,\"valueName\":\"search_term_string\"}}],\"inLanguage\":\"da-DK\"},{\"@type\":\"Organization\",\"@id\":\"https:\\\/\\\/hirtshals-kristiansand.com\\\/da\\\/#organization\",\"name\":\"F\u00e6rge Hirtshals Kristiansand\",\"url\":\"https:\\\/\\\/hirtshals-kristiansand.com\\\/da\\\/\",\"logo\":{\"@type\":\"ImageObject\",\"inLanguage\":\"da-DK\",\"@id\":\"https:\\\/\\\/hirtshals-kristiansand.com\\\/da\\\/#\\\/schema\\\/logo\\\/image\\\/\",\"url\":\"https:\\\/\\\/hirtshals-kristiansand.com\\\/da\\\/wp-content\\\/uploads\\\/sites\\\/4\\\/2025\\\/05\\\/hirtshals-kristiansand.svg\",\"contentUrl\":\"https:\\\/\\\/hirtshals-kristiansand.com\\\/da\\\/wp-content\\\/uploads\\\/sites\\\/4\\\/2025\\\/05\\\/hirtshals-kristiansand.svg\",\"width\":800,\"height\":256,\"caption\":\"F\u00e6rge Hirtshals Kristiansand\"},\"image\":{\"@id\":\"https:\\\/\\\/hirtshals-kristiansand.com\\\/da\\\/#\\\/schema\\\/logo\\\/image\\\/\"}}]}<\/script>\n<!-- \/ Yoast SEO plugin. -->","yoast_head_json":{"title":"Fjord Line Hirtshals Kristiansand: alle oplysninger","description":"Alt om Hirsthals Kristiansand overfarten med f\u00e6rgeselskabet Fjord Line: priser, faciliteter, sejlplan (fartplan).","robots":{"index":"index","follow":"follow","max-snippet":"max-snippet:-1","max-image-preview":"max-image-preview:large","max-video-preview":"max-video-preview:-1"},"canonical":"https:\/\/hirtshals-kristiansand.com\/da\/fjord-line\/","og_locale":"da_DK","og_type":"article","og_title":"Fjord Line Hirtshals Kristiansand: alle oplysninger","og_description":"Alt om Hirsthals Kristiansand overfarten med f\u00e6rgeselskabet Fjord Line: priser, faciliteter, sejlplan (fartplan).","og_url":"https:\/\/hirtshals-kristiansand.com\/da\/fjord-line\/","og_site_name":"F\u00e6rge Hirtshals Kristiansand","article_modified_time":"2024-03-11T16:20:04+00:00","og_image":[{"width":1200,"height":800,"url":"https:\/\/hirtshals-kristiansand.com\/da\/wp-content\/uploads\/sites\/4\/2024\/03\/fjord-line.jpg","type":"image\/jpeg"}],"twitter_card":"summary_large_image","twitter_misc":{"Estimeret l\u00e6setid":"3 minutter"},"schema":{"@context":"https:\/\/schema.org","@graph":[{"@type":"WebPage","@id":"https:\/\/hirtshals-kristiansand.com\/da\/fjord-line\/","url":"https:\/\/hirtshals-kristiansand.com\/da\/fjord-line\/","name":"Fjord Line Hirtshals Kristiansand: alle oplysninger","isPartOf":{"@id":"https:\/\/hirtshals-kristiansand.com\/da\/#website"},"primaryImageOfPage":{"@id":"https:\/\/hirtshals-kristiansand.com\/da\/fjord-line\/#primaryimage"},"image":{"@id":"https:\/\/hirtshals-kristiansand.com\/da\/fjord-line\/#primaryimage"},"thumbnailUrl":"https:\/\/hirtshals-kristiansand.com\/da\/wp-content\/uploads\/sites\/4\/2024\/03\/fjord-line.jpg","datePublished":"2024-03-11T10:48:28+00:00","dateModified":"2024-03-11T16:20:04+00:00","description":"Alt om Hirsthals Kristiansand overfarten med f\u00e6rgeselskabet Fjord Line: priser, faciliteter, sejlplan (fartplan).","breadcrumb":{"@id":"https:\/\/hirtshals-kristiansand.com\/da\/fjord-line\/#breadcrumb"},"inLanguage":"da-DK","potentialAction":[{"@type":"ReadAction","target":["https:\/\/hirtshals-kristiansand.com\/da\/fjord-line\/"]}]},{"@type":"ImageObject","inLanguage":"da-DK","@id":"https:\/\/hirtshals-kristiansand.com\/da\/fjord-line\/#primaryimage","url":"https:\/\/hirtshals-kristiansand.com\/da\/wp-content\/uploads\/sites\/4\/2024\/03\/fjord-line.jpg","contentUrl":"https:\/\/hirtshals-kristiansand.com\/da\/wp-content\/uploads\/sites\/4\/2024\/03\/fjord-line.jpg","width":1200,"height":800,"caption":"fjord line"},{"@type":"BreadcrumbList","@id":"https:\/\/hirtshals-kristiansand.com\/da\/fjord-line\/#breadcrumb","itemListElement":[{"@type":"ListItem","position":1,"name":"Hirtshals Kristiansand","item":"https:\/\/hirtshals-kristiansand.com\/da\/"},{"@type":"ListItem","position":2,"name":"Fjord Line &#8211; Hirtshals Kristiansand"}]},{"@type":"WebSite","@id":"https:\/\/hirtshals-kristiansand.com\/da\/#website","url":"https:\/\/hirtshals-kristiansand.com\/da\/","name":"F\u00e6rge Hirtshals Kristiansand","description":"Alt om f\u00e6rgeoverfarten fra Hirtshals til Kristiansand","publisher":{"@id":"https:\/\/hirtshals-kristiansand.com\/da\/#organization"},"potentialAction":[{"@type":"SearchAction","target":{"@type":"EntryPoint","urlTemplate":"https:\/\/hirtshals-kristiansand.com\/da\/?s={search_term_string}"},"query-input":{"@type":"PropertyValueSpecification","valueRequired":true,"valueName":"search_term_string"}}],"inLanguage":"da-DK"},{"@type":"Organization","@id":"https:\/\/hirtshals-kristiansand.com\/da\/#organization","name":"F\u00e6rge Hirtshals Kristiansand","url":"https:\/\/hirtshals-kristiansand.com\/da\/","logo":{"@type":"ImageObject","inLanguage":"da-DK","@id":"https:\/\/hirtshals-kristiansand.com\/da\/#\/schema\/logo\/image\/","url":"https:\/\/hirtshals-kristiansand.com\/da\/wp-content\/uploads\/sites\/4\/2025\/05\/hirtshals-kristiansand.svg","contentUrl":"https:\/\/hirtshals-kristiansand.com\/da\/wp-content\/uploads\/sites\/4\/2025\/05\/hirtshals-kristiansand.svg","width":800,"height":256,"caption":"F\u00e6rge Hirtshals Kristiansand"},"image":{"@id":"https:\/\/hirtshals-kristiansand.com\/da\/#\/schema\/logo\/image\/"}}]}},"uagb_featured_image_src":{"full":["https:\/\/hirtshals-kristiansand.com\/da\/wp-content\/uploads\/sites\/4\/2024\/03\/fjord-line.jpg",1200,800,false],"thumbnail":["https:\/\/hirtshals-kristiansand.com\/da\/wp-content\/uploads\/sites\/4\/2024\/03\/fjord-line-150x150.jpg",150,150,true],"medium":["https:\/\/hirtshals-kristiansand.com\/da\/wp-content\/uploads\/sites\/4\/2024\/03\/fjord-line-300x200.jpg",300,200,true],"medium_large":["https:\/\/hirtshals-kristiansand.com\/da\/wp-content\/uploads\/sites\/4\/2024\/03\/fjord-line-768x512.jpg",768,512,true],"large":["https:\/\/hirtshals-kristiansand.com\/da\/wp-content\/uploads\/sites\/4\/2024\/03\/fjord-line-1024x683.jpg",1024,683,true],"1536x1536":["https:\/\/hirtshals-kristiansand.com\/da\/wp-content\/uploads\/sites\/4\/2024\/03\/fjord-line.jpg",1200,800,false],"2048x2048":["https:\/\/hirtshals-kristiansand.com\/da\/wp-content\/uploads\/sites\/4\/2024\/03\/fjord-line.jpg",1200,800,false]},"uagb_author_info":{"display_name":"mail@robberttigchelaar.com","author_link":"https:\/\/hirtshals-kristiansand.com\/da\/author\/mailrobberttigchelaar-com\/"},"uagb_comment_info":0,"uagb_excerpt":"En af operat\u00f8rerne mellem Hirtshals og Kristiansand er Fjord Line. Dette selskab tilbyder en af \u200b\u200bde hurtigste overfarter takket v\u00e6re [&hellip;]","_links":{"self":[{"href":"https:\/\/hirtshals-kristiansand.com\/da\/wp-json\/wp\/v2\/pages\/50","targetHints":{"allow":["GET"]}}],"collection":[{"href":"https:\/\/hirtshals-kristiansand.com\/da\/wp-json\/wp\/v2\/pages"}],"about":[{"href":"https:\/\/hirtshals-kristiansand.com\/da\/wp-json\/wp\/v2\/types\/page"}],"author":[{"embeddable":true,"href":"https:\/\/hirtshals-kristiansand.com\/da\/wp-json\/wp\/v2\/users\/1"}],"replies":[{"embeddable":true,"href":"https:\/\/hirtshals-kristiansand.com\/da\/wp-json\/wp\/v2\/comments?post=50"}],"version-history":[{"count":2,"href":"https:\/\/hirtshals-kristiansand.com\/da\/wp-json\/wp\/v2\/pages\/50\/revisions"}],"predecessor-version":[{"id":111,"href":"https:\/\/hirtshals-kristiansand.com\/da\/wp-json\/wp\/v2\/pages\/50\/revisions\/111"}],"wp:featuredmedia":[{"embeddable":true,"href":"https:\/\/hirtshals-kristiansand.com\/da\/wp-json\/wp\/v2\/media\/118"}],"wp:attachment":[{"href":"https:\/\/hirtshals-kristiansand.com\/da\/wp-json\/wp\/v2\/media?parent=50"}],"curies":[{"name":"wp","href":"https:\/\/api.w.org\/{rel}","templated":true}]}}