{"id":47,"date":"2024-03-11T10:39:20","date_gmt":"2024-03-11T10:39:20","guid":{"rendered":"https:\/\/hirtshals-kristiansand.com\/da\/?page_id=47"},"modified":"2024-03-11T16:14:31","modified_gmt":"2024-03-11T16:14:31","slug":"color-line","status":"publish","type":"page","link":"https:\/\/hirtshals-kristiansand.com\/da\/color-line\/","title":{"rendered":"Color Line &#8211; Hirtshals Kristiansand"},"content":{"rendered":"\n<p>Color Line er en af \u200b\u200bde operat\u00f8rer, der tilbyder Hirtshals Kirstiansand overfarten. Vil du vide mere om dette samfund? S\u00e5 er du kommet til det rigtige sted: Jeg har listet alt, hvad du har brug for at vide. Fra faciliteterne ombord til eventuelle ekstra muligheder, som du kan booke.\ud83d\udc47<\/p>\n\n\n\n<h2 class=\"wp-block-heading\">Generel information<\/h2>\n\n\n\n<p>Se generel information om Color Line-krydset mellem Hirtshals og Kristiandsand nedenfor:<\/p>\n\n\n\n<ul class=\"wp-block-list\">\n<li><strong>Varighed: <\/strong>3,15 timer \/ 3,45 timer<\/li>\n\n\n\n<li><strong>Boot:<\/strong> Color Line SuperSpeed \u200b\u200b\u200b\u200b1<\/li>\n\n\n\n<li><strong>Antal afgange: <\/strong>2 pr. dag<\/li>\n\n\n\n<li><strong>Priser: <\/strong><a href=\"https:\/\/hirtshals-kristiansand.com\/da\/go\/prices\" target=\"_blank\" rel=\"noreferrer noopener\">fra 139 euro<\/a><\/li>\n<\/ul>\n\n\n\n<h2 class=\"wp-block-heading\">Faciliteter ombord p\u00e5 Color Line<\/h2>\n\n\n\n<p>Color Line sejler mellem <a href=\"https:\/\/hirtshals-kristiansand.com\/da\/kristiansand-havn\/\">havnen i Kristiansand<\/a> og <a href=\"https:\/\/hirtshals-kristiansand.com\/da\/hirtshals-havn\/\">Hirtshals Haven<\/a> med SuperSpeed \u200b\u200b1. Ombord p\u00e5 denne f\u00e6rge er der forskellige faciliteter, der g\u00f8r overfarten afslappet\ud83e\uddd8. T\u00e6nk p\u00e5 butikker, restauranter og barer. Alle faciliteter p\u00e5 et \u00f8jeblik:<\/p>\n\n\n\n<ul class=\"wp-block-list\">\n<li>Butikker<\/li>\n\n\n\n<li>Restauranter<\/li>\n\n\n\n<li>Tr\u00e5dl\u00f8st internet<\/li>\n\n\n\n<li>Legeplads for b\u00f8rn<\/li>\n\n\n\n<li>Tv-rum<\/li>\n\n\n\n<li>Bagageskabe<\/li>\n\n\n\n<li>ATM<\/li>\n\n\n\n<li>Pladser (<a href=\"https:\/\/hirtshals-kristiansand.com\/da\/go\/prices\" target=\"_blank\" rel=\"noreferrer noopener\">du skal bestille disse separat<\/a>)<\/li>\n\n\n\n<li>Toiletter<\/li>\n<\/ul>\n\n\n\n<p>Vil du vide mere om denne f\u00e6rge? Se derefter den komplette informationsside om <a href=\"https:\/\/hirtshals-kristiansand.com\/da\/color-line-superspeed-1\/\">Color Line SuperSpeed \u200b\u200b\u200b\u200b1<\/a>.<\/p>\n\n\n\n<h2 class=\"wp-block-heading\">Vigtigt at vide<\/h2>\n\n\n\n<p>Der er nogle vigtige regler, som Color Line l\u00e6gger v\u00e6gt p\u00e5 for deres krydsninger:<\/p>\n\n\n\n<ul class=\"wp-block-list\">\n<li><strong>Bevis for ID:<\/strong> I Norge foretages gr\u00e6nsekontrol ved alle overfarter fra Danmark. S\u00e5 medbring dit pas eller identitetskort.\ud83e\udeaa<\/li>\n\n\n\n<li><strong>Aldersgr\u00e6nser:<\/strong> Color Line anvender en aldersgr\u00e6nse p\u00e5 16 \u00e5r for overfarter og 20 \u00e5r for dagsture.<\/li>\n\n\n\n<li><strong>Check-in:<\/strong> Hos Color Line skal du ankomme til terminalen mindst 60 minutter f\u00f8r afgang. Tjek <a href=\"https:\/\/hirtshals-kristiansand.com\/da\/sejlplan\/\">Hirstshals Kristiansand sejlplan<\/a> og kom til tiden.<\/li>\n\n\n\n<li><strong>Valuta:<\/strong> Kun euro, danske kroner og norske kroner accepteres som valuta ombord.<\/li>\n<\/ul>\n\n\n\n<h3 class=\"wp-block-heading\">Dyr om bord p\u00e5 Color Line?<\/h3>\n\n\n\n<p>\ud83d\udc36 N\u00e5r du rejser med et dyr, anvender Color Line f\u00f8lgende regler:<\/p>\n\n\n\n<ul class=\"wp-block-list\">\n<li>Dyret skal forblive i bilen eller i et bur p\u00e5 bild\u00e6kket<\/li>\n\n\n\n<li>Ejer er ansvarlig for tilsyn med dyret<\/li>\n\n\n\n<li>I Norge skal hunde hele tiden v\u00e6re i snor<\/li>\n\n\n\n<li>Mindst \u00e9n dyrepasser pr. to dyr<\/li>\n\n\n\n<li>Alle n\u00f8dvendige veterin\u00e6rpapirer skal v\u00e6re til stede<\/li>\n\n\n\n<li>Yderligere omkostninger vil blive opkr\u00e6vet: 14 euro for et dyr i et bur, 8 euro for et dyr i bilen<\/li>\n<\/ul>\n\n\n\n<p>Der er undtagelser for assistancehunde eller f\u00f8rerhunde for blinde\ud83e\uddae. Synshandicappede eller blinde passagerer, der rejser uden selskab, m\u00e5 tage dem med ind i de dertil indrettede kahytter. <strong>Der skal laves en s\u00e6rlig reservation til dette.<\/strong> Dette kan ske telefonisk p\u00e5 0800 66 66 111.<\/p>\n\n\n\n<h2 class=\"wp-block-heading\">Color Line kontaktoplysninger<\/h2>\n\n\n\n<p>Color Line kundeservice kan n\u00e5s p\u00e5 forskellige m\u00e5der. Se Color Lines generelle kontaktoplysninger nedenfor:<\/p>\n\n\n\n<ul class=\"wp-block-list\">\n<li><strong>E-mailadresse: <\/strong>kundeservice@colorline.no<\/li>\n\n\n\n<li><strong>Telefonnummer: <\/strong>+45 99 56 19 00<\/li>\n\n\n\n<li><strong>Hjemmeside:<\/strong> <a href=\"https:\/\/www.colorline.dk\/\" target=\"_blank\" rel=\"noreferrer noopener\">https:\/\/www.colorline.dk\/<\/a><\/li>\n<\/ul>\n\n\n\n<p>Nysgerrig efter adresse og kontaktoplysninger p\u00e5 de specifikke terminaler? Tjek disse fra begge porte:<\/p>\n\n\n\n<ul class=\"wp-block-list\">\n<li><a href=\"https:\/\/hirtshals-kristiansand.com\/da\/hirtshals-havn\/color-line-terminal\/\">Color Line Terminal Hirtshals<\/a><\/li>\n\n\n\n<li><a href=\"https:\/\/hirtshals-kristiansand.com\/da\/kristiansand-havn\/color-line-terminal\/\">Color Line Terminal Kristiansand<\/a><\/li>\n<\/ul>\n","protected":false},"excerpt":{"rendered":"<p>Color Line er en af \u200b\u200bde operat\u00f8rer, der tilbyder Hirtshals Kirstiansand overfarten. Vil du vide mere om dette samfund? S\u00e5 [&hellip;]<\/p>\n","protected":false},"author":1,"featured_media":117,"parent":0,"menu_order":0,"comment_status":"closed","ping_status":"closed","template":"","meta":{"inline_featured_image":false,"_uag_custom_page_level_css":"","site-sidebar-layout":"default","site-content-layout":"","ast-site-content-layout":"default","site-content-style":"default","site-sidebar-style":"default","ast-global-header-display":"","ast-banner-title-visibility":"","ast-main-header-display":"","ast-hfb-above-header-display":"","ast-hfb-below-header-display":"","ast-hfb-mobile-header-display":"","site-post-title":"","ast-breadcrumbs-content":"","ast-featured-img":"","footer-sml-layout":"","ast-disable-related-posts":"","theme-transparent-header-meta":"","adv-header-id-meta":"","stick-header-meta":"","header-above-stick-meta":"","header-main-stick-meta":"","header-below-stick-meta":"","astra-migrate-meta-layouts":"default","ast-page-background-enabled":"default","ast-page-background-meta":{"desktop":{"background-color":"var(--ast-global-color-4)","background-image":"","background-repeat":"repeat","background-position":"center center","background-size":"auto","background-attachment":"scroll","background-type":"","background-media":"","overlay-type":"","overlay-color":"","overlay-opacity":"","overlay-gradient":""},"tablet":{"background-color":"","background-image":"","background-repeat":"repeat","background-position":"center center","background-size":"auto","background-attachment":"scroll","background-type":"","background-media":"","overlay-type":"","overlay-color":"","overlay-opacity":"","overlay-gradient":""},"mobile":{"background-color":"","background-image":"","background-repeat":"repeat","background-position":"center center","background-size":"auto","background-attachment":"scroll","background-type":"","background-media":"","overlay-type":"","overlay-color":"","overlay-opacity":"","overlay-gradient":""}},"ast-content-background-meta":{"desktop":{"background-color":"var(--ast-global-color-5)","background-image":"","background-repeat":"repeat","background-position":"center center","background-size":"auto","background-attachment":"scroll","background-type":"","background-media":"","overlay-type":"","overlay-color":"","overlay-opacity":"","overlay-gradient":""},"tablet":{"background-color":"var(--ast-global-color-5)","background-image":"","background-repeat":"repeat","background-position":"center center","background-size":"auto","background-attachment":"scroll","background-type":"","background-media":"","overlay-type":"","overlay-color":"","overlay-opacity":"","overlay-gradient":""},"mobile":{"background-color":"var(--ast-global-color-5)","background-image":"","background-repeat":"repeat","background-position":"center center","background-size":"auto","background-attachment":"scroll","background-type":"","background-media":"","overlay-type":"","overlay-color":"","overlay-opacity":"","overlay-gradient":""}},"footnotes":""},"class_list":["post-47","page","type-page","status-publish","has-post-thumbnail","hentry"],"yoast_head":"<!-- This site is optimized with the Yoast SEO plugin v27.5 - https:\/\/yoast.com\/product\/yoast-seo-wordpress\/ -->\n<title>Color Line F\u00e6rgeoverfart Hirtshals Kristiansand<\/title>\n<meta name=\"description\" content=\"Alt hvad du beh\u00f8ver at vide om Color Lines Hirtshals Kristiansand f\u00e6rgeoverfart: check-in, terminaler og faciliteter.\" \/>\n<meta name=\"robots\" content=\"index, follow, max-snippet:-1, max-image-preview:large, max-video-preview:-1\" \/>\n<link rel=\"canonical\" href=\"https:\/\/hirtshals-kristiansand.com\/da\/color-line\/\" \/>\n<meta property=\"og:locale\" content=\"da_DK\" \/>\n<meta property=\"og:type\" content=\"article\" \/>\n<meta property=\"og:title\" content=\"Color Line F\u00e6rgeoverfart Hirtshals Kristiansand\" \/>\n<meta property=\"og:description\" content=\"Alt hvad du beh\u00f8ver at vide om Color Lines Hirtshals Kristiansand f\u00e6rgeoverfart: check-in, terminaler og faciliteter.\" \/>\n<meta property=\"og:url\" content=\"https:\/\/hirtshals-kristiansand.com\/da\/color-line\/\" \/>\n<meta property=\"og:site_name\" content=\"F\u00e6rge Hirtshals Kristiansand\" \/>\n<meta property=\"article:modified_time\" content=\"2024-03-11T16:14:31+00:00\" \/>\n<meta property=\"og:image\" content=\"https:\/\/hirtshals-kristiansand.com\/da\/wp-content\/uploads\/sites\/4\/2024\/03\/color-line.jpg\" \/>\n\t<meta property=\"og:image:width\" content=\"1200\" \/>\n\t<meta property=\"og:image:height\" content=\"800\" \/>\n\t<meta property=\"og:image:type\" content=\"image\/jpeg\" \/>\n<meta name=\"twitter:card\" content=\"summary_large_image\" \/>\n<meta name=\"twitter:label1\" content=\"Estimeret l\u00e6setid\" \/>\n\t<meta name=\"twitter:data1\" content=\"2 minutter\" \/>\n<script type=\"application\/ld+json\" class=\"yoast-schema-graph\">{\"@context\":\"https:\\\/\\\/schema.org\",\"@graph\":[{\"@type\":\"WebPage\",\"@id\":\"https:\\\/\\\/hirtshals-kristiansand.com\\\/da\\\/color-line\\\/\",\"url\":\"https:\\\/\\\/hirtshals-kristiansand.com\\\/da\\\/color-line\\\/\",\"name\":\"Color Line F\u00e6rgeoverfart Hirtshals Kristiansand\",\"isPartOf\":{\"@id\":\"https:\\\/\\\/hirtshals-kristiansand.com\\\/da\\\/#website\"},\"primaryImageOfPage\":{\"@id\":\"https:\\\/\\\/hirtshals-kristiansand.com\\\/da\\\/color-line\\\/#primaryimage\"},\"image\":{\"@id\":\"https:\\\/\\\/hirtshals-kristiansand.com\\\/da\\\/color-line\\\/#primaryimage\"},\"thumbnailUrl\":\"https:\\\/\\\/hirtshals-kristiansand.com\\\/da\\\/wp-content\\\/uploads\\\/sites\\\/4\\\/2024\\\/03\\\/color-line.jpg\",\"datePublished\":\"2024-03-11T10:39:20+00:00\",\"dateModified\":\"2024-03-11T16:14:31+00:00\",\"description\":\"Alt hvad du beh\u00f8ver at vide om Color Lines Hirtshals Kristiansand f\u00e6rgeoverfart: check-in, terminaler og faciliteter.\",\"breadcrumb\":{\"@id\":\"https:\\\/\\\/hirtshals-kristiansand.com\\\/da\\\/color-line\\\/#breadcrumb\"},\"inLanguage\":\"da-DK\",\"potentialAction\":[{\"@type\":\"ReadAction\",\"target\":[\"https:\\\/\\\/hirtshals-kristiansand.com\\\/da\\\/color-line\\\/\"]}]},{\"@type\":\"ImageObject\",\"inLanguage\":\"da-DK\",\"@id\":\"https:\\\/\\\/hirtshals-kristiansand.com\\\/da\\\/color-line\\\/#primaryimage\",\"url\":\"https:\\\/\\\/hirtshals-kristiansand.com\\\/da\\\/wp-content\\\/uploads\\\/sites\\\/4\\\/2024\\\/03\\\/color-line.jpg\",\"contentUrl\":\"https:\\\/\\\/hirtshals-kristiansand.com\\\/da\\\/wp-content\\\/uploads\\\/sites\\\/4\\\/2024\\\/03\\\/color-line.jpg\",\"width\":1200,\"height\":800,\"caption\":\"color line\"},{\"@type\":\"BreadcrumbList\",\"@id\":\"https:\\\/\\\/hirtshals-kristiansand.com\\\/da\\\/color-line\\\/#breadcrumb\",\"itemListElement\":[{\"@type\":\"ListItem\",\"position\":1,\"name\":\"Hirtshals Kristiansand\",\"item\":\"https:\\\/\\\/hirtshals-kristiansand.com\\\/da\\\/\"},{\"@type\":\"ListItem\",\"position\":2,\"name\":\"Color Line &#8211; Hirtshals Kristiansand\"}]},{\"@type\":\"WebSite\",\"@id\":\"https:\\\/\\\/hirtshals-kristiansand.com\\\/da\\\/#website\",\"url\":\"https:\\\/\\\/hirtshals-kristiansand.com\\\/da\\\/\",\"name\":\"F\u00e6rge Hirtshals Kristiansand\",\"description\":\"Alt om f\u00e6rgeoverfarten fra Hirtshals til Kristiansand\",\"publisher\":{\"@id\":\"https:\\\/\\\/hirtshals-kristiansand.com\\\/da\\\/#organization\"},\"potentialAction\":[{\"@type\":\"SearchAction\",\"target\":{\"@type\":\"EntryPoint\",\"urlTemplate\":\"https:\\\/\\\/hirtshals-kristiansand.com\\\/da\\\/?s={search_term_string}\"},\"query-input\":{\"@type\":\"PropertyValueSpecification\",\"valueRequired\":true,\"valueName\":\"search_term_string\"}}],\"inLanguage\":\"da-DK\"},{\"@type\":\"Organization\",\"@id\":\"https:\\\/\\\/hirtshals-kristiansand.com\\\/da\\\/#organization\",\"name\":\"F\u00e6rge Hirtshals Kristiansand\",\"url\":\"https:\\\/\\\/hirtshals-kristiansand.com\\\/da\\\/\",\"logo\":{\"@type\":\"ImageObject\",\"inLanguage\":\"da-DK\",\"@id\":\"https:\\\/\\\/hirtshals-kristiansand.com\\\/da\\\/#\\\/schema\\\/logo\\\/image\\\/\",\"url\":\"https:\\\/\\\/hirtshals-kristiansand.com\\\/da\\\/wp-content\\\/uploads\\\/sites\\\/4\\\/2025\\\/05\\\/hirtshals-kristiansand.svg\",\"contentUrl\":\"https:\\\/\\\/hirtshals-kristiansand.com\\\/da\\\/wp-content\\\/uploads\\\/sites\\\/4\\\/2025\\\/05\\\/hirtshals-kristiansand.svg\",\"width\":800,\"height\":256,\"caption\":\"F\u00e6rge Hirtshals Kristiansand\"},\"image\":{\"@id\":\"https:\\\/\\\/hirtshals-kristiansand.com\\\/da\\\/#\\\/schema\\\/logo\\\/image\\\/\"}}]}<\/script>\n<!-- \/ Yoast SEO plugin. -->","yoast_head_json":{"title":"Color Line F\u00e6rgeoverfart Hirtshals Kristiansand","description":"Alt hvad du beh\u00f8ver at vide om Color Lines Hirtshals Kristiansand f\u00e6rgeoverfart: check-in, terminaler og faciliteter.","robots":{"index":"index","follow":"follow","max-snippet":"max-snippet:-1","max-image-preview":"max-image-preview:large","max-video-preview":"max-video-preview:-1"},"canonical":"https:\/\/hirtshals-kristiansand.com\/da\/color-line\/","og_locale":"da_DK","og_type":"article","og_title":"Color Line F\u00e6rgeoverfart Hirtshals Kristiansand","og_description":"Alt hvad du beh\u00f8ver at vide om Color Lines Hirtshals Kristiansand f\u00e6rgeoverfart: check-in, terminaler og faciliteter.","og_url":"https:\/\/hirtshals-kristiansand.com\/da\/color-line\/","og_site_name":"F\u00e6rge Hirtshals Kristiansand","article_modified_time":"2024-03-11T16:14:31+00:00","og_image":[{"width":1200,"height":800,"url":"https:\/\/hirtshals-kristiansand.com\/da\/wp-content\/uploads\/sites\/4\/2024\/03\/color-line.jpg","type":"image\/jpeg"}],"twitter_card":"summary_large_image","twitter_misc":{"Estimeret l\u00e6setid":"2 minutter"},"schema":{"@context":"https:\/\/schema.org","@graph":[{"@type":"WebPage","@id":"https:\/\/hirtshals-kristiansand.com\/da\/color-line\/","url":"https:\/\/hirtshals-kristiansand.com\/da\/color-line\/","name":"Color Line F\u00e6rgeoverfart Hirtshals Kristiansand","isPartOf":{"@id":"https:\/\/hirtshals-kristiansand.com\/da\/#website"},"primaryImageOfPage":{"@id":"https:\/\/hirtshals-kristiansand.com\/da\/color-line\/#primaryimage"},"image":{"@id":"https:\/\/hirtshals-kristiansand.com\/da\/color-line\/#primaryimage"},"thumbnailUrl":"https:\/\/hirtshals-kristiansand.com\/da\/wp-content\/uploads\/sites\/4\/2024\/03\/color-line.jpg","datePublished":"2024-03-11T10:39:20+00:00","dateModified":"2024-03-11T16:14:31+00:00","description":"Alt hvad du beh\u00f8ver at vide om Color Lines Hirtshals Kristiansand f\u00e6rgeoverfart: check-in, terminaler og faciliteter.","breadcrumb":{"@id":"https:\/\/hirtshals-kristiansand.com\/da\/color-line\/#breadcrumb"},"inLanguage":"da-DK","potentialAction":[{"@type":"ReadAction","target":["https:\/\/hirtshals-kristiansand.com\/da\/color-line\/"]}]},{"@type":"ImageObject","inLanguage":"da-DK","@id":"https:\/\/hirtshals-kristiansand.com\/da\/color-line\/#primaryimage","url":"https:\/\/hirtshals-kristiansand.com\/da\/wp-content\/uploads\/sites\/4\/2024\/03\/color-line.jpg","contentUrl":"https:\/\/hirtshals-kristiansand.com\/da\/wp-content\/uploads\/sites\/4\/2024\/03\/color-line.jpg","width":1200,"height":800,"caption":"color line"},{"@type":"BreadcrumbList","@id":"https:\/\/hirtshals-kristiansand.com\/da\/color-line\/#breadcrumb","itemListElement":[{"@type":"ListItem","position":1,"name":"Hirtshals Kristiansand","item":"https:\/\/hirtshals-kristiansand.com\/da\/"},{"@type":"ListItem","position":2,"name":"Color Line &#8211; Hirtshals Kristiansand"}]},{"@type":"WebSite","@id":"https:\/\/hirtshals-kristiansand.com\/da\/#website","url":"https:\/\/hirtshals-kristiansand.com\/da\/","name":"F\u00e6rge Hirtshals Kristiansand","description":"Alt om f\u00e6rgeoverfarten fra Hirtshals til Kristiansand","publisher":{"@id":"https:\/\/hirtshals-kristiansand.com\/da\/#organization"},"potentialAction":[{"@type":"SearchAction","target":{"@type":"EntryPoint","urlTemplate":"https:\/\/hirtshals-kristiansand.com\/da\/?s={search_term_string}"},"query-input":{"@type":"PropertyValueSpecification","valueRequired":true,"valueName":"search_term_string"}}],"inLanguage":"da-DK"},{"@type":"Organization","@id":"https:\/\/hirtshals-kristiansand.com\/da\/#organization","name":"F\u00e6rge Hirtshals Kristiansand","url":"https:\/\/hirtshals-kristiansand.com\/da\/","logo":{"@type":"ImageObject","inLanguage":"da-DK","@id":"https:\/\/hirtshals-kristiansand.com\/da\/#\/schema\/logo\/image\/","url":"https:\/\/hirtshals-kristiansand.com\/da\/wp-content\/uploads\/sites\/4\/2025\/05\/hirtshals-kristiansand.svg","contentUrl":"https:\/\/hirtshals-kristiansand.com\/da\/wp-content\/uploads\/sites\/4\/2025\/05\/hirtshals-kristiansand.svg","width":800,"height":256,"caption":"F\u00e6rge Hirtshals Kristiansand"},"image":{"@id":"https:\/\/hirtshals-kristiansand.com\/da\/#\/schema\/logo\/image\/"}}]}},"uagb_featured_image_src":{"full":["https:\/\/hirtshals-kristiansand.com\/da\/wp-content\/uploads\/sites\/4\/2024\/03\/color-line.jpg",1200,800,false],"thumbnail":["https:\/\/hirtshals-kristiansand.com\/da\/wp-content\/uploads\/sites\/4\/2024\/03\/color-line-150x150.jpg",150,150,true],"medium":["https:\/\/hirtshals-kristiansand.com\/da\/wp-content\/uploads\/sites\/4\/2024\/03\/color-line-300x200.jpg",300,200,true],"medium_large":["https:\/\/hirtshals-kristiansand.com\/da\/wp-content\/uploads\/sites\/4\/2024\/03\/color-line-768x512.jpg",768,512,true],"large":["https:\/\/hirtshals-kristiansand.com\/da\/wp-content\/uploads\/sites\/4\/2024\/03\/color-line-1024x683.jpg",1024,683,true],"1536x1536":["https:\/\/hirtshals-kristiansand.com\/da\/wp-content\/uploads\/sites\/4\/2024\/03\/color-line.jpg",1200,800,false],"2048x2048":["https:\/\/hirtshals-kristiansand.com\/da\/wp-content\/uploads\/sites\/4\/2024\/03\/color-line.jpg",1200,800,false]},"uagb_author_info":{"display_name":"mail@robberttigchelaar.com","author_link":"https:\/\/hirtshals-kristiansand.com\/da\/author\/mailrobberttigchelaar-com\/"},"uagb_comment_info":0,"uagb_excerpt":"Color Line er en af \u200b\u200bde operat\u00f8rer, der tilbyder Hirtshals Kirstiansand overfarten. Vil du vide mere om dette samfund? S\u00e5 [&hellip;]","_links":{"self":[{"href":"https:\/\/hirtshals-kristiansand.com\/da\/wp-json\/wp\/v2\/pages\/47","targetHints":{"allow":["GET"]}}],"collection":[{"href":"https:\/\/hirtshals-kristiansand.com\/da\/wp-json\/wp\/v2\/pages"}],"about":[{"href":"https:\/\/hirtshals-kristiansand.com\/da\/wp-json\/wp\/v2\/types\/page"}],"author":[{"embeddable":true,"href":"https:\/\/hirtshals-kristiansand.com\/da\/wp-json\/wp\/v2\/users\/1"}],"replies":[{"embeddable":true,"href":"https:\/\/hirtshals-kristiansand.com\/da\/wp-json\/wp\/v2\/comments?post=47"}],"version-history":[{"count":3,"href":"https:\/\/hirtshals-kristiansand.com\/da\/wp-json\/wp\/v2\/pages\/47\/revisions"}],"predecessor-version":[{"id":110,"href":"https:\/\/hirtshals-kristiansand.com\/da\/wp-json\/wp\/v2\/pages\/47\/revisions\/110"}],"wp:featuredmedia":[{"embeddable":true,"href":"https:\/\/hirtshals-kristiansand.com\/da\/wp-json\/wp\/v2\/media\/117"}],"wp:attachment":[{"href":"https:\/\/hirtshals-kristiansand.com\/da\/wp-json\/wp\/v2\/media?parent=47"}],"curies":[{"name":"wp","href":"https:\/\/api.w.org\/{rel}","templated":true}]}}