{"id":123,"date":"2024-03-12T11:39:08","date_gmt":"2024-03-12T11:39:08","guid":{"rendered":"https:\/\/hirtshals-kristiansand.com\/da\/?page_id=123"},"modified":"2026-04-21T08:20:15","modified_gmt":"2026-04-21T08:20:15","slug":"priser","status":"publish","type":"page","link":"https:\/\/hirtshals-kristiansand.com\/da\/priser\/","title":{"rendered":"Hirtshals Kristiansand Pris"},"content":{"rendered":"\n<p>Fordi der er to f\u00e6rgeselskaber, der sejler mellem Hirtshals og Kristiansand, er det interessant at se n\u00e6rmere p\u00e5 prisen. Du kan sammenligne de to udbydere og <strong>dermed booke den billigste overfart<\/strong>.\ud83e\udd11 P\u00e5 denne side fort\u00e6ller jeg dig alt, hvad du beh\u00f8ver at vide om prisen p\u00e5 en f\u00e6rgeoverfart mellem Hirtshals og Kristiansand.<\/p>\n\n\n\n<h2 class=\"wp-block-heading\">Bestil den billigste overfart med det samme<\/h2>\n\n\n\n<p>To operat\u00f8rer sejler mellem <a href=\"https:\/\/hirtshals-kristiansand.com\/da\/hirtshals-havn\/\">Hirtshals Havn<\/a> og <a href=\"https:\/\/hirtshals-kristiansand.com\/da\/kristiansand-havn\/\">Kristiansand Havn<\/a>: Color Line og Fjord Line. For straks at booke den billigste overfart, kan du bruge bookingmodulet nedenfor.<\/p>\n\n\n\n<h2 class=\"wp-block-heading\">Disse faktorer p\u00e5virker prisen<\/h2>\n\n\n\n<p>Der er en r\u00e6kke faktorer, der p\u00e5virker prisen. Kommer du ombord som g\u00e5ende passager\ud83d\udeb6, vil det naturligvis v\u00e6re en del billigere, end hvis du vil rejse mellem Danmark og Norge med bil og campingvogn eller autocamper\ud83d\ude90.<\/p>\n\n\n\n<p>Disse faktorer spiller en rolle i den endelige pris p\u00e5 f\u00e6rgebilletterne:<\/p>\n\n\n\n<ul class=\"wp-block-list\">\n<li>K\u00f8ret\u00f8j (Cykel, bil, autocamper, motorcykel (og sidevogn), minibus eller varevogn) + Bagage p\u00e5 k\u00f8ret\u00f8jet (cykler, kufferter, campingvogn\/trailer)<\/li>\n\n\n\n<li>Enkeltvej eller retur<\/li>\n\n\n\n<li>Antal personer (voksne\/b\u00f8rn)<\/li>\n\n\n\n<li>K\u00e6ledyr<\/li>\n\n\n\n<li>Datoer (lav- eller h\u00f8js\u00e6son)<\/li>\n\n\n\n<li>Faciliteter om bord (f.eks. pladser ved <a href=\"https:\/\/hirtshals-kristiansand.com\/da\/fjord-fstr\/\">Fjord FSTR<\/a> eller en kahyt ved <a href=\"https:\/\/hirtshals-kristiansand.com\/da\/ms-stavangerfjord\/\">MS Stavangerfjord<\/a>\/<a href=\"https:\/\/hirtshals-kristiansand.com\/da\/ms-bergensfjord\/\">MS Bergensfjord<\/a>)<\/li>\n\n\n\n<li>Afbestillingsmuligheder<\/li>\n<\/ul>\n\n\n\n<h2 class=\"wp-block-heading\">Tips til billige billetter<\/h2>\n\n\n\n<p>Jeg vil gerne give dig en r\u00e6kke tips til aldrig at betale for meget for f\u00e6rgeoverfarten.<\/p>\n\n\n\n<ul class=\"wp-block-list\">\n<li>Bestil altid i god tid<\/li>\n\n\n\n<li>Rejs s\u00e5 meget som muligt uden for h\u00f8js\u00e6sonen<\/li>\n\n\n\n<li>Afgange p\u00e5 mindre popul\u00e6re hverdage (t\u00e6nk tirsdag i stedet for fredag)<\/li>\n\n\n\n<li>Sammenlign altid de aktuelle priser p\u00e5 Color Line og Fjord Line\u2696\ufe0f (<a href=\"https:\/\/hirtshals-kristiansand.com\/da\/go\/prices\">det kan du g\u00f8re her<\/a>)<\/li>\n<\/ul>\n\n\n\n<h3 class=\"wp-block-heading\">Tag ekstra omkostninger i betragtning<\/h3>\n\n\n\n<p>Endelig skal du stadig tage h\u00f8jde for ekstra omkostninger. For eksempel kan turistskat og\/eller administrationsomkostninger g\u00e6lde for en overnatning.<\/p>\n","protected":false},"excerpt":{"rendered":"<p>Fordi der er to f\u00e6rgeselskaber, der sejler mellem Hirtshals og Kristiansand, er det interessant at se n\u00e6rmere p\u00e5 prisen. Du [&hellip;]<\/p>\n","protected":false},"author":1,"featured_media":0,"parent":0,"menu_order":0,"comment_status":"closed","ping_status":"closed","template":"","meta":{"inline_featured_image":false,"_uag_custom_page_level_css":"","site-sidebar-layout":"default","site-content-layout":"","ast-site-content-layout":"default","site-content-style":"default","site-sidebar-style":"default","ast-global-header-display":"","ast-banner-title-visibility":"","ast-main-header-display":"","ast-hfb-above-header-display":"","ast-hfb-below-header-display":"","ast-hfb-mobile-header-display":"","site-post-title":"","ast-breadcrumbs-content":"","ast-featured-img":"","footer-sml-layout":"","ast-disable-related-posts":"","theme-transparent-header-meta":"","adv-header-id-meta":"","stick-header-meta":"","header-above-stick-meta":"","header-main-stick-meta":"","header-below-stick-meta":"","astra-migrate-meta-layouts":"default","ast-page-background-enabled":"default","ast-page-background-meta":{"desktop":{"background-color":"var(--ast-global-color-4)","background-image":"","background-repeat":"repeat","background-position":"center center","background-size":"auto","background-attachment":"scroll","background-type":"","background-media":"","overlay-type":"","overlay-color":"","overlay-opacity":"","overlay-gradient":""},"tablet":{"background-color":"","background-image":"","background-repeat":"repeat","background-position":"center center","background-size":"auto","background-attachment":"scroll","background-type":"","background-media":"","overlay-type":"","overlay-color":"","overlay-opacity":"","overlay-gradient":""},"mobile":{"background-color":"","background-image":"","background-repeat":"repeat","background-position":"center center","background-size":"auto","background-attachment":"scroll","background-type":"","background-media":"","overlay-type":"","overlay-color":"","overlay-opacity":"","overlay-gradient":""}},"ast-content-background-meta":{"desktop":{"background-color":"var(--ast-global-color-5)","background-image":"","background-repeat":"repeat","background-position":"center center","background-size":"auto","background-attachment":"scroll","background-type":"","background-media":"","overlay-type":"","overlay-color":"","overlay-opacity":"","overlay-gradient":""},"tablet":{"background-color":"var(--ast-global-color-5)","background-image":"","background-repeat":"repeat","background-position":"center center","background-size":"auto","background-attachment":"scroll","background-type":"","background-media":"","overlay-type":"","overlay-color":"","overlay-opacity":"","overlay-gradient":""},"mobile":{"background-color":"var(--ast-global-color-5)","background-image":"","background-repeat":"repeat","background-position":"center center","background-size":"auto","background-attachment":"scroll","background-type":"","background-media":"","overlay-type":"","overlay-color":"","overlay-opacity":"","overlay-gradient":""}},"footnotes":""},"class_list":["post-123","page","type-page","status-publish","hentry"],"yoast_head":"<!-- This site is optimized with the Yoast SEO plugin v27.6 - https:\/\/yoast.com\/product\/yoast-seo-wordpress\/ -->\n<title>Hirtshals Kristiansand Pris - F\u00e6rge Hirtshals Kristiansand<\/title>\n<meta name=\"description\" content=\"Se og sammenlign f\u00e6rgepriserne for Color Line og Fjord Line for en sejlads mellem Hirtshals og Kristiansand her.\" \/>\n<meta name=\"robots\" content=\"index, follow, max-snippet:-1, max-image-preview:large, max-video-preview:-1\" \/>\n<link rel=\"canonical\" href=\"https:\/\/hirtshals-kristiansand.com\/da\/priser\/\" \/>\n<meta property=\"og:locale\" content=\"da_DK\" \/>\n<meta property=\"og:type\" content=\"article\" \/>\n<meta property=\"og:title\" content=\"Hirtshals Kristiansand Pris - F\u00e6rge Hirtshals Kristiansand\" \/>\n<meta property=\"og:description\" content=\"Se og sammenlign f\u00e6rgepriserne for Color Line og Fjord Line for en sejlads mellem Hirtshals og Kristiansand her.\" \/>\n<meta property=\"og:url\" content=\"https:\/\/hirtshals-kristiansand.com\/da\/priser\/\" \/>\n<meta property=\"og:site_name\" content=\"F\u00e6rge Hirtshals Kristiansand\" \/>\n<meta property=\"article:modified_time\" content=\"2026-04-21T08:20:15+00:00\" \/>\n<meta property=\"og:image\" content=\"https:\/\/hirtshals-kristiansand.com\/da\/wp-content\/uploads\/sites\/4\/2024\/02\/hirtshals-kristiansand.com-website.jpg\" \/>\n\t<meta property=\"og:image:width\" content=\"1200\" \/>\n\t<meta property=\"og:image:height\" content=\"800\" \/>\n\t<meta property=\"og:image:type\" content=\"image\/jpeg\" \/>\n<meta name=\"twitter:card\" content=\"summary_large_image\" \/>\n<script type=\"application\/ld+json\" class=\"yoast-schema-graph\">{\"@context\":\"https:\\\/\\\/schema.org\",\"@graph\":[{\"@type\":\"WebPage\",\"@id\":\"https:\\\/\\\/hirtshals-kristiansand.com\\\/da\\\/priser\\\/\",\"url\":\"https:\\\/\\\/hirtshals-kristiansand.com\\\/da\\\/priser\\\/\",\"name\":\"Hirtshals Kristiansand Pris - F\u00e6rge Hirtshals Kristiansand\",\"isPartOf\":{\"@id\":\"https:\\\/\\\/hirtshals-kristiansand.com\\\/da\\\/#website\"},\"datePublished\":\"2024-03-12T11:39:08+00:00\",\"dateModified\":\"2026-04-21T08:20:15+00:00\",\"description\":\"Se og sammenlign f\u00e6rgepriserne for Color Line og Fjord Line for en sejlads mellem Hirtshals og Kristiansand her.\",\"breadcrumb\":{\"@id\":\"https:\\\/\\\/hirtshals-kristiansand.com\\\/da\\\/priser\\\/#breadcrumb\"},\"inLanguage\":\"da-DK\",\"potentialAction\":[{\"@type\":\"ReadAction\",\"target\":[\"https:\\\/\\\/hirtshals-kristiansand.com\\\/da\\\/priser\\\/\"]}]},{\"@type\":\"BreadcrumbList\",\"@id\":\"https:\\\/\\\/hirtshals-kristiansand.com\\\/da\\\/priser\\\/#breadcrumb\",\"itemListElement\":[{\"@type\":\"ListItem\",\"position\":1,\"name\":\"Hirtshals Kristiansand\",\"item\":\"https:\\\/\\\/hirtshals-kristiansand.com\\\/da\\\/\"},{\"@type\":\"ListItem\",\"position\":2,\"name\":\"Hirtshals Kristiansand Pris\"}]},{\"@type\":\"WebSite\",\"@id\":\"https:\\\/\\\/hirtshals-kristiansand.com\\\/da\\\/#website\",\"url\":\"https:\\\/\\\/hirtshals-kristiansand.com\\\/da\\\/\",\"name\":\"F\u00e6rge Hirtshals Kristiansand\",\"description\":\"Alt om f\u00e6rgeoverfarten fra Hirtshals til Kristiansand\",\"publisher\":{\"@id\":\"https:\\\/\\\/hirtshals-kristiansand.com\\\/da\\\/#organization\"},\"potentialAction\":[{\"@type\":\"SearchAction\",\"target\":{\"@type\":\"EntryPoint\",\"urlTemplate\":\"https:\\\/\\\/hirtshals-kristiansand.com\\\/da\\\/?s={search_term_string}\"},\"query-input\":{\"@type\":\"PropertyValueSpecification\",\"valueRequired\":true,\"valueName\":\"search_term_string\"}}],\"inLanguage\":\"da-DK\"},{\"@type\":\"Organization\",\"@id\":\"https:\\\/\\\/hirtshals-kristiansand.com\\\/da\\\/#organization\",\"name\":\"F\u00e6rge Hirtshals Kristiansand\",\"url\":\"https:\\\/\\\/hirtshals-kristiansand.com\\\/da\\\/\",\"logo\":{\"@type\":\"ImageObject\",\"inLanguage\":\"da-DK\",\"@id\":\"https:\\\/\\\/hirtshals-kristiansand.com\\\/da\\\/#\\\/schema\\\/logo\\\/image\\\/\",\"url\":\"https:\\\/\\\/hirtshals-kristiansand.com\\\/da\\\/wp-content\\\/uploads\\\/sites\\\/4\\\/2025\\\/05\\\/hirtshals-kristiansand.svg\",\"contentUrl\":\"https:\\\/\\\/hirtshals-kristiansand.com\\\/da\\\/wp-content\\\/uploads\\\/sites\\\/4\\\/2025\\\/05\\\/hirtshals-kristiansand.svg\",\"width\":800,\"height\":256,\"caption\":\"F\u00e6rge Hirtshals Kristiansand\"},\"image\":{\"@id\":\"https:\\\/\\\/hirtshals-kristiansand.com\\\/da\\\/#\\\/schema\\\/logo\\\/image\\\/\"}}]}<\/script>\n<!-- \/ Yoast SEO plugin. -->","yoast_head_json":{"title":"Hirtshals Kristiansand Pris - F\u00e6rge Hirtshals Kristiansand","description":"Se og sammenlign f\u00e6rgepriserne for Color Line og Fjord Line for en sejlads mellem Hirtshals og Kristiansand her.","robots":{"index":"index","follow":"follow","max-snippet":"max-snippet:-1","max-image-preview":"max-image-preview:large","max-video-preview":"max-video-preview:-1"},"canonical":"https:\/\/hirtshals-kristiansand.com\/da\/priser\/","og_locale":"da_DK","og_type":"article","og_title":"Hirtshals Kristiansand Pris - F\u00e6rge Hirtshals Kristiansand","og_description":"Se og sammenlign f\u00e6rgepriserne for Color Line og Fjord Line for en sejlads mellem Hirtshals og Kristiansand her.","og_url":"https:\/\/hirtshals-kristiansand.com\/da\/priser\/","og_site_name":"F\u00e6rge Hirtshals Kristiansand","article_modified_time":"2026-04-21T08:20:15+00:00","og_image":[{"width":1200,"height":800,"url":"https:\/\/hirtshals-kristiansand.com\/da\/wp-content\/uploads\/sites\/4\/2024\/02\/hirtshals-kristiansand.com-website.jpg","type":"image\/jpeg"}],"twitter_card":"summary_large_image","schema":{"@context":"https:\/\/schema.org","@graph":[{"@type":"WebPage","@id":"https:\/\/hirtshals-kristiansand.com\/da\/priser\/","url":"https:\/\/hirtshals-kristiansand.com\/da\/priser\/","name":"Hirtshals Kristiansand Pris - F\u00e6rge Hirtshals Kristiansand","isPartOf":{"@id":"https:\/\/hirtshals-kristiansand.com\/da\/#website"},"datePublished":"2024-03-12T11:39:08+00:00","dateModified":"2026-04-21T08:20:15+00:00","description":"Se og sammenlign f\u00e6rgepriserne for Color Line og Fjord Line for en sejlads mellem Hirtshals og Kristiansand her.","breadcrumb":{"@id":"https:\/\/hirtshals-kristiansand.com\/da\/priser\/#breadcrumb"},"inLanguage":"da-DK","potentialAction":[{"@type":"ReadAction","target":["https:\/\/hirtshals-kristiansand.com\/da\/priser\/"]}]},{"@type":"BreadcrumbList","@id":"https:\/\/hirtshals-kristiansand.com\/da\/priser\/#breadcrumb","itemListElement":[{"@type":"ListItem","position":1,"name":"Hirtshals Kristiansand","item":"https:\/\/hirtshals-kristiansand.com\/da\/"},{"@type":"ListItem","position":2,"name":"Hirtshals Kristiansand Pris"}]},{"@type":"WebSite","@id":"https:\/\/hirtshals-kristiansand.com\/da\/#website","url":"https:\/\/hirtshals-kristiansand.com\/da\/","name":"F\u00e6rge Hirtshals Kristiansand","description":"Alt om f\u00e6rgeoverfarten fra Hirtshals til Kristiansand","publisher":{"@id":"https:\/\/hirtshals-kristiansand.com\/da\/#organization"},"potentialAction":[{"@type":"SearchAction","target":{"@type":"EntryPoint","urlTemplate":"https:\/\/hirtshals-kristiansand.com\/da\/?s={search_term_string}"},"query-input":{"@type":"PropertyValueSpecification","valueRequired":true,"valueName":"search_term_string"}}],"inLanguage":"da-DK"},{"@type":"Organization","@id":"https:\/\/hirtshals-kristiansand.com\/da\/#organization","name":"F\u00e6rge Hirtshals Kristiansand","url":"https:\/\/hirtshals-kristiansand.com\/da\/","logo":{"@type":"ImageObject","inLanguage":"da-DK","@id":"https:\/\/hirtshals-kristiansand.com\/da\/#\/schema\/logo\/image\/","url":"https:\/\/hirtshals-kristiansand.com\/da\/wp-content\/uploads\/sites\/4\/2025\/05\/hirtshals-kristiansand.svg","contentUrl":"https:\/\/hirtshals-kristiansand.com\/da\/wp-content\/uploads\/sites\/4\/2025\/05\/hirtshals-kristiansand.svg","width":800,"height":256,"caption":"F\u00e6rge Hirtshals Kristiansand"},"image":{"@id":"https:\/\/hirtshals-kristiansand.com\/da\/#\/schema\/logo\/image\/"}}]}},"uagb_featured_image_src":{"full":false,"thumbnail":false,"medium":false,"medium_large":false,"large":false,"1536x1536":false,"2048x2048":false},"uagb_author_info":{"display_name":"mail@robberttigchelaar.com","author_link":"https:\/\/hirtshals-kristiansand.com\/da\/author\/mailrobberttigchelaar-com\/"},"uagb_comment_info":0,"uagb_excerpt":"Fordi der er to f\u00e6rgeselskaber, der sejler mellem Hirtshals og Kristiansand, er det interessant at se n\u00e6rmere p\u00e5 prisen. Du [&hellip;]","_links":{"self":[{"href":"https:\/\/hirtshals-kristiansand.com\/da\/wp-json\/wp\/v2\/pages\/123","targetHints":{"allow":["GET"]}}],"collection":[{"href":"https:\/\/hirtshals-kristiansand.com\/da\/wp-json\/wp\/v2\/pages"}],"about":[{"href":"https:\/\/hirtshals-kristiansand.com\/da\/wp-json\/wp\/v2\/types\/page"}],"author":[{"embeddable":true,"href":"https:\/\/hirtshals-kristiansand.com\/da\/wp-json\/wp\/v2\/users\/1"}],"replies":[{"embeddable":true,"href":"https:\/\/hirtshals-kristiansand.com\/da\/wp-json\/wp\/v2\/comments?post=123"}],"version-history":[{"count":4,"href":"https:\/\/hirtshals-kristiansand.com\/da\/wp-json\/wp\/v2\/pages\/123\/revisions"}],"predecessor-version":[{"id":197,"href":"https:\/\/hirtshals-kristiansand.com\/da\/wp-json\/wp\/v2\/pages\/123\/revisions\/197"}],"wp:attachment":[{"href":"https:\/\/hirtshals-kristiansand.com\/da\/wp-json\/wp\/v2\/media?parent=123"}],"curies":[{"name":"wp","href":"https:\/\/api.w.org\/{rel}","templated":true}]}}